{"id":5527,"date":"2023-02-01T13:45:10","date_gmt":"2023-02-01T13:45:10","guid":{"rendered":"https:\/\/moverdb.com\/?page_id=5527"},"modified":"2026-01-08T15:29:15","modified_gmt":"2026-01-08T15:29:15","slug":"chile-moving-companies","status":"publish","type":"page","link":"https:\/\/moverdb.com\/fr\/moving-companies\/chile-moving-companies\/","title":{"rendered":"6 meilleures soci\u00e9t\u00e9s de d\u00e9m\u00e9nagements internationaux au Chili"},"content":{"rendered":"<p>Un d\u00e9m\u00e9nagement peut \u00eatre une p\u00e9riode charg\u00e9e et stressante, surtout si vous d\u00e9m\u00e9nagez sur une longue distance ou dans un autre pays. C'est l\u00e0 qu'un <a href=\"https:\/\/moverdb.com\/fr\/moving-companies\/\" data-internallinksmanager029f6b8e52c=\"79\" title=\"Les 25 meilleures soci\u00e9t\u00e9s de d\u00e9m\u00e9nagement international en ligne\">soci\u00e9t\u00e9 de d\u00e9m\u00e9nagement<\/a> peut contribuer \u00e0 r\u00e9duire votre stress en vous d\u00e9chargeant d'une partie de la charge de travail. Nous avons compil\u00e9 ci-dessous une liste de services chiliens. <a href=\"https:\/\/moverdb.com\/fr\/international-removals\/\" data-internallinksmanager029f6b8e52c=\"27\" title=\"36 meilleures entreprises de d\u00e9m\u00e9nagements internationaux au Royaume-Uni\">entreprises de d\u00e9m\u00e9nagement<\/a> qui sont membres de la <a href=\"https:\/\/moverdb.com\/fr\/iam\/\" data-internallinksmanager029f6b8e52c=\"23\" title=\"L&#039;Association internationale des d\u00e9m\u00e9nageurs (IAM) expliqu\u00e9e\">Association internationale des d\u00e9m\u00e9nageurs<\/a> (IAM) et\/ou <a href=\"https:\/\/moverdb.com\/fr\/fidi-faim\/\" data-internallinksmanager029f6b8e52c=\"16\" title=\"Explication de la FIDI et du FAIM (FIDI Accredited International Mover)\">FIDI<\/a> D\u00e9m\u00e9nageur international accr\u00e9dit\u00e9 (FAIM) qui pourrait vous aider dans votre d\u00e9m\u00e9nagement.<\/p>\n<div id=\"ez-toc-container\" class=\"ez-toc-v2_0_82_2 ez-toc-wrap-left counter-hierarchy ez-toc-counter ez-toc-transparent ez-toc-container-direction\">\n<div class=\"ez-toc-title-container\">\n<p class=\"ez-toc-title\" style=\"cursor:inherit\">Sections<\/p>\n<span class=\"ez-toc-title-toggle\"><a href=\"#\" class=\"ez-toc-pull-right ez-toc-btn ez-toc-btn-xs ez-toc-btn-default ez-toc-toggle\" aria-label=\"Toggle Table des mati\u00e8res\"><span class=\"ez-toc-js-icon-con\"><span class=\"\"><span class=\"eztoc-hide\" style=\"display:none;\">Toggle<\/span><span class=\"ez-toc-icon-toggle-span\"><svg style=\"fill: #999;color:#999\" xmlns=\"http:\/\/www.w3.org\/2000\/svg\" class=\"list-377408\" width=\"20px\" height=\"20px\" viewbox=\"0 0 24 24\" fill=\"none\"><path d=\"M6 6H4v2h2V6zm14 0H8v2h12V6zM4 11h2v2H4v-2zm16 0H8v2h12v-2zM4 16h2v2H4v-2zm16 0H8v2h12v-2z\" fill=\"currentColor\"><\/path><\/svg><svg style=\"fill: #999;color:#999\" class=\"arrow-unsorted-368013\" xmlns=\"http:\/\/www.w3.org\/2000\/svg\" width=\"10px\" height=\"10px\" viewbox=\"0 0 24 24\" version=\"1.2\" baseprofile=\"tiny\"><path d=\"M18.2 9.3l-6.2-6.3-6.2 6.3c-.2.2-.3.4-.3.7s.1.5.3.7c.2.2.4.3.7.3h11c.3 0 .5-.1.7-.3.2-.2.3-.5.3-.7s-.1-.5-.3-.7zM5.8 14.7l6.2 6.3 6.2-6.3c.2-.2.3-.5.3-.7s-.1-.5-.3-.7c-.2-.2-.4-.3-.7-.3h-11c-.3 0-.5.1-.7.3-.2.2-.3.5-.3.7s.1.5.3.7z\"\/><\/svg><\/span><\/span><\/span><\/a><\/span><\/div>\n<nav><ul class='ez-toc-list ez-toc-list-level-1 eztoc-toggle-hide-by-default' ><li class='ez-toc-page-1 ez-toc-heading-level-2'><a class=\"ez-toc-link ez-toc-heading-1\" href=\"https:\/\/moverdb.com\/fr\/moving-companies\/chile-moving-companies\/#1_Unipack\" >1. Unipack<\/a><\/li><li class='ez-toc-page-1 ez-toc-heading-level-2'><a class=\"ez-toc-link ez-toc-heading-2\" href=\"https:\/\/moverdb.com\/fr\/moving-companies\/chile-moving-companies\/#2_Atlas_International_Movers\" >2. Atlas International Movers<\/a><\/li><li class='ez-toc-page-1 ez-toc-heading-level-2'><a class=\"ez-toc-link ez-toc-heading-3\" href=\"https:\/\/moverdb.com\/fr\/moving-companies\/chile-moving-companies\/#3_Decapack\" >3. D\u00e9capsuleur<\/a><\/li><li class='ez-toc-page-1 ez-toc-heading-level-2'><a class=\"ez-toc-link ez-toc-heading-4\" href=\"https:\/\/moverdb.com\/fr\/moving-companies\/chile-moving-companies\/#4_Global_Alliance_International\" >4. Global Alliance International<\/a><\/li><li class='ez-toc-page-1 ez-toc-heading-level-2'><a class=\"ez-toc-link ez-toc-heading-5\" href=\"https:\/\/moverdb.com\/fr\/moving-companies\/chile-moving-companies\/#5_REMSSA\" >5. REMSSA<\/a><\/li><li class='ez-toc-page-1 ez-toc-heading-level-2'><a class=\"ez-toc-link ez-toc-heading-6\" href=\"https:\/\/moverdb.com\/fr\/moving-companies\/chile-moving-companies\/#6_Ward_Van_Lines\" >6. Ward Van Lines<\/a><\/li><li class='ez-toc-page-1 ez-toc-heading-level-2'><a class=\"ez-toc-link ez-toc-heading-7\" href=\"https:\/\/moverdb.com\/fr\/moving-companies\/chile-moving-companies\/#Other_Useful_Guides_to_Chile\" >Autres guides utiles sur le Chili<\/a><\/li><\/ul><\/nav><\/div>\n<h2><span class=\"ez-toc-section\" id=\"1_Unipack\"><\/span><strong>1. Unipack<\/strong><span class=\"ez-toc-section-end\"><\/span><\/h2>\n<p><img loading=\"lazy\" decoding=\"async\" class=\"alignnone size-full wp-image-5496\" src=\"https:\/\/moverdb.com\/wp-content\/uploads\/Unipack-international-moving-company.png\" alt=\"Unipack, entreprise de d\u00e9m\u00e9nagement international\" width=\"1440\" height=\"683\" data-wp-pid=\"5496\" srcset=\"https:\/\/moverdb.com\/wp-content\/uploads\/Unipack-international-moving-company.png 1440w, https:\/\/moverdb.com\/wp-content\/uploads\/Unipack-international-moving-company-300x142.png 300w, https:\/\/moverdb.com\/wp-content\/uploads\/Unipack-international-moving-company-1024x486.png 1024w, https:\/\/moverdb.com\/wp-content\/uploads\/Unipack-international-moving-company-18x9.png 18w, https:\/\/moverdb.com\/wp-content\/uploads\/Unipack-international-moving-company-600x285.png 600w\" sizes=\"auto, (max-width: 1440px) 100vw, 1440px\" \/><\/p>\n<ul>\n<li>Mouvements nationaux<\/li>\n<li>D\u00e9m\u00e9nagements internationaux<\/li>\n<li>D\u00e9m\u00e9nagements de m\u00e9nages<\/li>\n<li>Inspection \u00e0 domicile<\/li>\n<li>Service d'emballage et de d\u00e9ballage<\/li>\n<li>D\u00e9montage et montage de meubles<\/li>\n<li>Transports terrestres, maritimes et a\u00e9riens<\/li>\n<li>Support de documentation<\/li>\n<li>Transport des animaux<\/li>\n<li>Stockage de courte \u00e0 longue dur\u00e9e<\/li>\n<\/ul>\n<p>Unipack est un service de d\u00e9m\u00e9nagement national et international qui a \u00e9t\u00e9 fond\u00e9 en 1993 \u00e0 Santiago. Elle dispose d'un r\u00e9seau d'agents dans le monde entier qui l'aident \u00e0 effectuer des d\u00e9m\u00e9nagements internationaux sur les 5 continents. Ils sont membres d'IAM avec 29 ans de service et sont accr\u00e9dit\u00e9s par la FIDI.<\/p>\n<p>Unipack utilise les derni\u00e8res techniques d'emballage et de transport ainsi que les mat\u00e9riaux les plus r\u00e9cents afin d'assurer des d\u00e9m\u00e9nagements s\u00fbrs pour ses clients. Leur processus commence par une inspection \u00e0 domicile et les documents sont discut\u00e9s. Ils emballent, d\u00e9montent vos meubles et organisent le transport par route, air et mer, puis d\u00e9ballent et montent vos meubles \u00e0 destination. Ils vous aideront \u00e0 \u00e9tablir les documents n\u00e9cessaires, y compris le d\u00e9douanement.<\/p>\n<p>Site web : <a href=\"http:\/\/www.unipack.cl\" target=\"_blank\" rel=\"noopener\">http:\/\/www.unipack.cl<\/a><\/p>\n<h2><span class=\"ez-toc-section\" id=\"2_Atlas_International_Movers\"><\/span><strong>2. Atlas International Movers<\/strong><span class=\"ez-toc-section-end\"><\/span><\/h2>\n<p><img loading=\"lazy\" decoding=\"async\" class=\"alignnone size-full wp-image-5415\" src=\"https:\/\/moverdb.com\/wp-content\/uploads\/Atlas-International-Movers-moving-company.png\" alt=\"Atlas International Movers entreprise de d\u00e9m\u00e9nagement\" width=\"1440\" height=\"682\" data-wp-pid=\"5415\" srcset=\"https:\/\/moverdb.com\/wp-content\/uploads\/Atlas-International-Movers-moving-company.png 1440w, https:\/\/moverdb.com\/wp-content\/uploads\/Atlas-International-Movers-moving-company-300x142.png 300w, https:\/\/moverdb.com\/wp-content\/uploads\/Atlas-International-Movers-moving-company-1024x485.png 1024w, https:\/\/moverdb.com\/wp-content\/uploads\/Atlas-International-Movers-moving-company-18x9.png 18w, https:\/\/moverdb.com\/wp-content\/uploads\/Atlas-International-Movers-moving-company-600x284.png 600w\" sizes=\"auto, (max-width: 1440px) 100vw, 1440px\" \/><\/p>\n<ul>\n<li>Mouvements nationaux<\/li>\n<li>D\u00e9m\u00e9nagements internationaux<\/li>\n<li>D\u00e9m\u00e9nagements de m\u00e9nages<\/li>\n<li>D\u00e9m\u00e9nagements de bureaux<\/li>\n<li>Service porte-\u00e0-porte<\/li>\n<li>Service d'emballage de haute qualit\u00e9<\/li>\n<li>Fret terrestre, maritime et a\u00e9rien<\/li>\n<li>Transport d'\u0153uvres d'art<\/li>\n<li>Transport des voitures<\/li>\n<li>Installations de stockage \u00e0 court et \u00e0 long terme<\/li>\n<\/ul>\n<p>Atlas International Movers a plus de 25 ans d'exp\u00e9rience dans le d\u00e9m\u00e9nagement d'habitations et de bureaux en Europe. <a href=\"https:\/\/moverdb.com\/fr\/moving-to-chile\/\" data-internallinksmanager029f6b8e52c=\"426\" title=\"D\u00e9m\u00e9nager au Chili ? 2026 Co\u00fbts de la vie et conseils de relocalisation\">Chili<\/a> et vers ou depuis le Chili. Ils travaillent avec un r\u00e9seau d'agents de d\u00e9m\u00e9nagement fiables dans le monde entier pour effectuer des d\u00e9m\u00e9nagements internationaux. Ils sont membres de l'IAM et ont 16 ans d'anciennet\u00e9.<\/p>\n<p>Atlas International Movers vous propose une visite \u00e0 domicile pour \u00e9valuer vos besoins et vous guidera dans le processus et la documentation. Ils mettront \u00e0 votre disposition du personnel qualifi\u00e9 pour emballer vos biens selon des normes \u00e9lev\u00e9es afin de les prot\u00e9ger pendant le transit par voie terrestre, maritime ou a\u00e9rienne. Ils vous aideront \u00e0 remplir les documents douaniers \u00e0 l'importation et \u00e0 l'exportation.<\/p>\n<p>Site web : <a href=\"http:\/\/www.atlasinternationalchile.cl\" target=\"_blank\" rel=\"noopener\">http:\/\/www.atlasinternationalchile.cl<\/a><\/p>\n<h2><span class=\"ez-toc-section\" id=\"3_Decapack\"><\/span><strong>3. D\u00e9capsuleur<\/strong><span class=\"ez-toc-section-end\"><\/span><\/h2>\n<p><img loading=\"lazy\" decoding=\"async\" class=\"alignnone size-full wp-image-5430\" src=\"https:\/\/moverdb.com\/wp-content\/uploads\/Decapack-international-moving-company.png\" alt=\"Decapack, entreprise de d\u00e9m\u00e9nagement international\" width=\"1440\" height=\"680\" data-wp-pid=\"5430\" srcset=\"https:\/\/moverdb.com\/wp-content\/uploads\/Decapack-international-moving-company.png 1440w, https:\/\/moverdb.com\/wp-content\/uploads\/Decapack-international-moving-company-300x142.png 300w, https:\/\/moverdb.com\/wp-content\/uploads\/Decapack-international-moving-company-1024x484.png 1024w, https:\/\/moverdb.com\/wp-content\/uploads\/Decapack-international-moving-company-18x9.png 18w, https:\/\/moverdb.com\/wp-content\/uploads\/Decapack-international-moving-company-600x283.png 600w\" sizes=\"auto, (max-width: 1440px) 100vw, 1440px\" \/><\/p>\n<ul>\n<li>Mouvements nationaux<\/li>\n<li>D\u00e9m\u00e9nagements internationaux<\/li>\n<li>D\u00e9m\u00e9nagements r\u00e9sidentiels<\/li>\n<li>D\u00e9m\u00e9nagements de bureaux<\/li>\n<li>Service de relocalisation<\/li>\n<li>Service porte-\u00e0-porte<\/li>\n<li>Service d'emballage<\/li>\n<li>Assurance<\/li>\n<li>Service sp\u00e9cialis\u00e9 pour les \u0153uvres d'art<\/li>\n<li>Stockage de courte \u00e0 longue dur\u00e9e<\/li>\n<\/ul>\n<p>Decapack est une entreprise de d\u00e9m\u00e9nagement international et d'expatriation bas\u00e9e \u00e0 Santiago qui a \u00e9t\u00e9 fond\u00e9e en 1942. Elle est pr\u00e9sente \u00e0 San Antonio et Valparaiso. <a href=\"https:\/\/moverdb.com\/fr\/top-49-container-ports\/\" data-internallinksmanager029f6b8e52c=\"80\" title=\"Les 49 ports \u00e0 conteneurs les plus importants et les plus fr\u00e9quent\u00e9s en 2025\">ports<\/a> et l'a\u00e9roport international de Santiago. Ils sont membres de l'IAM avec 52 ans de service et sont accr\u00e9dit\u00e9s par la FIDI.<\/p>\n<p>Decapack fournit un service porte-\u00e0-porte qui commence par l'organisation d'une visite d'estimation en personne ou virtuelle pour \u00e9valuer vos besoins. Vous recevrez des conseils personnalis\u00e9s de la part d'un coordinateur d\u00e9sign\u00e9 qui vous aidera \u00e0 remplir les papiers et la documentation. Ils fournissent un service d'emballage pour prot\u00e9ger vos biens et une assurance pour parer aux impr\u00e9vus.<\/p>\n<p>Site web : <a href=\"http:\/\/www.decapack.com\" target=\"_blank\" rel=\"noopener\">http:\/\/www.decapack.com<\/a><\/p>\n<h2><span class=\"ez-toc-section\" id=\"4_Global_Alliance_International\"><\/span><strong>4. Global Alliance International<\/strong><span class=\"ez-toc-section-end\"><\/span><\/h2>\n<p><img loading=\"lazy\" decoding=\"async\" class=\"alignnone size-full wp-image-5441\" src=\"https:\/\/moverdb.com\/wp-content\/uploads\/Global-Alliance-International-moving-company.png\" alt=\"Global Alliance Entreprise de d\u00e9m\u00e9nagement international\" width=\"1440\" height=\"677\" data-wp-pid=\"5441\" srcset=\"https:\/\/moverdb.com\/wp-content\/uploads\/Global-Alliance-International-moving-company.png 1440w, https:\/\/moverdb.com\/wp-content\/uploads\/Global-Alliance-International-moving-company-300x141.png 300w, https:\/\/moverdb.com\/wp-content\/uploads\/Global-Alliance-International-moving-company-1024x481.png 1024w, https:\/\/moverdb.com\/wp-content\/uploads\/Global-Alliance-International-moving-company-18x8.png 18w, https:\/\/moverdb.com\/wp-content\/uploads\/Global-Alliance-International-moving-company-600x282.png 600w\" sizes=\"auto, (max-width: 1440px) 100vw, 1440px\" \/><\/p>\n<ul>\n<li>Mouvements nationaux<\/li>\n<li>D\u00e9m\u00e9nagements internationaux<\/li>\n<li>D\u00e9m\u00e9nagements r\u00e9sidentiels<\/li>\n<li>D\u00e9m\u00e9nagements d'entreprises<\/li>\n<li>Un personnel hautement qualifi\u00e9<\/li>\n<li>Service complet d'emballage<\/li>\n<li>Transports terrestres, maritimes et a\u00e9riens<\/li>\n<li>Soutien douanier<\/li>\n<li>Transport des animaux<\/li>\n<li>Solutions de stockage temporaire et permanent<\/li>\n<\/ul>\n<p>Global Alliance International est une soci\u00e9t\u00e9 de d\u00e9m\u00e9nagement chilienne fond\u00e9e en 1995 et une filiale d'Express Movers Transportes. Elle travaille avec des agents de d\u00e9m\u00e9nagement sur le lieu de destination pour effectuer des d\u00e9m\u00e9nagements internationaux. Elle est membre de l'IAM et compte 16 ann\u00e9es de service.<\/p>\n<p>Global Alliance International mettra \u00e0 votre disposition une \u00e9quipe d'emballeurs pour d\u00e9monter et emballer tous vos biens en utilisant les mat\u00e9riaux d'emballage les plus appropri\u00e9s pour les prot\u00e9ger et des bo\u00eetes sp\u00e9cialis\u00e9es. Ils vous fourniront \u00e9galement un inventaire, des bo\u00eetes et conteneurs \u00e9tiquet\u00e9s pour l'exp\u00e9dition par voie terrestre, a\u00e9rienne ou maritime, et vous aideront \u00e0 remplir les documents douaniers. Ils proposent \u00e9galement des solutions de stockage temporaire et permanent.<\/p>\n<p>Site web : <a href=\"http:\/\/www.globalalliancechile.com\" target=\"_blank\" rel=\"noopener\">http:\/\/www.globalalliancechile.com<\/a><\/p>\n<h2><span class=\"ez-toc-section\" id=\"5_REMSSA\"><\/span><strong>5. REMSSA<\/strong><span class=\"ez-toc-section-end\"><\/span><\/h2>\n<p><img loading=\"lazy\" decoding=\"async\" class=\"alignnone size-full wp-image-5482\" src=\"https:\/\/moverdb.com\/wp-content\/uploads\/REMSSA-international-moving-company.png\" alt=\"REMSSA, soci\u00e9t\u00e9 de d\u00e9m\u00e9nagement international\" width=\"1440\" height=\"683\" data-wp-pid=\"5482\" srcset=\"https:\/\/moverdb.com\/wp-content\/uploads\/REMSSA-international-moving-company.png 1440w, https:\/\/moverdb.com\/wp-content\/uploads\/REMSSA-international-moving-company-300x142.png 300w, https:\/\/moverdb.com\/wp-content\/uploads\/REMSSA-international-moving-company-1024x486.png 1024w, https:\/\/moverdb.com\/wp-content\/uploads\/REMSSA-international-moving-company-18x9.png 18w, https:\/\/moverdb.com\/wp-content\/uploads\/REMSSA-international-moving-company-600x285.png 600w\" sizes=\"auto, (max-width: 1440px) 100vw, 1440px\" \/><\/p>\n<ul>\n<li>Mouvements nationaux<\/li>\n<li>D\u00e9m\u00e9nagements internationaux<\/li>\n<li>D\u00e9m\u00e9nagements r\u00e9sidentiels<\/li>\n<li>D\u00e9m\u00e9nagements de bureaux<\/li>\n<li>Relocalisation<\/li>\n<li>Service porte-\u00e0-porte<\/li>\n<li>Service d'emballage<\/li>\n<li>Transport d'\u0153uvres d'art<\/li>\n<li>Transport des animaux<\/li>\n<li>Installations de stockage s\u00e9curis\u00e9es<\/li>\n<\/ul>\n<p>REMSSA est une soci\u00e9t\u00e9 de d\u00e9m\u00e9nagement bas\u00e9e \u00e0 Santiago qui a \u00e9t\u00e9 fond\u00e9e en 2000 et qui poss\u00e8de des succursales dans les a\u00e9roports et les ports du Chili. Elle offre des services de d\u00e9m\u00e9nagement nationaux et internationaux aux m\u00e9nages et aux entreprises. Elle est membre de l'IAM et compte 22 ann\u00e9es de service.<\/p>\n<p>REMSSA propose un service de d\u00e9m\u00e9nagement personnalis\u00e9 qui assure la livraison de porte \u00e0 porte de votre d\u00e9m\u00e9nagement ou relocalisation. Ils fournissent un service d'emballage, de chargement et de d\u00e9ballage avec un emballage industriel pour prot\u00e9ger les marchandises en transit. Ils proposent \u00e9galement des services sp\u00e9cialis\u00e9s d'aide \u00e0 l'immigration, de transport d'\u0153uvres d'art, de transport d'animaux domestiques et d'entreposage s\u00e9curis\u00e9 si n\u00e9cessaire.<\/p>\n<p>Site web : <a href=\"http:\/\/www.remssa.cl\" target=\"_blank\" rel=\"noopener\">http:\/\/www.remssa.cl<\/a><\/p>\n<h2><span class=\"ez-toc-section\" id=\"6_Ward_Van_Lines\"><\/span><strong>6. Ward Van Lines<\/strong><span class=\"ez-toc-section-end\"><\/span><\/h2>\n<p><img loading=\"lazy\" decoding=\"async\" class=\"alignnone size-full wp-image-5499\" src=\"https:\/\/moverdb.com\/wp-content\/uploads\/Ward-Van-Lines-international-moving-company.png\" alt=\"Ward Van Lines, entreprise de d\u00e9m\u00e9nagement international\" width=\"1440\" height=\"680\" data-wp-pid=\"5499\" srcset=\"https:\/\/moverdb.com\/wp-content\/uploads\/Ward-Van-Lines-international-moving-company.png 1440w, https:\/\/moverdb.com\/wp-content\/uploads\/Ward-Van-Lines-international-moving-company-300x142.png 300w, https:\/\/moverdb.com\/wp-content\/uploads\/Ward-Van-Lines-international-moving-company-1024x484.png 1024w, https:\/\/moverdb.com\/wp-content\/uploads\/Ward-Van-Lines-international-moving-company-18x9.png 18w, https:\/\/moverdb.com\/wp-content\/uploads\/Ward-Van-Lines-international-moving-company-600x283.png 600w\" sizes=\"auto, (max-width: 1440px) 100vw, 1440px\" \/><\/p>\n<ul>\n<li>Mouvements nationaux<\/li>\n<li>D\u00e9m\u00e9nagements internationaux<\/li>\n<li>Un service personnalis\u00e9<\/li>\n<li>Service d'emballage avec des mat\u00e9riaux de premi\u00e8re qualit\u00e9<\/li>\n<li>D\u00e9montage et montage de meubles<\/li>\n<li>\u00c9tiquetage des articles pour un suivi constant<\/li>\n<li>Suivez vos d\u00e9placements gr\u00e2ce au suivi GPS<\/li>\n<li>Documents d'exportation, y compris le d\u00e9douanement<\/li>\n<li>Assurance<\/li>\n<li>Installations de stockage s\u00e9curis\u00e9es<\/li>\n<\/ul>\n<p>Ward Van Lines est une entreprise de d\u00e9m\u00e9nagement international et national qui a \u00e9t\u00e9 fond\u00e9e en 1969. Son si\u00e8ge social se trouve \u00e0 Santiago et elle poss\u00e8de des bureaux dans les ports les plus importants, dont Valparaiso et San Antonio. Elle est membre de l'IAM avec 53 ans de service et est accr\u00e9dit\u00e9e par la FIDI.<\/p>\n<p>Ward Van Lines offre un service personnalis\u00e9 de porte \u00e0 porte qui utilise des mat\u00e9riaux de premi\u00e8re qualit\u00e9 pour emballer vos biens en toute s\u00e9curit\u00e9 et utilise des caisses en bois pour les articles fragiles. Ils dressent un inventaire et \u00e9tiquettent tous vos articles avec des codes-barres uniques pour identifier vos biens. Leurs camions sont \u00e9quip\u00e9s d'un syst\u00e8me de localisation GPS qui vous permet de suivre vos biens 24 heures sur 24, 7 jours sur 7.<\/p>\n<p>Site web : <a href=\"http:\/\/www.wardvanlines.com\" target=\"_blank\" rel=\"noopener\">http:\/\/www.wardvanlines.com<\/a><\/p>\n<h2><span class=\"ez-toc-section\" id=\"Other_Useful_Guides_to_Chile\"><\/span>Autres guides utiles sur le Chili<span class=\"ez-toc-section-end\"><\/span><\/h2>\n<ul>\n<li> <a href=\"https:\/\/moverdb.com\/fr\/expedition-par-conteneur\/chile\/\">2024 Tarifs d'exp\u00e9dition de conteneurs de fret maritime \u00e0 destination et en provenance du Chili<\/a><\/li>\n<li> <a href=\"https:\/\/moverdb.com\/fr\/moving-to-chile\/\">D\u00e9m\u00e9nager au Chili ? 2026 Co\u00fbts de la vie et conseils de relocalisation<\/a><\/li>\n<li> <a href=\"https:\/\/moverdb.com\/fr\/moving-to-chile\/best-places-to-live-chile\/\">12 meilleurs endroits pour vivre au Chili<\/a><\/li>\n<\/ul>","protected":false},"excerpt":{"rendered":"<p>Moving can be a busy and stressful time especially in you are moving long distance or to another country. This is where a moving company can help reduce your stress by taking away some of the workload. Below we have compiled a list of Chilean removal companies that are members of the International Association of [&hellip;]<\/p>\n","protected":false},"author":4,"featured_media":0,"parent":190,"menu_order":0,"comment_status":"closed","ping_status":"closed","template":"","meta":{"_genesis_hide_title":false,"_genesis_hide_breadcrumbs":false,"_genesis_hide_singular_image":false,"_genesis_hide_footer_widgets":false,"_genesis_custom_body_class":"","_genesis_custom_post_class":"","_genesis_layout":"","footnotes":""},"class_list":{"0":"post-5527","1":"page","2":"type-page","3":"status-publish","5":"entry","6":"has-post-thumbnail"},"_links":{"self":[{"href":"https:\/\/moverdb.com\/fr\/wp-json\/wp\/v2\/pages\/5527","targetHints":{"allow":["GET"]}}],"collection":[{"href":"https:\/\/moverdb.com\/fr\/wp-json\/wp\/v2\/pages"}],"about":[{"href":"https:\/\/moverdb.com\/fr\/wp-json\/wp\/v2\/types\/page"}],"author":[{"embeddable":true,"href":"https:\/\/moverdb.com\/fr\/wp-json\/wp\/v2\/users\/4"}],"replies":[{"embeddable":true,"href":"https:\/\/moverdb.com\/fr\/wp-json\/wp\/v2\/comments?post=5527"}],"version-history":[{"count":4,"href":"https:\/\/moverdb.com\/fr\/wp-json\/wp\/v2\/pages\/5527\/revisions"}],"predecessor-version":[{"id":16390,"href":"https:\/\/moverdb.com\/fr\/wp-json\/wp\/v2\/pages\/5527\/revisions\/16390"}],"up":[{"embeddable":true,"href":"https:\/\/moverdb.com\/fr\/wp-json\/wp\/v2\/pages\/190"}],"wp:attachment":[{"href":"https:\/\/moverdb.com\/fr\/wp-json\/wp\/v2\/media?parent=5527"}],"curies":[{"name":"wp","href":"https:\/\/api.w.org\/{rel}","templated":true}]}}