{"id":5520,"date":"2023-02-01T13:56:46","date_gmt":"2023-02-01T13:56:46","guid":{"rendered":"https:\/\/moverdb.com\/?page_id=5520"},"modified":"2026-01-08T15:29:45","modified_gmt":"2026-01-08T15:29:45","slug":"societes-de-demenagement-des-caraibes-et-des-pays-bas","status":"publish","type":"page","link":"https:\/\/moverdb.com\/fr\/moving-companies\/caribbean-netherlands-moving-companies\/","title":{"rendered":"Les meilleurs d\u00e9m\u00e9nageurs internationaux des Cara\u00efbes Pays-Bas"},"content":{"rendered":"<p>Si vous envisagez de d\u00e9m\u00e9nager dans les Cara\u00efbes <a href=\"https:\/\/moverdb.com\/fr\/moving-to-the-netherlands\/\" data-internallinksmanager029f6b8e52c=\"328\" title=\"D\u00e9m\u00e9nager aux Pays-Bas ? 2026 Co\u00fbts de la vie et conseils de relocalisation\">Pays-Bas<\/a>ou \u00e0 destination ou en provenance des Cara\u00efbes Pays-Bas, vous pourriez avoir besoin de l'aide d'une agence de voyage. <a href=\"https:\/\/moverdb.com\/fr\/moving-companies\/\" data-internallinksmanager029f6b8e52c=\"79\" title=\"Les 25 meilleures soci\u00e9t\u00e9s de d\u00e9m\u00e9nagement international en ligne\">soci\u00e9t\u00e9 de d\u00e9m\u00e9nagement<\/a> pour r\u00e9duire la pression du d\u00e9m\u00e9nagement. Nous avons dress\u00e9 ci-dessous une liste des Pays-Bas des Cara\u00efbes. <a href=\"https:\/\/moverdb.com\/fr\/international-removals\/\" data-internallinksmanager029f6b8e52c=\"27\" title=\"36 meilleures entreprises de d\u00e9m\u00e9nagements internationaux au Royaume-Uni\">entreprises de d\u00e9m\u00e9nagement<\/a> qui sont membres de la <a href=\"https:\/\/moverdb.com\/fr\/iam\/\" data-internallinksmanager029f6b8e52c=\"23\" title=\"L&#039;Association internationale des d\u00e9m\u00e9nageurs (IAM) expliqu\u00e9e\">Association internationale des d\u00e9m\u00e9nageurs<\/a> (IAM) et\/ou <a href=\"https:\/\/moverdb.com\/fr\/fidi-faim\/\" data-internallinksmanager029f6b8e52c=\"16\" title=\"Explication de la FIDI et du FAIM (FIDI Accredited International Mover)\">FIDI<\/a> D\u00e9m\u00e9nageur international accr\u00e9dit\u00e9 (FAIM) qui pourrait vous aider.<\/p>\n<h2><strong>D\u00e9m\u00e9nagement Meyer<\/strong><\/h2>\n<p><img loading=\"lazy\" decoding=\"async\" class=\"alignnone size-full wp-image-5459\" src=\"https:\/\/moverdb.com\/wp-content\/uploads\/Meyer-Moving-international-moving-company.png\" alt=\"Meyer Moving soci\u00e9t\u00e9 de d\u00e9m\u00e9nagement international\" width=\"1440\" height=\"682\" data-wp-pid=\"5459\" srcset=\"https:\/\/moverdb.com\/wp-content\/uploads\/Meyer-Moving-international-moving-company.png 1440w, https:\/\/moverdb.com\/wp-content\/uploads\/Meyer-Moving-international-moving-company-300x142.png 300w, https:\/\/moverdb.com\/wp-content\/uploads\/Meyer-Moving-international-moving-company-1024x485.png 1024w, https:\/\/moverdb.com\/wp-content\/uploads\/Meyer-Moving-international-moving-company-18x9.png 18w, https:\/\/moverdb.com\/wp-content\/uploads\/Meyer-Moving-international-moving-company-600x284.png 600w\" sizes=\"auto, (max-width: 1440px) 100vw, 1440px\" \/><\/p>\n<ul>\n<li>D\u00e9placements locaux<\/li>\n<li>D\u00e9m\u00e9nagements internationaux<\/li>\n<li>D\u00e9m\u00e9nagements r\u00e9sidentiels<\/li>\n<li>Mouvements de l'entreprise<\/li>\n<li>Service porte-\u00e0-porte<\/li>\n<li>Services d'emballage et de d\u00e9ballage<\/li>\n<li>Fret terrestre, maritime et a\u00e9rien<\/li>\n<li>Assistance apr\u00e8s le d\u00e9m\u00e9nagement<\/li>\n<li>Transfert de v\u00e9hicule<\/li>\n<li>Installations de stockage<\/li>\n<\/ul>\n<p>Meyer Moving est une soci\u00e9t\u00e9 de d\u00e9m\u00e9nagement fond\u00e9e en 1959 et sp\u00e9cialis\u00e9e dans les d\u00e9m\u00e9nagements locaux et internationaux pour les particuliers et les entreprises. Elle poss\u00e8de 7 succursales dans les Cara\u00efbes et un r\u00e9seau mondial de soci\u00e9t\u00e9s affili\u00e9es et d'agents partenaires pour les d\u00e9m\u00e9nagements internationaux. Elle est membre de l'IAM avec 63 ans de service et est accr\u00e9dit\u00e9e par la FIDI.<\/p>\n<p>Meyer Moving fournit des services de relocalisation, de d\u00e9m\u00e9nagement et de stockage qui comprennent la fourniture de conseils sur le d\u00e9m\u00e9nagement et l'assistance \u00e0 votre d\u00e9m\u00e9nagement de porte \u00e0 porte. Ils emballeront vos biens en toute s\u00e9curit\u00e9, organiseront le transport par voie terrestre, maritime ou a\u00e9rienne, un service de d\u00e9ballage et des installations de stockage si n\u00e9cessaire.<\/p>\n<p>Site web : <a href=\"http:\/\/www.meyermoving.com\/\" target=\"_blank\" rel=\"noopener\">http:\/\/www.meyermoving.com\/<\/a><\/p>","protected":false},"excerpt":{"rendered":"<p>If you are thinking of moving within the Caribbean Netherlands, or to or from the Caribbean Netherlands you may want support from a moving company to reduce the pressure of moving. Below we have compiled a list of Caribbean Netherlands removal companies that are members of the International Association of Movers (IAM) and\/or FIDI Accredited [&hellip;]<\/p>\n","protected":false},"author":4,"featured_media":0,"parent":190,"menu_order":0,"comment_status":"closed","ping_status":"closed","template":"","meta":{"_genesis_hide_title":false,"_genesis_hide_breadcrumbs":false,"_genesis_hide_singular_image":false,"_genesis_hide_footer_widgets":false,"_genesis_custom_body_class":"","_genesis_custom_post_class":"","_genesis_layout":"","footnotes":""},"class_list":{"0":"post-5520","1":"page","2":"type-page","3":"status-publish","5":"entry","6":"has-post-thumbnail"},"_links":{"self":[{"href":"https:\/\/moverdb.com\/fr\/wp-json\/wp\/v2\/pages\/5520","targetHints":{"allow":["GET"]}}],"collection":[{"href":"https:\/\/moverdb.com\/fr\/wp-json\/wp\/v2\/pages"}],"about":[{"href":"https:\/\/moverdb.com\/fr\/wp-json\/wp\/v2\/types\/page"}],"author":[{"embeddable":true,"href":"https:\/\/moverdb.com\/fr\/wp-json\/wp\/v2\/users\/4"}],"replies":[{"embeddable":true,"href":"https:\/\/moverdb.com\/fr\/wp-json\/wp\/v2\/comments?post=5520"}],"version-history":[{"count":4,"href":"https:\/\/moverdb.com\/fr\/wp-json\/wp\/v2\/pages\/5520\/revisions"}],"predecessor-version":[{"id":7597,"href":"https:\/\/moverdb.com\/fr\/wp-json\/wp\/v2\/pages\/5520\/revisions\/7597"}],"up":[{"embeddable":true,"href":"https:\/\/moverdb.com\/fr\/wp-json\/wp\/v2\/pages\/190"}],"wp:attachment":[{"href":"https:\/\/moverdb.com\/fr\/wp-json\/wp\/v2\/media?parent=5520"}],"curies":[{"name":"wp","href":"https:\/\/api.w.org\/{rel}","templated":true}]}}