{"id":5518,"date":"2023-02-01T13:53:00","date_gmt":"2023-02-01T13:53:00","guid":{"rendered":"https:\/\/moverdb.com\/?page_id=5518"},"modified":"2026-01-08T15:29:50","modified_gmt":"2026-01-08T15:29:50","slug":"burkina-faso-moving-companies","status":"publish","type":"page","link":"https:\/\/moverdb.com\/fr\/moving-companies\/burkina-faso-moving-companies\/","title":{"rendered":"Les meilleures soci\u00e9t\u00e9s de d\u00e9m\u00e9nagement international au Burkina Faso"},"content":{"rendered":"<p>Si vous envisagez de d\u00e9m\u00e9nager au Burkina Faso, ou de vous rendre au Burkina Faso ou d'en sortir, il peut \u00eatre utile de faire appel \u00e0 une entreprise de d\u00e9m\u00e9nagement. Une entreprise de d\u00e9m\u00e9nagement peut all\u00e9ger la charge physique et mentale, surtout si vous d\u00e9m\u00e9nagez dans un autre pays. Nous avons compil\u00e9 ci-dessous une liste des entreprises de d\u00e9m\u00e9nagement du Burkina Faso. <a href=\"https:\/\/moverdb.com\/fr\/moving-companies\/\" data-internallinksmanager029f6b8e52c=\"79\" title=\"Les 25 meilleures soci\u00e9t\u00e9s de d\u00e9m\u00e9nagement international en ligne\">entreprises de d\u00e9m\u00e9nagement<\/a> qui sont membres de la <a href=\"https:\/\/moverdb.com\/fr\/iam\/\" data-internallinksmanager029f6b8e52c=\"23\" title=\"L&#039;Association internationale des d\u00e9m\u00e9nageurs (IAM) expliqu\u00e9e\">Association internationale des d\u00e9m\u00e9nageurs<\/a> (IAM) qui pourrait vous aider.<\/p>\n<p><strong>Premier mouvement<\/strong><\/p>\n<p><img loading=\"lazy\" decoding=\"async\" class=\"alignnone size-full wp-image-5461\" src=\"https:\/\/moverdb.com\/wp-content\/uploads\/Move-One-international-moving-company.png\" alt=\"Move One, soci\u00e9t\u00e9 de d\u00e9m\u00e9nagement international\" width=\"1440\" height=\"680\" data-wp-pid=\"5461\" srcset=\"https:\/\/moverdb.com\/wp-content\/uploads\/Move-One-international-moving-company.png 1440w, https:\/\/moverdb.com\/wp-content\/uploads\/Move-One-international-moving-company-300x142.png 300w, https:\/\/moverdb.com\/wp-content\/uploads\/Move-One-international-moving-company-1024x484.png 1024w, https:\/\/moverdb.com\/wp-content\/uploads\/Move-One-international-moving-company-18x9.png 18w, https:\/\/moverdb.com\/wp-content\/uploads\/Move-One-international-moving-company-600x283.png 600w\" sizes=\"auto, (max-width: 1440px) 100vw, 1440px\" \/><\/p>\n<ul>\n<li>D\u00e9m\u00e9nagements internationaux<\/li>\n<li>D\u00e9m\u00e9nagements<\/li>\n<li>D\u00e9m\u00e9nagements r\u00e9sidentiels<\/li>\n<li>D\u00e9m\u00e9nagement de bureaux<\/li>\n<li>Soutien \u00e0 l'immigration<\/li>\n<li>Personnel form\u00e9 et professionnel<\/li>\n<li>Transport des animaux de compagnie<\/li>\n<li>Aide \u00e0 la recherche d'un logement et d'\u00e9coles<\/li>\n<li>Services d'installation<\/li>\n<li>Installations de stockage<\/li>\n<\/ul>\n<p>Move One est une soci\u00e9t\u00e9 de d\u00e9m\u00e9nagement \u00e9tablie en 1992 avec une succursale \u00e0 Oagadougou qui fournit des solutions de logistique, de d\u00e9m\u00e9nagement et de mobilit\u00e9 globale. Elle affirme \u00eatre un leader du march\u00e9 en Europe, en Afrique, au Moyen-Orient, dans les Balkans et dans la CEI. Ils sont membres d'IAM avec 23 ans de service. Ils font partie d'un r\u00e9seau d'entreprises de d\u00e9m\u00e9nagement international pour fournir des d\u00e9m\u00e9nagements internationaux.<\/p>\n<p>Move One propose des services de d\u00e9m\u00e9nagement et de relocalisation qui comprennent un soutien professionnel de la part d'un personnel qualifi\u00e9 qui vous aidera \u00e0 d\u00e9m\u00e9nager et pourra vous aider \u00e0 vous frayer un chemin dans la bureaucratie. Ils peuvent vous aider \u00e0 transporter vos animaux de compagnie, \u00e0 trouver un logement et des \u00e9coles.<\/p>\n<p>Site web : <a href=\"https:\/\/www.moveoneinc.com\/\" target=\"_blank\" rel=\"noopener\">https:\/\/www.moveoneinc.com\/<\/a><\/p>","protected":false},"excerpt":{"rendered":"<p>If you are planning a move in Burkina Faso, or moving to or from Burkina Faso then enlisting the assistance of a moving company can help. A moving company can lighten the load physical and mentally especially if you are moving countries. Below we have compiled a list of Burkina Faso moving companies that are [&hellip;]<\/p>\n","protected":false},"author":4,"featured_media":0,"parent":190,"menu_order":0,"comment_status":"closed","ping_status":"closed","template":"","meta":{"_genesis_hide_title":false,"_genesis_hide_breadcrumbs":false,"_genesis_hide_singular_image":false,"_genesis_hide_footer_widgets":false,"_genesis_custom_body_class":"","_genesis_custom_post_class":"","_genesis_layout":"","footnotes":""},"class_list":{"0":"post-5518","1":"page","2":"type-page","3":"status-publish","5":"entry"},"_links":{"self":[{"href":"https:\/\/moverdb.com\/fr\/wp-json\/wp\/v2\/pages\/5518","targetHints":{"allow":["GET"]}}],"collection":[{"href":"https:\/\/moverdb.com\/fr\/wp-json\/wp\/v2\/pages"}],"about":[{"href":"https:\/\/moverdb.com\/fr\/wp-json\/wp\/v2\/types\/page"}],"author":[{"embeddable":true,"href":"https:\/\/moverdb.com\/fr\/wp-json\/wp\/v2\/users\/4"}],"replies":[{"embeddable":true,"href":"https:\/\/moverdb.com\/fr\/wp-json\/wp\/v2\/comments?post=5518"}],"version-history":[{"count":1,"href":"https:\/\/moverdb.com\/fr\/wp-json\/wp\/v2\/pages\/5518\/revisions"}],"predecessor-version":[{"id":5519,"href":"https:\/\/moverdb.com\/fr\/wp-json\/wp\/v2\/pages\/5518\/revisions\/5519"}],"up":[{"embeddable":true,"href":"https:\/\/moverdb.com\/fr\/wp-json\/wp\/v2\/pages\/190"}],"wp:attachment":[{"href":"https:\/\/moverdb.com\/fr\/wp-json\/wp\/v2\/media?parent=5518"}],"curies":[{"name":"wp","href":"https:\/\/api.w.org\/{rel}","templated":true}]}}