{"id":5515,"date":"2023-02-01T13:53:52","date_gmt":"2023-02-01T13:53:52","guid":{"rendered":"https:\/\/moverdb.com\/?page_id=5515"},"modified":"2026-01-08T15:29:52","modified_gmt":"2026-01-08T15:29:52","slug":"cameroun-moving-companies","status":"publish","type":"page","link":"https:\/\/moverdb.com\/fr\/moving-companies\/cameroon-moving-companies\/","title":{"rendered":"Les meilleures soci\u00e9t\u00e9s de d\u00e9m\u00e9nagement international au Cameroun"},"content":{"rendered":"<p>Vous d\u00e9m\u00e9nagez votre domicile ou votre entreprise ? Dans ce cas, vous pouvez avoir besoin d'aide pour faciliter le d\u00e9m\u00e9nagement, surtout si vous vous installez dans un autre pays. <a href=\"https:\/\/moverdb.com\/fr\/moving-companies\/\" data-internallinksmanager029f6b8e52c=\"79\" title=\"Les 25 meilleures soci\u00e9t\u00e9s de d\u00e9m\u00e9nagement international en ligne\">soci\u00e9t\u00e9 de d\u00e9m\u00e9nagement<\/a> pourrait vous aider. Nous avons dress\u00e9 ci-dessous une liste des pays suivants : Cameroun <a href=\"https:\/\/moverdb.com\/fr\/international-removals\/\" data-internallinksmanager029f6b8e52c=\"27\" title=\"36 meilleures entreprises de d\u00e9m\u00e9nagements internationaux au Royaume-Uni\">entreprises de d\u00e9m\u00e9nagement<\/a> qui sont membres de la <a href=\"https:\/\/moverdb.com\/fr\/iam\/\" data-internallinksmanager029f6b8e52c=\"23\" title=\"L&#039;Association internationale des d\u00e9m\u00e9nageurs (IAM) expliqu\u00e9e\">Association internationale des d\u00e9m\u00e9nageurs<\/a> (IAM) qui pourrait vous aider.<\/p>\n<h2><strong>Premier mouvement<\/strong><\/h2>\n<p><img loading=\"lazy\" decoding=\"async\" class=\"alignnone size-full wp-image-5461\" src=\"https:\/\/moverdb.com\/wp-content\/uploads\/Move-One-international-moving-company.png\" alt=\"Move One, soci\u00e9t\u00e9 de d\u00e9m\u00e9nagement international\" width=\"1440\" height=\"680\" data-wp-pid=\"5461\" srcset=\"https:\/\/moverdb.com\/wp-content\/uploads\/Move-One-international-moving-company.png 1440w, https:\/\/moverdb.com\/wp-content\/uploads\/Move-One-international-moving-company-300x142.png 300w, https:\/\/moverdb.com\/wp-content\/uploads\/Move-One-international-moving-company-1024x484.png 1024w, https:\/\/moverdb.com\/wp-content\/uploads\/Move-One-international-moving-company-18x9.png 18w, https:\/\/moverdb.com\/wp-content\/uploads\/Move-One-international-moving-company-600x283.png 600w\" sizes=\"auto, (max-width: 1440px) 100vw, 1440px\" \/><\/p>\n<ul>\n<li>D\u00e9m\u00e9nagements internationaux<\/li>\n<li>D\u00e9m\u00e9nagements<\/li>\n<li>D\u00e9m\u00e9nagements de m\u00e9nages<\/li>\n<li>D\u00e9m\u00e9nagements de bureaux<\/li>\n<li>Un personnel professionnel pour vous soutenir<\/li>\n<li>Aide \u00e0 l'immigration<\/li>\n<li>Transport des animaux<\/li>\n<li>Aide \u00e0 l'installation<\/li>\n<li>Recherche de maisons et d'\u00e9coles<\/li>\n<li>Solutions de stockage<\/li>\n<\/ul>\n<p>Move One est une entreprise de d\u00e9m\u00e9nagement international qui poss\u00e8de des filiales en Europe, en Afrique et au Moyen-Orient, y compris au Cameroun. Ils fournissent des solutions de logistique, de d\u00e9m\u00e9nagement et de mobilit\u00e9 globale depuis 1992. Elle dispose \u00e9galement d'un r\u00e9seau international d'entreprises de d\u00e9m\u00e9nagement pour aider ses clients \u00e0 l'\u00e9chelle internationale. La branche camerounaise est membre d'IAM avec 6 ans d'anciennet\u00e9.<\/p>\n<p>Move One fournit un service professionnel avec un personnel hautement qualifi\u00e9 pour soutenir votre d\u00e9m\u00e9nagement ou votre relocalisation. Ils vous soutiendront dans tous les aspects de votre d\u00e9m\u00e9nagement, y compris l'organisation de la logistique et l'aide \u00e0 l'immigration, comme le transport de vos animaux domestiques. Leurs services de relocalisation comprennent \u00e9galement une aide \u00e0 l'installation, \u00e0 la recherche d'un logement et d'\u00e9coles.<\/p>\n<p>Site web : <a href=\"https:\/\/www.moveoneinc.com\/\" target=\"_blank\" rel=\"noopener\">https:\/\/www.moveoneinc.com\/<\/a><\/p>","protected":false},"excerpt":{"rendered":"<p>Are you moving home or your business? Then you may want help in making the move easier especially if you are relocating to another country, so a reputable moving company could help. Below we have compiled a list of Cameroon removal companies that are members of the International Association of Movers (IAM) that could help [&hellip;]<\/p>\n","protected":false},"author":4,"featured_media":0,"parent":190,"menu_order":0,"comment_status":"closed","ping_status":"closed","template":"","meta":{"_genesis_hide_title":false,"_genesis_hide_breadcrumbs":false,"_genesis_hide_singular_image":false,"_genesis_hide_footer_widgets":false,"_genesis_custom_body_class":"","_genesis_custom_post_class":"","_genesis_layout":"","footnotes":""},"class_list":{"0":"post-5515","1":"page","2":"type-page","3":"status-publish","5":"entry","6":"has-post-thumbnail"},"_links":{"self":[{"href":"https:\/\/moverdb.com\/fr\/wp-json\/wp\/v2\/pages\/5515","targetHints":{"allow":["GET"]}}],"collection":[{"href":"https:\/\/moverdb.com\/fr\/wp-json\/wp\/v2\/pages"}],"about":[{"href":"https:\/\/moverdb.com\/fr\/wp-json\/wp\/v2\/types\/page"}],"author":[{"embeddable":true,"href":"https:\/\/moverdb.com\/fr\/wp-json\/wp\/v2\/users\/4"}],"replies":[{"embeddable":true,"href":"https:\/\/moverdb.com\/fr\/wp-json\/wp\/v2\/comments?post=5515"}],"version-history":[{"count":2,"href":"https:\/\/moverdb.com\/fr\/wp-json\/wp\/v2\/pages\/5515\/revisions"}],"predecessor-version":[{"id":5517,"href":"https:\/\/moverdb.com\/fr\/wp-json\/wp\/v2\/pages\/5515\/revisions\/5517"}],"up":[{"embeddable":true,"href":"https:\/\/moverdb.com\/fr\/wp-json\/wp\/v2\/pages\/190"}],"wp:attachment":[{"href":"https:\/\/moverdb.com\/fr\/wp-json\/wp\/v2\/media?parent=5515"}],"curies":[{"name":"wp","href":"https:\/\/api.w.org\/{rel}","templated":true}]}}