{"id":5512,"date":"2023-02-01T13:54:26","date_gmt":"2023-02-01T13:54:26","guid":{"rendered":"https:\/\/moverdb.com\/?page_id=5512"},"modified":"2026-01-08T15:29:51","modified_gmt":"2026-01-08T15:29:51","slug":"burundi-moving-companies","status":"publish","type":"page","link":"https:\/\/moverdb.com\/fr\/moving-companies\/burundi-moving-companies\/","title":{"rendered":"Les meilleures soci\u00e9t\u00e9s de d\u00e9m\u00e9nagement international au Burundi"},"content":{"rendered":"<p>Si vous souhaitez d\u00e9m\u00e9nager votre domicile ou votre entreprise au Burundi, d\u00e9m\u00e9nager vers ou depuis le Burundi, vous serez peut-\u00eatre int\u00e9ress\u00e9 par les services d'une <a href=\"https:\/\/moverdb.com\/fr\/moving-companies\/\" data-internallinksmanager029f6b8e52c=\"79\" title=\"Les 25 meilleures soci\u00e9t\u00e9s de d\u00e9m\u00e9nagement international en ligne\">soci\u00e9t\u00e9 de d\u00e9m\u00e9nagement<\/a> qui pourraient faciliter votre d\u00e9m\u00e9nagement. Nous avons compil\u00e9 ci-dessous une liste de Burundi <a href=\"https:\/\/moverdb.com\/fr\/international-removals\/\" data-internallinksmanager029f6b8e52c=\"27\" title=\"36 meilleures entreprises de d\u00e9m\u00e9nagements internationaux au Royaume-Uni\">entreprises de d\u00e9m\u00e9nagement<\/a> qui sont membres de la <a href=\"https:\/\/moverdb.com\/fr\/iam\/\" data-internallinksmanager029f6b8e52c=\"23\" title=\"L&#039;Association internationale des d\u00e9m\u00e9nageurs (IAM) expliqu\u00e9e\">Association internationale des d\u00e9m\u00e9nageurs<\/a> (IAM) qui pourrait vous aider.<\/p>\n<h2><strong>Great Lakes Logistics<\/strong><\/h2>\n<p><img loading=\"lazy\" decoding=\"async\" class=\"alignnone size-full wp-image-5444\" src=\"https:\/\/moverdb.com\/wp-content\/uploads\/Great-Lakes-Logistics-international-moving-company.png\" alt=\"Great Lakes Logistics, entreprise de d\u00e9m\u00e9nagement international\" width=\"1440\" height=\"679\" data-wp-pid=\"5444\" srcset=\"https:\/\/moverdb.com\/wp-content\/uploads\/Great-Lakes-Logistics-international-moving-company.png 1440w, https:\/\/moverdb.com\/wp-content\/uploads\/Great-Lakes-Logistics-international-moving-company-300x141.png 300w, https:\/\/moverdb.com\/wp-content\/uploads\/Great-Lakes-Logistics-international-moving-company-1024x483.png 1024w, https:\/\/moverdb.com\/wp-content\/uploads\/Great-Lakes-Logistics-international-moving-company-18x8.png 18w, https:\/\/moverdb.com\/wp-content\/uploads\/Great-Lakes-Logistics-international-moving-company-600x283.png 600w\" sizes=\"auto, (max-width: 1440px) 100vw, 1440px\" \/><\/p>\n<ul>\n<li>Mouvements nationaux<\/li>\n<li>D\u00e9m\u00e9nagements internationaux<\/li>\n<li>D\u00e9m\u00e9nagements r\u00e9sidentiels<\/li>\n<li>Petits d\u00e9m\u00e9nagements commerciaux<\/li>\n<li>Fret routier, ferroviaire, maritime et a\u00e9rien<\/li>\n<li>Services d'emballage, de chargement et de d\u00e9chargement<\/li>\n<li>Inventaire en ligne<\/li>\n<li>D\u00e9douanement<\/li>\n<li>Couvre l'Afrique de l'Est<\/li>\n<li>Installations de stockage<\/li>\n<\/ul>\n<p>Great Lakes Logistics est une entreprise de compensation, d'exp\u00e9dition, de transport et d'entreposage qui a \u00e9t\u00e9 fond\u00e9e en 2015 au Burundi en tant que succursale d'une grande entreprise des \u00c9mirats arabes unis. Elle fournit des services de d\u00e9m\u00e9nagement au Burundi, au Rwanda, <a href=\"https:\/\/moverdb.com\/fr\/moving-companies\/moving-companies-kenya\/\" data-internallinksmanager029f6b8e52c=\"305\" title=\"4 meilleures entreprises de d\u00e9m\u00e9nagements internationaux au Kenya\">Kenya<\/a>Ouganda, Tanzanie, Soudan du Sud, <a href=\"https:\/\/moverdb.com\/fr\/moving-companies\/moving-companies-mozambique\/\" data-internallinksmanager029f6b8e52c=\"286\" title=\"4 meilleures entreprises de d\u00e9m\u00e9nagements internationaux au Mozambique\">Mozambique<\/a>, <a href=\"https:\/\/moverdb.com\/fr\/moving-companies\/moving-companies-malawi\/\" data-internallinksmanager029f6b8e52c=\"295\" title=\"Meilleures entreprises de d\u00e9m\u00e9nagements internationaux au Malawi\">Malawi<\/a>, RDC, <a href=\"https:\/\/moverdb.com\/fr\/moving-companies\/botswana-moving-companies\/\" data-internallinksmanager029f6b8e52c=\"167\" title=\"Les meilleures soci\u00e9t\u00e9s de d\u00e9m\u00e9nagement international au Botswana\">Botswana<\/a>de l'Angola et du Zimbabwe. Ils sont membres de l'IAM avec 6 ans d'anciennet\u00e9.<\/p>\n<p>Great Lakes Logistics s'occupe des d\u00e9m\u00e9nagements r\u00e9sidentiels et commerciaux de petite taille qu'elle peut effectuer par route, rail, mer et fret a\u00e9rien. Elle offre un choix de services de d\u00e9m\u00e9nagement, y compris le chargement et le d\u00e9chargement, l'organisation des effets personnels, les services d'emballage, le d\u00e9douanement et l'entreposage.<\/p>\n<p>Site web : <a href=\"https:\/\/www.greatlakeslogistics-bu.bi\" target=\"_blank\" rel=\"noopener\">https:\/\/www.greatlakeslogistics-bu.bi<\/a><\/p>","protected":false},"excerpt":{"rendered":"<p>If you are wanting to move home or business in Burundi, move to or from Burundi, you may be interested in the services of a moving company who could ease the move for you. Below we have compiled a list of Burundi removal companies that are members of the International Association of Movers (IAM) that [&hellip;]<\/p>\n","protected":false},"author":4,"featured_media":0,"parent":190,"menu_order":0,"comment_status":"closed","ping_status":"closed","template":"","meta":{"_genesis_hide_title":false,"_genesis_hide_breadcrumbs":false,"_genesis_hide_singular_image":false,"_genesis_hide_footer_widgets":false,"_genesis_custom_body_class":"","_genesis_custom_post_class":"","_genesis_layout":"","footnotes":""},"class_list":{"0":"post-5512","1":"page","2":"type-page","3":"status-publish","5":"entry","6":"has-post-thumbnail"},"_links":{"self":[{"href":"https:\/\/moverdb.com\/fr\/wp-json\/wp\/v2\/pages\/5512","targetHints":{"allow":["GET"]}}],"collection":[{"href":"https:\/\/moverdb.com\/fr\/wp-json\/wp\/v2\/pages"}],"about":[{"href":"https:\/\/moverdb.com\/fr\/wp-json\/wp\/v2\/types\/page"}],"author":[{"embeddable":true,"href":"https:\/\/moverdb.com\/fr\/wp-json\/wp\/v2\/users\/4"}],"replies":[{"embeddable":true,"href":"https:\/\/moverdb.com\/fr\/wp-json\/wp\/v2\/comments?post=5512"}],"version-history":[{"count":2,"href":"https:\/\/moverdb.com\/fr\/wp-json\/wp\/v2\/pages\/5512\/revisions"}],"predecessor-version":[{"id":5514,"href":"https:\/\/moverdb.com\/fr\/wp-json\/wp\/v2\/pages\/5512\/revisions\/5514"}],"up":[{"embeddable":true,"href":"https:\/\/moverdb.com\/fr\/wp-json\/wp\/v2\/pages\/190"}],"wp:attachment":[{"href":"https:\/\/moverdb.com\/fr\/wp-json\/wp\/v2\/media?parent=5512"}],"curies":[{"name":"wp","href":"https:\/\/api.w.org\/{rel}","templated":true}]}}