{"id":5510,"date":"2023-02-01T12:32:51","date_gmt":"2023-02-01T12:32:51","guid":{"rendered":"https:\/\/moverdb.com\/?page_id=5510"},"modified":"2026-01-08T15:23:39","modified_gmt":"2026-01-08T15:23:39","slug":"bulgaria-moving-companies","status":"publish","type":"page","link":"https:\/\/moverdb.com\/fr\/moving-companies\/bulgaria-moving-companies\/","title":{"rendered":"2 meilleures soci\u00e9t\u00e9s de d\u00e9m\u00e9nagement international en Bulgarie"},"content":{"rendered":"<p>Si vous d\u00e9m\u00e9nagez votre domicile ou votre entreprise en <a href=\"https:\/\/moverdb.com\/fr\/moving-to-bulgaria\/\" data-internallinksmanager029f6b8e52c=\"322\" title=\"D\u00e9m\u00e9nager en Bulgarie ? 2026 Co\u00fbts de la vie et conseils de relocalisation\">Bulgarie<\/a>ou de d\u00e9m\u00e9nager vers ou depuis la Bulgarie, il peut \u00eatre utile de faire appel aux services d'un <a href=\"https:\/\/moverdb.com\/fr\/moving-companies\/\" data-internallinksmanager029f6b8e52c=\"79\" title=\"Les 25 meilleures soci\u00e9t\u00e9s de d\u00e9m\u00e9nagement international en ligne\">soci\u00e9t\u00e9 de d\u00e9m\u00e9nagement<\/a> pour r\u00e9duire la charge de travail. Ci-dessous, nous avons compil\u00e9 une liste d'entreprises bulgares. <a href=\"https:\/\/moverdb.com\/fr\/international-removals\/\" data-internallinksmanager029f6b8e52c=\"27\" title=\"36 meilleures entreprises de d\u00e9m\u00e9nagements internationaux au Royaume-Uni\">entreprises de d\u00e9m\u00e9nagement<\/a> qui sont membres de la <a href=\"https:\/\/moverdb.com\/fr\/iam\/\" data-internallinksmanager029f6b8e52c=\"23\" title=\"L&#039;Association internationale des d\u00e9m\u00e9nageurs (IAM) expliqu\u00e9e\">Association internationale des d\u00e9m\u00e9nageurs<\/a> (IAM) et\/ou <a href=\"https:\/\/moverdb.com\/fr\/fidi-faim\/\" data-internallinksmanager029f6b8e52c=\"16\" title=\"Explication de la FIDI et du FAIM (FIDI Accredited International Mover)\">FIDI<\/a> D\u00e9m\u00e9nageur international accr\u00e9dit\u00e9 (FAIM) qui pourrait vous aider.<\/p>\n<h2><strong>1. Movega<\/strong><\/h2>\n<p><img loading=\"lazy\" decoding=\"async\" class=\"alignnone size-full wp-image-5463\" src=\"https:\/\/moverdb.com\/wp-content\/uploads\/Movega-international-moving-company.png\" alt=\"Movega, soci\u00e9t\u00e9 de d\u00e9m\u00e9nagement international\" width=\"1440\" height=\"678\" data-wp-pid=\"5463\" srcset=\"https:\/\/moverdb.com\/wp-content\/uploads\/Movega-international-moving-company.png 1440w, https:\/\/moverdb.com\/wp-content\/uploads\/Movega-international-moving-company-300x141.png 300w, https:\/\/moverdb.com\/wp-content\/uploads\/Movega-international-moving-company-1024x482.png 1024w, https:\/\/moverdb.com\/wp-content\/uploads\/Movega-international-moving-company-18x8.png 18w, https:\/\/moverdb.com\/wp-content\/uploads\/Movega-international-moving-company-600x283.png 600w\" sizes=\"auto, (max-width: 1440px) 100vw, 1440px\" \/><\/p>\n<ul>\n<li>Mouvements nationaux<\/li>\n<li>D\u00e9m\u00e9nagements europ\u00e9ens<\/li>\n<li>D\u00e9m\u00e9nagements de m\u00e9nages<\/li>\n<li>D\u00e9m\u00e9nagement de bureaux<\/li>\n<li>Services de chargement complet et partiel<\/li>\n<li>R\u00e9ductions pour la r\u00e9servation de plusieurs v\u00e9hicules<\/li>\n<li>Emballage et d\u00e9ballage<\/li>\n<li>Plate-forme d'enqu\u00eate en ligne pour \u00e9valuer vos besoins<\/li>\n<li>Peut fournir un ascenseur externe<\/li>\n<li>Solutions de stockage<\/li>\n<\/ul>\n<p>Movega est une soci\u00e9t\u00e9 de d\u00e9m\u00e9nagement bas\u00e9e \u00e0 Varna qui offre des services de d\u00e9m\u00e9nagement en Bulgarie et en Europe. Elle travaille avec des partenaires de d\u00e9m\u00e9nagement pour offrir ses services \u00e0 l'\u00e9chelle internationale. Elle s'occupe des d\u00e9m\u00e9nagements de m\u00e9nages et de bureaux, et est membre d'IAM avec 2 ans d'anciennet\u00e9.<\/p>\n<p>Movega offre un choix de services de d\u00e9m\u00e9nagement vous permettant d'utiliser un chargement complet ou partiel ou d'obtenir des r\u00e9ductions pour plusieurs v\u00e9hicules. Ils vous aident \u00e0 \u00e9valuer vos besoins en mati\u00e8re de d\u00e9m\u00e9nagement en utilisant leur plateforme d'enqu\u00eate en ligne. Ils offrent des services de transport ainsi que des services complets d'emballage et de d\u00e9ballage. Ils disposent d'une flotte diversifi\u00e9e comprenant un \u00e9l\u00e9vateur externe pour faire passer les gros meubles par les fen\u00eatres et les balcons.<\/p>\n<p>Site web : <a href=\"http:\/\/movega.co.uk\" target=\"_blank\" rel=\"noopener\">http:\/\/movega.co.uk<\/a><\/p>\n<h2><strong>2. Orbite<\/strong><\/h2>\n<p><img loading=\"lazy\" decoding=\"async\" class=\"alignnone size-full wp-image-5470\" src=\"https:\/\/moverdb.com\/wp-content\/uploads\/Orbit-international-moving-company.png\" alt=\"Soci\u00e9t\u00e9 de d\u00e9m\u00e9nagement international Orbit\" width=\"1440\" height=\"684\" data-wp-pid=\"5470\" srcset=\"https:\/\/moverdb.com\/wp-content\/uploads\/Orbit-international-moving-company.png 1440w, https:\/\/moverdb.com\/wp-content\/uploads\/Orbit-international-moving-company-300x143.png 300w, https:\/\/moverdb.com\/wp-content\/uploads\/Orbit-international-moving-company-1024x486.png 1024w, https:\/\/moverdb.com\/wp-content\/uploads\/Orbit-international-moving-company-18x9.png 18w, https:\/\/moverdb.com\/wp-content\/uploads\/Orbit-international-moving-company-600x285.png 600w\" sizes=\"auto, (max-width: 1440px) 100vw, 1440px\" \/><\/p>\n<ul>\n<li>Mouvements nationaux<\/li>\n<li>D\u00e9m\u00e9nagements internationaux<\/li>\n<li>D\u00e9m\u00e9nagements de m\u00e9nages<\/li>\n<li>Logistique commerciale<\/li>\n<li>Approche personnalis\u00e9e<\/li>\n<li>Transports terrestres, maritimes et a\u00e9riens<\/li>\n<li>Agence des douanes<\/li>\n<li>Emballage et d\u00e9ballage<\/li>\n<li>Transport de l'art<\/li>\n<li>Suivi et assurance du transport<\/li>\n<\/ul>\n<p>Orbit est une soci\u00e9t\u00e9 d'exp\u00e9dition et de transport bas\u00e9e \u00e0 Sofia qui op\u00e8re depuis plus de 25 ans et aide les gens \u00e0 d\u00e9m\u00e9nager en Bulgarie et \u00e0 l'\u00e9tranger. Elle fait partie du groupe Orphee Beinoglou, qui poss\u00e8de des succursales dans toute l'Europe et travaille avec d'autres partenaires pour effectuer des d\u00e9m\u00e9nagements internationaux. Ils sont membres de l'IAM depuis 28 ans et sont accr\u00e9dit\u00e9s par la FIDI.<\/p>\n<p>Orbit fournit un service personnalis\u00e9 comprenant l'inspection initiale, la planification de votre d\u00e9m\u00e9nagement par voie terrestre, maritime ou a\u00e9rienne, l'emballage et le d\u00e9ballage de vos biens en toute s\u00e9curit\u00e9, et l'organisation du d\u00e9douanement. Ils assurent la tranquillit\u00e9 d'esprit en proposant une assurance de transport pour vos biens et un suivi de votre exp\u00e9dition.<\/p>\n<p>Site web : <a href=\"http:\/\/www.orbit.bg\" target=\"_blank\" rel=\"noopener\">http:\/\/www.orbit.bg<\/a><\/p>\n<h2>Autres guides utiles sur la Bulgarie<\/h2>\n<ul>\n<li> <a href=\"https:\/\/moverdb.com\/fr\/moving-to-bulgaria\/\">D\u00e9m\u00e9nager en Bulgarie ? 2026 Co\u00fbts de la vie et conseils de relocalisation<\/a><\/li>\n<li> <a href=\"https:\/\/moverdb.com\/fr\/moving-to-bulgaria\/best-places-to-live-bulgaria\/\">13 meilleurs endroits pour vivre en Bulgarie<\/a><\/li>\n<\/ul>","protected":false},"excerpt":{"rendered":"<p>If you are moving home or your business in Bulgaria, or moving to or from Bulgaria, then you may want to engage the services of a moving company to reduce the workload. Below we have compiled a list of Bulgarian removal companies that are members of the International Association of Movers (IAM) and\/or FIDI Accredited [&hellip;]<\/p>\n","protected":false},"author":4,"featured_media":0,"parent":190,"menu_order":0,"comment_status":"closed","ping_status":"closed","template":"","meta":{"_genesis_hide_title":false,"_genesis_hide_breadcrumbs":false,"_genesis_hide_singular_image":false,"_genesis_hide_footer_widgets":false,"_genesis_custom_body_class":"","_genesis_custom_post_class":"","_genesis_layout":"","footnotes":""},"class_list":{"0":"post-5510","1":"page","2":"type-page","3":"status-publish","5":"entry","6":"has-post-thumbnail"},"_links":{"self":[{"href":"https:\/\/moverdb.com\/fr\/wp-json\/wp\/v2\/pages\/5510","targetHints":{"allow":["GET"]}}],"collection":[{"href":"https:\/\/moverdb.com\/fr\/wp-json\/wp\/v2\/pages"}],"about":[{"href":"https:\/\/moverdb.com\/fr\/wp-json\/wp\/v2\/types\/page"}],"author":[{"embeddable":true,"href":"https:\/\/moverdb.com\/fr\/wp-json\/wp\/v2\/users\/4"}],"replies":[{"embeddable":true,"href":"https:\/\/moverdb.com\/fr\/wp-json\/wp\/v2\/comments?post=5510"}],"version-history":[{"count":3,"href":"https:\/\/moverdb.com\/fr\/wp-json\/wp\/v2\/pages\/5510\/revisions"}],"predecessor-version":[{"id":16292,"href":"https:\/\/moverdb.com\/fr\/wp-json\/wp\/v2\/pages\/5510\/revisions\/16292"}],"up":[{"embeddable":true,"href":"https:\/\/moverdb.com\/fr\/wp-json\/wp\/v2\/pages\/190"}],"wp:attachment":[{"href":"https:\/\/moverdb.com\/fr\/wp-json\/wp\/v2\/media?parent=5510"}],"curies":[{"name":"wp","href":"https:\/\/api.w.org\/{rel}","templated":true}]}}