{"id":5507,"date":"2023-02-01T13:55:39","date_gmt":"2023-02-01T13:55:39","guid":{"rendered":"https:\/\/moverdb.com\/?page_id=5507"},"modified":"2026-01-08T15:29:49","modified_gmt":"2026-01-08T15:29:49","slug":"brunei-moving-companies","status":"publish","type":"page","link":"https:\/\/moverdb.com\/fr\/moving-companies\/brunei-moving-companies\/","title":{"rendered":"Les meilleures soci\u00e9t\u00e9s de d\u00e9m\u00e9nagement international au Brunei Darussalam"},"content":{"rendered":"<p>Le d\u00e9m\u00e9nagement d'une maison ou d'une entreprise peut s'av\u00e9rer complexe et difficile. Si vous cherchez \u00e0 all\u00e9ger la charge, vous pouvez faire appel \u00e0 un expert en d\u00e9m\u00e9nagement. <a href=\"https:\/\/moverdb.com\/fr\/moving-companies\/\" data-internallinksmanager029f6b8e52c=\"79\" title=\"Les 25 meilleures soci\u00e9t\u00e9s de d\u00e9m\u00e9nagement international en ligne\">soci\u00e9t\u00e9 de d\u00e9m\u00e9nagement<\/a> pour vous aider. Nous avons dress\u00e9 ci-dessous une liste de <a href=\"https:\/\/moverdb.com\/fr\/moving-to-brunei\/\" data-internallinksmanager029f6b8e52c=\"424\" title=\"D\u00e9m\u00e9nager \u00e0 Brunei ? 2026 Co\u00fbts de la vie et conseils de relocalisation\">Brunei<\/a> Darussalam <a href=\"https:\/\/moverdb.com\/fr\/international-removals\/\" data-internallinksmanager029f6b8e52c=\"27\" title=\"36 meilleures entreprises de d\u00e9m\u00e9nagements internationaux au Royaume-Uni\">entreprises de d\u00e9m\u00e9nagement<\/a> qui sont membres de la <a href=\"https:\/\/moverdb.com\/fr\/iam\/\" data-internallinksmanager029f6b8e52c=\"23\" title=\"L&#039;Association internationale des d\u00e9m\u00e9nageurs (IAM) expliqu\u00e9e\">Association internationale des d\u00e9m\u00e9nageurs<\/a> (IAM) qui pourrait vous aider.<\/p>\n<h2><strong>Soci\u00e9t\u00e9 de transport de Brunei <\/strong><\/h2>\n<p><img loading=\"lazy\" decoding=\"async\" class=\"alignnone size-full wp-image-5508\" src=\"https:\/\/moverdb.com\/wp-content\/uploads\/Brunei-Transporting-Company-international-moving-company.png\" alt=\"Brunei Transporting Company soci\u00e9t\u00e9 de d\u00e9m\u00e9nagement international\" width=\"1440\" height=\"682\" data-wp-pid=\"5508\" srcset=\"https:\/\/moverdb.com\/wp-content\/uploads\/Brunei-Transporting-Company-international-moving-company.png 1440w, https:\/\/moverdb.com\/wp-content\/uploads\/Brunei-Transporting-Company-international-moving-company-300x142.png 300w, https:\/\/moverdb.com\/wp-content\/uploads\/Brunei-Transporting-Company-international-moving-company-1024x485.png 1024w, https:\/\/moverdb.com\/wp-content\/uploads\/Brunei-Transporting-Company-international-moving-company-18x9.png 18w, https:\/\/moverdb.com\/wp-content\/uploads\/Brunei-Transporting-Company-international-moving-company-600x284.png 600w\" sizes=\"auto, (max-width: 1440px) 100vw, 1440px\" \/><\/p>\n<ul>\n<li>D\u00e9m\u00e9nagements internationaux<\/li>\n<li>Transport local<\/li>\n<li>D\u00e9m\u00e9nagements de m\u00e9nages<\/li>\n<li>D\u00e9m\u00e9nagements commerciaux<\/li>\n<li>Services de porte-\u00e0-porte<\/li>\n<li>Transport terrestre et maritime<\/li>\n<li>Un personnel form\u00e9 et exp\u00e9riment\u00e9<\/li>\n<li>Une flotte compl\u00e8te de v\u00e9hicules<\/li>\n<li>Services de courtage en douane<\/li>\n<li>Choix de solutions de stockage<\/li>\n<\/ul>\n<p>Brunei Transporting Company est l'une des principales entreprises logistiques du Brunei Darussalam qui fournit des services de d\u00e9m\u00e9nagement locaux et internationaux. Elle travaille en partenariat avec des soci\u00e9t\u00e9s de d\u00e9m\u00e9nagement associ\u00e9es pour fournir des services internationaux, avec lesquelles elle reste en contact permanent pour garantir un passage s\u00fbr et rapide. Elle est membre de l'IAM.<\/p>\n<p>Brunei Transporting Company dispose d'une flotte compl\u00e8te de v\u00e9hicules comprenant des camions, des transporteurs de voitures, des d\u00e9m\u00e9nageurs, des remorques et des grues. Elle fournit des services de d\u00e9m\u00e9nagement et de logistique aux diplomates, aux entreprises nationales et multinationales et aux particuliers. Elle offre un service porte-\u00e0-porte pour la livraison de marchandises par voie terrestre et maritime, ainsi que des services de courtage en douane et une gamme d'options de stockage.<\/p>\n<p>Site web : <a href=\"http:\/\/www.bruneitransporting.com\" target=\"_blank\" rel=\"noopener\">http:\/\/www.bruneitransporting.com<\/a><\/p>","protected":false},"excerpt":{"rendered":"<p>Moving home or your business can be complex and hard work so if you are looking to lighten the load then you might want to employ a moving company to help you. Below we have compiled a list of Brunei Darussalam removal companies that are members of the International Association of Movers (IAM) that could [&hellip;]<\/p>\n","protected":false},"author":4,"featured_media":0,"parent":190,"menu_order":0,"comment_status":"closed","ping_status":"closed","template":"","meta":{"_genesis_hide_title":false,"_genesis_hide_breadcrumbs":false,"_genesis_hide_singular_image":false,"_genesis_hide_footer_widgets":false,"_genesis_custom_body_class":"","_genesis_custom_post_class":"","_genesis_layout":"","footnotes":""},"class_list":{"0":"post-5507","1":"page","2":"type-page","3":"status-publish","5":"entry","6":"has-post-thumbnail"},"_links":{"self":[{"href":"https:\/\/moverdb.com\/fr\/wp-json\/wp\/v2\/pages\/5507","targetHints":{"allow":["GET"]}}],"collection":[{"href":"https:\/\/moverdb.com\/fr\/wp-json\/wp\/v2\/pages"}],"about":[{"href":"https:\/\/moverdb.com\/fr\/wp-json\/wp\/v2\/types\/page"}],"author":[{"embeddable":true,"href":"https:\/\/moverdb.com\/fr\/wp-json\/wp\/v2\/users\/4"}],"replies":[{"embeddable":true,"href":"https:\/\/moverdb.com\/fr\/wp-json\/wp\/v2\/comments?post=5507"}],"version-history":[{"count":1,"href":"https:\/\/moverdb.com\/fr\/wp-json\/wp\/v2\/pages\/5507\/revisions"}],"predecessor-version":[{"id":5509,"href":"https:\/\/moverdb.com\/fr\/wp-json\/wp\/v2\/pages\/5507\/revisions\/5509"}],"up":[{"embeddable":true,"href":"https:\/\/moverdb.com\/fr\/wp-json\/wp\/v2\/pages\/190"}],"wp:attachment":[{"href":"https:\/\/moverdb.com\/fr\/wp-json\/wp\/v2\/media?parent=5507"}],"curies":[{"name":"wp","href":"https:\/\/api.w.org\/{rel}","templated":true}]}}