{"id":5240,"date":"2022-10-24T11:49:20","date_gmt":"2022-10-24T11:49:20","guid":{"rendered":"https:\/\/moverdb.com\/?page_id=5240"},"modified":"2026-01-08T15:23:38","modified_gmt":"2026-01-08T15:23:38","slug":"bosnie-et-herzegovine","status":"publish","type":"page","link":"https:\/\/moverdb.com\/fr\/moving-companies\/bosnia-and-herzegovina-moving-companies\/","title":{"rendered":"2 meilleures soci\u00e9t\u00e9s de d\u00e9m\u00e9nagement international en Bosnie-Herz\u00e9govine"},"content":{"rendered":"<p>D\u00e9m\u00e9nager peut \u00eatre un moment stressant, surtout si vous d\u00e9m\u00e9nagez aussi dans d'autres pays. C'est l\u00e0 qu'une entreprise de d\u00e9m\u00e9nagement ou de relocalisation peut aider \u00e0 soulager la pression. Pour vous aider, nous avons compil\u00e9 une liste d'entreprises de Bosnie-Herz\u00e9govine. <a href=\"https:\/\/moverdb.com\/fr\/international-removals\/\" data-internallinksmanager029f6b8e52c=\"27\" title=\"36 meilleures entreprises de d\u00e9m\u00e9nagements internationaux au Royaume-Uni\">entreprises de d\u00e9m\u00e9nagement<\/a> qui sont membres de la <a href=\"https:\/\/moverdb.com\/fr\/iam\/\" data-internallinksmanager029f6b8e52c=\"23\" title=\"L&#039;Association internationale des d\u00e9m\u00e9nageurs (IAM) expliqu\u00e9e\">Association internationale des d\u00e9m\u00e9nageurs<\/a> (IAM) qui pourrait vous aider.<\/p>\n<h2><strong>1. AGS Worldwide Movers<\/strong><\/h2>\n<p><em><img loading=\"lazy\" decoding=\"async\" class=\"alignnone size-full wp-image-5137\" src=\"https:\/\/moverdb.com\/wp-content\/uploads\/AGS-Wroldwide-Movers-international-moving-company.png\" alt=\"AGS Wroldwide Movers entreprise de d\u00e9m\u00e9nagement international\" width=\"1440\" height=\"680\" data-wp-pid=\"5137\" srcset=\"https:\/\/moverdb.com\/wp-content\/uploads\/AGS-Wroldwide-Movers-international-moving-company.png 1440w, https:\/\/moverdb.com\/wp-content\/uploads\/AGS-Wroldwide-Movers-international-moving-company-300x142.png 300w, https:\/\/moverdb.com\/wp-content\/uploads\/AGS-Wroldwide-Movers-international-moving-company-1024x484.png 1024w, https:\/\/moverdb.com\/wp-content\/uploads\/AGS-Wroldwide-Movers-international-moving-company-18x9.png 18w, https:\/\/moverdb.com\/wp-content\/uploads\/AGS-Wroldwide-Movers-international-moving-company-600x283.png 600w\" sizes=\"auto, (max-width: 1440px) 100vw, 1440px\" \/><\/em><\/p>\n<ul>\n<li>Mouvements nationaux<\/li>\n<li>D\u00e9m\u00e9nagements internationaux<\/li>\n<li>D\u00e9m\u00e9nagements r\u00e9sidentiels<\/li>\n<li>D\u00e9m\u00e9nagements de bureaux<\/li>\n<li>D\u00e9m\u00e9nagements de porte \u00e0 porte<\/li>\n<li>Un personnel qualifi\u00e9 pour emballer et transporter vos biens.<\/li>\n<li>Mat\u00e9riaux et m\u00e9thodes d'emballage novateurs<\/li>\n<li>Emballage respectueux de l'environnement<\/li>\n<li>Transferts de v\u00e9hicules<\/li>\n<li>Stockage s\u00e9curis\u00e9<\/li>\n<\/ul>\n<p>AGS Worldwide Movers a \u00e9t\u00e9 cr\u00e9\u00e9 en 1974 et s'est d\u00e9velopp\u00e9 pour devenir une soci\u00e9t\u00e9 de d\u00e9m\u00e9nagements internationaux qui couvre l'Europe, l'Asie et l'Afrique avec des partenaires en Am\u00e9rique et en Oc\u00e9anie. Elle dispose de 146 sites dans 97 pays. Ils sont membres de l'IAM avec 25 ans d'anciennet\u00e9.<\/p>\n<p>AGS Worldwide Movers utilise des solutions de pointe et intelligentes pour fournir des devis, un suivi et une livraison plus efficaces. Ils mettent \u00e0 votre disposition un personnel qualifi\u00e9 qui emballera vos biens en toute s\u00e9curit\u00e9 pour \u00e9viter qu'ils ne soient endommag\u00e9s, en utilisant des techniques et des mat\u00e9riaux d'emballage innovants. Ils proposent \u00e9galement des solutions de transport pour les v\u00e9hicules et un stockage s\u00e9curis\u00e9 si n\u00e9cessaire.<\/p>\n<p>Site web : <a href=\"http:\/\/www.agsmovers.com\" target=\"_blank\" rel=\"noopener\">http:\/\/www.agsmovers.com<\/a><\/p>\n<h2><strong>2. Intermove<\/strong><\/h2>\n<p><em><img loading=\"lazy\" decoding=\"async\" class=\"alignnone size-full wp-image-5176\" src=\"https:\/\/moverdb.com\/wp-content\/uploads\/Intermove-international-moving-company.png\" alt=\"Intermove, soci\u00e9t\u00e9 de d\u00e9m\u00e9nagement international\" width=\"1440\" height=\"680\" data-wp-pid=\"5176\" srcset=\"https:\/\/moverdb.com\/wp-content\/uploads\/Intermove-international-moving-company.png 1440w, https:\/\/moverdb.com\/wp-content\/uploads\/Intermove-international-moving-company-300x142.png 300w, https:\/\/moverdb.com\/wp-content\/uploads\/Intermove-international-moving-company-1024x484.png 1024w, https:\/\/moverdb.com\/wp-content\/uploads\/Intermove-international-moving-company-18x9.png 18w, https:\/\/moverdb.com\/wp-content\/uploads\/Intermove-international-moving-company-600x283.png 600w\" sizes=\"auto, (max-width: 1440px) 100vw, 1440px\" \/><\/em><\/p>\n<ul>\n<li>D\u00e9m\u00e9nagements locaux et nationaux<\/li>\n<li>D\u00e9m\u00e9nagements internationaux<\/li>\n<li>D\u00e9m\u00e9nagements de m\u00e9nages<\/li>\n<li>D\u00e9localisations d'entreprises<\/li>\n<li>Emballeurs hautement qualifi\u00e9s<\/li>\n<li>Services d'emballage et de d\u00e9ballage<\/li>\n<li>Logistique d'exp\u00e9dition<\/li>\n<li>D\u00e9douanement<\/li>\n<li>Assurance<\/li>\n<li>Installations de stockage<\/li>\n<\/ul>\n<p>Intermove est une soci\u00e9t\u00e9 de d\u00e9m\u00e9nagement qui a \u00e9t\u00e9 cr\u00e9\u00e9e en 1996 pour aider les familles et les entreprises \u00e0 se relocaliser. Elle offre ses services en Bosnie-Herz\u00e9govine ainsi qu'\u00e0 ceux qui veulent d\u00e9m\u00e9nager vers ou depuis ce pays. Ils sont membres de l'IAM avec 26 ans de service.<\/p>\n<p>Intermove met \u00e0 votre disposition des emballeurs hautement qualifi\u00e9s, form\u00e9s aux m\u00e9thodes d'emballage internationales et qui utiliseront des mat\u00e9riaux de haute qualit\u00e9 pour prot\u00e9ger vos biens. Ils emballeront vos biens et organiseront leur transport, y compris le d\u00e9douanement et le d\u00e9ballage. Ils vous fourniront une assurance, une recherche de logement, une orientation dans la r\u00e9gion et l'option de solutions de stockage flexibles.<\/p>\n<p>Site web : <a href=\"http:\/\/www.intermovebosnia.com\" target=\"_blank\" rel=\"noopener\">http:\/\/www.intermovebosnia.com<\/a><\/p>","protected":false},"excerpt":{"rendered":"<p>Moving can be a stressful time especially if you are moving countries as well, that is where a moving or relocation company can help relieve some of the pressure. To help you we have compiled a list of Bosnia and Herzegovina removal companies that are members of the International Association of Movers (IAM) who could [&hellip;]<\/p>\n","protected":false},"author":4,"featured_media":0,"parent":190,"menu_order":0,"comment_status":"closed","ping_status":"closed","template":"","meta":{"_genesis_hide_title":false,"_genesis_hide_breadcrumbs":false,"_genesis_hide_singular_image":false,"_genesis_hide_footer_widgets":false,"_genesis_custom_body_class":"","_genesis_custom_post_class":"","_genesis_layout":"","footnotes":""},"class_list":{"0":"post-5240","1":"page","2":"type-page","3":"status-publish","5":"entry","6":"has-post-thumbnail"},"_links":{"self":[{"href":"https:\/\/moverdb.com\/fr\/wp-json\/wp\/v2\/pages\/5240","targetHints":{"allow":["GET"]}}],"collection":[{"href":"https:\/\/moverdb.com\/fr\/wp-json\/wp\/v2\/pages"}],"about":[{"href":"https:\/\/moverdb.com\/fr\/wp-json\/wp\/v2\/types\/page"}],"author":[{"embeddable":true,"href":"https:\/\/moverdb.com\/fr\/wp-json\/wp\/v2\/users\/4"}],"replies":[{"embeddable":true,"href":"https:\/\/moverdb.com\/fr\/wp-json\/wp\/v2\/comments?post=5240"}],"version-history":[{"count":1,"href":"https:\/\/moverdb.com\/fr\/wp-json\/wp\/v2\/pages\/5240\/revisions"}],"predecessor-version":[{"id":5241,"href":"https:\/\/moverdb.com\/fr\/wp-json\/wp\/v2\/pages\/5240\/revisions\/5241"}],"up":[{"embeddable":true,"href":"https:\/\/moverdb.com\/fr\/wp-json\/wp\/v2\/pages\/190"}],"wp:attachment":[{"href":"https:\/\/moverdb.com\/fr\/wp-json\/wp\/v2\/media?parent=5240"}],"curies":[{"name":"wp","href":"https:\/\/api.w.org\/{rel}","templated":true}]}}