{"id":5237,"date":"2022-10-24T11:50:03","date_gmt":"2022-10-24T11:50:03","guid":{"rendered":"https:\/\/moverdb.com\/?page_id=5237"},"modified":"2026-01-08T15:24:38","modified_gmt":"2026-01-08T15:24:38","slug":"bolivie","status":"publish","type":"page","link":"https:\/\/moverdb.com\/fr\/moving-companies\/bolivia-moving-companies\/","title":{"rendered":"4 meilleures soci\u00e9t\u00e9s de d\u00e9m\u00e9nagement international en Bolivie"},"content":{"rendered":"<p>Si vous souhaitez d\u00e9m\u00e9nager votre domicile ou votre entreprise en Bolivie, ou si vous souhaitez vous rendre en Bolivie ou en revenir, vous souhaiterez peut-\u00eatre b\u00e9n\u00e9ficier d'un soutien pour r\u00e9duire le stress et le travail n\u00e9cessaires au d\u00e9m\u00e9nagement. Nous avons compil\u00e9 ci-dessous une liste de services d'aide au d\u00e9m\u00e9nagement en Bolivie. <a href=\"https:\/\/moverdb.com\/fr\/international-removals\/\" data-internallinksmanager029f6b8e52c=\"27\" title=\"36 meilleures entreprises de d\u00e9m\u00e9nagements internationaux au Royaume-Uni\">entreprises de d\u00e9m\u00e9nagement<\/a> qui sont membres de la <a href=\"https:\/\/moverdb.com\/fr\/iam\/\" data-internallinksmanager029f6b8e52c=\"23\" title=\"L&#039;Association internationale des d\u00e9m\u00e9nageurs (IAM) expliqu\u00e9e\">Association internationale des d\u00e9m\u00e9nageurs<\/a> (IAM) et\/ou <a href=\"https:\/\/moverdb.com\/fr\/fidi-faim\/\" data-internallinksmanager029f6b8e52c=\"16\" title=\"Explication de la FIDI et du FAIM (FIDI Accredited International Mover)\">FIDI<\/a> D\u00e9m\u00e9nageur international accr\u00e9dit\u00e9 (FAIM) qui pourrait vous aider.<\/p>\n<div id=\"ez-toc-container\" class=\"ez-toc-v2_0_82_2 ez-toc-wrap-left counter-hierarchy ez-toc-counter ez-toc-transparent ez-toc-container-direction\">\n<div class=\"ez-toc-title-container\">\n<p class=\"ez-toc-title\" style=\"cursor:inherit\">Sections<\/p>\n<span class=\"ez-toc-title-toggle\"><a href=\"#\" class=\"ez-toc-pull-right ez-toc-btn ez-toc-btn-xs ez-toc-btn-default ez-toc-toggle\" aria-label=\"Toggle Table des mati\u00e8res\"><span class=\"ez-toc-js-icon-con\"><span class=\"\"><span class=\"eztoc-hide\" style=\"display:none;\">Toggle<\/span><span class=\"ez-toc-icon-toggle-span\"><svg style=\"fill: #999;color:#999\" xmlns=\"http:\/\/www.w3.org\/2000\/svg\" class=\"list-377408\" width=\"20px\" height=\"20px\" viewbox=\"0 0 24 24\" fill=\"none\"><path d=\"M6 6H4v2h2V6zm14 0H8v2h12V6zM4 11h2v2H4v-2zm16 0H8v2h12v-2zM4 16h2v2H4v-2zm16 0H8v2h12v-2z\" fill=\"currentColor\"><\/path><\/svg><svg style=\"fill: #999;color:#999\" class=\"arrow-unsorted-368013\" xmlns=\"http:\/\/www.w3.org\/2000\/svg\" width=\"10px\" height=\"10px\" viewbox=\"0 0 24 24\" version=\"1.2\" baseprofile=\"tiny\"><path d=\"M18.2 9.3l-6.2-6.3-6.2 6.3c-.2.2-.3.4-.3.7s.1.5.3.7c.2.2.4.3.7.3h11c.3 0 .5-.1.7-.3.2-.2.3-.5.3-.7s-.1-.5-.3-.7zM5.8 14.7l6.2 6.3 6.2-6.3c.2-.2.3-.5.3-.7s-.1-.5-.3-.7c-.2-.2-.4-.3-.7-.3h-11c-.3 0-.5.1-.7.3-.2.2-.3.5-.3.7s.1.5.3.7z\"\/><\/svg><\/span><\/span><\/span><\/a><\/span><\/div>\n<nav><ul class='ez-toc-list ez-toc-list-level-1 eztoc-toggle-hide-by-default' ><li class='ez-toc-page-1 ez-toc-heading-level-2'><a class=\"ez-toc-link ez-toc-heading-1\" href=\"https:\/\/moverdb.com\/fr\/moving-companies\/bolivia-moving-companies\/#1_Bolivian_Movers\" >1. D\u00e9m\u00e9nageurs boliviens<\/a><\/li><li class='ez-toc-page-1 ez-toc-heading-level-2'><a class=\"ez-toc-link ez-toc-heading-2\" href=\"https:\/\/moverdb.com\/fr\/moving-companies\/bolivia-moving-companies\/#2_Express_Cargo_Services\" >2. Services de fret express<\/a><\/li><li class='ez-toc-page-1 ez-toc-heading-level-2'><a class=\"ez-toc-link ez-toc-heading-3\" href=\"https:\/\/moverdb.com\/fr\/moving-companies\/bolivia-moving-companies\/#3_Total_Bolivian_Moving\" >3. Total Bolivie D\u00e9m\u00e9nagement<\/a><\/li><li class='ez-toc-page-1 ez-toc-heading-level-2'><a class=\"ez-toc-link ez-toc-heading-4\" href=\"https:\/\/moverdb.com\/fr\/moving-companies\/bolivia-moving-companies\/#4_Inbolpack\" >4. Inbolpack<\/a><\/li><\/ul><\/nav><\/div>\n<h2><span class=\"ez-toc-section\" id=\"1_Bolivian_Movers\"><\/span><strong>1. D\u00e9m\u00e9nageurs boliviens<\/strong><span class=\"ez-toc-section-end\"><\/span><\/h2>\n<p><em><img loading=\"lazy\" decoding=\"async\" class=\"alignnone size-full wp-image-5150\" src=\"https:\/\/moverdb.com\/wp-content\/uploads\/Bolivian-Movers-international-moving-company.png\" alt=\"Bolivian Movers entreprise de d\u00e9m\u00e9nagement international\" width=\"1440\" height=\"671\" data-wp-pid=\"5150\" srcset=\"https:\/\/moverdb.com\/wp-content\/uploads\/Bolivian-Movers-international-moving-company.png 1440w, https:\/\/moverdb.com\/wp-content\/uploads\/Bolivian-Movers-international-moving-company-300x140.png 300w, https:\/\/moverdb.com\/wp-content\/uploads\/Bolivian-Movers-international-moving-company-1024x477.png 1024w, https:\/\/moverdb.com\/wp-content\/uploads\/Bolivian-Movers-international-moving-company-18x8.png 18w, https:\/\/moverdb.com\/wp-content\/uploads\/Bolivian-Movers-international-moving-company-600x280.png 600w\" sizes=\"auto, (max-width: 1440px) 100vw, 1440px\" \/><\/em><\/p>\n<ul>\n<li>Mouvements nationaux<\/li>\n<li>D\u00e9m\u00e9nagements internationaux<\/li>\n<li>Mouvements \u00e0 domicile<\/li>\n<li>D\u00e9m\u00e9nagements de bureaux<\/li>\n<li>Un point de contact unique pour votre d\u00e9m\u00e9nagement<\/li>\n<li>Une flotte et des \u00e9quipements modernes<\/li>\n<li>Emballage professionnel avec des mat\u00e9riaux de haute qualit\u00e9<\/li>\n<li>Transport de l'art<\/li>\n<li>D\u00e9placement d'un animal de compagnie<\/li>\n<li>Installations de stockage s\u00e9curis\u00e9es<\/li>\n<\/ul>\n<p>Bolivian Movers a \u00e9t\u00e9 fond\u00e9e en 1974 pour fournir des services de d\u00e9m\u00e9nagement en Bolivie et dans d'autres pays. Ils sont membres de l'IAM et comptent 48 ann\u00e9es de service. Ils font partie d'un r\u00e9seau international de d\u00e9m\u00e9nageurs qui leur permet de prendre en charge votre d\u00e9m\u00e9nagement partout dans le monde. Ils disposent d'une flotte moderne de v\u00e9hicules et d'\u00e9quipements et vous donnent un contact pour superviser votre d\u00e9m\u00e9nagement.<\/p>\n<p>Bolivian Movers fournit un service d'emballage professionnel qui utilise des mat\u00e9riaux de haute qualit\u00e9 et des emballeurs experts aux techniques d'emballage accr\u00e9dit\u00e9es. Ils proposent \u00e9galement des services de d\u00e9m\u00e9nagement d'animaux de compagnie et donnent des conseils sur les r\u00e9glementations en vigueur. Ils proposent \u00e9galement des installations de stockage s\u00e9curis\u00e9es.<\/p>\n<p>Site web : <a href=\"http:\/\/www.bolivianmovers.com\" target=\"_blank\" rel=\"noopener\">http:\/\/www.bolivianmovers.com<\/a><\/p>\n<h2><span class=\"ez-toc-section\" id=\"2_Express_Cargo_Services\"><\/span><strong>2. Services de fret express<\/strong><span class=\"ez-toc-section-end\"><\/span><\/h2>\n<p><em><img loading=\"lazy\" decoding=\"async\" class=\"alignnone size-full wp-image-5166\" src=\"https:\/\/moverdb.com\/wp-content\/uploads\/Express-Cargo-Services-international-moving-company.png\" alt=\"Express Cargo Services soci\u00e9t\u00e9 de d\u00e9m\u00e9nagement international\" width=\"1440\" height=\"680\" data-wp-pid=\"5166\" srcset=\"https:\/\/moverdb.com\/wp-content\/uploads\/Express-Cargo-Services-international-moving-company.png 1440w, https:\/\/moverdb.com\/wp-content\/uploads\/Express-Cargo-Services-international-moving-company-300x142.png 300w, https:\/\/moverdb.com\/wp-content\/uploads\/Express-Cargo-Services-international-moving-company-1024x484.png 1024w, https:\/\/moverdb.com\/wp-content\/uploads\/Express-Cargo-Services-international-moving-company-18x9.png 18w, https:\/\/moverdb.com\/wp-content\/uploads\/Express-Cargo-Services-international-moving-company-600x283.png 600w\" sizes=\"auto, (max-width: 1440px) 100vw, 1440px\" \/><\/em><\/p>\n<ul>\n<li>Mouvements nationaux<\/li>\n<li>D\u00e9m\u00e9nagements internationaux<\/li>\n<li>D\u00e9m\u00e9nagements r\u00e9sidentiels<\/li>\n<li>Une flotte de camionnettes et de camions<\/li>\n<li>Transport routier, maritime et a\u00e9rien<\/li>\n<li>Services d'emballage<\/li>\n<li>Proc\u00e9dures douani\u00e8res d'exportation et d'importation<\/li>\n<li>Transport d'\u0153uvres d'art<\/li>\n<li>D\u00e9placement d'un animal de compagnie<\/li>\n<li>Stockage s\u00e9curis\u00e9<\/li>\n<\/ul>\n<p>Express Cargo Services a \u00e9t\u00e9 cr\u00e9\u00e9e en 1989 en tant qu'entreprise de d\u00e9m\u00e9nagement en Bolivie. Elle fournit une gamme de services de d\u00e9m\u00e9nagement pour les clients r\u00e9sidentiels qui souhaitent d\u00e9m\u00e9nager en Bolivie ou ailleurs dans le monde. Elle est membre de l'IAM et compte 33 ann\u00e9es de service.<\/p>\n<p>Express Cargo Services offre un service porte-\u00e0-porte depuis et vers n'importe quel pays du monde. Ils exploitent leur propre flotte de camionnettes et de camions pour faciliter les d\u00e9m\u00e9nagements en Bolivie et travaillent avec des partenaires et des agents maritimes \u00e0 l'\u00e9chelle internationale en utilisant le transport routier, maritime et a\u00e9rien. Ils proposent des services d'emballage, d'assistance douani\u00e8re, de transport d'\u0153uvres d'art, de d\u00e9m\u00e9nagement d'animaux domestiques et d'entreposage s\u00e9curis\u00e9.<\/p>\n<p>Site web : <a href=\"http:\/\/www.expresscargobolivia.com\" target=\"_blank\" rel=\"noopener\">http:\/\/www.expresscargobolivia.com<\/a><\/p>\n<h2><span class=\"ez-toc-section\" id=\"3_Total_Bolivian_Moving\"><\/span><strong>3. Total Bolivie D\u00e9m\u00e9nagement<\/strong><span class=\"ez-toc-section-end\"><\/span><\/h2>\n<p><em><img loading=\"lazy\" decoding=\"async\" class=\"alignnone size-full wp-image-5210\" src=\"https:\/\/moverdb.com\/wp-content\/uploads\/Total-Bolivian-Moving-international-moving-company.png\" alt=\"Total Bolivian Moving entreprise de d\u00e9m\u00e9nagement international\" width=\"1440\" height=\"636\" data-wp-pid=\"5210\" srcset=\"https:\/\/moverdb.com\/wp-content\/uploads\/Total-Bolivian-Moving-international-moving-company.png 1440w, https:\/\/moverdb.com\/wp-content\/uploads\/Total-Bolivian-Moving-international-moving-company-300x133.png 300w, https:\/\/moverdb.com\/wp-content\/uploads\/Total-Bolivian-Moving-international-moving-company-1024x452.png 1024w, https:\/\/moverdb.com\/wp-content\/uploads\/Total-Bolivian-Moving-international-moving-company-18x8.png 18w, https:\/\/moverdb.com\/wp-content\/uploads\/Total-Bolivian-Moving-international-moving-company-600x265.png 600w\" sizes=\"auto, (max-width: 1440px) 100vw, 1440px\" \/><\/em><\/p>\n<ul>\n<li>Mouvements nationaux<\/li>\n<li>D\u00e9m\u00e9nagements internationaux<\/li>\n<li>D\u00e9m\u00e9nagements r\u00e9sidentiels et commerciaux<\/li>\n<li>Organisation et planification de votre d\u00e9m\u00e9nagement<\/li>\n<li>Un personnel form\u00e9 et exp\u00e9riment\u00e9<\/li>\n<li>Service d'emballage utilisant des mat\u00e9riaux de haute qualit\u00e9<\/li>\n<li>Assurance<\/li>\n<li>Transport des \u0153uvres d'art<\/li>\n<li>Transport de v\u00e9hicules<\/li>\n<li>Stockage s\u00e9curis\u00e9<\/li>\n<\/ul>\n<p>Total Bolivian Moving est une entreprise de d\u00e9m\u00e9nagement bas\u00e9e \u00e0 La Paz qui fournit des services de d\u00e9m\u00e9nagement en Bolivie et depuis et vers la Bolivie. Elle offre ses services \u00e0 des clients r\u00e9sidentiels ainsi qu'\u00e0 des clients commerciaux, y compris des organisations et des entreprises. Elle est sp\u00e9cialis\u00e9e dans le transport d'\u0153uvres d'art. Elle est membre de l'IAM et compte 7 ans d'exp\u00e9rience.<\/p>\n<p>Total Bolivian Moving vous aidera \u00e0 organiser votre d\u00e9m\u00e9nagement et vous assistera dans la planification. Ils mettent \u00e0 votre disposition un personnel form\u00e9 et exp\u00e9riment\u00e9 pour emballer vos biens de mani\u00e8re s\u00fbre et s\u00e9curis\u00e9e afin d'\u00e9viter tout dommage, en utilisant des mat\u00e9riaux d'emballage de haute qualit\u00e9. Ils fournissent une assurance et des installations de stockage pour vos biens si n\u00e9cessaire.<\/p>\n<p>Site web : <a href=\"http:\/\/www.tobolmoving.com\" target=\"_blank\" rel=\"noopener\">http:\/\/www.tobolmoving.com<\/a><\/p>\n<h2><span class=\"ez-toc-section\" id=\"4_Inbolpack\"><\/span><strong>4. Inbolpack<\/strong><span class=\"ez-toc-section-end\"><\/span><\/h2>\n<p>&nbsp;<img loading=\"lazy\" decoding=\"async\" class=\"alignnone size-full wp-image-5238\" src=\"https:\/\/moverdb.com\/wp-content\/uploads\/Inbolpack-international-moving-company.png\" alt=\"\" width=\"1440\" height=\"682\" data-wp-pid=\"5238\" srcset=\"https:\/\/moverdb.com\/wp-content\/uploads\/Inbolpack-international-moving-company.png 1440w, https:\/\/moverdb.com\/wp-content\/uploads\/Inbolpack-international-moving-company-300x142.png 300w, https:\/\/moverdb.com\/wp-content\/uploads\/Inbolpack-international-moving-company-1024x485.png 1024w, https:\/\/moverdb.com\/wp-content\/uploads\/Inbolpack-international-moving-company-18x9.png 18w, https:\/\/moverdb.com\/wp-content\/uploads\/Inbolpack-international-moving-company-600x284.png 600w\" sizes=\"auto, (max-width: 1440px) 100vw, 1440px\" \/><\/p>\n<ul>\n<li>D\u00e9m\u00e9nagements locaux et nationaux<\/li>\n<li>D\u00e9m\u00e9nagements internationaux<\/li>\n<li>D\u00e9m\u00e9nagements de m\u00e9nages<\/li>\n<li>D\u00e9m\u00e9nagements commerciaux<\/li>\n<li>Projets sp\u00e9ciaux de transport<\/li>\n<li>Service porte-\u00e0-porte<\/li>\n<li>Emballeurs professionnels<\/li>\n<li>Mat\u00e9riaux d'emballage de haute qualit\u00e9<\/li>\n<li>Propre flotte de v\u00e9hicules vari\u00e9s<\/li>\n<li>Solutions de stockage<\/li>\n<\/ul>\n<p>Inbolpack a \u00e9t\u00e9 fond\u00e9e en 1978 en tant qu'entreprise de d\u00e9m\u00e9nagement desservant la Bolivie et l'international en raison de la pr\u00e9sence de personnel \u00e9tranger dans le pays. Elle aide les personnes et les entreprises \u00e0 d\u00e9m\u00e9nager \u00e0 l'int\u00e9rieur, \u00e0 destination et en provenance de la Bolivie. Elle est membre de l'IAM avec 44 ans de service et est accr\u00e9dit\u00e9e par la FIDI.<\/p>\n<p>Inbolpack propose un service de d\u00e9m\u00e9nagement de porte \u00e0 porte qui fournit un service d'emballage professionnel avec un personnel form\u00e9 qui r\u00e9pond aux normes internationales et utilise des mat\u00e9riaux d'emballage de haute qualit\u00e9. Ils disposent \u00e9galement d'une flotte de v\u00e9hicules propres comprenant des camions et des grues. Ils fournissent \u00e9galement des installations de stockage pour les marchandises au niveau local et international.<\/p>\n<p>Site web : <a href=\"http:\/\/www.inbolpack.net\" target=\"_blank\" rel=\"noopener\">http:\/\/www.inbolpack.net<\/a><\/p>","protected":false},"excerpt":{"rendered":"<p>If you are wanting to move home or business in Bolivia, or to or from Bolivia then you might want some support to reduce the stress and work needed for the move. Below we have compiled a list of Bolivian removal companies that are members of the International Association of Movers (IAM) and\/or FIDI Accredited [&hellip;]<\/p>\n","protected":false},"author":4,"featured_media":0,"parent":190,"menu_order":0,"comment_status":"closed","ping_status":"closed","template":"","meta":{"_genesis_hide_title":false,"_genesis_hide_breadcrumbs":false,"_genesis_hide_singular_image":false,"_genesis_hide_footer_widgets":false,"_genesis_custom_body_class":"","_genesis_custom_post_class":"","_genesis_layout":"","footnotes":""},"class_list":{"0":"post-5237","1":"page","2":"type-page","3":"status-publish","5":"entry","6":"has-post-thumbnail"},"_links":{"self":[{"href":"https:\/\/moverdb.com\/fr\/wp-json\/wp\/v2\/pages\/5237","targetHints":{"allow":["GET"]}}],"collection":[{"href":"https:\/\/moverdb.com\/fr\/wp-json\/wp\/v2\/pages"}],"about":[{"href":"https:\/\/moverdb.com\/fr\/wp-json\/wp\/v2\/types\/page"}],"author":[{"embeddable":true,"href":"https:\/\/moverdb.com\/fr\/wp-json\/wp\/v2\/users\/4"}],"replies":[{"embeddable":true,"href":"https:\/\/moverdb.com\/fr\/wp-json\/wp\/v2\/comments?post=5237"}],"version-history":[{"count":1,"href":"https:\/\/moverdb.com\/fr\/wp-json\/wp\/v2\/pages\/5237\/revisions"}],"predecessor-version":[{"id":5239,"href":"https:\/\/moverdb.com\/fr\/wp-json\/wp\/v2\/pages\/5237\/revisions\/5239"}],"up":[{"embeddable":true,"href":"https:\/\/moverdb.com\/fr\/wp-json\/wp\/v2\/pages\/190"}],"wp:attachment":[{"href":"https:\/\/moverdb.com\/fr\/wp-json\/wp\/v2\/media?parent=5237"}],"curies":[{"name":"wp","href":"https:\/\/api.w.org\/{rel}","templated":true}]}}