{"id":5228,"date":"2022-10-24T11:52:12","date_gmt":"2022-10-24T11:52:12","guid":{"rendered":"https:\/\/moverdb.com\/?page_id=5228"},"modified":"2026-01-08T15:25:04","modified_gmt":"2026-01-08T15:25:04","slug":"bangladesh-2","status":"publish","type":"page","link":"https:\/\/moverdb.com\/fr\/moving-companies\/bangladesh-moving-companies\/","title":{"rendered":"5 meilleures soci\u00e9t\u00e9s de d\u00e9m\u00e9nagement international au Bangladesh"},"content":{"rendered":"<p>Si vous d\u00e9m\u00e9nagez en <a href=\"https:\/\/moverdb.com\/fr\/moving-to-bangladesh\/\" data-internallinksmanager029f6b8e52c=\"419\" title=\"D\u00e9m\u00e9nager au Bangladesh ? 2026 Co\u00fbts de la vie et conseils de relocalisation\">Bangladesh<\/a> ou sur le point de d\u00e9m\u00e9nager vers ou depuis le Bangladesh, vous voudrez peut-\u00eatre utiliser un <a href=\"https:\/\/moverdb.com\/fr\/international-removals\/\" data-internallinksmanager029f6b8e52c=\"27\" title=\"36 meilleures entreprises de d\u00e9m\u00e9nagements internationaux au Royaume-Uni\">entreprise de d\u00e9m\u00e9nagement<\/a> pour faciliter le processus de d\u00e9m\u00e9nagement. Le d\u00e9m\u00e9nagement est un moment stressant, c'est pourquoi nous avons rassembl\u00e9 ci-dessous une liste d'entreprises qui sont membres de l'Association europ\u00e9enne des d\u00e9m\u00e9nageurs. <a href=\"https:\/\/moverdb.com\/fr\/iam\/\" data-internallinksmanager029f6b8e52c=\"23\" title=\"L&#039;Association internationale des d\u00e9m\u00e9nageurs (IAM) expliqu\u00e9e\">Association internationale des d\u00e9m\u00e9nageurs<\/a> (IAM) et\/ou <a href=\"https:\/\/moverdb.com\/fr\/fidi-faim\/\" data-internallinksmanager029f6b8e52c=\"16\" title=\"Explication de la FIDI et du FAIM (FIDI Accredited International Mover)\">FIDI<\/a> Accredited International Mover (FAIM) qui pourrait vous aider.<\/p>\n<div id=\"ez-toc-container\" class=\"ez-toc-v2_0_82_2 ez-toc-wrap-left counter-hierarchy ez-toc-counter ez-toc-transparent ez-toc-container-direction\">\n<div class=\"ez-toc-title-container\">\n<p class=\"ez-toc-title\" style=\"cursor:inherit\">Sections<\/p>\n<span class=\"ez-toc-title-toggle\"><a href=\"#\" class=\"ez-toc-pull-right ez-toc-btn ez-toc-btn-xs ez-toc-btn-default ez-toc-toggle\" aria-label=\"Toggle Table des mati\u00e8res\"><span class=\"ez-toc-js-icon-con\"><span class=\"\"><span class=\"eztoc-hide\" style=\"display:none;\">Toggle<\/span><span class=\"ez-toc-icon-toggle-span\"><svg style=\"fill: #999;color:#999\" xmlns=\"http:\/\/www.w3.org\/2000\/svg\" class=\"list-377408\" width=\"20px\" height=\"20px\" viewbox=\"0 0 24 24\" fill=\"none\"><path d=\"M6 6H4v2h2V6zm14 0H8v2h12V6zM4 11h2v2H4v-2zm16 0H8v2h12v-2zM4 16h2v2H4v-2zm16 0H8v2h12v-2z\" fill=\"currentColor\"><\/path><\/svg><svg style=\"fill: #999;color:#999\" class=\"arrow-unsorted-368013\" xmlns=\"http:\/\/www.w3.org\/2000\/svg\" width=\"10px\" height=\"10px\" viewbox=\"0 0 24 24\" version=\"1.2\" baseprofile=\"tiny\"><path d=\"M18.2 9.3l-6.2-6.3-6.2 6.3c-.2.2-.3.4-.3.7s.1.5.3.7c.2.2.4.3.7.3h11c.3 0 .5-.1.7-.3.2-.2.3-.5.3-.7s-.1-.5-.3-.7zM5.8 14.7l6.2 6.3 6.2-6.3c.2-.2.3-.5.3-.7s-.1-.5-.3-.7c-.2-.2-.4-.3-.7-.3h-11c-.3 0-.5.1-.7.3-.2.2-.3.5-.3.7s.1.5.3.7z\"\/><\/svg><\/span><\/span><\/span><\/a><\/span><\/div>\n<nav><ul class='ez-toc-list ez-toc-list-level-1 eztoc-toggle-hide-by-default' ><li class='ez-toc-page-1 ez-toc-heading-level-2'><a class=\"ez-toc-link ez-toc-heading-1\" href=\"https:\/\/moverdb.com\/fr\/moving-companies\/bangladesh-moving-companies\/#1_A_I_Freight_Services\" >1. A I Freight Services<\/a><\/li><li class='ez-toc-page-1 ez-toc-heading-level-2'><a class=\"ez-toc-link ez-toc-heading-2\" href=\"https:\/\/moverdb.com\/fr\/moving-companies\/bangladesh-moving-companies\/#2_Alpha_Logistics\" >2. Alpha Logistics<\/a><\/li><li class='ez-toc-page-1 ez-toc-heading-level-2'><a class=\"ez-toc-link ez-toc-heading-3\" href=\"https:\/\/moverdb.com\/fr\/moving-companies\/bangladesh-moving-companies\/#3_Apolloline_Shipping_Service\" >3. Service d'exp\u00e9dition Apolloline<\/a><\/li><li class='ez-toc-page-1 ez-toc-heading-level-2'><a class=\"ez-toc-link ez-toc-heading-4\" href=\"https:\/\/moverdb.com\/fr\/moving-companies\/bangladesh-moving-companies\/#4_Carry_Link_Packers_Shippers\" >4. Carry Link Packers &amp; Shippers<\/a><\/li><li class='ez-toc-page-1 ez-toc-heading-level-2'><a class=\"ez-toc-link ez-toc-heading-5\" href=\"https:\/\/moverdb.com\/fr\/moving-companies\/bangladesh-moving-companies\/#5_Homebound\" >5. Conduite \u00e0 domicile<\/a><\/li><\/ul><\/nav><\/div>\n<h2><span class=\"ez-toc-section\" id=\"1_A_I_Freight_Services\"><\/span><strong>1. A I Freight Services<\/strong><span class=\"ez-toc-section-end\"><\/span><\/h2>\n<p><em><img loading=\"lazy\" decoding=\"async\" class=\"alignnone size-full wp-image-5135\" src=\"https:\/\/moverdb.com\/wp-content\/uploads\/A-I-Freight-Services-international-moving-company.png\" alt=\"A I Freight Services soci\u00e9t\u00e9 de d\u00e9m\u00e9nagement international\" width=\"1440\" height=\"685\" data-wp-pid=\"5135\" srcset=\"https:\/\/moverdb.com\/wp-content\/uploads\/A-I-Freight-Services-international-moving-company.png 1440w, https:\/\/moverdb.com\/wp-content\/uploads\/A-I-Freight-Services-international-moving-company-300x143.png 300w, https:\/\/moverdb.com\/wp-content\/uploads\/A-I-Freight-Services-international-moving-company-1024x487.png 1024w, https:\/\/moverdb.com\/wp-content\/uploads\/A-I-Freight-Services-international-moving-company-18x9.png 18w, https:\/\/moverdb.com\/wp-content\/uploads\/A-I-Freight-Services-international-moving-company-600x285.png 600w\" sizes=\"auto, (max-width: 1440px) 100vw, 1440px\" \/><\/em><\/p>\n<ul>\n<li>Logistique nationale<\/li>\n<li>Logistique internationale<\/li>\n<li>Service porte-\u00e0-porte et d\u00e9m\u00e9nagements domestiques<\/li>\n<li>Manipulation des effets personnels<\/li>\n<li>D\u00e9m\u00e9nagements d'entreprises et logistique<\/li>\n<li>Fret routier, maritime et a\u00e9rien<\/li>\n<li>Courtage en douane<\/li>\n<li>Manipulation de marchandises d\u00e9licates et dangereuses<\/li>\n<li>Transport des animaux<\/li>\n<li>Solutions de stockage<\/li>\n<\/ul>\n<p>A I Freight Services affirme \u00eatre l'une des principales entreprises de logistique du Bangladesh qui propose des services d'exp\u00e9dition de fret, de transport int\u00e9rieur et de courtage en douane. Elle est membre de l'IAM et compte 23 ans d'exp\u00e9rience. Elle s'occupe de la logistique et de la distribution pour les entreprises ainsi que des d\u00e9m\u00e9nagements. Elle propose \u00e9galement des services de d\u00e9m\u00e9nagement pour les particuliers.<\/p>\n<p>A I Freight Services offre un service de d\u00e9m\u00e9nagement de porte \u00e0 porte qui peut vous d\u00e9placer au niveau national et international par transport routier, maritime et a\u00e9rien. Ils peuvent \u00e9galement vous aider pour le d\u00e9douanement et le courtage. Ils peuvent fournir des services logistiques sp\u00e9cialis\u00e9s, notamment le transport d'animaux domestiques et de marchandises d\u00e9licates et dangereuses. Ils proposent \u00e9galement des solutions de stockage en entrep\u00f4t.<\/p>\n<p>Site web : <a href=\"http:\/\/www.aifs-bd.com\" target=\"_blank\" rel=\"noopener\">http:\/\/www.aifs-bd.com<\/a><\/p>\n<h2><span class=\"ez-toc-section\" id=\"2_Alpha_Logistics\"><\/span><strong>2. Alpha Logistics<\/strong><span class=\"ez-toc-section-end\"><\/span><\/h2>\n<p><em><img loading=\"lazy\" decoding=\"async\" class=\"alignnone size-full wp-image-5143\" src=\"https:\/\/moverdb.com\/wp-content\/uploads\/Alpha-Logistics-international-moving-company.png\" alt=\"Alpha Logistics, entreprise de d\u00e9m\u00e9nagement international\" width=\"1440\" height=\"677\" data-wp-pid=\"5143\" srcset=\"https:\/\/moverdb.com\/wp-content\/uploads\/Alpha-Logistics-international-moving-company.png 1440w, https:\/\/moverdb.com\/wp-content\/uploads\/Alpha-Logistics-international-moving-company-300x141.png 300w, https:\/\/moverdb.com\/wp-content\/uploads\/Alpha-Logistics-international-moving-company-1024x481.png 1024w, https:\/\/moverdb.com\/wp-content\/uploads\/Alpha-Logistics-international-moving-company-18x8.png 18w, https:\/\/moverdb.com\/wp-content\/uploads\/Alpha-Logistics-international-moving-company-600x282.png 600w\" sizes=\"auto, (max-width: 1440px) 100vw, 1440px\" \/><\/em><\/p>\n<ul>\n<li>Envois nationaux<\/li>\n<li>Envois internationaux<\/li>\n<li>Un service flexible<\/li>\n<li>Prise en charge d'un large \u00e9ventail de marchandises<\/li>\n<li>Service porte-\u00e0-porte<\/li>\n<li>Service porte-\u00e0-a\u00e9roport ou \u00e0 quai<\/li>\n<li>Transport routier, maritime et a\u00e9rien<\/li>\n<li>D\u00e9gagement sur mesure<\/li>\n<li>Notifications et preuves d'arriv\u00e9e<\/li>\n<li>Installations de stockage \u00e0 court et \u00e0 long terme<\/li>\n<\/ul>\n<p>Alpha Logistics a \u00e9t\u00e9 fond\u00e9e en 1999 et affirme \u00eatre l'un des principaux prestataires de services de transport de marchandises et de logistique au Bangladesh. Elle est membre de l'IAM en tant qu'entreprise de transport et de logistique. <a href=\"https:\/\/moverdb.com\/fr\/relocation-agents\/\" data-internallinksmanager029f6b8e52c=\"1\" title=\"7 raisons pour lesquelles vous devriez faire appel \u00e0 un agent de relocation ?\">agent de relocation<\/a>. Ils disposent d'un r\u00e9seau d'agents mondiaux qui leur permet de fournir leurs services \u00e0 l'\u00e9chelle internationale.<\/p>\n<p>Alpha Logistics propose un service d'exp\u00e9dition uniquement dans le cadre duquel il fournit un service porte-\u00e0-porte, un service porte-\u00e0-a\u00e9roport\/dock ou un service a\u00e9roport\/dock-\u00e0-porte qui comprend le d\u00e9douanement de votre envoi. Elle propose \u00e9galement une gamme de camions et de camionnettes pour le transport de vos marchandises au Bangladesh. Ils offrent des facilit\u00e9s de stockage \u00e0 court et \u00e0 long terme dans leurs entrep\u00f4ts.<\/p>\n<p>Site web : <a href=\"http:\/\/www.alphagroupbd.com\" target=\"_blank\" rel=\"noopener\">http:\/\/www.alphagroupbd.com<\/a><\/p>\n<h2><span class=\"ez-toc-section\" id=\"3_Apolloline_Shipping_Service\"><\/span><strong>3. Service d'exp\u00e9dition Apolloline<\/strong><span class=\"ez-toc-section-end\"><\/span><\/h2>\n<p><img loading=\"lazy\" decoding=\"async\" class=\"alignnone size-full wp-image-5229\" src=\"https:\/\/moverdb.com\/wp-content\/uploads\/Apolloline-international-moving-company.png\" alt=\"Apolloline international moving company\" width=\"1440\" height=\"682\" data-wp-pid=\"5229\" srcset=\"https:\/\/moverdb.com\/wp-content\/uploads\/Apolloline-international-moving-company.png 1440w, https:\/\/moverdb.com\/wp-content\/uploads\/Apolloline-international-moving-company-300x142.png 300w, https:\/\/moverdb.com\/wp-content\/uploads\/Apolloline-international-moving-company-1024x485.png 1024w, https:\/\/moverdb.com\/wp-content\/uploads\/Apolloline-international-moving-company-18x9.png 18w, https:\/\/moverdb.com\/wp-content\/uploads\/Apolloline-international-moving-company-600x284.png 600w\" sizes=\"auto, (max-width: 1440px) 100vw, 1440px\" \/><\/p>\n<ul>\n<li>D\u00e9m\u00e9nagements nationaux<\/li>\n<li>D\u00e9m\u00e9nagements internationaux<\/li>\n<li>D\u00e9m\u00e9nagement de bureaux et de m\u00e9nages<\/li>\n<li>Transport routier, maritime et a\u00e9rien<\/li>\n<li>\u00c9quipe d'emballeurs professionnels<\/li>\n<li>Mat\u00e9riaux d'emballage de haute qualit\u00e9<\/li>\n<li>Antiquit\u00e9s et beaux-arts<\/li>\n<li>D\u00e9douanement<\/li>\n<li><a href=\"https:\/\/moverdb.com\/fr\/car-transport-shipping\/\" data-internallinksmanager029f6b8e52c=\"2\" title=\"2026 Devis pour le transport international de voitures et l&#039;exp\u00e9dition de v\u00e9hicules\">Exp\u00e9dition de v\u00e9hicules<\/a><\/li>\n<li>Solutions de stockage<\/li>\n<\/ul>\n<p>Apolloline Shipping Service est une soci\u00e9t\u00e9 de transport international de marchandises et de services. <a href=\"https:\/\/moverdb.com\/fr\/moving-companies\/\" data-internallinksmanager029f6b8e52c=\"79\" title=\"Les 25 meilleures soci\u00e9t\u00e9s de d\u00e9m\u00e9nagement international en ligne\">soci\u00e9t\u00e9 de d\u00e9m\u00e9nagement<\/a> bas\u00e9 \u00e0 Dhaka avec une succursale \u00e0 Chottogram. L'entreprise affirme \u00eatre l'un des principaux fournisseurs au Bangladesh et est membre d'IAM depuis 10 ans. Ils s'occupent des d\u00e9m\u00e9nagements de bureaux et de m\u00e9nages au Bangladesh et \u00e0 l'\u00e9tranger.<\/p>\n<p>Apolloline Shipping Service propose des services de d\u00e9m\u00e9nagement comprenant une \u00e9quipe d'emballeurs professionnels qui utilisent les meilleures techniques d'emballage et de d\u00e9m\u00e9nagement et des mat\u00e9riaux d'emballage de haute qualit\u00e9 pour prot\u00e9ger vos biens. Ils proposent des options de transport incluant le fret routier, maritime et a\u00e9rien et se chargent du d\u00e9douanement. Ils proposent \u00e9galement des installations de stockage interm\u00e9diaire.<\/p>\n<p>Site web : <a href=\"http:\/\/www.apolloline.com\" target=\"_blank\" rel=\"noopener\">http:\/\/www.apolloline. com<\/a><\/p>\n<h2><span class=\"ez-toc-section\" id=\"4_Carry_Link_Packers_Shippers\"><\/span><strong>4. Carry Link Packers &amp; Shippers<\/strong><span class=\"ez-toc-section-end\"><\/span><\/h2>\n<p><em><img loading=\"lazy\" decoding=\"async\" class=\"alignnone size-full wp-image-5153\" src=\"https:\/\/moverdb.com\/wp-content\/uploads\/Carry-Link-Packers-and-Shippers-international-moving-company.png\" alt=\"Carry Link Packers and Shippers soci\u00e9t\u00e9 de d\u00e9m\u00e9nagement international\" width=\"1440\" height=\"677\" data-wp-pid=\"5153\" srcset=\"https:\/\/moverdb.com\/wp-content\/uploads\/Carry-Link-Packers-and-Shippers-international-moving-company.png 1440w, https:\/\/moverdb.com\/wp-content\/uploads\/Carry-Link-Packers-and-Shippers-international-moving-company-300x141.png 300w, https:\/\/moverdb.com\/wp-content\/uploads\/Carry-Link-Packers-and-Shippers-international-moving-company-1024x481.png 1024w, https:\/\/moverdb.com\/wp-content\/uploads\/Carry-Link-Packers-and-Shippers-international-moving-company-18x8.png 18w, https:\/\/moverdb.com\/wp-content\/uploads\/Carry-Link-Packers-and-Shippers-international-moving-company-600x282.png 600w\" sizes=\"auto, (max-width: 1440px) 100vw, 1440px\" \/><\/em><\/p>\n<ul>\n<li>Transport maritime national<\/li>\n<li><a href=\"https:\/\/moverdb.com\/fr\/container-shipping\/\" data-internallinksmanager029f6b8e52c=\"3\" title=\"Graphique des taux d&#039;exp\u00e9dition des conteneurs internationaux : Avril 2026\">Exp\u00e9dition internationale<\/a><\/li>\n<li>D\u00e9m\u00e9nagements de m\u00e9nages<\/li>\n<li>Services de fret commercial<\/li>\n<li>Services de porte-\u00e0-porte<\/li>\n<li>Transports terrestres, a\u00e9riens et maritimes<\/li>\n<li>D\u00e9douanement<\/li>\n<li>Assurance<\/li>\n<li>Installations de stockage<\/li>\n<li>R\u00e9seau d'agents associ\u00e9s dans le monde entier<\/li>\n<\/ul>\n<p>Carry Link Packers &amp; Shippers est un agent de d\u00e9m\u00e9nagement et d'exp\u00e9dition qui a \u00e9t\u00e9 cr\u00e9\u00e9 en 1999. Il est bas\u00e9 \u00e0 Dhaka, au Bangladesh, et est membre de l'IAM avec 20 ans de service. Elle propose des services d'exp\u00e9dition, de d\u00e9douanement et d'emballage. Elle r\u00e9pond aux besoins des entreprises en mati\u00e8re de fret et des m\u00e9nages en mati\u00e8re de d\u00e9m\u00e9nagement.<\/p>\n<p>Carry Link Packers &amp; Shippers offre des services de porte-\u00e0-porte et d'emballage aux m\u00e9nages pour les aider \u00e0 d\u00e9m\u00e9nager au niveau national et international. Ils proposent des services de d\u00e9m\u00e9nagement par voie terrestre, maritime et a\u00e9rienne, y compris l'assurance et le d\u00e9douanement. Ils fournissent leurs services internationaux par le biais d'un r\u00e9seau d'agents associ\u00e9s dans le monde entier.<\/p>\n<p>Site web : <a href=\"http:\/\/www.carrylink.org\" target=\"_blank\" rel=\"noopener\">http:\/\/www.carrylink.org<\/a><\/p>\n<h2><span class=\"ez-toc-section\" id=\"5_Homebound\"><\/span><strong>5. Conduite \u00e0 domicile<\/strong><span class=\"ez-toc-section-end\"><\/span><\/h2>\n<p><em><img loading=\"lazy\" decoding=\"async\" class=\"alignnone size-full wp-image-5174\" src=\"https:\/\/moverdb.com\/wp-content\/uploads\/Homebound-international-moving-company.png\" alt=\"Entreprise de d\u00e9m\u00e9nagement international \u00e0 domicile\" width=\"1440\" height=\"678\" data-wp-pid=\"5174\" srcset=\"https:\/\/moverdb.com\/wp-content\/uploads\/Homebound-international-moving-company.png 1440w, https:\/\/moverdb.com\/wp-content\/uploads\/Homebound-international-moving-company-300x141.png 300w, https:\/\/moverdb.com\/wp-content\/uploads\/Homebound-international-moving-company-1024x482.png 1024w, https:\/\/moverdb.com\/wp-content\/uploads\/Homebound-international-moving-company-18x8.png 18w, https:\/\/moverdb.com\/wp-content\/uploads\/Homebound-international-moving-company-600x283.png 600w\" sizes=\"auto, (max-width: 1440px) 100vw, 1440px\" \/><\/em><\/p>\n<ul>\n<li>D\u00e9localisations nationales<\/li>\n<li>D\u00e9localisations internationales<\/li>\n<li>D\u00e9m\u00e9nagements de bureaux<\/li>\n<li>D\u00e9m\u00e9nagements r\u00e9sidentiels<\/li>\n<li>Transport routier, maritime et a\u00e9rien<\/li>\n<li>Courtage et d\u00e9douanement<\/li>\n<li>Service d'emballage utilisant des mat\u00e9riaux de classe mondiale<\/li>\n<li>Assurance transit<\/li>\n<li>D\u00e9placement d'animaux de compagnie<\/li>\n<li>Installations de stockage \u00e0 court et \u00e0 long terme<\/li>\n<\/ul>\n<p>Homebound est une entreprise de d\u00e9m\u00e9nagement cr\u00e9\u00e9e en 1972. Elle est membre de l'IAM et est accr\u00e9dit\u00e9e par la FIDI. Elle affirme \u00eatre l'un des principaux fournisseurs de services logistiques de transport international au Bangladesh.  Elle s'occupe de d\u00e9m\u00e9nagements de bureaux et de r\u00e9sidences et peut proposer des d\u00e9m\u00e9nagements d'animaux domestiques et des installations de stockage.<\/p>\n<p>Homebound propose un service de relocalisation avec un consultant qui effectuera une enqu\u00eate, fournira un devis, coordonnera votre d\u00e9m\u00e9nagement et vous soutiendra \u00e0 chaque \u00e9tape. Leurs services d'emballage num\u00e9rotent et r\u00e9pertorient vos objets tout en les emballant de mani\u00e8re s\u00e9curis\u00e9e dans des mat\u00e9riaux d'emballage de classe mondiale. Ils proposent \u00e9galement une assistance pour la recherche d'un logement.<\/p>\n<p>Site web : <a href=\"http:\/\/www.homeboundbd.com\" target=\"_blank\" rel=\"noopener\">http:\/\/www.homeboundbd.com<\/a> &nbsp;<\/p>","protected":false},"excerpt":{"rendered":"<p>If you are moving home in Bangladesh or about to move to or from Bangladesh, you may want to use a removal company to help ease the moving process. Moving is a stressful time so below we have gathered a list of companies who are members of the International Association of Movers (IAM) and\/or FIDI [&hellip;]<\/p>\n","protected":false},"author":4,"featured_media":0,"parent":190,"menu_order":0,"comment_status":"closed","ping_status":"closed","template":"","meta":{"_genesis_hide_title":false,"_genesis_hide_breadcrumbs":false,"_genesis_hide_singular_image":false,"_genesis_hide_footer_widgets":false,"_genesis_custom_body_class":"","_genesis_custom_post_class":"","_genesis_layout":"","footnotes":""},"class_list":{"0":"post-5228","1":"page","2":"type-page","3":"status-publish","5":"entry","6":"has-post-thumbnail"},"_links":{"self":[{"href":"https:\/\/moverdb.com\/fr\/wp-json\/wp\/v2\/pages\/5228","targetHints":{"allow":["GET"]}}],"collection":[{"href":"https:\/\/moverdb.com\/fr\/wp-json\/wp\/v2\/pages"}],"about":[{"href":"https:\/\/moverdb.com\/fr\/wp-json\/wp\/v2\/types\/page"}],"author":[{"embeddable":true,"href":"https:\/\/moverdb.com\/fr\/wp-json\/wp\/v2\/users\/4"}],"replies":[{"embeddable":true,"href":"https:\/\/moverdb.com\/fr\/wp-json\/wp\/v2\/comments?post=5228"}],"version-history":[{"count":1,"href":"https:\/\/moverdb.com\/fr\/wp-json\/wp\/v2\/pages\/5228\/revisions"}],"predecessor-version":[{"id":5230,"href":"https:\/\/moverdb.com\/fr\/wp-json\/wp\/v2\/pages\/5228\/revisions\/5230"}],"up":[{"embeddable":true,"href":"https:\/\/moverdb.com\/fr\/wp-json\/wp\/v2\/pages\/190"}],"wp:attachment":[{"href":"https:\/\/moverdb.com\/fr\/wp-json\/wp\/v2\/media?parent=5228"}],"curies":[{"name":"wp","href":"https:\/\/api.w.org\/{rel}","templated":true}]}}