{"id":5224,"date":"2022-10-24T11:53:37","date_gmt":"2022-10-24T11:53:37","guid":{"rendered":"https:\/\/moverdb.com\/?page_id=5224"},"modified":"2026-01-08T15:25:03","modified_gmt":"2026-01-08T15:25:03","slug":"azerbaidjan","status":"publish","type":"page","link":"https:\/\/moverdb.com\/fr\/moving-companies\/azerbaijan-moving-companies\/","title":{"rendered":"5 meilleures soci\u00e9t\u00e9s de d\u00e9m\u00e9nagements internationaux en Azerba\u00efdjan"},"content":{"rendered":"<p>Un d\u00e9m\u00e9nagement peut \u00eatre stressant. Faire appel \u00e0 quelqu'un pour vous aider \u00e0 d\u00e9m\u00e9nager peut vous aider \u00e0 rel\u00e2cher la pression. Que vous d\u00e9m\u00e9nagiez en Azerba\u00efdjan, ou que vous d\u00e9m\u00e9nagiez vers ou depuis l'Azerba\u00efdjan, il existe des entreprises qui peuvent vous aider. Nous avons dress\u00e9 une liste de <a href=\"https:\/\/moverdb.com\/fr\/international-removals\/\" data-internallinksmanager029f6b8e52c=\"27\" title=\"36 meilleures entreprises de d\u00e9m\u00e9nagements internationaux au Royaume-Uni\">entreprises de d\u00e9m\u00e9nagement<\/a> ci-dessous qui sont membres de la <a href=\"https:\/\/moverdb.com\/fr\/iam\/\" data-internallinksmanager029f6b8e52c=\"23\" title=\"L&#039;Association internationale des d\u00e9m\u00e9nageurs (IAM) expliqu\u00e9e\">Association internationale des d\u00e9m\u00e9nageurs<\/a> (IAM) et\/ou <a href=\"https:\/\/moverdb.com\/fr\/fidi-faim\/\" data-internallinksmanager029f6b8e52c=\"16\" title=\"Explication de la FIDI et du FAIM (FIDI Accredited International Mover)\">FIDI<\/a> D\u00e9m\u00e9nageur international accr\u00e9dit\u00e9 (FAIM) qui pourrait vous aider.<\/p>\n<div id=\"ez-toc-container\" class=\"ez-toc-v2_0_82_2 ez-toc-wrap-left counter-hierarchy ez-toc-counter ez-toc-transparent ez-toc-container-direction\">\n<div class=\"ez-toc-title-container\">\n<p class=\"ez-toc-title\" style=\"cursor:inherit\">Sections<\/p>\n<span class=\"ez-toc-title-toggle\"><a href=\"#\" class=\"ez-toc-pull-right ez-toc-btn ez-toc-btn-xs ez-toc-btn-default ez-toc-toggle\" aria-label=\"Toggle Table des mati\u00e8res\"><span class=\"ez-toc-js-icon-con\"><span class=\"\"><span class=\"eztoc-hide\" style=\"display:none;\">Toggle<\/span><span class=\"ez-toc-icon-toggle-span\"><svg style=\"fill: #999;color:#999\" xmlns=\"http:\/\/www.w3.org\/2000\/svg\" class=\"list-377408\" width=\"20px\" height=\"20px\" viewbox=\"0 0 24 24\" fill=\"none\"><path d=\"M6 6H4v2h2V6zm14 0H8v2h12V6zM4 11h2v2H4v-2zm16 0H8v2h12v-2zM4 16h2v2H4v-2zm16 0H8v2h12v-2z\" fill=\"currentColor\"><\/path><\/svg><svg style=\"fill: #999;color:#999\" class=\"arrow-unsorted-368013\" xmlns=\"http:\/\/www.w3.org\/2000\/svg\" width=\"10px\" height=\"10px\" viewbox=\"0 0 24 24\" version=\"1.2\" baseprofile=\"tiny\"><path d=\"M18.2 9.3l-6.2-6.3-6.2 6.3c-.2.2-.3.4-.3.7s.1.5.3.7c.2.2.4.3.7.3h11c.3 0 .5-.1.7-.3.2-.2.3-.5.3-.7s-.1-.5-.3-.7zM5.8 14.7l6.2 6.3 6.2-6.3c.2-.2.3-.5.3-.7s-.1-.5-.3-.7c-.2-.2-.4-.3-.7-.3h-11c-.3 0-.5.1-.7.3-.2.2-.3.5-.3.7s.1.5.3.7z\"\/><\/svg><\/span><\/span><\/span><\/a><\/span><\/div>\n<nav><ul class='ez-toc-list ez-toc-list-level-1 eztoc-toggle-hide-by-default' ><li class='ez-toc-page-1 ez-toc-heading-level-2'><a class=\"ez-toc-link ez-toc-heading-1\" href=\"https:\/\/moverdb.com\/fr\/moving-companies\/azerbaijan-moving-companies\/#1_ACE_Forwarding\" >1. Transfert ACE<\/a><\/li><li class='ez-toc-page-1 ez-toc-heading-level-2'><a class=\"ez-toc-link ez-toc-heading-2\" href=\"https:\/\/moverdb.com\/fr\/moving-companies\/azerbaijan-moving-companies\/#2_Allright_Moving_Storage\" >2. Allright Moving &amp; Storage<\/a><\/li><li class='ez-toc-page-1 ez-toc-heading-level-2'><a class=\"ez-toc-link ez-toc-heading-3\" href=\"https:\/\/moverdb.com\/fr\/moving-companies\/azerbaijan-moving-companies\/#3_Buddy-Mover\" >3. Buddy-Mover<\/a><\/li><li class='ez-toc-page-1 ez-toc-heading-level-2'><a class=\"ez-toc-link ez-toc-heading-4\" href=\"https:\/\/moverdb.com\/fr\/moving-companies\/azerbaijan-moving-companies\/#4_Gosselin\" >4. Gosselin<\/a><\/li><li class='ez-toc-page-1 ez-toc-heading-level-2'><a class=\"ez-toc-link ez-toc-heading-5\" href=\"https:\/\/moverdb.com\/fr\/moving-companies\/azerbaijan-moving-companies\/#5_Interdean_International_Relocations\" >5. Relocalisations internationales d'Interdean<\/a><\/li><\/ul><\/nav><\/div>\n<h2><span class=\"ez-toc-section\" id=\"1_ACE_Forwarding\"><\/span><strong>1. Transfert ACE<\/strong><span class=\"ez-toc-section-end\"><\/span><\/h2>\n<p><em><img loading=\"lazy\" decoding=\"async\" class=\"alignnone size-full wp-image-5136\" src=\"https:\/\/moverdb.com\/wp-content\/uploads\/ACE-Forwarding-international-moving-company.png\" alt=\"ACE Forwarding, soci\u00e9t\u00e9 de d\u00e9m\u00e9nagement international\" width=\"1440\" height=\"685\" data-wp-pid=\"5136\" srcset=\"https:\/\/moverdb.com\/wp-content\/uploads\/ACE-Forwarding-international-moving-company.png 1440w, https:\/\/moverdb.com\/wp-content\/uploads\/ACE-Forwarding-international-moving-company-300x143.png 300w, https:\/\/moverdb.com\/wp-content\/uploads\/ACE-Forwarding-international-moving-company-1024x487.png 1024w, https:\/\/moverdb.com\/wp-content\/uploads\/ACE-Forwarding-international-moving-company-18x9.png 18w, https:\/\/moverdb.com\/wp-content\/uploads\/ACE-Forwarding-international-moving-company-600x285.png 600w\" sizes=\"auto, (max-width: 1440px) 100vw, 1440px\" \/><\/em><\/p>\n<ul>\n<li>D\u00e9m\u00e9nagements internationaux<\/li>\n<li>Services de relocalisation<\/li>\n<li>D\u00e9m\u00e9nagements de m\u00e9nages et d'entreprises<\/li>\n<li>Transport a\u00e9rien, maritime, ferroviaire et routier<\/li>\n<li>Transport de marchandises diverses, groupage et conteneurs<\/li>\n<li>Transport des \u0153uvres d'art<\/li>\n<li>Courtage en douane<\/li>\n<li>Transport de v\u00e9hicules et de bateaux<\/li>\n<li>Transport des animaux<\/li>\n<li>Solutions de stockage \u00e0 long et \u00e0 court terme<\/li>\n<\/ul>\n<p>ACE Forwarding est une soci\u00e9t\u00e9 de logistique et d'exp\u00e9dition de fret multimodale fond\u00e9e en 1996 en Azerba\u00efdjan et disposant \u00e9galement de bureaux en Europe. <a href=\"https:\/\/moverdb.com\/fr\/entreprises-de-demenagement\/entreprises-de-demenagement-georgie\/\">G\u00e9orgie<\/a>. Ils sont membres de l'IAM avec 25 ans de service. Ils offrent des services de d\u00e9m\u00e9nagement en Azerba\u00efdjan, des d\u00e9m\u00e9nagements internationaux et des services de relocalisation pour les m\u00e9nages et les entreprises.<\/p>\n<p>ACE Forwarding propose une \u00e9tude pr\u00e9alable au d\u00e9m\u00e9nagement et des devis adapt\u00e9s \u00e0 vos besoins. Ils fournissent des services d'emballage en utilisant des mat\u00e9riaux sp\u00e9cialement con\u00e7us pour le contenu et des techniques d'emballage professionnelles, ainsi que le d\u00e9montage et le montage de meubles. Ils peuvent \u00e9galement vous aider pour le courtage en douane, le transport d'animaux et de v\u00e9hicules, les assurances et le stockage \u00e0 court ou \u00e0 long terme.<\/p>\n<p>Site web : <a href=\"http:\/\/www.acecaspian.com\" target=\"_blank\" rel=\"noopener\">http:\/\/www.acecaspian.com<\/a><\/p>\n<h2><span class=\"ez-toc-section\" id=\"2_Allright_Moving_Storage\"><\/span><strong>2. Allright Moving &amp; Storage<\/strong><span class=\"ez-toc-section-end\"><\/span><\/h2>\n<p><em><img loading=\"lazy\" decoding=\"async\" class=\"alignnone size-full wp-image-5141\" src=\"https:\/\/moverdb.com\/wp-content\/uploads\/Allright-Moving-and-Storage-international-moving-company.png\" alt=\"Allright Moving and Storage soci\u00e9t\u00e9 de d\u00e9m\u00e9nagement international\" width=\"1440\" height=\"677\" data-wp-pid=\"5141\" srcset=\"https:\/\/moverdb.com\/wp-content\/uploads\/Allright-Moving-and-Storage-international-moving-company.png 1440w, https:\/\/moverdb.com\/wp-content\/uploads\/Allright-Moving-and-Storage-international-moving-company-300x141.png 300w, https:\/\/moverdb.com\/wp-content\/uploads\/Allright-Moving-and-Storage-international-moving-company-1024x481.png 1024w, https:\/\/moverdb.com\/wp-content\/uploads\/Allright-Moving-and-Storage-international-moving-company-18x8.png 18w, https:\/\/moverdb.com\/wp-content\/uploads\/Allright-Moving-and-Storage-international-moving-company-600x282.png 600w\" sizes=\"auto, (max-width: 1440px) 100vw, 1440px\" \/><\/em><\/p>\n<ul>\n<li>D\u00e9m\u00e9nagements locaux et nationaux<\/li>\n<li>D\u00e9m\u00e9nagements internationaux<\/li>\n<li>D\u00e9m\u00e9nagements r\u00e9sidentiels<\/li>\n<li>D\u00e9m\u00e9nagements de bureaux et d'entreprises<\/li>\n<li>Personnel professionnel et courtois<\/li>\n<li>D\u00e9montage et montage de meubles<\/li>\n<li>Assurance transit<\/li>\n<li>D\u00e9douanement<\/li>\n<li><a href=\"https:\/\/moverdb.com\/fr\/car-transport-shipping\/\" data-internallinksmanager029f6b8e52c=\"2\" title=\"2026 Devis pour le transport international de voitures et l&#039;exp\u00e9dition de v\u00e9hicules\">Transport de voitures<\/a><\/li>\n<li>Solutions de stockage<\/li>\n<\/ul>\n<p>Allright Moving &amp; Storage affirme \u00eatre l'une des principales soci\u00e9t\u00e9s d'exp\u00e9dition de fret et de relocalisation en Azerba\u00efdjan. Elle offre des services de d\u00e9m\u00e9nagement de m\u00e9nages et d'entreprises en Azerba\u00efdjan, depuis ou vers ce pays. Elle est membre de l'IAM avec 7 ans d'anciennet\u00e9. Elle dispose d'un r\u00e9seau de sous-traitants et de partenaires pour l'assister dans ses d\u00e9m\u00e9nagements internationaux.<\/p>\n<p>Allright Moving &amp; Storage met \u00e0 votre disposition des experts exp\u00e9riment\u00e9s pour \u00e9valuer vos besoins et vous conseiller. Ils se chargeront de l'emballage de vos biens, du d\u00e9montage et du montage des meubles, ainsi que de l'assurance transit et du d\u00e9douanement. Ils peuvent \u00e9galement proposer des services d'exp\u00e9dition de voitures. Ils proposent des installations de stockage \u00e0 court ou \u00e0 long terme, enti\u00e8rement s\u00e9curis\u00e9es et \u00e0 climat contr\u00f4l\u00e9.<\/p>\n<p>Site web : <a href=\"http:\/\/www.allrightmoving.com\" target=\"_blank\" rel=\"noopener\">http:\/\/www.allrightmoving.com<\/a><\/p>\n<h2><span class=\"ez-toc-section\" id=\"3_Buddy-Mover\"><\/span><strong>3. Buddy-Mover<\/strong><span class=\"ez-toc-section-end\"><\/span><\/h2>\n<p><em><img loading=\"lazy\" decoding=\"async\" class=\"alignnone size-full wp-image-5151\" src=\"https:\/\/moverdb.com\/wp-content\/uploads\/Buddy-Mover-international-moving-company.png\" alt=\"Buddy Mover, entreprise de d\u00e9m\u00e9nagement international\" width=\"1440\" height=\"680\" data-wp-pid=\"5151\" srcset=\"https:\/\/moverdb.com\/wp-content\/uploads\/Buddy-Mover-international-moving-company.png 1440w, https:\/\/moverdb.com\/wp-content\/uploads\/Buddy-Mover-international-moving-company-300x142.png 300w, https:\/\/moverdb.com\/wp-content\/uploads\/Buddy-Mover-international-moving-company-1024x484.png 1024w, https:\/\/moverdb.com\/wp-content\/uploads\/Buddy-Mover-international-moving-company-18x9.png 18w, https:\/\/moverdb.com\/wp-content\/uploads\/Buddy-Mover-international-moving-company-600x283.png 600w\" sizes=\"auto, (max-width: 1440px) 100vw, 1440px\" \/><\/em><\/p>\n<ul>\n<li>D\u00e9m\u00e9nagements locaux et nationaux<\/li>\n<li>D\u00e9m\u00e9nagements internationaux<\/li>\n<li>D\u00e9m\u00e9nagements r\u00e9sidentiels<\/li>\n<li>Mouvements de l'entreprise<\/li>\n<li>Un personnel professionnel et qualifi\u00e9<\/li>\n<li>Emballage de haute qualit\u00e9<\/li>\n<li>Inventaires pour suivre vos biens<\/li>\n<li>Fret routier, a\u00e9rien et maritime<\/li>\n<li>Assurance transit<\/li>\n<li>Stockage de courte \u00e0 longue dur\u00e9e<\/li>\n<\/ul>\n<p>Buddy-Mover est une entreprise de d\u00e9m\u00e9nagement bas\u00e9e \u00e0 Bakou, en Azerba\u00efdjan, qui est membre de l'IAM depuis 4 ans. Elle fournit des services de d\u00e9m\u00e9nagement locaux, nationaux et internationaux pour les particuliers et les entreprises. Elle emploie un personnel professionnel hautement qualifi\u00e9 dans les techniques de d\u00e9m\u00e9nagement et d'emballage.<\/p>\n<p>Buddy-Mover propose une enqu\u00eate en face \u00e0 face avant votre d\u00e9m\u00e9nagement afin d'\u00e9valuer vos besoins, les exigences douani\u00e8res et les options d'exp\u00e9dition. Leur personnel de d\u00e9m\u00e9nagement emballera vos biens en toute s\u00e9curit\u00e9, dressera un inventaire et organisera le transport par voie routi\u00e8re, a\u00e9rienne ou maritime. Ils proposent \u00e9galement des options d'entreposage s\u00e9curis\u00e9 \u00e0 court ou \u00e0 long terme dans leur entrep\u00f4t de stockage vo\u00fbt\u00e9.<\/p>\n<p>Site web : <a href=\"http:\/\/www.buddy-mover.com\" target=\"_blank\" rel=\"noopener\">http:\/\/www.buddy-mover.com<\/a><\/p>\n<h2><span class=\"ez-toc-section\" id=\"4_Gosselin\"><\/span><strong>4. Gosselin<\/strong><span class=\"ez-toc-section-end\"><\/span><\/h2>\n<p><em><img loading=\"lazy\" decoding=\"async\" class=\"alignnone size-full wp-image-5170\" src=\"https:\/\/moverdb.com\/wp-content\/uploads\/Gosselin-Azerbaijan-international-moving-company.png\" alt=\"Gosselin Azerba\u00efdjan, soci\u00e9t\u00e9 de d\u00e9m\u00e9nagement international\" width=\"1440\" height=\"681\" data-wp-pid=\"5170\" srcset=\"https:\/\/moverdb.com\/wp-content\/uploads\/Gosselin-Azerbaijan-international-moving-company.png 1440w, https:\/\/moverdb.com\/wp-content\/uploads\/Gosselin-Azerbaijan-international-moving-company-300x142.png 300w, https:\/\/moverdb.com\/wp-content\/uploads\/Gosselin-Azerbaijan-international-moving-company-1024x484.png 1024w, https:\/\/moverdb.com\/wp-content\/uploads\/Gosselin-Azerbaijan-international-moving-company-18x9.png 18w, https:\/\/moverdb.com\/wp-content\/uploads\/Gosselin-Azerbaijan-international-moving-company-600x284.png 600w\" sizes=\"auto, (max-width: 1440px) 100vw, 1440px\" \/><\/em><\/p>\n<ul>\n<li>D\u00e9m\u00e9nagements internationaux<\/li>\n<li>D\u00e9m\u00e9nagement de m\u00e9nages<\/li>\n<li>D\u00e9m\u00e9nagement du bureau<\/li>\n<li>Emballage, transport et d\u00e9ballage<\/li>\n<li>Beaux-arts en mouvement<\/li>\n<li>D\u00e9m\u00e9nagement d'animaux<\/li>\n<li>Transport de voitures<\/li>\n<li>Solutions de stockage<\/li>\n<li>Bagages exc\u00e9dentaires<\/li>\n<li>Services d'expositions itin\u00e9rantes<\/li>\n<\/ul>\n<p>Gosselin est une entreprise de d\u00e9m\u00e9nagement qui fait partie du groupe Gosselin, fond\u00e9 en 1930 \u00e0 Paris. <a href=\"https:\/\/moverdb.com\/fr\/moving-to-belgium\/\" data-internallinksmanager029f6b8e52c=\"323\" title=\"D\u00e9m\u00e9nager en Belgique ? 2026 Co\u00fbts de la vie et conseils de relocalisation\">Belgique<\/a> et op\u00e8re en Azerba\u00efdjan depuis plus de 20 ans. Elle s'occupe de diplomates, d'employ\u00e9s d'entreprises et de m\u00e9nages priv\u00e9s qui effectuent des transports internationaux. Elle est membre de l'IAM et compte 23 ann\u00e9es de service.<\/p>\n<p>Gosselin propose un service sur mesure pour r\u00e9pondre aux besoins de votre famille ou de votre entreprise avec un service d'emballage professionnel, du mat\u00e9riel d'emballage haut de gamme et un service de d\u00e9ballage. Ils proposent des assurances, des d\u00e9m\u00e9nagements d'objets d'art, des transports de voitures et d'animaux domestiques certifi\u00e9s Ipata. Ils peuvent \u00e9galement fournir des solutions de stockage et des services d'exp\u00e9dition, y compris l'exc\u00e9dent de bagages et les expositions itin\u00e9rantes.<\/p>\n<p>Site web : <a href=\"https:\/\/gosselin-moving.com\/azerbaijan\" target=\"_blank\" rel=\"noopener\">https:\/\/gosselin-moving.com\/azerbaijan<\/a><\/p>\n<h2><span class=\"ez-toc-section\" id=\"5_Interdean_International_Relocations\"><\/span><strong>5. Relocalisations internationales d'Interdean<\/strong><span class=\"ez-toc-section-end\"><\/span><\/h2>\n<p><em><img loading=\"lazy\" decoding=\"async\" class=\"alignnone size-full wp-image-5175\" src=\"https:\/\/moverdb.com\/wp-content\/uploads\/Interdean-International-Relocations-international-moving-company.png\" alt=\"Interdean International Relocations entreprise de d\u00e9m\u00e9nagement international\" width=\"1440\" height=\"683\" data-wp-pid=\"5175\" srcset=\"https:\/\/moverdb.com\/wp-content\/uploads\/Interdean-International-Relocations-international-moving-company.png 1440w, https:\/\/moverdb.com\/wp-content\/uploads\/Interdean-International-Relocations-international-moving-company-300x142.png 300w, https:\/\/moverdb.com\/wp-content\/uploads\/Interdean-International-Relocations-international-moving-company-1024x486.png 1024w, https:\/\/moverdb.com\/wp-content\/uploads\/Interdean-International-Relocations-international-moving-company-18x9.png 18w, https:\/\/moverdb.com\/wp-content\/uploads\/Interdean-International-Relocations-international-moving-company-600x285.png 600w\" sizes=\"auto, (max-width: 1440px) 100vw, 1440px\" \/><\/em><\/p>\n<ul>\n<li>D\u00e9m\u00e9nagements internationaux<\/li>\n<li>Mouvements \u00e0 domicile<\/li>\n<li>D\u00e9m\u00e9nagements d'entreprises<\/li>\n<li>Service de relocalisation<\/li>\n<li>Pr\u00e9paration, emballage et d\u00e9ballage de vos biens.<\/li>\n<li>Options de fret routier, maritime et a\u00e9rien<\/li>\n<li>Assurance transit<\/li>\n<li>Assistance pour le d\u00e9douanement<\/li>\n<li>Stockage de courte \u00e0 longue dur\u00e9e<\/li>\n<li>Aide \u00e0 la recherche d'un logement ou d'une location \u00e0 court terme<\/li>\n<\/ul>\n<p>Interdean International Relocations est une soci\u00e9t\u00e9 de gestion de d\u00e9m\u00e9nagements internationaux bas\u00e9e \u00e0 Bakou, en Azerba\u00efdjan. Elle est membre de l'IAM et compte 24 ann\u00e9es de service. Elle est \u00e9galement accr\u00e9dit\u00e9e par la FIDI.<\/p>\n<p>Interdean International Relocations fournit des cartons sp\u00e9cialis\u00e9s con\u00e7us pour le contenu afin de le prot\u00e9ger au mieux et des caisses sur mesure pour les objets pr\u00e9cieux ou fragiles. Ils dressent un inventaire complet de vos biens, les d\u00e9ballent et enl\u00e8vent tous les mat\u00e9riaux d'emballage. Ils proposent le transport par route, par air et par mer et vous aident \u00e0 effectuer les formalit\u00e9s douani\u00e8res. Ils offrent \u00e9galement une vari\u00e9t\u00e9 de solutions de stockage pour les petites et grandes quantit\u00e9s, \u00e0 court et \u00e0 long terme.<\/p>\n<p>Site web : <a href=\"http:\/\/www.interdean.com.az\" target=\"_blank\" rel=\"noopener\">http:\/\/www.interdean.com.az<\/a><\/p>","protected":false},"excerpt":{"rendered":"<p>Moving home can be stressful so getting someone to assist you in your move can help release the pressure. Whether you are moving within Azerbaijan, or moving to or from Azerbaijan, there are companies that can assist. We have compiled a list of removal companies below that are members of the International Association of Movers [&hellip;]<\/p>\n","protected":false},"author":4,"featured_media":0,"parent":190,"menu_order":0,"comment_status":"closed","ping_status":"closed","template":"","meta":{"_genesis_hide_title":false,"_genesis_hide_breadcrumbs":false,"_genesis_hide_singular_image":false,"_genesis_hide_footer_widgets":false,"_genesis_custom_body_class":"","_genesis_custom_post_class":"","_genesis_layout":"","footnotes":""},"class_list":{"0":"post-5224","1":"page","2":"type-page","3":"status-publish","5":"entry","6":"has-post-thumbnail"},"_links":{"self":[{"href":"https:\/\/moverdb.com\/fr\/wp-json\/wp\/v2\/pages\/5224","targetHints":{"allow":["GET"]}}],"collection":[{"href":"https:\/\/moverdb.com\/fr\/wp-json\/wp\/v2\/pages"}],"about":[{"href":"https:\/\/moverdb.com\/fr\/wp-json\/wp\/v2\/types\/page"}],"author":[{"embeddable":true,"href":"https:\/\/moverdb.com\/fr\/wp-json\/wp\/v2\/users\/4"}],"replies":[{"embeddable":true,"href":"https:\/\/moverdb.com\/fr\/wp-json\/wp\/v2\/comments?post=5224"}],"version-history":[{"count":2,"href":"https:\/\/moverdb.com\/fr\/wp-json\/wp\/v2\/pages\/5224\/revisions"}],"predecessor-version":[{"id":7595,"href":"https:\/\/moverdb.com\/fr\/wp-json\/wp\/v2\/pages\/5224\/revisions\/7595"}],"up":[{"embeddable":true,"href":"https:\/\/moverdb.com\/fr\/wp-json\/wp\/v2\/pages\/190"}],"wp:attachment":[{"href":"https:\/\/moverdb.com\/fr\/wp-json\/wp\/v2\/media?parent=5224"}],"curies":[{"name":"wp","href":"https:\/\/api.w.org\/{rel}","templated":true}]}}