{"id":4641,"date":"2022-09-20T19:45:42","date_gmt":"2022-09-20T19:45:42","guid":{"rendered":"https:\/\/moverdb.com\/?page_id=4641"},"modified":"2026-01-08T15:24:10","modified_gmt":"2026-01-08T15:24:10","slug":"algerie","status":"publish","type":"page","link":"https:\/\/moverdb.com\/fr\/moving-companies\/algeria\/","title":{"rendered":"3 meilleures soci\u00e9t\u00e9s de d\u00e9m\u00e9nagement international en Alg\u00e9rie"},"content":{"rendered":"<p>Si vous d\u00e9m\u00e9nagez en Alg\u00e9rie, ou si vous souhaitez vous rendre en Alg\u00e9rie ou en sortir, vous pouvez avoir besoin d'un certificat de s\u00e9curit\u00e9. <a href=\"https:\/\/moverdb.com\/fr\/moving-companies\/\" data-internallinksmanager029f6b8e52c=\"79\" title=\"Les 25 meilleures soci\u00e9t\u00e9s de d\u00e9m\u00e9nagement international en ligne\">soci\u00e9t\u00e9 de d\u00e9m\u00e9nagement<\/a> pour vous aider. Vous trouverez ci-dessous une liste de ceux qui sont membres de la <a href=\"https:\/\/moverdb.com\/fr\/iam\/\" data-internallinksmanager029f6b8e52c=\"23\" title=\"L&#039;Association internationale des d\u00e9m\u00e9nageurs (IAM) expliqu\u00e9e\">Association internationale des d\u00e9m\u00e9nageurs<\/a> (IAM) et\/ou <a href=\"https:\/\/moverdb.com\/fr\/fidi-faim\/\" data-internallinksmanager029f6b8e52c=\"16\" title=\"Explication de la FIDI et du FAIM (FIDI Accredited International Mover)\">FIDI<\/a> Accredited International Mover (FAIM) qui, nous l'esp\u00e9rons, vous aidera.<\/p>\n<h2><strong>1. Viser Intermovers<\/strong><\/h2>\n<p><em><img loading=\"lazy\" decoding=\"async\" class=\"alignnone wp-image-4642 size-full\" src=\"https:\/\/moverdb.com\/wp-content\/uploads\/Aim-Intermovers-international-moving-company.png\" alt=\"Aim Intermovers, soci\u00e9t\u00e9 de d\u00e9m\u00e9nagement international\" width=\"1440\" height=\"677\" data-wp-pid=\"4642\" srcset=\"https:\/\/moverdb.com\/wp-content\/uploads\/Aim-Intermovers-international-moving-company.png 1440w, https:\/\/moverdb.com\/wp-content\/uploads\/Aim-Intermovers-international-moving-company-300x141.png 300w, https:\/\/moverdb.com\/wp-content\/uploads\/Aim-Intermovers-international-moving-company-1024x481.png 1024w, https:\/\/moverdb.com\/wp-content\/uploads\/Aim-Intermovers-international-moving-company-18x8.png 18w, https:\/\/moverdb.com\/wp-content\/uploads\/Aim-Intermovers-international-moving-company-600x282.png 600w\" sizes=\"auto, (max-width: 1440px) 100vw, 1440px\" \/><\/em><\/p>\n<ul>\n<li>Assure les d\u00e9m\u00e9nagements nationaux dans les 48 wilayas d'Alg\u00e9rie et les d\u00e9m\u00e9nagements internationaux.<\/li>\n<li>D\u00e9m\u00e9nagements de bureaux<\/li>\n<li>Service d'archivage<\/li>\n<li>Offre de transport routier, maritime et a\u00e9rien des effets personnels.<\/li>\n<li>\u00c9quipe de d\u00e9m\u00e9nageurs professionnels<\/li>\n<li>Fourniture de mat\u00e9riel d'emballage et de cartons<\/li>\n<li>Assure le d\u00e9montage et l'emballage des meubles, puis le remontage.<\/li>\n<li>Manipule avec d\u00e9licatesse des biens tels que des \u0153uvres d'art.<\/li>\n<li>Ils fabriquent \u00e9galement des caisses en bois et <a href=\"https:\/\/moverdb.com\/fr\/iata\/\" data-internallinksmanager029f6b8e52c=\"22\" title=\"L&#039;Association internationale du transport a\u00e9rien (IATA) expliqu\u00e9e\">IATA<\/a> cartons<\/li>\n<li>Une visite technique est offerte sans engagement<\/li>\n<\/ul>\n<p>Aim Intermovers est une soci\u00e9t\u00e9 de d\u00e9m\u00e9nagement alg\u00e9rienne qui offre des services \u00e0 travers le pays dans les 48 wilayas d'Alg\u00e9rie et des d\u00e9m\u00e9nagements internationaux. Elle dispose d'un service de transit qui g\u00e8re toutes les modalit\u00e9s de votre d\u00e9m\u00e9nagement, y compris les exigences en mati\u00e8re d'importation et d'exportation. Elle est membre d'IAM depuis 9 ans.<\/p>\n<p>Aim Intermovers compte parmi ses clients des entreprises nationales et internationales, des soci\u00e9t\u00e9s \u00e9trang\u00e8res, des compagnies p\u00e9troli\u00e8res et des ambassades, auxquelles elle fournit des services de d\u00e9m\u00e9nagement. Ils proposent un devis gratuit avec une visite technique sans obligation. Ils offrent un service complet qui comprend la fourniture de mat\u00e9riaux d'emballage et de conteneurs ainsi que des services d'emballage, de d\u00e9montage et de remontage.<\/p>\n<p>Site web : <a href=\"http:\/\/www.aimintermovers.dz\" target=\"_blank\" rel=\"noopener\">http:\/\/www.aimintermovers.dz<\/a><\/p>\n<h2><strong>2. Alg\u00e9rie Pack and Move<\/strong><\/h2>\n<p><em><img loading=\"lazy\" decoding=\"async\" class=\"alignnone size-full wp-image-4643\" src=\"https:\/\/moverdb.com\/wp-content\/uploads\/Algeria-Pack-and-Move-international-moving-company.png\" alt=\"Alg\u00e9rie Pack and Move, soci\u00e9t\u00e9 de d\u00e9m\u00e9nagement international\" width=\"1440\" height=\"629\" data-wp-pid=\"4643\" srcset=\"https:\/\/moverdb.com\/wp-content\/uploads\/Algeria-Pack-and-Move-international-moving-company.png 1440w, https:\/\/moverdb.com\/wp-content\/uploads\/Algeria-Pack-and-Move-international-moving-company-300x131.png 300w, https:\/\/moverdb.com\/wp-content\/uploads\/Algeria-Pack-and-Move-international-moving-company-1024x447.png 1024w, https:\/\/moverdb.com\/wp-content\/uploads\/Algeria-Pack-and-Move-international-moving-company-18x8.png 18w, https:\/\/moverdb.com\/wp-content\/uploads\/Algeria-Pack-and-Move-international-moving-company-600x262.png 600w\" sizes=\"auto, (max-width: 1440px) 100vw, 1440px\" \/><\/em><\/p>\n<ul>\n<li>D\u00e9placements nationaux en Alg\u00e9rie<\/li>\n<li>D\u00e9m\u00e9nagements internationaux vers et depuis l'Alg\u00e9rie<\/li>\n<li>S'adresse aux entreprises et aux particuliers<\/li>\n<li>Offre des forfaits de services de d\u00e9m\u00e9nagement \u00e0 plusieurs niveaux<\/li>\n<li>Enl\u00e8vement, transport et livraison<\/li>\n<li>Emballage et d\u00e9ballage des meubles<\/li>\n<li>Emballage et d\u00e9ballage de tous les effets<\/li>\n<li>D\u00e9montage et remontage de meubles<\/li>\n<li>Administration de toutes les exportations et importations<\/li>\n<li>font partie d'un r\u00e9seau international d'entreprises de d\u00e9m\u00e9nagement<\/li>\n<\/ul>\n<p>Algeria Pack and Move, \u00e9galement connu sous le nom d'APM, s'adresse aux entreprises et aux particuliers qui sont alg\u00e9riens, expatri\u00e9s ou diplomates. Elle a \u00e9t\u00e9 fond\u00e9e en 2005 et est membre d'IAM depuis 15 ans. Ils proposent des d\u00e9m\u00e9nagements internationaux en partenariat avec un r\u00e9seau de partenaires sur les 7 continents et fournissent un soutien administratif dans la gestion de votre d\u00e9m\u00e9nagement, y compris l'exp\u00e9dition, les douanes, <a href=\"https:\/\/moverdb.com\/fr\/top-49-container-ports\/\" data-internallinksmanager029f6b8e52c=\"80\" title=\"Les 49 ports \u00e0 conteneurs les plus importants et les plus fr\u00e9quent\u00e9s en 2025\">port<\/a> et les formalit\u00e9s d'a\u00e9roport.<\/p>\n<p>APM propose trois niveaux de service de d\u00e9m\u00e9nagement - niveau 1 : d\u00e9m\u00e9nagement et transport, niveau 2 : emballage et d\u00e9ballage des meubles, et niveau 3 : emballage et d\u00e9ballage de tous les effets. Ils fournissent \u00e9galement des installations de stockage si n\u00e9cessaire.<\/p>\n<p>Site web : <a href=\"http:\/\/www.algeriapm.com\" target=\"_blank\" rel=\"noopener\">http:\/\/www.algeriapm.com<\/a><\/p>\n<h2><strong>3. One Champion Removals<\/strong><\/h2>\n<p><em><img loading=\"lazy\" decoding=\"async\" class=\"alignnone size-full wp-image-4644\" src=\"https:\/\/moverdb.com\/wp-content\/uploads\/One-Champion-Removals-international-moving-company.png\" alt=\"One Champion Removals, entreprise de d\u00e9m\u00e9nagement international\" width=\"1440\" height=\"683\" data-wp-pid=\"4644\" srcset=\"https:\/\/moverdb.com\/wp-content\/uploads\/One-Champion-Removals-international-moving-company.png 1440w, https:\/\/moverdb.com\/wp-content\/uploads\/One-Champion-Removals-international-moving-company-300x142.png 300w, https:\/\/moverdb.com\/wp-content\/uploads\/One-Champion-Removals-international-moving-company-1024x486.png 1024w, https:\/\/moverdb.com\/wp-content\/uploads\/One-Champion-Removals-international-moving-company-18x9.png 18w, https:\/\/moverdb.com\/wp-content\/uploads\/One-Champion-Removals-international-moving-company-600x285.png 600w\" sizes=\"auto, (max-width: 1440px) 100vw, 1440px\" \/><\/em><\/p>\n<ul>\n<li>Services de d\u00e9m\u00e9nagement local et domestique<\/li>\n<li>Services internationaux<\/li>\n<li>Transport routier, maritime et a\u00e9rien<\/li>\n<li>Emballage et d\u00e9ballage<\/li>\n<li>D\u00e9montage et remontage de meubles<\/li>\n<li>Supervision de la douane<\/li>\n<li>Service enti\u00e8rement assur\u00e9 et s\u00e9curis\u00e9<\/li>\n<li>Pas de co\u00fbts cach\u00e9s<\/li>\n<li>Offre des facilit\u00e9s de stockage<\/li>\n<li>Offre \u00e9galement un service de relocalisation pour aider \u00e0 trouver une propri\u00e9t\u00e9.<\/li>\n<\/ul>\n<p>One Champion Removals est une entreprise bas\u00e9e en Alg\u00e9rie <a href=\"https:\/\/moverdb.com\/fr\/international-removals\/\" data-internallinksmanager029f6b8e52c=\"27\" title=\"36 meilleures entreprises de d\u00e9m\u00e9nagements internationaux au Royaume-Uni\">soci\u00e9t\u00e9 de d\u00e9m\u00e9nagements<\/a> qui est membre d'IAM depuis 3 ans. Elle met \u00e0 votre disposition une \u00e9quipe comp\u00e9tente et exp\u00e9riment\u00e9e qui peut vous aider dans vos d\u00e9m\u00e9nagements locaux, nationaux et internationaux.<\/p>\n<p>One Champion Removals propose des services de d\u00e9m\u00e9nagement qui peuvent \u00eatre effectu\u00e9s par route, par mer et par air, et son \u00e9quipe se charge de toutes les formalit\u00e9s administratives, comme les formalit\u00e9s douani\u00e8res. Ils fournissent un service enti\u00e8rement assur\u00e9 et s\u00fbr. Ils proposent \u00e9galement des installations de stockage s\u00e9curis\u00e9es pour vos biens et un service de relocalisation pour vous aider \u00e0 trouver une propri\u00e9t\u00e9 appropri\u00e9e.<\/p>\n<p>Site web : <a href=\"http:\/\/www.championinternationalmoving.com\" target=\"_blank\" rel=\"noopener\">http:\/\/www.championinternationalmoving.com<\/a><\/p>","protected":false},"excerpt":{"rendered":"<p>If you are moving in Algeria, or are wanting to move to or from Algeria, you may need a moving company to assist you. Below is a list of those that are members of the International Association of Movers (IAM) and\/or FIDI Accredited International Mover (FAIM) which will hopefully help you. 1. Aim Intermovers Provides [&hellip;]<\/p>\n","protected":false},"author":4,"featured_media":0,"parent":190,"menu_order":0,"comment_status":"closed","ping_status":"closed","template":"","meta":{"_genesis_hide_title":false,"_genesis_hide_breadcrumbs":false,"_genesis_hide_singular_image":false,"_genesis_hide_footer_widgets":false,"_genesis_custom_body_class":"","_genesis_custom_post_class":"","_genesis_layout":"","footnotes":""},"class_list":{"0":"post-4641","1":"page","2":"type-page","3":"status-publish","5":"entry","6":"has-post-thumbnail"},"_links":{"self":[{"href":"https:\/\/moverdb.com\/fr\/wp-json\/wp\/v2\/pages\/4641","targetHints":{"allow":["GET"]}}],"collection":[{"href":"https:\/\/moverdb.com\/fr\/wp-json\/wp\/v2\/pages"}],"about":[{"href":"https:\/\/moverdb.com\/fr\/wp-json\/wp\/v2\/types\/page"}],"author":[{"embeddable":true,"href":"https:\/\/moverdb.com\/fr\/wp-json\/wp\/v2\/users\/4"}],"replies":[{"embeddable":true,"href":"https:\/\/moverdb.com\/fr\/wp-json\/wp\/v2\/comments?post=4641"}],"version-history":[{"count":3,"href":"https:\/\/moverdb.com\/fr\/wp-json\/wp\/v2\/pages\/4641\/revisions"}],"predecessor-version":[{"id":4653,"href":"https:\/\/moverdb.com\/fr\/wp-json\/wp\/v2\/pages\/4641\/revisions\/4653"}],"up":[{"embeddable":true,"href":"https:\/\/moverdb.com\/fr\/wp-json\/wp\/v2\/pages\/190"}],"wp:attachment":[{"href":"https:\/\/moverdb.com\/fr\/wp-json\/wp\/v2\/media?parent=4641"}],"curies":[{"name":"wp","href":"https:\/\/api.w.org\/{rel}","templated":true}]}}