{"id":4638,"date":"2022-09-17T00:29:40","date_gmt":"2022-09-17T00:29:40","guid":{"rendered":"https:\/\/moverdb.com\/?page_id=4638"},"modified":"2026-01-08T14:38:36","modified_gmt":"2026-01-08T14:38:36","slug":"maldives","status":"publish","type":"page","link":"https:\/\/moverdb.com\/fr\/container-shipping\/maldives\/","title":{"rendered":"2026 Tarifs d'exp\u00e9dition par conteneur de fret maritime \u00e0 destination et en provenance des Maldives"},"content":{"rendered":"<div class=\"wp-block-image\">\n<figure class=\"aligncenter size-full\"><img loading=\"lazy\" decoding=\"async\" width=\"1000\" height=\"667\" src=\"https:\/\/moverdb.com\/wp-content\/uploads\/maldives.jpg\" alt=\"Une belle plage aux Maldives\" class=\"wp-image-4586\" srcset=\"https:\/\/moverdb.com\/wp-content\/uploads\/maldives.jpg 1000w, https:\/\/moverdb.com\/wp-content\/uploads\/maldives-300x200.jpg 300w, https:\/\/moverdb.com\/wp-content\/uploads\/maldives-18x12.jpg 18w, https:\/\/moverdb.com\/wp-content\/uploads\/maldives-600x400.jpg 600w\" sizes=\"auto, (max-width: 1000px) 100vw, 1000px\" \/><\/figure>\n<\/div>\n\n\n<p>Chaque fois que le paradis sur terre est mentionn\u00e9, <strong>le site <a href=\"https:\/\/moverdb.com\/fr\/moving-to-the-maldives\/\" data-internallinksmanager029f6b8e52c=\"387\" title=\"D\u00e9m\u00e9nager aux Maldives ? 2026 Co\u00fbts de la vie et conseils de relocalisation\">Maldives<\/a><\/strong> entrer automatiquement dans la phrase. Cette \u00eele d'Asie du Sud est probablement le lieu de vacances estivales le plus populaire, connu pour ses eaux cristallines et ses magnifiques plages blanches.<\/p>\n\n\n\n<p>Outre leur splendeur naturelle, les Maldives constituent une option int\u00e9ressante pour les expatri\u00e9s qui appr\u00e9cient une communaut\u00e9 amicale, un faible co\u00fbt de la vie et de nombreuses possibilit\u00e9s d'activit\u00e9s amusantes. Les Maldives se composent de centaines d'\u00eeles, il y a donc toujours quelque chose de nouveau \u00e0 voir et \u00e0 exp\u00e9rimenter.<\/p>\n\n\n\n<p>Si les Maldives figurent sur votre liste d'endroits \u00e0 visiter, nous pouvons vous aider en vous conseillant sur les points suivants <a href=\"https:\/\/moverdb.com\/fr\/moving-costs\/\" data-internallinksmanager029f6b8e52c=\"25\" title=\"Co\u00fbts des d\u00e9m\u00e9nagements internationaux : 9 \u00e9l\u00e9ments \u00e0 ne pas n\u00e9gliger\">co\u00fbts de d\u00e9m\u00e9nagement<\/a> vers et depuis le pays.<\/p>\n\n\n\n<p>Ci-dessous, vous pouvez d\u00e9couvrir les Maldives les plus basses <a href=\"https:\/\/moverdb.com\/fr\/container-shipping\/\" data-internallinksmanager029f6b8e52c=\"3\" title=\"Graphique des taux d&#039;exp\u00e9dition des conteneurs internationaux : Avril 2026\">tarifs d'exp\u00e9dition de conteneurs<\/a> pour les conteneurs d'exp\u00e9dition de 20 et 40 pieds. Vous pouvez les utiliser pour obtenir une estimation de ce que pourrait vous co\u00fbter le transport de vos biens vers ou depuis le pays.<\/p>\n\n\n\n<p>Vous pouvez \u00e9galement utiliser le formulaire de devis situ\u00e9 ci-dessus pour obtenir un prix plus pr\u00e9cis.<\/p>\n\n\n\n<h2 class=\"wp-block-heading\">Co\u00fbt du conteneur d'exp\u00e9dition aux Maldives (Mal\u00e9)<\/h2>\n\n\n<div class=\"wp-block-image\">\n<figure class=\"aligncenter size-large\"><img loading=\"lazy\" decoding=\"async\" width=\"1024\" height=\"539\" src=\"https:\/\/moverdb.com\/wp-content\/uploads\/Shipping-Container-Costs-to-Maldives-1024x539.png\" alt=\"Co\u00fbts des conteneurs d&#039;exp\u00e9dition aux Maldives\" class=\"wp-image-4595\" srcset=\"https:\/\/moverdb.com\/wp-content\/uploads\/Shipping-Container-Costs-to-Maldives-1024x539.png 1024w, https:\/\/moverdb.com\/wp-content\/uploads\/Shipping-Container-Costs-to-Maldives-300x158.png 300w, https:\/\/moverdb.com\/wp-content\/uploads\/Shipping-Container-Costs-to-Maldives-1536x809.png 1536w, https:\/\/moverdb.com\/wp-content\/uploads\/Shipping-Container-Costs-to-Maldives-18x9.png 18w, https:\/\/moverdb.com\/wp-content\/uploads\/Shipping-Container-Costs-to-Maldives-600x316.png 600w, https:\/\/moverdb.com\/wp-content\/uploads\/Shipping-Container-Costs-to-Maldives.png 2000w\" sizes=\"auto, (max-width: 1024px) 100vw, 1024px\" \/><\/figure>\n<\/div>\n\n\n<table id=\"tablepress-167\" class=\"tablepress tablepress-id-167\">\n<thead>\n<tr class=\"row-1\">\n\t<th class=\"column-1\">Pays de destination (<a href=\"https:\/\/moverdb.com\/fr\/top-49-container-ports\/\" data-internallinksmanager029f6b8e52c=\"80\" title=\"Les 49 ports \u00e0 conteneurs les plus importants et les plus fr\u00e9quent\u00e9s en 2025\">Port<\/a>\/Ville)<\/th><th class=\"column-2\">20FT<\/th><th class=\"column-3\">40FT<\/th>\n<\/tr>\n<\/thead>\n<tbody class=\"row-striping row-hover\">\n<tr class=\"row-2\">\n\t<td class=\"column-1\"><a href=\"https:\/\/moverdb.com\/fr\/container-shipping\/andorra\/\" data-internallinksmanager029f6b8e52c=\"88\" title=\"2026 Tarifs d&#039;exp\u00e9dition de conteneurs de fret maritime \u00e0 destination et en provenance d&#039;Andorre\">Andorre (Andorre-la-Vieille)<\/a><\/td><td class=\"column-2\">$4,396<\/td><td class=\"column-3\">$8,053<\/td>\n<\/tr>\n<tr class=\"row-3\">\n\t<td class=\"column-1\"><a href=\"https:\/\/moverdb.com\/fr\/container-shipping\/antigua-and-barbuda\/\" data-internallinksmanager029f6b8e52c=\"92\" title=\"2026 Tarifs d&#039;exp\u00e9dition par conteneur de fret maritime \u00e0 destination et en provenance d&#039;Antigua-et-Barbuda\">Antigua et Barbuda (St John's)<\/a><\/td><td class=\"column-2\">$1,825<\/td><td class=\"column-3\">N\/A<\/td>\n<\/tr>\n<tr class=\"row-4\">\n\t<td class=\"column-1\"><a href=\"https:\/\/moverdb.com\/fr\/container-shipping\/argentina\/\" data-internallinksmanager029f6b8e52c=\"91\" title=\"2026 Tarifs d&#039;exp\u00e9dition de conteneurs de fret maritime \u00e0 destination et en provenance d&#039;Argentine\">Argentine (Buenos Aires)<\/a><\/td><td class=\"column-2\">$2,845<\/td><td class=\"column-3\">N\/A<\/td>\n<\/tr>\n<tr class=\"row-5\">\n\t<td class=\"column-1\"><a href=\"https:\/\/moverdb.com\/fr\/container-shipping\/aruba\/\" data-internallinksmanager029f6b8e52c=\"90\" title=\"2022 Taux d&#039;exp\u00e9dition de conteneurs de fret maritime \u00e0 destination et en provenance d&#039;Aruba\">Aruba (Oranjestad)<\/a><\/td><td class=\"column-2\">$2,845<\/td><td class=\"column-3\">N\/A<\/td>\n<\/tr>\n<tr class=\"row-6\">\n\t<td class=\"column-1\"><a href=\"https:\/\/moverdb.com\/fr\/container-shipping\/australia\/\" data-internallinksmanager029f6b8e52c=\"89\" title=\"2026 Tarifs d&#039;exp\u00e9dition de conteneurs \u00e0 destination et en provenance d&#039;Australie\">Australie (Sydney)<\/a><\/td><td class=\"column-2\">$1,561<\/td><td class=\"column-3\">$2,083<\/td>\n<\/tr>\n<tr class=\"row-7\">\n\t<td class=\"column-1\"><a href=\"https:\/\/moverdb.com\/fr\/container-shipping\/austria\/\" data-internallinksmanager029f6b8e52c=\"95\" title=\"2026 Tarifs d&#039;exp\u00e9dition de conteneurs de fret maritime \u00e0 destination et en provenance d&#039;Autriche\">Autriche (Vienne)<\/a><\/td><td class=\"column-2\">$4,641<\/td><td class=\"column-3\">N\/A<\/td>\n<\/tr>\n<tr class=\"row-8\">\n\t<td class=\"column-1\"><a href=\"https:\/\/moverdb.com\/fr\/container-shipping\/bangladesh\/\" data-internallinksmanager029f6b8e52c=\"97\" title=\"2026 Tarifs d&#039;exp\u00e9dition de conteneurs de fret maritime \u00e0 destination et en provenance du Bangladesh\">Bangladesh (Chittagong)<\/a><\/td><td class=\"column-2\">$110<\/td><td class=\"column-3\">N\/A<\/td>\n<\/tr>\n<tr class=\"row-9\">\n\t<td class=\"column-1\"><a href=\"https:\/\/moverdb.com\/fr\/container-shipping\/belgium\/\" data-internallinksmanager029f6b8e52c=\"86\" title=\"2026 Tarifs d&#039;exp\u00e9dition de conteneurs de fret maritime \u00e0 destination et en provenance de la Belgique\">Belgique (Anvers)<\/a><\/td><td class=\"column-2\">$2,947<\/td><td class=\"column-3\">$3,980<\/td>\n<\/tr>\n<tr class=\"row-10\">\n\t<td class=\"column-1\"><a href=\"https:\/\/moverdb.com\/fr\/container-shipping\/brazil\/\" data-internallinksmanager029f6b8e52c=\"98\" title=\"2026 Tarifs d&#039;exp\u00e9dition de conteneurs de fret maritime \u00e0 destination et en provenance du Br\u00e9sil\">Br\u00e9sil (Santos)<\/a><\/td><td class=\"column-2\">$3,267<\/td><td class=\"column-3\">$4,305<\/td>\n<\/tr>\n<tr class=\"row-11\">\n\t<td class=\"column-1\"><a href=\"https:\/\/moverdb.com\/fr\/container-shipping\/china\/\" data-internallinksmanager029f6b8e52c=\"105\" title=\"2026 Tarifs d&#039;exp\u00e9dition de conteneurs de fret maritime \u00e0 destination et en provenance de la Chine\">Chine (P\u00e9kin)<\/a><\/td><td class=\"column-2\">$2,640<\/td><td class=\"column-3\">$4,624<\/td>\n<\/tr>\n<tr class=\"row-12\">\n\t<td class=\"column-1\">Chine (Shanghai)<\/td><td class=\"column-2\">$2,237<\/td><td class=\"column-3\">$3,416<\/td>\n<\/tr>\n<tr class=\"row-13\">\n\t<td class=\"column-1\"><a href=\"https:\/\/moverdb.com\/fr\/container-shipping\/croatia\/\" data-internallinksmanager029f6b8e52c=\"107\" title=\"2026 Tarifs d&#039;exp\u00e9dition de conteneurs de fret maritime \u00e0 destination et en provenance de la Croatie\">Croatie (Rijeka)<\/a><\/td><td class=\"column-2\">$2,673<\/td><td class=\"column-3\">$3,574<\/td>\n<\/tr>\n<tr class=\"row-14\">\n\t<td class=\"column-1\"><a href=\"https:\/\/moverdb.com\/fr\/container-shipping\/egypt\/\" data-internallinksmanager029f6b8e52c=\"113\" title=\"2026 Tarifs d&#039;exp\u00e9dition de conteneurs de fret maritime \u00e0 destination et en provenance d&#039;\u00c9gypte\">\u00c9gypte (Alexandrie)<\/a><\/td><td class=\"column-2\">$1,914<\/td><td class=\"column-3\">$3,371<\/td>\n<\/tr>\n<tr class=\"row-15\">\n\t<td class=\"column-1\"><a href=\"https:\/\/moverdb.com\/fr\/container-shipping\/estonia\/\" data-internallinksmanager029f6b8e52c=\"114\" title=\"2026 Tarifs d&#039;exp\u00e9dition de conteneurs de fret maritime \u00e0 destination et en provenance d&#039;Estonie\">Estonie (Tallinn)<\/a><\/td><td class=\"column-2\">$2,728<\/td><td class=\"column-3\">$4,767<\/td>\n<\/tr>\n<tr class=\"row-16\">\n\t<td class=\"column-1\"><a href=\"https:\/\/moverdb.com\/fr\/container-shipping\/finland\/\" data-internallinksmanager029f6b8e52c=\"115\" title=\"2026 Tarifs d&#039;exp\u00e9dition de conteneurs de fret maritime \u00e0 destination et en provenance de la Finlande\">Finlande (Helsinki)<\/a><\/td><td class=\"column-2\">$2,728<\/td><td class=\"column-3\">$4,767<\/td>\n<\/tr>\n<tr class=\"row-17\">\n\t<td class=\"column-1\"><a href=\"https:\/\/moverdb.com\/fr\/container-shipping\/germany\/\" data-internallinksmanager029f6b8e52c=\"118\" title=\"2026 Tarifs d&#039;exp\u00e9dition de conteneurs de fret maritime \u00e0 destination et en provenance d&#039;Allemagne\">Allemagne (Hambourg)<\/a><\/td><td class=\"column-2\">$1,958<\/td><td class=\"column-3\">$4,022<\/td>\n<\/tr>\n<tr class=\"row-18\">\n\t<td class=\"column-1\"><a href=\"https:\/\/moverdb.com\/fr\/container-shipping\/greece\/\" data-internallinksmanager029f6b8e52c=\"120\" title=\"2026 Tarifs d&#039;exp\u00e9dition de conteneurs de fret maritime \u00e0 destination et en provenance de la Gr\u00e8ce\">Gr\u00e8ce (Le Pir\u00e9e)<\/a><\/td><td class=\"column-2\">$2,332<\/td><td class=\"column-3\">$3,633<\/td>\n<\/tr>\n<tr class=\"row-19\">\n\t<td class=\"column-1\"><a href=\"https:\/\/moverdb.com\/fr\/container-shipping\/guernsey\/\" data-internallinksmanager029f6b8e52c=\"121\" title=\"2026 Tarifs d&#039;exp\u00e9dition de conteneurs de fret maritime \u00e0 destination et en provenance de Guernesey\">Guernesey (St Peter Port)<\/a><\/td><td class=\"column-2\">$1,628<\/td><td class=\"column-3\">$3,812<\/td>\n<\/tr>\n<tr class=\"row-20\">\n\t<td class=\"column-1\"><a href=\"https:\/\/moverdb.com\/fr\/container-shipping\/haiti\/\" data-internallinksmanager029f6b8e52c=\"122\" title=\"2026 Tarifs d&#039;exp\u00e9dition de conteneurs de fret maritime vers et depuis Ha\u00efti\">Ha\u00efti (Port-au-Prince)<\/a><\/td><td class=\"column-2\">$2,347<\/td><td class=\"column-3\">$3,889<\/td>\n<\/tr>\n<tr class=\"row-21\">\n\t<td class=\"column-1\"><a href=\"https:\/\/moverdb.com\/fr\/container-shipping\/india\/\" data-internallinksmanager029f6b8e52c=\"125\" title=\"2026 Tarifs d&#039;exp\u00e9dition de conteneurs de fret maritime \u00e0 destination et en provenance de l&#039;Inde\">Inde (Mumbai)<\/a><\/td><td class=\"column-2\">$2,145<\/td><td class=\"column-3\">$3,990<\/td>\n<\/tr>\n<tr class=\"row-22\">\n\t<td class=\"column-1\"><a href=\"https:\/\/moverdb.com\/fr\/container-shipping\/indonesia\/\" data-internallinksmanager029f6b8e52c=\"126\" title=\"2026 Tarifs d&#039;exp\u00e9dition par conteneur de fret maritime \u00e0 destination et en provenance d&#039;Indon\u00e9sie\">Indon\u00e9sie (Jakarta)<\/a><\/td><td class=\"column-2\">$2,860<\/td><td class=\"column-3\">$5,040<\/td>\n<\/tr>\n<tr class=\"row-23\">\n\t<td class=\"column-1\"><a href=\"https:\/\/moverdb.com\/fr\/container-shipping\/italy\/\" data-internallinksmanager029f6b8e52c=\"130\" title=\"2026 Tarifs d&#039;exp\u00e9dition de conteneurs de fret maritime \u00e0 destination et en provenance d&#039;Italie\">Italie (Trieste)<\/a><\/td><td class=\"column-2\">$2,673<\/td><td class=\"column-3\">$3,574<\/td>\n<\/tr>\n<tr class=\"row-24\">\n\t<td class=\"column-1\"><a href=\"https:\/\/moverdb.com\/fr\/container-shipping\/japan\/\" data-internallinksmanager029f6b8e52c=\"131\" title=\"2026 Tarifs d&#039;exp\u00e9dition de conteneurs de fret maritime \u00e0 destination et en provenance du Japon\">Japon (Tokyo)<\/a><\/td><td class=\"column-2\">$2,805<\/td><td class=\"column-3\">$4,778<\/td>\n<\/tr>\n<tr class=\"row-25\">\n\t<td class=\"column-1\"><a href=\"https:\/\/moverdb.com\/fr\/container-shipping\/jersey\/\" data-internallinksmanager029f6b8e52c=\"132\" title=\"2026 Tarifs d&#039;exp\u00e9dition de conteneurs de fret maritime \u00e0 destination et en provenance de Jersey\">Jersey (St Helier)<\/a><\/td><td class=\"column-2\">$1,628<\/td><td class=\"column-3\">$3,812<\/td>\n<\/tr>\n<tr class=\"row-26\">\n\t<td class=\"column-1\"><a href=\"https:\/\/moverdb.com\/fr\/container-shipping\/kenya\/\" data-internallinksmanager029f6b8e52c=\"134\" title=\"2026 Tarifs d&#039;exp\u00e9dition de conteneurs de fret maritime \u00e0 destination et en provenance du Kenya\">Kenya (Mombasa)<\/a><\/td><td class=\"column-2\">$1,532<\/td><td class=\"column-3\">$2,722<\/td>\n<\/tr>\n<tr class=\"row-27\">\n\t<td class=\"column-1\"><a href=\"https:\/\/moverdb.com\/fr\/container-shipping\/kuwait\/\" data-internallinksmanager029f6b8e52c=\"135\" title=\"2026 Tarifs d&#039;exp\u00e9dition de conteneurs de fret maritime \u00e0 destination et en provenance du Kowe\u00eft\">Kowe\u00eft (Shuwaikh)<\/a><\/td><td class=\"column-2\">$1,500<\/td><td class=\"column-3\">$2,400<\/td>\n<\/tr>\n<tr class=\"row-28\">\n\t<td class=\"column-1\"><a href=\"https:\/\/moverdb.com\/fr\/container-shipping\/latvia\/\" data-internallinksmanager029f6b8e52c=\"136\" title=\"2026 Tarifs d&#039;exp\u00e9dition de conteneurs de fret maritime \u00e0 destination et en provenance de la Lettonie\">Lettonie (Riga)<\/a><\/td><td class=\"column-2\">$2,728<\/td><td class=\"column-3\">$4,904<\/td>\n<\/tr>\n<tr class=\"row-29\">\n\t<td class=\"column-1\"><a href=\"https:\/\/moverdb.com\/fr\/container-shipping\/liechtenstein\/\" data-internallinksmanager029f6b8e52c=\"144\" title=\"2026 Tarifs d&#039;exp\u00e9dition de conteneurs de fret maritime \u00e0 destination et en provenance du Liechtenstein\">Liechtenstein (Vaduz)<\/a><\/td><td class=\"column-2\">$2,673<\/td><td class=\"column-3\">$4,029<\/td>\n<\/tr>\n<tr class=\"row-30\">\n\t<td class=\"column-1\"><a href=\"https:\/\/moverdb.com\/fr\/container-shipping\/lithuania\/\" data-internallinksmanager029f6b8e52c=\"145\" title=\"2026 Tarifs d&#039;exp\u00e9dition de conteneurs de fret maritime \u00e0 destination et en provenance de la Lituanie\">Lituanie (Klaipeda)<\/a><\/td><td class=\"column-2\">$2,552<\/td><td class=\"column-3\">$4,904<\/td>\n<\/tr>\n<tr class=\"row-31\">\n\t<td class=\"column-1\"><a href=\"https:\/\/moverdb.com\/fr\/moving-to-luxembourg\/\" data-internallinksmanager029f6b8e52c=\"349\" title=\"D\u00e9m\u00e9nager au Luxembourg ? 2026 Co\u00fbts de la vie et conseils de relocalisation\">Luxembourg<\/a><\/td><td class=\"column-2\">$2,081<\/td><td class=\"column-3\">$3,609<\/td>\n<\/tr>\n<tr class=\"row-32\">\n\t<td class=\"column-1\"><a href=\"https:\/\/moverdb.com\/fr\/container-shipping\/malaysia\/\" data-internallinksmanager029f6b8e52c=\"148\" title=\"2026 Tarifs d&#039;exp\u00e9dition de conteneurs de fret maritime \u00e0 destination et en provenance de la Malaisie\">Malaisie (Port Kelang)<\/a><\/td><td class=\"column-2\">$3,658<\/td><td class=\"column-3\">$7, 182<\/td>\n<\/tr>\n<tr class=\"row-33\">\n\t<td class=\"column-1\"><a href=\"https:\/\/moverdb.com\/fr\/container-shipping\/pakistan\/\" data-internallinksmanager029f6b8e52c=\"155\" title=\"2026 Tarifs d&#039;exp\u00e9dition de conteneurs de fret maritime \u00e0 destination et en provenance du Pakistan\">Pakistan (Karachi)<\/a><\/td><td class=\"column-2\">$2,420<\/td><td class=\"column-3\">$4,320<\/td>\n<\/tr>\n<tr class=\"row-34\">\n\t<td class=\"column-1\"><a href=\"https:\/\/moverdb.com\/fr\/container-shipping\/thailand\/\" data-internallinksmanager029f6b8e52c=\"189\" title=\"2026 Tarifs d&#039;exp\u00e9dition de conteneurs de fret maritime \u00e0 destination et en provenance de la Tha\u00eflande\">Tha\u00eflande (Laem Chabang)<\/a><\/td><td class=\"column-2\">$3,415<\/td><td class=\"column-3\">$6,435<\/td>\n<\/tr>\n<tr class=\"row-35\">\n\t<td class=\"column-1\"><a href=\"https:\/\/moverdb.com\/fr\/container-shipping\/united-arab-emirates\/\" data-internallinksmanager029f6b8e52c=\"188\" title=\"2026 Tarifs d&#039;exp\u00e9dition de conteneurs \u00e0 destination et en provenance des \u00c9mirats arabes unis\">EAU (Jebel Ali)<\/a><\/td><td class=\"column-2\">$1,870<\/td><td class=\"column-3\">$2,077<\/td>\n<\/tr>\n<tr class=\"row-36\">\n\t<td class=\"column-1\"><a href=\"https:\/\/moverdb.com\/fr\/moving-to-the-united-states\/\" data-internallinksmanager029f6b8e52c=\"94\" title=\"Vous partez aux \u00c9tats-Unis ? 2026 Co\u00fbt de la vie et conseils de relocalisation\">US<\/a> (<a href=\"https:\/\/moverdb.com\/fr\/moving-to-los-angeles\/\" data-internallinksmanager029f6b8e52c=\"51\" title=\"Vous d\u00e9m\u00e9nagez \u00e0 Los Angeles ? 2026 Co\u00fbts de la vie \u00e0 Los Angeles et conseils de relocalisation\">Los Angeles<\/a>)<\/td><td class=\"column-2\">$2,730<\/td><td class=\"column-3\">$3,666<\/td>\n<\/tr>\n<tr class=\"row-37\">\n\t<td class=\"column-1\"><a href=\"https:\/\/moverdb.com\/fr\/container-shipping\/united-states\/\" data-internallinksmanager029f6b8e52c=\"87\" title=\"2026 Tarifs d&#039;exp\u00e9dition de conteneurs de fret maritime \u00e0 destination et en provenance des \u00c9tats-Unis\">US (New York)<\/a><\/td><td class=\"column-2\">$3,557<\/td><td class=\"column-3\">$4,680<\/td>\n<\/tr>\n<\/tbody>\n<\/table>\n<!-- #tablepress-167 from cache -->\n\n\n\n<h2 class=\"wp-block-heading\">Co\u00fbts des conteneurs d'exp\u00e9dition des Maldives (Mal\u00e9)<\/h2>\n\n\n<div class=\"wp-block-image\">\n<figure class=\"aligncenter size-large\"><img loading=\"lazy\" decoding=\"async\" width=\"1024\" height=\"539\" src=\"https:\/\/moverdb.com\/wp-content\/uploads\/Shipping-Container-Costs-from-Maldives-1024x539.png\" alt=\"Co\u00fbts des conteneurs d&#039;exp\u00e9dition depuis les Maldives\" class=\"wp-image-4591\" srcset=\"https:\/\/moverdb.com\/wp-content\/uploads\/Shipping-Container-Costs-from-Maldives-1024x539.png 1024w, https:\/\/moverdb.com\/wp-content\/uploads\/Shipping-Container-Costs-from-Maldives-300x158.png 300w, https:\/\/moverdb.com\/wp-content\/uploads\/Shipping-Container-Costs-from-Maldives-1536x809.png 1536w, https:\/\/moverdb.com\/wp-content\/uploads\/Shipping-Container-Costs-from-Maldives-18x9.png 18w, https:\/\/moverdb.com\/wp-content\/uploads\/Shipping-Container-Costs-from-Maldives-600x316.png 600w, https:\/\/moverdb.com\/wp-content\/uploads\/Shipping-Container-Costs-from-Maldives.png 2000w\" sizes=\"auto, (max-width: 1024px) 100vw, 1024px\" \/><\/figure>\n<\/div>\n\n\n<table id=\"tablepress-160\" class=\"tablepress tablepress-id-160\">\n<thead>\n<tr class=\"row-1\">\n\t<th class=\"column-1\">Pays de destination (port\/ville)<\/th><th class=\"column-2\">20FT<\/th><th class=\"column-3\">40FT<\/th>\n<\/tr>\n<\/thead>\n<tbody class=\"row-striping row-hover\">\n<tr class=\"row-2\">\n\t<td class=\"column-1\">Andorre (Andorre-la-Vieille)<\/td><td class=\"column-2\">$9,863<\/td><td class=\"column-3\">$13,934<\/td>\n<\/tr>\n<tr class=\"row-3\">\n\t<td class=\"column-1\">Antigua et Barbuda (St John's)<\/td><td class=\"column-2\">$10,171<\/td><td class=\"column-3\">N\/A<\/td>\n<\/tr>\n<tr class=\"row-4\">\n\t<td class=\"column-1\">Argentine (Buenos Aires)<\/td><td class=\"column-2\">N\/A<\/td><td class=\"column-3\">$12,406<\/td>\n<\/tr>\n<tr class=\"row-5\">\n\t<td class=\"column-1\">Aruba (Oranjestad)<\/td><td class=\"column-2\">N\/A<\/td><td class=\"column-3\">$12,406<\/td>\n<\/tr>\n<tr class=\"row-6\">\n\t<td class=\"column-1\">Australie (Sydney)<\/td><td class=\"column-2\">$1,561<\/td><td class=\"column-3\">$2,083<\/td>\n<\/tr>\n<tr class=\"row-7\">\n\t<td class=\"column-1\">Autriche (Vienne)<\/td><td class=\"column-2\">N\/A<\/td><td class=\"column-3\">$9,192<\/td>\n<\/tr>\n<tr class=\"row-8\">\n\t<td class=\"column-1\"><a href=\"https:\/\/moverdb.com\/fr\/moving-to-canada\/\" data-internallinksmanager029f6b8e52c=\"265\" title=\"D\u00e9m\u00e9nager au Canada ? 2026 Co\u00fbt de la vie et conseils de relocalisation\">Canada<\/a> (<a href=\"https:\/\/moverdb.com\/fr\/moving-to-canada\/moving-to-vancouver\/\" data-internallinksmanager029f6b8e52c=\"438\" title=\"Vous d\u00e9m\u00e9nagez \u00e0 Vancouver ? 2026 Co\u00fbts de la vie et conseils de relocalisation\">Vancouver<\/a>)<\/td><td class=\"column-2\">$9,950<\/td><td class=\"column-3\">$13,090<\/td>\n<\/tr>\n<tr class=\"row-9\">\n\t<td class=\"column-1\">Croatie (Rijeka)<\/td><td class=\"column-2\">$2,778<\/td><td class=\"column-3\">$3,439<\/td>\n<\/tr>\n<tr class=\"row-10\">\n\t<td class=\"column-1\">Inde (Mumbai)<\/td><td class=\"column-2\">$968<\/td><td class=\"column-3\">$1,533<\/td>\n<\/tr>\n<tr class=\"row-11\">\n\t<td class=\"column-1\">Italie (Trieste)<\/td><td class=\"column-2\">$2,778<\/td><td class=\"column-3\">$3,439<\/td>\n<\/tr>\n<\/tbody>\n<\/table>\n<!-- #tablepress-160 from cache -->\n\n\n\n<h3 class=\"wp-block-heading\">Notes sur les donn\u00e9es :<\/h3>\n\n\n\n<ul class=\"wp-block-list\"><li>Tous les chiffres de $ sont exprim\u00e9s en dollars am\u00e9ricains (USD) ;<\/li><li>Tarifs exacts au d\u00e9but de l'ann\u00e9e 2022 ;<\/li><li>Les cartes pr\u00e9sent\u00e9es dans cet article ont \u00e9t\u00e9 cr\u00e9\u00e9es \u00e0 l'aide de <a href=\"https:\/\/www.mapchart.net\" target=\"_blank\" rel=\"noreferrer noopener\">https:\/\/www.mapchart.net<\/a>. Vous \u00eates libre de partager les cartes, \u00e0 condition de fournir un lien d'attribution renvoyant \u00e0 <a href=\"https:\/\/moverdb.com\/fr\/\" target=\"_blank\" rel=\"noreferrer noopener\">MoverDB<\/a>;<\/li><li>Les taux ci-dessus ne sont que des estimations et peuvent avoir chang\u00e9 depuis la publication de cet article (avril 2022). Ils sont bas\u00e9s sur le taux estim\u00e9 le plus bas de l'une des deux sources suivantes <a href=\"https:\/\/www.searates.com\" target=\"_blank\" rel=\"noreferrer noopener\">https:\/\/www.searates.com<\/a> ou <a href=\"https:\/\/www.gocomet.com\/freight-shipping-rates-index-calculator\" target=\"_blank\" rel=\"noreferrer noopener\">https:\/\/www.gocomet.com<\/a>;<\/li><li>Pour avoir une id\u00e9e plus pr\u00e9cise du co\u00fbt pour vous, veuillez utiliser le formulaire de devis en haut de cette page ;<\/li><li>Veuillez \u00e9galement consulter notre guide sur <a href=\"https:\/\/moverdb.com\/fr\/expedition-par-conteneur\/\" target=\"_blank\" rel=\"noreferrer noopener\">transport international par conteneurs<\/a>.<\/li><\/ul>","protected":false},"excerpt":{"rendered":"<p>Whenever paradise on Earth is mentioned, the Maldives automatically enter the sentence. This South Asian island is probably the most popular summer vacation spot, known for its crystal clear waters and beautiful white beaches. Aside from the natural splendor, the Maldives are a decent option for every expat who values a friendly community, a low [&hellip;]<\/p>\n","protected":false},"author":2,"featured_media":4586,"parent":44,"menu_order":0,"comment_status":"closed","ping_status":"closed","template":"","meta":{"_genesis_hide_title":false,"_genesis_hide_breadcrumbs":false,"_genesis_hide_singular_image":false,"_genesis_hide_footer_widgets":false,"_genesis_custom_body_class":"","_genesis_custom_post_class":"","_genesis_layout":"","footnotes":""},"class_list":{"0":"post-4638","1":"page","2":"type-page","3":"status-publish","4":"has-post-thumbnail","6":"entry"},"_links":{"self":[{"href":"https:\/\/moverdb.com\/fr\/wp-json\/wp\/v2\/pages\/4638","targetHints":{"allow":["GET"]}}],"collection":[{"href":"https:\/\/moverdb.com\/fr\/wp-json\/wp\/v2\/pages"}],"about":[{"href":"https:\/\/moverdb.com\/fr\/wp-json\/wp\/v2\/types\/page"}],"author":[{"embeddable":true,"href":"https:\/\/moverdb.com\/fr\/wp-json\/wp\/v2\/users\/2"}],"replies":[{"embeddable":true,"href":"https:\/\/moverdb.com\/fr\/wp-json\/wp\/v2\/comments?post=4638"}],"version-history":[{"count":1,"href":"https:\/\/moverdb.com\/fr\/wp-json\/wp\/v2\/pages\/4638\/revisions"}],"predecessor-version":[{"id":4639,"href":"https:\/\/moverdb.com\/fr\/wp-json\/wp\/v2\/pages\/4638\/revisions\/4639"}],"up":[{"embeddable":true,"href":"https:\/\/moverdb.com\/fr\/wp-json\/wp\/v2\/pages\/44"}],"wp:featuredmedia":[{"embeddable":true,"href":"https:\/\/moverdb.com\/fr\/wp-json\/wp\/v2\/media\/4586"}],"wp:attachment":[{"href":"https:\/\/moverdb.com\/fr\/wp-json\/wp\/v2\/media?parent=4638"}],"curies":[{"name":"wp","href":"https:\/\/api.w.org\/{rel}","templated":true}]}}