{"id":454,"date":"2016-07-03T20:25:43","date_gmt":"2016-07-03T20:25:43","guid":{"rendered":"http:\/\/moverdb.com\/?page_id=454"},"modified":"2026-01-08T15:30:41","modified_gmt":"2026-01-08T15:30:41","slug":"organisation-mondiale-des-douanes","status":"publish","type":"page","link":"https:\/\/moverdb.com\/fr\/world-customs-organization\/","title":{"rendered":"L'Organisation mondiale des douanes (OMD) expliqu\u00e9e"},"content":{"rendered":"<p>L'Organisation mondiale des douanes (OMD) est un organisme intergouvernemental ind\u00e9pendant qui est la voix de la communaut\u00e9 douani\u00e8re. <\/p>\n<p>Elle a \u00e9t\u00e9 cr\u00e9\u00e9e pour rendre les administrations douani\u00e8res du monde entier plus efficaces, coordonn\u00e9es et performantes.<\/p>\n<p><strong>Faits essentiels sur l'OMD :<\/strong><\/p>\n<ul>\n<li>  L'OMD compte 180 membres, qui sont des administrations douani\u00e8res du monde entier.<\/li>\n<li>  Les trois quarts des membres de l'OMD sont des pays en d\u00e9veloppement.<\/li>\n<li>  Les membres de l'OMD sont responsables de la gestion de plus de 98% du commerce mondial.<\/li>\n<li>  L'OMD a \u00e9t\u00e9 cr\u00e9\u00e9e en 1952 sous le nom de Conseil de coop\u00e9ration douani\u00e8re.<\/li>\n<li>  L'OMD est g\u00e9r\u00e9e par un Conseil, qui s'appuie sur un Secr\u00e9tariat de plus de 100 fonctionnaires internationaux, experts techniques et personnel de soutien.<\/li>\n<li>  Le si\u00e8ge de l'OMD se trouve \u00e0 Bruxelles, <a href=\"https:\/\/moverdb.com\/fr\/moving-to-belgium\/\" data-internallinksmanager029f6b8e52c=\"323\" title=\"D\u00e9m\u00e9nager en Belgique ? 2026 Co\u00fbts de la vie et conseils de relocalisation\">Belgique<\/a>.<\/li>\n<li>  L'OMD ne traite pas les plaintes concernant les douanes, par exemple les droits de douane - en tant qu'organisation intergouvernementale, elle n'est pas responsable de l'administration de la l\u00e9gislation nationale et d\u00e9clare express\u00e9ment qu'elle n'est pas comp\u00e9tente en la mati\u00e8re.<\/li>\n<li>  Les langues officielles de l'OMD sont l'anglais et le fran\u00e7ais.<\/li>\n<li>  L'OMD est financ\u00e9e par les contributions annuelles des membres, ainsi que par des contributions volontaires et des dons.<\/li>\n<li>  L'OMD est \u00e0 l'origine d'un certain nombre d'instruments douaniers, tels que la Convention internationale sur le syst\u00e8me harmonis\u00e9 de d\u00e9signation et de codification des marchandises.<\/li>\n<\/ul>\n<p><strong>Profil de l'Organisation mondiale des douanes :<\/strong><\/p>\n<p>L'OMD se d\u00e9finit comme la voix de la communaut\u00e9 douani\u00e8re et est la seule organisation internationale comp\u00e9tente en mati\u00e8re douani\u00e8re. Elle joue donc un r\u00f4le essentiel dans le d\u00e9veloppement du commerce international l\u00e9gitime et dans l'\u00e9laboration de mesures visant \u00e0 lutter contre la fraude et le vol. <\/p>\n<p>L'objectif de l'OMD est de renforcer les liens entre les administrations douani\u00e8res et leurs partenaires afin de cr\u00e9er un environnement douanier solide et transparent. <\/p>\n<p>Elle s'est \u00e9galement fix\u00e9 comme priorit\u00e9 de contribuer \u00e0 la protection de la soci\u00e9t\u00e9 et du territoire national, et de s\u00e9curiser et faciliter le commerce international, notamment face aux menaces du terrorisme mondial. <\/p>\n<p>L'OMD estime que les fronti\u00e8res divisent mais que les douanes relient. Elle d\u00e9crit sa vision comme \u00e9tant \"le moteur dynamique de la modernisation et de la connectivit\u00e9 dans un monde en mutation rapide\" et d\u00e9clare que sa mission consiste \u00e0 fournir un leadership, des conseils et un soutien aux administrations douani\u00e8res afin de s\u00e9curiser et de faciliter le commerce l\u00e9gitime, de r\u00e9aliser des recettes, de prot\u00e9ger la soci\u00e9t\u00e9 et de renforcer les capacit\u00e9s.<\/p>\n<p><strong>Crit\u00e8res d'adh\u00e9sion :<\/strong><\/p>\n<p>Les membres de l'OMD sont des administrations douani\u00e8res et aucun crit\u00e8re d'adh\u00e9sion n'est indiqu\u00e9 sur le site web.<\/p>\n<p><strong>Opinions sur l'OMD :<\/strong><\/p>\n<p>L'OMD est un organisme douanier mondial bien \u00e9tabli, avec <a href=\"http:\/\/www.britannica.com\/topic\/World-Customs-Organization\" target=\"_blank\" rel=\"noopener\">une entr\u00e9e dans l'encyclop\u00e9die Britannica<\/a>. Le site <a href=\"https:\/\/www.wto.org\/english\/thewto_e\/coher_e\/wto_wco_e.htm\" target=\"_blank\" rel=\"noopener\">L'Organisation mondiale du commerce d\u00e9crit<\/a> l'OMD en tant qu'organisme avec lequel elle coop\u00e8re r\u00e9guli\u00e8rement, notamment en ce qui concerne le classement des marchandises. <\/p>\n<p>L'OMD est mentionn\u00e9e sur les sites web des gouvernements, d\u00e9crite comme fournissant \"un leadership dans l'expansion des avenues du commerce international et de la s\u00e9curit\u00e9\" et jouit clairement d'un statut international reconnu. En termes de membres, ceux qui y adh\u00e8rent ont tendance \u00e0 l'annoncer - par exemple, l'Union europ\u00e9enne, qui a annonc\u00e9 que l <a href=\"http:\/\/ec.europa.eu\/taxation_customs\/common\/international_affairs\/wco\/index_en.htm\" target=\"_blank\" rel=\"noopener\">L'OMD avait accept\u00e9<\/a> sa demande d'adh\u00e9sion \u00e0 partir du 1er juillet 2007.<\/p>\n<blockquote><p>Toutes les questions douani\u00e8res, y compris l'\u00e9laboration d'instruments, de normes et d'outils mondiaux, la simplification et l'harmonisation des proc\u00e9dures douani\u00e8res, la promotion de la comp\u00e9titivit\u00e9 \u00e9conomique, la s\u00e9curit\u00e9 et la facilitation de la cha\u00eene d'approvisionnement mondiale, l'am\u00e9lioration des activit\u00e9s d'application et de conformit\u00e9 douani\u00e8res, la protection de la sant\u00e9 et de la s\u00e9curit\u00e9 publiques, le maintien de la nomenclature des marchandises du Syst\u00e8me harmonis\u00e9 international, la garantie des recettes, le renforcement durable des capacit\u00e9s douani\u00e8res et l'assistance technique, ainsi que la gestion des accords de l'OMC sur l'\u00e9valuation en douane et les r\u00e8gles d'origine, et de la Convention des Nations Unies sur les conteneurs de 1972.<\/p><\/blockquote>\n<p>- <a href=\"http:\/\/www.basel.int\/Default.aspx?tabid=2935\" target=\"_blank\" rel=\"noopener\">Convention de B\u00e2le<\/a><\/p>\n<p><strong>Site web :<\/strong> <a href=\"http:\/\/www.wcoomd.org\/\" target=\"_blank\" rel=\"noopener\">http:\/\/www.wcoomd.org\/<\/a><\/p>\n<p><strong>Pour en savoir plus sur l'exp\u00e9dition, voir :<\/strong> <a href=\"https:\/\/moverdb.com\/fr\/expedition-par-conteneur\/\">Tarifs et co\u00fbts de l'exp\u00e9dition internationale de conteneurs en 2018<\/a> et <a href=\"https:\/\/moverdb.com\/fr\/transporteur-de-marchandises\/\">Guide des co\u00fbts et des entreprises des transitaires et NVOCC internationaux<\/a><\/p>","protected":false},"excerpt":{"rendered":"<p>The World Customs Organisation (WCO) is an independent intergovernmental body that serves as the voice of the customs community. It was set up to make customs administrations around the world more efficient, coordinated and effective. Key facts about WCO: The WCO has 180 members and these members are customs administrations from all over the world. [&hellip;]<\/p>\n","protected":false},"author":1,"featured_media":0,"parent":0,"menu_order":0,"comment_status":"closed","ping_status":"closed","template":"","meta":{"_genesis_hide_title":false,"_genesis_hide_breadcrumbs":false,"_genesis_hide_singular_image":false,"_genesis_hide_footer_widgets":false,"_genesis_custom_body_class":"","_genesis_custom_post_class":"","_genesis_layout":"","footnotes":""},"class_list":{"0":"post-454","1":"page","2":"type-page","3":"status-publish","5":"entry"},"_links":{"self":[{"href":"https:\/\/moverdb.com\/fr\/wp-json\/wp\/v2\/pages\/454","targetHints":{"allow":["GET"]}}],"collection":[{"href":"https:\/\/moverdb.com\/fr\/wp-json\/wp\/v2\/pages"}],"about":[{"href":"https:\/\/moverdb.com\/fr\/wp-json\/wp\/v2\/types\/page"}],"author":[{"embeddable":true,"href":"https:\/\/moverdb.com\/fr\/wp-json\/wp\/v2\/users\/1"}],"replies":[{"embeddable":true,"href":"https:\/\/moverdb.com\/fr\/wp-json\/wp\/v2\/comments?post=454"}],"version-history":[{"count":7,"href":"https:\/\/moverdb.com\/fr\/wp-json\/wp\/v2\/pages\/454\/revisions"}],"predecessor-version":[{"id":6253,"href":"https:\/\/moverdb.com\/fr\/wp-json\/wp\/v2\/pages\/454\/revisions\/6253"}],"wp:attachment":[{"href":"https:\/\/moverdb.com\/fr\/wp-json\/wp\/v2\/media?parent=454"}],"curies":[{"name":"wp","href":"https:\/\/api.w.org\/{rel}","templated":true}]}}