{"id":453,"date":"2016-07-03T20:16:06","date_gmt":"2016-07-03T20:16:06","guid":{"rendered":"http:\/\/moverdb.com\/?page_id=453"},"modified":"2026-01-08T15:20:54","modified_gmt":"2026-01-08T15:20:54","slug":"international-chamber-shipping","status":"publish","type":"page","link":"https:\/\/moverdb.com\/fr\/international-chamber-shipping\/","title":{"rendered":"La Chambre internationale de la marine marchande (ICS) expliqu\u00e9e"},"content":{"rendered":"<p>La Chambre internationale de la marine marchande (ICS) est une association commerciale qui repr\u00e9sente les armateurs et les exploitants de navires par l'interm\u00e9diaire des associations nationales d'armateurs. <\/p>\n<p>Son objectif est de promouvoir les int\u00e9r\u00eats de ses membres dans tous les domaines de l'exploitation des navires et de la politique maritime.<\/p>\n<p><strong>Faits essentiels sur la Chambre internationale de la marine marchande :<\/strong><\/p>\n<ul>\n<li>  Membre du SCI <a href=\"https:\/\/moverdb.com\/fr\/compagnies-maritimes\/\">soci\u00e9t\u00e9s de transport maritime<\/a> exploitent plus de 80% du tonnage marchand mondial.<\/li>\n<li>  Les membres de l'ICS sont des associations nationales d'armateurs d'Asie, d'Europe et des Am\u00e9riques.<\/li>\n<li>  Le SCI a \u00e9t\u00e9 cr\u00e9\u00e9 en 1921.<\/li>\n<li>  L'ICS compte 36 membres et 11 membres associ\u00e9s.<\/li>\n<li>  L'ICS est bas\u00e9 \u00e0 <a href=\"https:\/\/moverdb.com\/fr\/moving-to-london\/\">Londres<\/a>.<\/li>\n<li>  L'ICS est unique car, contrairement aux autres <a href=\"https:\/\/moverdb.com\/fr\/container-shipping\/\" data-internallinksmanager029f6b8e52c=\"3\" title=\"Graphique des taux d&#039;exp\u00e9dition des conteneurs internationaux : Avril 2026\">exp\u00e9dition internationale<\/a> Elle repr\u00e9sente les int\u00e9r\u00eats globaux de tous les diff\u00e9rents m\u00e9tiers du secteur, des op\u00e9rateurs de navires \u00e0 passagers aux op\u00e9rateurs de p\u00e9troliers.<\/li>\n<li>  Le SCI est un organe consultatif aupr\u00e8s de la Commission europ\u00e9enne. <a href=\"https:\/\/moverdb.com\/fr\/international-maritime-organisation\/\" data-internallinksmanager029f6b8e52c=\"24\" title=\"L&#039;Organisation maritime internationale (OMI) expliqu\u00e9e\">Organisation maritime internationale<\/a>La Commission europ\u00e9enne est l'agence des Nations Unies charg\u00e9e de la s\u00e9curit\u00e9 de la vie en mer et de la protection de l'environnement marin.<\/li>\n<li>  L'ICS traite des questions r\u00e9glementaires, op\u00e9rationnelles et juridiques relatives \u00e0 l'industrie du transport maritime.<\/li>\n<\/ul>\n<p><strong>Profil ICS :<\/strong><\/p>\n<p>L'ICS assure la repr\u00e9sentation de ses membres aupr\u00e8s de divers organismes r\u00e9glementaires intergouvernementaux qui ont un impact sur le transport maritime, notamment l'Organisation maritime internationale. <\/p>\n<p>Elle est \u00e9galement une source d'informations pour les membres et a \u00e9labor\u00e9 des conseils et des meilleures pratiques pour ceux qui op\u00e8rent dans le secteur - ces ressources sont propos\u00e9es gratuitement aux armateurs du secteur, ainsi qu'aux membres. <\/p>\n<p>Sa mission est de viser une industrie maritime mondiale qui fonctionne selon des normes \u00e9lev\u00e9es, qui donne la priorit\u00e9 \u00e0 la s\u00e9curit\u00e9 des op\u00e9rations maritimes et \u00e0 la protection de l'environnement. <\/p>\n<p>Bien qu'elle ait \u00e9t\u00e9 cr\u00e9\u00e9e \u00e0 l'origine pour promouvoir le secteur des op\u00e9rateurs maritimes, elle a \u00e9galement pour objectif de coop\u00e9rer avec d'autres organisations, tant gouvernementales que non gouvernementales, afin de contribuer \u00e0 rendre le secteur maritime plus efficace et plus s\u00fbr.<\/p>\n<p><strong>Compagnies maritimes membres (par taille) :<\/strong><\/p>\n<ul>\n<li> <a href=\"https:\/\/moverdb.com\/fr\/maersk\/\">Maersk Line<\/a><\/li>\n<li> <a href=\"https:\/\/moverdb.com\/fr\/societe-de-transport-mediterraneen\/\">Compagnie maritime de la M\u00e9diterran\u00e9e (MSC)<\/a><\/li>\n<\/ul>\n<p><strong>Crit\u00e8res d'adh\u00e9sion :<\/strong><\/p>\n<p>Les membres du SCI sont <a href=\"https:\/\/moverdb.com\/fr\/transporteur-de-marchandises\/\">propri\u00e9taires et exploitants de navires<\/a> du monde entier qui sont repr\u00e9sent\u00e9s par des associations nationales d'armateurs. Ce sont les associations qui d\u00e9tiennent les adh\u00e9sions, les propri\u00e9taires et les exploitants individuels ne peuvent donc pas se porter candidats. <\/p>\n<p>Pour cette raison, aucun crit\u00e8re d'adh\u00e9sion n'est indiqu\u00e9 sur le site web.<\/p>\n<p><strong>Avis sur la Chambre internationale de la marine marchande :<\/strong><\/p>\n<p>L'ICS est cit\u00e9 dans plusieurs publications de l'industrie, commentant les questions d'actualit\u00e9 telles que la r\u00e9duction du CO2. Il est mentionn\u00e9 sur les sites Internet de ses membres, tels que le <a href=\"https:\/\/www.ukchamberofshipping.com\/about-us\/our-partners\/international-chamber-shipping\/\" target=\"_blank\" rel=\"noopener\">Chambre de la marine marchande du Royaume-Uni<\/a>. <\/p>\n<p>Les documents en ligne montrent que l'ICS commente des questions mondiales, telles que les conventions fiscales, et il y a \u00e9galement <a href=\"http:\/\/www.allaboutshipping.co.uk\/category\/associations\/international-chamber-of-shipping\/\" target=\"_blank\" rel=\"noopener\">couverture des \u00e9v\u00e9nements<\/a> comme le <a href=\"http:\/\/www.imo.org\/en\/MediaCentre\/SecretaryGeneral\/SpeechesByTheSecretaryGeneral\/Pages\/ICS2012.aspx\" target=\"_blank\" rel=\"noopener\">Conf\u00e9rence de la Chambre internationale de la marine marchande<\/a> o\u00f9 Koji Sekimizu, secr\u00e9taire g\u00e9n\u00e9ral de l'Organisation maritime internationale, a d\u00e9crit l'ICS comme suit <em>\"Elle est l'une des organisations non gouvernementales qui repr\u00e9sentent le secteur des transports maritimes \u00e0 l'OMI et poss\u00e8de l'un des plus longs pedigrees.\"<\/em> <\/p>\n<p>D'autres sources en ligne font r\u00e9f\u00e9rence \u00e0 l'ICS comme \u00e9tant \"l'association mondiale d'armateurs la plus reconnue\". La cr\u00e9dibilit\u00e9 de l'ICS est \u00e9vidente au vu des publications dans lesquelles son nom appara\u00eet, des associations avec d'autres organismes et du type de questions sur lesquelles elle est invit\u00e9e \u00e0 se prononcer.<\/p>\n<blockquote><p>La Chambre internationale de la marine marchande (ICS) est la principale association professionnelle internationale des armateurs et des exploitants de navires marchands. Elle repr\u00e9sente tous les secteurs et tous les m\u00e9tiers (y compris, entre autres, les p\u00e9troliers, les vraquiers, les porte-conteneurs, les navires de marchandises diverses et les navires sp\u00e9cialis\u00e9s, ainsi que les navires \u00e0 passagers) aupr\u00e8s des divers organismes intergouvernementaux qui ont un impact sur le transport maritime. Les membres de l'ICS sont des associations nationales d'armateurs dans 35 pays, repr\u00e9sentant plus de 80% de la flotte marchande mondiale.<\/p><\/blockquote>\n<p><a href=\"http:\/\/www.oecd.org\/tax\/treaties\/ics-comments-discussion-draft-mtc-international-traffic.pdf\" target=\"_blank\" rel=\"noopener\">OCDE<\/a><\/p>\n<p><strong>Site web :<\/strong> <a href=\"http:\/\/www.ics-shipping.org\/\" target=\"_blank\" rel=\"noopener\">http:\/\/www.ics-shipping.org\/<\/a><\/p>\n<p><strong>Pour en savoir plus sur l'exp\u00e9dition, voir :<\/strong> <a href=\"https:\/\/moverdb.com\/fr\/expedition-par-conteneur\/\">Tarifs et co\u00fbts de l'exp\u00e9dition internationale de conteneurs en 2018<\/a> et <a href=\"https:\/\/moverdb.com\/fr\/transporteur-de-marchandises\/\">Guide des co\u00fbts et des entreprises des transitaires et NVOCC internationaux<\/a><\/p>","protected":false},"excerpt":{"rendered":"<p>The International Chamber of Shipping (ICS) is a trade association that represents ship owners and ship operators via national shipowners associations. Its aim is to promote the interests of its members throughout all issues of ship operation and also shipping policy. Key facts about the International Chamber of Shipping: ICS member shipping companies operate over [&hellip;]<\/p>\n","protected":false},"author":1,"featured_media":0,"parent":0,"menu_order":0,"comment_status":"closed","ping_status":"closed","template":"","meta":{"_genesis_hide_title":false,"_genesis_hide_breadcrumbs":false,"_genesis_hide_singular_image":false,"_genesis_hide_footer_widgets":false,"_genesis_custom_body_class":"","_genesis_custom_post_class":"","_genesis_layout":"","footnotes":""},"class_list":{"0":"post-453","1":"page","2":"type-page","3":"status-publish","5":"entry"},"_links":{"self":[{"href":"https:\/\/moverdb.com\/fr\/wp-json\/wp\/v2\/pages\/453","targetHints":{"allow":["GET"]}}],"collection":[{"href":"https:\/\/moverdb.com\/fr\/wp-json\/wp\/v2\/pages"}],"about":[{"href":"https:\/\/moverdb.com\/fr\/wp-json\/wp\/v2\/types\/page"}],"author":[{"embeddable":true,"href":"https:\/\/moverdb.com\/fr\/wp-json\/wp\/v2\/users\/1"}],"replies":[{"embeddable":true,"href":"https:\/\/moverdb.com\/fr\/wp-json\/wp\/v2\/comments?post=453"}],"version-history":[{"count":10,"href":"https:\/\/moverdb.com\/fr\/wp-json\/wp\/v2\/pages\/453\/revisions"}],"predecessor-version":[{"id":6245,"href":"https:\/\/moverdb.com\/fr\/wp-json\/wp\/v2\/pages\/453\/revisions\/6245"}],"wp:attachment":[{"href":"https:\/\/moverdb.com\/fr\/wp-json\/wp\/v2\/media?parent=453"}],"curies":[{"name":"wp","href":"https:\/\/api.w.org\/{rel}","templated":true}]}}