{"id":452,"date":"2016-07-03T20:39:16","date_gmt":"2016-07-03T20:39:16","guid":{"rendered":"http:\/\/moverdb.com\/?page_id=452"},"modified":"2026-01-08T15:30:42","modified_gmt":"2026-01-08T15:30:42","slug":"conseil-mondial-des-transports-maritimes","status":"publish","type":"page","link":"https:\/\/moverdb.com\/fr\/world-shipping-council\/","title":{"rendered":"Le World Shipping Council (WSC) expliqu\u00e9"},"content":{"rendered":"<p>Le World Shipping Council (WSC) est le porte-parole de l'industrie du transport maritime de ligne. Cr\u00e9\u00e9 \u00e0 l'origine comme un groupe de pression pour les plus grandes entreprises de transport maritime de ligne, il est devenu un conseiller de l'industrie et des gouvernements sur des sujets aussi vari\u00e9s que la s\u00e9curit\u00e9 et les questions environnementales.<\/p>\n<p><strong>Faits essentiels sur le CSM<\/strong><\/p>\n<ul>\n<li>  Le CSM compte 26 membres.<\/li>\n<li>  Les membres du CSM exploitent environ 90 % de la capacit\u00e9 mondiale des navires de ligne.<\/li>\n<li>  Ces services transportent environ 60 % de la valeur du commerce maritime mondial et plus d'un million de tonnes de marchandises. <a href=\"https:\/\/moverdb.com\/fr\/moving-to-the-united-states\/\" data-internallinksmanager029f6b8e52c=\"94\" title=\"Vous partez aux \u00c9tats-Unis ? 2026 Co\u00fbt de la vie et conseils de relocalisation\">US<\/a>$ 4 trillions de dollars de marchandises par an.<\/li>\n<li>  Le CSM est le repr\u00e9sentant mondial de l'industrie du transport maritime de ligne.<\/li>\n<li>  Le CSM a \u00e9t\u00e9 cr\u00e9\u00e9 en 2000 par les PDG des principaux grands paquebots de croisi\u00e8re. <a href=\"https:\/\/moverdb.com\/fr\/compagnies-maritimes\/\">soci\u00e9t\u00e9s de transport maritime<\/a>.<\/li>\n<li>  En 2009, le CSM s'est vu accorder le statut consultatif au sein du <a href=\"https:\/\/moverdb.com\/fr\/international-maritime-organisation\/\" data-internallinksmanager029f6b8e52c=\"24\" title=\"L&#039;Organisation maritime internationale (OMI) expliqu\u00e9e\">Organisation maritime internationale<\/a>.<\/li>\n<li>  Le CSM est bas\u00e9 \u00e0 <a href=\"https:\/\/moverdb.com\/fr\/sinstaller-a-washington-dc\/\">Washington, DC<\/a>.<\/li>\n<li>  Les membres du CSM viennent du monde entier, de <a href=\"https:\/\/moverdb.com\/fr\/moving-to-china\/\" data-internallinksmanager029f6b8e52c=\"357\" title=\"D\u00e9m\u00e9nager en Chine ? 2026 Co\u00fbts de la vie et conseils de relocalisation\">Chine<\/a> en Am\u00e9rique.<\/li>\n<\/ul>\n<p><strong>Profil du World Shipping Council :<\/strong><\/p>\n<p>Le CSM est un organisme industriel cr\u00e9\u00e9 en 2000 par les chefs de file du secteur du transport maritime de ligne. Il a jou\u00e9 un r\u00f4le d\u00e9terminant dans des moments cl\u00e9s pour l'industrie du transport maritime de ligne, comme la collaboration avec les gouvernements et les organisations mondiales pour aider \u00e0 d\u00e9velopper des lois, des r\u00e9glementations et des programmes destin\u00e9s \u00e0 mieux s\u00e9curiser le commerce maritime international \u00e0 la suite des attaques terroristes de 2001. <\/p>\n<p>L'objectif principal du CSM est de travailler sur les questions de commerce, de s\u00e9curit\u00e9 et de douane qui affectent l'industrie elle-m\u00eame, ainsi que son impact sur le monde en g\u00e9n\u00e9ral. Ces derni\u00e8res ann\u00e9es, il a \u00e9galement commenc\u00e9 \u00e0 s'int\u00e9resser aux questions environnementales. <\/p>\n<p>Le CSM est consid\u00e9r\u00e9 comme un conseiller respect\u00e9 tant par l'industrie que par les gouvernements - il s'est par exemple vu accorder le statut consultatif aupr\u00e8s de l'Organisation maritime internationale. Il joue \u00e9galement un r\u00f4le actif dans les d\u00e9bats politiques lorsque ces politiques ont un effet sur le secteur du transport maritime de ligne.<\/p>\n<p><strong>Entreprises membres par taille :<\/strong><\/p>\n<ul>\n<li> <a href=\"https:\/\/moverdb.com\/fr\/cma-cgm\/\">Groupe CMA CGM<\/a><\/li>\n<li> <a href=\"https:\/\/moverdb.com\/fr\/hapag-lloyd\/\">Hapag-Lloyd<\/a><\/li>\n<li> <a href=\"https:\/\/moverdb.com\/fr\/evergreen-marine\/\">Evergreen Marine<\/a><\/li>\n<li> <a href=\"https:\/\/moverdb.com\/fr\/hambourg-sud\/\">Hambourg S\u00fcd<\/a><\/li>\n<\/ul>\n<p><strong>Crit\u00e8res d'adh\u00e9sion :<\/strong><\/p>\n<p>Aucun crit\u00e8re d'adh\u00e9sion n'est indiqu\u00e9 sur le site web. Le CSM d\u00e9crit ses membres comme suit <em>\"Ils ont investi des centaines de milliards de dollars dans des navires, <a href=\"https:\/\/moverdb.com\/fr\/top-49-container-ports\/\" data-internallinksmanager029f6b8e52c=\"80\" title=\"Les 49 ports \u00e0 conteneurs les plus importants et les plus fr\u00e9quent\u00e9s en 2025\">port<\/a> les terminaux, les entreprises de camionnage, les entrep\u00f4ts et la technologie afin de garantir qu'une grande vari\u00e9t\u00e9 d'options continue d'exister pour un transport international de marchandises s\u00fbr, fiable et \u00e9conomique.\"<\/em> <\/p>\n<p>Il en ressort clairement que l'adh\u00e9sion n'est pas ouverte \u00e0 n'importe quelle entreprise. Parmi les membres repr\u00e9sentatifs, on trouve Hyundai Merchant Marine Company et United Arab <a href=\"https:\/\/moverdb.com\/fr\/shipping-companies\/\" data-internallinksmanager029f6b8e52c=\"4\" title=\"Les 10 meilleures soci\u00e9t\u00e9s internationales d&#039;exp\u00e9dition de conteneurs\">Soci\u00e9t\u00e9 d'exp\u00e9dition<\/a>.<\/p>\n<p>Il y a une adresse \u00e9lectronique de contact qui pourrait \u00eatre utilis\u00e9e pour ceux qui veulent se renseigner sur l'adh\u00e9sion : info@worldshipping.org.<\/p>\n<p><strong>Opinions sur le CSM :<\/strong><\/p>\n<p>Le CSM est <a href=\"http:\/\/www.iims.org.uk\/world-shipping-council-advises-prepare-container-weight-verification\/\" target=\"_blank\" rel=\"noopener\">cit\u00e9 dans des reportages<\/a> comme une source d'information sur les changements r\u00e9glementaires et l\u00e9gislatifs et est clairement une organisation respect\u00e9e qui fournit un canal de communication entre les l\u00e9gislateurs et l'industrie. <\/p>\n<p>Il a \u00e9galement contribu\u00e9 \u00e0 dissiper la confusion entourant les changements juridiques \u00e0 venir et \u00e0 faciliter le passage de la l\u00e9gislation du droit \u00e9crit \u00e0 la r\u00e9alit\u00e9. <\/p>\n<p>Bien que la liste des membres figure sur le site du CSM, une v\u00e9rification rapide de quelques sites d'entreprises r\u00e9v\u00e8le qu'elles n'affichent pas de mani\u00e8re visible leur appartenance au CSM. <\/p>\n<p>Cela est tr\u00e8s probablement d\u00fb au fait que le WSC n'est pas une accr\u00e9ditation appropri\u00e9e pour un site web commercial, mais un organisme industriel o\u00f9 ces entreprises ont un r\u00f4le consultatif et de conseil.<\/p>\n<p><strong>Site web :<\/strong> <a href=\"http:\/\/www.worldshipping.org\/\" target=\"_blank\" rel=\"noopener\">http:\/\/www.worldshipping.org\/<\/a><\/p>\n<p><strong>Pour en savoir plus sur l'exp\u00e9dition, voir :<\/strong> <a href=\"https:\/\/moverdb.com\/fr\/expedition-par-conteneur\/\">Tarifs et co\u00fbts de l'exp\u00e9dition internationale de conteneurs en 2018<\/a> et <a href=\"https:\/\/moverdb.com\/fr\/transporteur-de-marchandises\/\">Guide des co\u00fbts et des entreprises des transitaires et NVOCC internationaux<\/a><\/p>","protected":false},"excerpt":{"rendered":"<p>The World Shipping Council (WSC) provides a voice for the liner shipping industry. It was initially established as a lobbying group for the biggest liner shipping businesses and has become an advisor to industry and government on topics as varied as security and environmental issues. Key facts about the WSC The WSC has 26 members. [&hellip;]<\/p>\n","protected":false},"author":1,"featured_media":0,"parent":0,"menu_order":0,"comment_status":"closed","ping_status":"closed","template":"","meta":{"_genesis_hide_title":false,"_genesis_hide_breadcrumbs":false,"_genesis_hide_singular_image":false,"_genesis_hide_footer_widgets":false,"_genesis_custom_body_class":"","_genesis_custom_post_class":"","_genesis_layout":"","footnotes":""},"class_list":{"0":"post-452","1":"page","2":"type-page","3":"status-publish","5":"entry"},"_links":{"self":[{"href":"https:\/\/moverdb.com\/fr\/wp-json\/wp\/v2\/pages\/452","targetHints":{"allow":["GET"]}}],"collection":[{"href":"https:\/\/moverdb.com\/fr\/wp-json\/wp\/v2\/pages"}],"about":[{"href":"https:\/\/moverdb.com\/fr\/wp-json\/wp\/v2\/types\/page"}],"author":[{"embeddable":true,"href":"https:\/\/moverdb.com\/fr\/wp-json\/wp\/v2\/users\/1"}],"replies":[{"embeddable":true,"href":"https:\/\/moverdb.com\/fr\/wp-json\/wp\/v2\/comments?post=452"}],"version-history":[{"count":12,"href":"https:\/\/moverdb.com\/fr\/wp-json\/wp\/v2\/pages\/452\/revisions"}],"predecessor-version":[{"id":6254,"href":"https:\/\/moverdb.com\/fr\/wp-json\/wp\/v2\/pages\/452\/revisions\/6254"}],"wp:attachment":[{"href":"https:\/\/moverdb.com\/fr\/wp-json\/wp\/v2\/media?parent=452"}],"curies":[{"name":"wp","href":"https:\/\/api.w.org\/{rel}","templated":true}]}}