{"id":451,"date":"2016-07-04T14:16:48","date_gmt":"2016-07-04T14:16:48","guid":{"rendered":"http:\/\/moverdb.com\/?page_id=451"},"modified":"2026-01-08T14:39:55","modified_gmt":"2026-01-08T14:39:55","slug":"organisation-internationale-maritime","status":"publish","type":"page","link":"https:\/\/moverdb.com\/fr\/international-maritime-organisation\/","title":{"rendered":"L'Organisation maritime internationale (OMI) expliqu\u00e9e"},"content":{"rendered":"<p>L'Organisation maritime internationale (OMI) est une agence des Nations unies, bas\u00e9e dans l'Union europ\u00e9enne. <a href=\"https:\/\/moverdb.com\/fr\/moving-to-the-uk\/\" data-internallinksmanager029f6b8e52c=\"93\" title=\"Vous partez au Royaume-Uni ? 2026 Co\u00fbt de la vie et conseils de relocalisation\">ROYAUME-UNI<\/a>qui est responsable de la r\u00e9glementation du transport maritime. Elle se d\u00e9crit comme l'autorit\u00e9 normative mondiale en mati\u00e8re de s\u00e9curit\u00e9, de s\u00fbret\u00e9 et de performance environnementale des navires. <a href=\"https:\/\/moverdb.com\/fr\/expedition-par-conteneur\/\">exp\u00e9dition internationale<\/a>.<\/p>\n<p><strong>Faits essentiels sur l'Organisation maritime internationale<\/strong><\/p>\n<ul>\n<li>  L'OMI compte 171 \u00c9tats membres et trois membres associ\u00e9s.<\/li>\n<li>  L'OMI est une agence des Nations unies cr\u00e9\u00e9e en 1948, qui est entr\u00e9e en fonction une d\u00e9cennie plus tard.<\/li>\n<li>  La plupart des \u00c9tats membres qui n'ont pas adh\u00e9r\u00e9 \u00e0 l'OMI sont des pays enclav\u00e9s qui ne s'int\u00e9ressent pas au transport maritime et n'y participent pas.<\/li>\n<li>  Les trois membres associ\u00e9s de l'OMI sont les \u00eeles F\u00e9ro\u00e9, <a href=\"https:\/\/moverdb.com\/fr\/moving-to-hong-kong\/\" data-internallinksmanager029f6b8e52c=\"350\" title=\"D\u00e9m\u00e9nager \u00e0 Hong Kong ? 2026 Co\u00fbts de la vie et conseils de relocalisation\">Hong Kong<\/a> et Macao.<\/li>\n<li>  La Convention internationale pour la sauvegarde de la vie humaine en mer est l'un des instruments juridiques les plus connus de l'OMI.<\/li>\n<li>  <a href=\"https:\/\/moverdb.com\/fr\/container-shipping\/\" data-internallinksmanager029f6b8e52c=\"3\" title=\"Graphique des taux d&#039;exp\u00e9dition des conteneurs internationaux : Avril 2026\">Exp\u00e9dition internationale<\/a> transporte plus de 80% du commerce mondial vers les populations et les communaut\u00e9s du monde entier.<\/li>\n<li>  Les attributions de l'OMI couvrent tous les aspects de la navigation internationale, y compris la conception, la construction, l'\u00e9quipement, les effectifs, l'exploitation et l'\u00e9limination des navires.<\/li>\n<li>  Les organisations internationales non gouvernementales qui ont la capacit\u00e9 d'apporter une contribution substantielle aux travaux de l'OMI peuvent se voir accorder le statut consultatif par le Conseil avec l'approbation de l'Assembl\u00e9e.<\/li>\n<\/ul>\n<p><strong>Profil OMI<\/strong><\/p>\n<p>L'OMI est une agence mondiale qui rel\u00e8ve de l'ONU. Elle est compos\u00e9e de l'Assembl\u00e9e, d'un Conseil et de cinq comit\u00e9s principaux : <\/p>\n<ol>\n<li> Le comit\u00e9 de s\u00e9curit\u00e9 maritime<\/li>\n<li> Le comit\u00e9 de protection du milieu marin<\/li>\n<li> La Commission juridique<\/li>\n<li> Le Comit\u00e9 de coop\u00e9ration technique<\/li>\n<li> Le comit\u00e9 de facilitation<\/li>\n<\/ol>\n<p>L'OMI est \u00e0 l'origine de nombreux instruments juridiques qui ont pour but d'am\u00e9liorer la s\u00e9curit\u00e9 en mer, d'am\u00e9liorer le commerce entre les \u00c9tats maritimes et de prot\u00e9ger l'environnement maritime. <\/p>\n<p>L'OMI ne se contente pas d'examiner le secteur du transport maritime tel qu'il est actuellement, elle s'efforce \u00e9galement de garantir son avenir en termes de s\u00e9curit\u00e9, de respect de l'environnement et d'efficacit\u00e9 \u00e9nerg\u00e9tique. <\/p>\n<p>Il y a tr\u00e8s peu de choses que l'OMI ne couvre pas, notamment l'\u00e9l\u00e9ment humain du secteur des transports maritimes, la s\u00fbret\u00e9 maritime et la coop\u00e9ration technique, qui est con\u00e7ue pour aider les gouvernements qui ne disposent pas des connaissances et des ressources techniques n\u00e9cessaires pour exploiter avec succ\u00e8s un secteur des transports maritimes.<\/p>\n<p><strong>Crit\u00e8res d'adh\u00e9sion <\/strong><\/p>\n<p>L'adh\u00e9sion se fait sur la base des \u00c9tats. Pour devenir membre de l'OMI, un \u00c9tat ratifie un trait\u00e9 multilat\u00e9ral connu sous le nom de Convention sur l'Organisation maritime internationale.<\/p>\n<p><strong>Opinions sur l'OMI :<\/strong><\/p>\n<p>L'OMI est une organisation mondiale <a href=\"http:\/\/www.unsceb.org\/content\/imo\" target=\"_blank\" rel=\"noopener\">Organisation renomm\u00e9e<\/a> avec un statut reconnu. Elle est tr\u00e8s visible et constitue une force puissante au sein de l'industrie maritime. En ligne, les informations sur l'OMI se concentrent sur son r\u00f4le dans la promotion de la coop\u00e9ration intergouvernementale, ainsi que sur l'organisation de conf\u00e9rences internationales sur les questions de transport maritime et la r\u00e9daction de conventions ou d'accords internationaux \u00e0 ce sujet. <\/p>\n<p>Son r\u00f4le en mati\u00e8re de s\u00e9curit\u00e9 est \u00e9galement soulign\u00e9 dans les endroits o\u00f9 il est mentionn\u00e9. Comme l'adh\u00e9sion \u00e0 l'OMI se fait par \u00c9tat, elle n'est pas mentionn\u00e9e sur les sites web des entreprises individuelles, mais elle appara\u00eet fr\u00e9quemment dans les documents suivants <a href=\"http:\/\/www.britannica.com\/topic\/International-Maritime-Organization\" target=\"_blank\" rel=\"noopener\">encyclop\u00e9dies en ligne<\/a> et des sites web qui d\u00e9crivent la structure de l'ONU.<\/p>\n<p><strong>Site web :<\/strong> <a href=\"http:\/\/www.imo.org\/en\/Pages\/Default.aspx\" target=\"_blank\" rel=\"noopener\">http:\/\/www.imo.org\/<\/a><\/p>\n<p><strong>Pour en savoir plus sur l'exp\u00e9dition, voir :<\/strong> <a href=\"https:\/\/moverdb.com\/fr\/expedition-par-conteneur\/\">Tarifs et co\u00fbts de l'exp\u00e9dition internationale de conteneurs en 2018<\/a> et <a href=\"https:\/\/moverdb.com\/fr\/transporteur-de-marchandises\/\">Guide des co\u00fbts et des entreprises des transitaires et NVOCC internationaux<\/a><\/p>","protected":false},"excerpt":{"rendered":"<p>The International Maritime Organisation (IMO) is a UN agency, based in the UK, which is responsible for regulating shipping. It describes itself as the global standard-setting authority for the safety, security and environmental performance of international shipping. Key facts about the International Maritime Organisation The IMO has 171 Member States and three Associate Members. The [&hellip;]<\/p>\n","protected":false},"author":1,"featured_media":0,"parent":0,"menu_order":0,"comment_status":"closed","ping_status":"closed","template":"","meta":{"_genesis_hide_title":false,"_genesis_hide_breadcrumbs":false,"_genesis_hide_singular_image":false,"_genesis_hide_footer_widgets":false,"_genesis_custom_body_class":"","_genesis_custom_post_class":"","_genesis_layout":"","footnotes":""},"class_list":{"0":"post-451","1":"page","2":"type-page","3":"status-publish","5":"entry"},"_links":{"self":[{"href":"https:\/\/moverdb.com\/fr\/wp-json\/wp\/v2\/pages\/451","targetHints":{"allow":["GET"]}}],"collection":[{"href":"https:\/\/moverdb.com\/fr\/wp-json\/wp\/v2\/pages"}],"about":[{"href":"https:\/\/moverdb.com\/fr\/wp-json\/wp\/v2\/types\/page"}],"author":[{"embeddable":true,"href":"https:\/\/moverdb.com\/fr\/wp-json\/wp\/v2\/users\/1"}],"replies":[{"embeddable":true,"href":"https:\/\/moverdb.com\/fr\/wp-json\/wp\/v2\/comments?post=451"}],"version-history":[{"count":6,"href":"https:\/\/moverdb.com\/fr\/wp-json\/wp\/v2\/pages\/451\/revisions"}],"predecessor-version":[{"id":13163,"href":"https:\/\/moverdb.com\/fr\/wp-json\/wp\/v2\/pages\/451\/revisions\/13163"}],"wp:attachment":[{"href":"https:\/\/moverdb.com\/fr\/wp-json\/wp\/v2\/media?parent=451"}],"curies":[{"name":"wp","href":"https:\/\/api.w.org\/{rel}","templated":true}]}}