{"id":449,"date":"2016-07-04T14:35:22","date_gmt":"2016-07-04T14:35:22","guid":{"rendered":"http:\/\/moverdb.com\/?page_id=449"},"modified":"2026-01-08T14:48:17","modified_gmt":"2026-01-08T14:48:17","slug":"eurovan-movers","status":"publish","type":"page","link":"https:\/\/moverdb.com\/fr\/eurovan-movers\/","title":{"rendered":"Le r\u00e9seau international de d\u00e9m\u00e9nageurs Eurovan (EM) expliqu\u00e9"},"content":{"rendered":"<p>Le r\u00e9seau de d\u00e9m\u00e9nageurs internationaux Eurovan (EM) est un r\u00e9seau de d\u00e9m\u00e9nageurs locaux ind\u00e9pendants bas\u00e9s dans les pays suivants <a href=\"https:\/\/moverdb.com\/fr\/moving-to-germany\/\" data-internallinksmanager029f6b8e52c=\"321\" title=\"D\u00e9m\u00e9nager en Allemagne ? 2026 Co\u00fbts de la vie et conseils de relocalisation\">Allemagne<\/a>. Le r\u00e9seau est con\u00e7u pour r\u00e9pondre \u00e0 la n\u00e9cessit\u00e9 de pouvoir fournir des niveaux de service coh\u00e9rents pour les d\u00e9m\u00e9nagements internationaux qui peuvent traverser plusieurs pays.<\/p>\n<p><strong>Faits essentiels concernant Eurovan International Movers Network :<\/strong><\/p>\n<ul>\n<li>  Lorsqu'un d\u00e9m\u00e9nagement a lieu enti\u00e8rement en Europe, le si\u00e8ge de l'EM suit, coordonne et contr\u00f4le tous les d\u00e9m\u00e9nagements entre un pays et un autre.<\/li>\n<li>  EM offre une gamme de services via son r\u00e9seau, notamment des services de coordination et d'exploitation, de stockage et d'entreposage, d'emballage et de d\u00e9ballage, ainsi que des services d'origine et de destination.<\/li>\n<li>  EM compte sept partenaires dans le monde, couvrant l'Afrique, l'Asie, l'Am\u00e9rique du Nord et l'Am\u00e9rique du Sud.<\/li>\n<li>  EM compte environ 35 partenaires europ\u00e9ens, dont huit aux \u00c9tats-Unis. <a href=\"https:\/\/moverdb.com\/fr\/demenagements-internationaux\/\">ROYAUME-UNI<\/a>.<\/li>\n<li>  Lorsque le si\u00e8ge d'EM surveille un d\u00e9m\u00e9nagement, cela permet \u00e0 EM de r\u00e9duire le kilom\u00e9trage \u00e0 vide et de trouver des moyens de r\u00e9aliser des \u00e9conomies.<\/li>\n<li>  La port\u00e9e de l'EM est mondiale.<\/li>\n<\/ul>\n<p><strong>Profil d'Eurovan Movers :<\/strong><\/p>\n<p>EM est une organisation qui fonctionne sur la base de \"partenaires\" plut\u00f4t que de membres. Bien qu'il n'existe pas de crit\u00e8res d'adh\u00e9sion, il est clair que le processus pour devenir partenaire est assez complexe et n\u00e9cessite une bonne ad\u00e9quation entre EM et le partenaire potentiel, ainsi que la capacit\u00e9 d'apporter des id\u00e9es nouvelles. <\/p>\n<p>La plupart des destinations des cat\u00e9gories \"partenaires europ\u00e9ens\" et \"partenaires mondiaux\" n'ont qu'une seule entreprise r\u00e9pertori\u00e9e - \u00e0 l'exception de l'Allemagne, qui est l'un des principaux pays de l'UE. <a href=\"https:\/\/moverdb.com\/fr\/moving-to-the-uk\/\" data-internallinksmanager029f6b8e52c=\"93\" title=\"Vous partez au Royaume-Uni ? 2026 Co\u00fbt de la vie et conseils de relocalisation\">ROYAUME-UNI<\/a>, <a href=\"https:\/\/moverdb.com\/fr\/moving-to-switzerland\/\" data-internallinksmanager029f6b8e52c=\"327\" title=\"D\u00e9m\u00e9nager en Suisse ? 2026 Co\u00fbts de la vie et conseils de relocalisation\">Suisse<\/a> et <a href=\"https:\/\/moverdb.com\/fr\/moving-to-italy\/\" data-internallinksmanager029f6b8e52c=\"346\" title=\"D\u00e9m\u00e9nager en Italie ? 2026 Co\u00fbts de la vie et conseils de relocalisation\">Italie<\/a>qui ont 4+. <\/p>\n<p>L'id\u00e9e d'EM est d'offrir aux clients une approche plus coh\u00e9rente d'un d\u00e9m\u00e9nagement international en mettant en relation des d\u00e9m\u00e9nageurs locaux ind\u00e9pendants. EM coordonne lui-m\u00eame le processus lorsque le d\u00e9m\u00e9nagement a lieu au sein de l'UE. <\/p>\n<p>Ce qui distingue EM, c'est le fait qu'il dispose d'un commandement centralis\u00e9 mais qu'il travaille avec des d\u00e9m\u00e9nageurs locaux, conservant ainsi les connaissances et les connexions locales, tout en \u00e9tant capable d'offrir un contr\u00f4le central.<\/p>\n<p><strong>Crit\u00e8res d'adh\u00e9sion :<\/strong><\/p>\n<p>Aucun crit\u00e8re d'adh\u00e9sion n'est indiqu\u00e9 sur le site web - \u00e0 la place, le site web dit ceci :<\/p>\n<blockquote><p>Il faut certainement plus que d'avoir effectu\u00e9 un ou deux d\u00e9m\u00e9nagements domestiques pour devenir partenaire.<\/p>\n<p>Si vous pensez pouvoir b\u00e9n\u00e9ficier des synergies qu'un r\u00e9seau peut offrir, et si vous pensez que certaines de vos id\u00e9es fra\u00eeches et non conventionnelles devraient \u00eatre fusionn\u00e9es avec l'exp\u00e9rience de plus de 30 ans de d\u00e9m\u00e9nagement, vous avez maintenant trouv\u00e9 la bonne source. <\/p>\n<p>Pour en savoir plus sur les technologies cl\u00e9s et les autres avantages auxquels tous les partenaires d'Eurovan ont acc\u00e8s, veuillez contacter Tobia Crisostomo. Il sera heureux de r\u00e9pondre \u00e0 toutes vos questions sur les avantages de devenir un partenaire d'Eurovan et de vous aider \u00e0 vous engager sur la voie d'une visibilit\u00e9 et d'une flexibilit\u00e9 accrues dans le secteur du d\u00e9m\u00e9nagement.<\/p><\/blockquote>\n<p>EUROVAN - Le r\u00e9seau international de d\u00e9m\u00e9nageurs<br \/>\nTobia Crisostomo<br \/>\nNeckarauer Stra\u00dfe 35\/41<br \/>\nD-68199 Mannheim, Allemagne<br \/>\nT\u00e9l : +49(0)621-3 97 40 93<br \/>\nFax : +49(0)621-3 97 40 94<br \/>\nCourriel : crisostomo@eurovan.com<\/p>\n<p><strong>Exemples de soci\u00e9t\u00e9s membres<\/strong><\/p>\n<ul>\n<li> <a href=\"https:\/\/moverdb.com\/fr\/movecorp\/\">Movecorp<\/a><\/li>\n<\/ul>\n<p><strong>Avis sur le r\u00e9seau international de d\u00e9m\u00e9nageurs Eurovan<\/strong><\/p>\n<p>Eurovan Movers n'appara\u00eet pas souvent sur Internet - ce qui n'est pas surprenant compte tenu du nombre limit\u00e9 de ses \"partenaires\" - mais il y a... <a href=\"http:\/\/www.centralmoves.co.uk\/removal-solutions\/uk-removals\/\" target=\"_blank\" rel=\"noopener\">sont un couple<\/a> d'entreprises qui <a href=\"http:\/\/pegasusmoving.fi\/cr3ativsponsor\/eurovan-the-european-movers-network\" target=\"_blank\" rel=\"noopener\">le mentionner<\/a>. <\/p>\n<p>Il y a <a href=\"http:\/\/www.complaintsboard.com\/complaints\/eurovan-movers-c292449.html\" target=\"_blank\" rel=\"noopener\">un certain nombre de<\/a> <a href=\"http:\/\/panamainternationalmovers.blogspot.co.uk\" target=\"_blank\" rel=\"noopener\">mauvaises critiques<\/a> pour le <a href=\"https:\/\/moverdb.com\/fr\/moving-to-panama\/\" data-internallinksmanager029f6b8e52c=\"432\" title=\"D\u00e9m\u00e9nager au Panama ? 2026 Co\u00fbts de la vie et conseils de relocalisation\">Panama<\/a> partenaire du groupe - responsable d'une exp\u00e9rience n\u00e9gative, d'objets vol\u00e9s et d'objets endommag\u00e9s. <\/p>\n<p>Aucun partenaire panam\u00e9en ne figure d\u00e9sormais sur le site web d'Eurovan Movers. Il se peut donc que le partenariat ait \u00e9t\u00e9 dissous apr\u00e8s les plaintes. <a href=\"https:\/\/moverdb.com\/fr\/organisations-associations\/\">Eurovan figure parmi les<\/a> des \"organisations, associations, programmes, guildes, conseils, etc. les plus importants dans le domaine du d\u00e9m\u00e9nagement et du transport maritime international\", aux c\u00f4t\u00e9s d'organisations telles que <a href=\"https:\/\/moverdb.com\/fr\/british-association-of-removers\/\" data-internallinksmanager029f6b8e52c=\"9\" title=\"Explication de la British Association of Removers (BAR)\">Association britannique des d\u00e9m\u00e9nageurs<\/a>.<\/p>\n<p><strong>Site web :<\/strong> <a href=\"http:\/\/www.eurovan.com\/\" target=\"_blank\" rel=\"noopener\">http:\/\/www.eurovan.com\/<\/a><\/p>","protected":false},"excerpt":{"rendered":"<p>Eurovan International Movers Network (EM) is a network of independent local movers based in Germany. The network is designed to respond to the need to be able to provide consistent levels of service for international moves that may cross several countries. Key facts about Eurovan International Movers Network: Where a move is taking place entirely [&hellip;]<\/p>\n","protected":false},"author":1,"featured_media":0,"parent":0,"menu_order":0,"comment_status":"closed","ping_status":"closed","template":"","meta":{"_genesis_hide_title":false,"_genesis_hide_breadcrumbs":false,"_genesis_hide_singular_image":false,"_genesis_hide_footer_widgets":false,"_genesis_custom_body_class":"","_genesis_custom_post_class":"","_genesis_layout":"","footnotes":""},"class_list":{"0":"post-449","1":"page","2":"type-page","3":"status-publish","5":"entry"},"_links":{"self":[{"href":"https:\/\/moverdb.com\/fr\/wp-json\/wp\/v2\/pages\/449","targetHints":{"allow":["GET"]}}],"collection":[{"href":"https:\/\/moverdb.com\/fr\/wp-json\/wp\/v2\/pages"}],"about":[{"href":"https:\/\/moverdb.com\/fr\/wp-json\/wp\/v2\/types\/page"}],"author":[{"embeddable":true,"href":"https:\/\/moverdb.com\/fr\/wp-json\/wp\/v2\/users\/1"}],"replies":[{"embeddable":true,"href":"https:\/\/moverdb.com\/fr\/wp-json\/wp\/v2\/comments?post=449"}],"version-history":[{"count":7,"href":"https:\/\/moverdb.com\/fr\/wp-json\/wp\/v2\/pages\/449\/revisions"}],"predecessor-version":[{"id":6205,"href":"https:\/\/moverdb.com\/fr\/wp-json\/wp\/v2\/pages\/449\/revisions\/6205"}],"wp:attachment":[{"href":"https:\/\/moverdb.com\/fr\/wp-json\/wp\/v2\/media?parent=449"}],"curies":[{"name":"wp","href":"https:\/\/api.w.org\/{rel}","templated":true}]}}