{"id":448,"date":"2016-07-04T14:52:09","date_gmt":"2016-07-04T14:52:09","guid":{"rendered":"http:\/\/moverdb.com\/?page_id=448"},"modified":"2026-01-08T13:18:20","modified_gmt":"2026-01-08T13:18:20","slug":"association-de-transport-de-marchandises","status":"publish","type":"page","link":"https:\/\/moverdb.com\/fr\/freight-transport-association\/","title":{"rendered":"L'Association du transport de marchandises (FTA) expliqu\u00e9e"},"content":{"rendered":"<p>L'Association du transport de marchandises (FTA) a \u00e9t\u00e9 cr\u00e9\u00e9e pour repr\u00e9senter les int\u00e9r\u00eats de l'industrie du transport de marchandises. <a href=\"https:\/\/moverdb.com\/fr\/compagnies-maritimes\/\">entreprises de logistique<\/a>qu'ils transportent des marchandises par voie maritime, a\u00e9rienne, routi\u00e8re ou ferroviaire. Elle a particip\u00e9 \u00e0 des campagnes tr\u00e8s m\u00e9diatis\u00e9es sur des questions telles que la taxe sur les carburants et l'octroi de licences.<\/p>\n<p><strong>Faits essentiels sur l'ALE :<\/strong><\/p>\n<ul>\n<li>  Les racines de l'ALE remontent \u00e0 1889.<\/li>\n<li>  Les membres de la FTA exploitent plus de 200 000 camions, soit pr\u00e8s de la moiti\u00e9 de la population de l'UE. <a href=\"https:\/\/moverdb.com\/fr\/moving-to-the-uk\/\" data-internallinksmanager029f6b8e52c=\"93\" title=\"Vous partez au Royaume-Uni ? 2026 Co\u00fbt de la vie et conseils de relocalisation\">ROYAUME-UNI<\/a> flotte.<\/li>\n<li>  Les membres livrent plus de 90% de marchandises transport\u00e9es par le rail.<\/li>\n<li>  Les membres de la FTA sont responsables de 70% des exportations visibles du Royaume-Uni par voie maritime et a\u00e9rienne.<\/li>\n<li>  La FTA compte plus de 15 000 membres et est la plus grande association commerciale de fret du Royaume-Uni.<\/li>\n<li>  Les 360 employ\u00e9s de la FTA traitent plus de 50 000 demandes de renseignements des membres chaque ann\u00e9e.<\/li>\n<li>  L'adh\u00e9sion \u00e0 la FTA est limit\u00e9e \u00e0 <a href=\"https:\/\/moverdb.com\/fr\/demenagements-internationaux\/\">Soci\u00e9t\u00e9s britanniques<\/a>.<\/li>\n<\/ul>\n<p><strong>Profil de la Freight Transport Association :<\/strong><\/p>\n<p>La FTA d\u00e9finit sa mission comme \"une logistique s\u00fbre, durable et efficace\". Elle joue plusieurs r\u00f4les diff\u00e9rents, notamment celui de repr\u00e9senter ses membres aux niveaux local, national et europ\u00e9en et de mener des campagnes de sensibilisation au secteur de la logistique. <\/p>\n<p>La FTA veille \u00e9galement \u00e0 ce que ses membres soient au fait des derni\u00e8res exigences en mati\u00e8re de conformit\u00e9 pour leurs entreprises et propose un large \u00e9ventail de programmes de formation con\u00e7us pour contribuer \u00e0 \u00e9lever les normes et \u00e0 am\u00e9liorer les conditions de travail. <\/p>\n<p>En outre, la FTA est une source d'information sur le secteur qu'elle repr\u00e9sente, produisant des rapports sur des sujets tels que le fonctionnement de l'industrie de la logistique et les d\u00e9fis auxquels elle est confront\u00e9e. <\/p>\n<p>Les avantages de l'adh\u00e9sion comprennent des briefings et des guides de conformit\u00e9, un service de r\u00e9cup\u00e9ration de v\u00e9hicules \u00e0 la carte et un r\u00e9pertoire de fournisseurs en ligne.<\/p>\n<p>Les cat\u00e9gories d'adh\u00e9sion comprennent :<\/p>\n<ul>\n<li> Adh\u00e9sion des conducteurs de v\u00e9hicules<\/li>\n<li> Adh\u00e9sion d'un op\u00e9rateur non-v\u00e9hicule<\/li>\n<li> Adh\u00e9sion des passagers<\/li>\n<li> Membres des autorit\u00e9s locales<\/li>\n<li> Membres de l'autorit\u00e9 statutaire<\/li>\n<li> Adh\u00e9sion \u00e0 la branche<\/li>\n<\/ul>\n<p><strong>Crit\u00e8res d'adh\u00e9sion :<\/strong><\/p>\n<p>La FTA propose les diff\u00e9rents types d'adh\u00e9sion \u00e9num\u00e9r\u00e9s ci-dessous. Il n'y a pas de crit\u00e8res pour devenir membre mais les entreprises doivent correspondre \u00e0 la d\u00e9finition de l'une des activit\u00e9s ci-dessous et accepter les termes des statuts de Freight Transport Association Ltd. <\/p>\n<p>Certaines informations suppl\u00e9mentaires sont requises pour chaque cat\u00e9gorie d'adh\u00e9sion afin d'appuyer la demande, comme indiqu\u00e9 ci-dessous.<\/p>\n<ul>\n<li> Adh\u00e9sion de l'exploitant de v\u00e9hicules - nombre de v\u00e9hicules exploit\u00e9s et nature de l'activit\u00e9.<\/li>\n<li> Adh\u00e9sion en tant que membre non conducteur de v\u00e9hicule - nature de l'activit\u00e9.<\/li>\n<li> Adh\u00e9sion des passagers - chiffre d'affaires annuel, nature de l'activit\u00e9, nombre de v\u00e9hicules exploit\u00e9s.<\/li>\n<li> Adh\u00e9sion de l'autorit\u00e9 locale - nombre de v\u00e9hicules exploit\u00e9s et population de la r\u00e9gion desservie par l'autorit\u00e9 locale.<\/li>\n<li> Membres de l'autorit\u00e9 statutaire - nombre de v\u00e9hicules exploit\u00e9s et population de la r\u00e9gion desservie par l'autorit\u00e9.<\/li>\n<li> Adh\u00e9sion \u00e0 la branche - nombre de v\u00e9hicules exploit\u00e9s, nature de l'activit\u00e9.<\/li>\n<\/ul>\n<p><strong>Exemples de soci\u00e9t\u00e9s membres<\/strong><\/p>\n<ul>\n<li> <a href=\"https:\/\/moverdb.com\/fr\/shore-porters-society\/\">Soci\u00e9t\u00e9 des porteurs c\u00f4tiers<\/a><\/li>\n<li> <a href=\"https:\/\/moverdb.com\/fr\/movecorp\/\">Movecorp<\/a><\/li>\n<\/ul>\n<p><strong>Opinions sur l'ALE :<\/strong><\/p>\n<p>L'ALE b\u00e9n\u00e9ficie du soutien de grands noms de l'industrie, tels que PWC, qui appose son nom sur l'\u00e9dition annuelle de l'ALE. <a href=\"http:\/\/www.pwc.co.uk\/industries\/transport-logistics\/fta-logistics-report-2014.html\" target=\"_blank\" rel=\"noopener\">Rapport sur la logistique de la Freight Transport Association<\/a> et d\u00e9crit la FTA comme \"l'une des plus grandes associations commerciales du Royaume-Uni\".<\/p>\n<p>L'ALE est mentionn\u00e9e comme un partenaire de l'UE. <a href=\"http:\/\/www.csrf.ac.uk\/partner\/freight-transport-association\/\" target=\"_blank\" rel=\"noopener\">Centre pour le fret routier durable<\/a> et des collaborations apparaissent sur des questions connexes, comme la mise au point d'une <a href=\"http:\/\/www.osapartnershipgroup.co.uk\/campaign2-fta.html\" target=\"_blank\" rel=\"noopener\">Certificat de comp\u00e9tence professionnelle<\/a> avec le groupe sur l'apn\u00e9e obstructive du sommeil. L'ALE est mentionn\u00e9e sur <a href=\"http:\/\/www.lombard.co.uk\/our-expertise\/commercial-transportation\/industry-associations\/fta\" target=\"_blank\" rel=\"noopener\">les sites web d'un certain nombre<\/a> de ses membres et est souvent cit\u00e9e lorsqu'il y a une question qui repr\u00e9sente l'industrie de la logistique.<\/p>\n<p><strong>Site web :<\/strong> <a href=\"http:\/\/www.fta.co.uk\/\" target=\"_blank\" rel=\"noopener\">http:\/\/www.fta.co.uk\/<\/a><\/p>\n<p><strong>Pour en savoir plus sur l'exp\u00e9dition, voir :<\/strong> <a href=\"https:\/\/moverdb.com\/fr\/expedition-par-conteneur\/\">Tarifs et co\u00fbts de l'exp\u00e9dition internationale de conteneurs en 2018<\/a> et <a href=\"https:\/\/moverdb.com\/fr\/transporteur-de-marchandises\/\">Guide des co\u00fbts et des entreprises des transitaires et NVOCC internationaux<\/a><\/p>","protected":false},"excerpt":{"rendered":"<p>The Freight Transport Association (FTA) was set up to represent the interests of logistics companies, whether they are moving goods by sea, air, road or rail. It has been involved in high profile campaigns on issues such as fuel duty and licensing. Key facts about the FTA: The FTA can trace its roots back to [&hellip;]<\/p>\n","protected":false},"author":1,"featured_media":0,"parent":0,"menu_order":0,"comment_status":"closed","ping_status":"closed","template":"","meta":{"_genesis_hide_title":false,"_genesis_hide_breadcrumbs":false,"_genesis_hide_singular_image":false,"_genesis_hide_footer_widgets":false,"_genesis_custom_body_class":"","_genesis_custom_post_class":"","_genesis_layout":"","footnotes":""},"class_list":{"0":"post-448","1":"page","2":"type-page","3":"status-publish","5":"entry"},"_links":{"self":[{"href":"https:\/\/moverdb.com\/fr\/wp-json\/wp\/v2\/pages\/448","targetHints":{"allow":["GET"]}}],"collection":[{"href":"https:\/\/moverdb.com\/fr\/wp-json\/wp\/v2\/pages"}],"about":[{"href":"https:\/\/moverdb.com\/fr\/wp-json\/wp\/v2\/types\/page"}],"author":[{"embeddable":true,"href":"https:\/\/moverdb.com\/fr\/wp-json\/wp\/v2\/users\/1"}],"replies":[{"embeddable":true,"href":"https:\/\/moverdb.com\/fr\/wp-json\/wp\/v2\/comments?post=448"}],"version-history":[{"count":11,"href":"https:\/\/moverdb.com\/fr\/wp-json\/wp\/v2\/pages\/448\/revisions"}],"predecessor-version":[{"id":6213,"href":"https:\/\/moverdb.com\/fr\/wp-json\/wp\/v2\/pages\/448\/revisions\/6213"}],"wp:attachment":[{"href":"https:\/\/moverdb.com\/fr\/wp-json\/wp\/v2\/media?parent=448"}],"curies":[{"name":"wp","href":"https:\/\/api.w.org\/{rel}","templated":true}]}}