{"id":447,"date":"2016-07-05T14:22:52","date_gmt":"2016-07-05T14:22:52","guid":{"rendered":"http:\/\/moverdb.com\/?page_id=447"},"modified":"2026-01-08T14:48:21","modified_gmt":"2026-01-08T14:48:21","slug":"fedemac","status":"publish","type":"page","link":"https:\/\/moverdb.com\/fr\/fedemac\/","title":{"rendered":"Explication de la F\u00e9d\u00e9ration des associations europ\u00e9ennes de d\u00e9m\u00e9nageurs (FEDEMAC)"},"content":{"rendered":"<p>La F\u00e9d\u00e9ration des associations europ\u00e9ennes de d\u00e9m\u00e9nageurs (FEDEMAC) est un organisme europ\u00e9en qui a \u00e9t\u00e9 cr\u00e9\u00e9 pour promouvoir le secteur du d\u00e9m\u00e9nagement au niveau europ\u00e9en. Ses membres sont principalement des associations nationales de d\u00e9m\u00e9nageurs.<\/p>\n<p><strong>Faits essentiels sur FEDEMAC<\/strong><\/p>\n<ul>\n<li>  Les membres de la FEDEMAC sont des associations nationales de d\u00e9m\u00e9nageurs situ\u00e9es en Europe.<\/li>\n<li>  La FEDEMAC repr\u00e9sente les int\u00e9r\u00eats d'environ 3 000 professionnels. <a href=\"https:\/\/moverdb.com\/fr\/moving-companies\/\" data-internallinksmanager029f6b8e52c=\"79\" title=\"Les 25 meilleures soci\u00e9t\u00e9s de d\u00e9m\u00e9nagement international en ligne\">entreprises de d\u00e9m\u00e9nagement<\/a>.<\/li>\n<li>  Les membres sont r\u00e9partis dans 26 pays europ\u00e9ens, dont 24 sont des \u00c9tats membres de l'UE. <a href=\"https:\/\/moverdb.com\/fr\/moving-to-switzerland\/\" data-internallinksmanager029f6b8e52c=\"327\" title=\"D\u00e9m\u00e9nager en Suisse ? 2026 Co\u00fbts de la vie et conseils de relocalisation\">Suisse<\/a> et <a href=\"https:\/\/moverdb.com\/fr\/moving-to-norway\/\" data-internallinksmanager029f6b8e52c=\"325\" title=\"D\u00e9m\u00e9nager en Norv\u00e8ge ? 2026 Co\u00fbts de la vie et conseils de relocalisation\">Norv\u00e8ge<\/a> sont \u00e9galement repr\u00e9sent\u00e9s par la FEDEMAC.<\/li>\n<li>  La FEDEMAC est administr\u00e9e par une assembl\u00e9e g\u00e9n\u00e9rale qui se r\u00e9unit une fois par an et qui est compos\u00e9e de repr\u00e9sentants des membres de la FEDEMAC (associations membres et soci\u00e9t\u00e9s membres directement affili\u00e9es).<\/li>\n<li>  Une grande partie du travail de la FEDEMAC consiste \u00e0 promouvoir les int\u00e9r\u00eats de ses membres aupr\u00e8s du Parlement europ\u00e9en et de la Commission.<\/li>\n<\/ul>\n<p><strong>Profil de la F\u00e9d\u00e9ration des associations europ\u00e9ennes de d\u00e9m\u00e9nageurs :<\/strong><\/p>\n<p>L'objectif de FEDEMAC est de repr\u00e9senter l'industrie du d\u00e9m\u00e9nagement en Europe, ses pr\u00e9occupations, ses besoins et sa finalit\u00e9. Elle a \u00e9galement \u00e9t\u00e9 con\u00e7ue pour aider \u00e0 coordonner les activit\u00e9s de ses membres afin de cr\u00e9er un impact maximal en Europe. <\/p>\n<p>Une grande partie du travail consiste \u00e0 pr\u00e9senter les int\u00e9r\u00eats des membres au Parlement europ\u00e9en et \u00e0 la Commission, ainsi qu'\u00e0 assurer la liaison entre les associations nationales de d\u00e9m\u00e9nagement et d'autres organisations commerciales. <\/p>\n<p>Les membres de la FEDEMAC sont pour la plupart des associations nationales de d\u00e9m\u00e9nagement (par exemple <a href=\"https:\/\/moverdb.com\/fr\/demenagements-internationaux\/\" target=\"_blank\" rel=\"noopener\">au Royaume-Uni<\/a>le membre est le <a href=\"https:\/\/moverdb.com\/fr\/british-association-of-removers\/\" target=\"_blank\" rel=\"noopener\">Association britannique des d\u00e9m\u00e9nageurs<\/a>), mais il est \u00e9galement possible pour une seule entreprise de d\u00e9m\u00e9nagement qualifi\u00e9e de devenir directement affili\u00e9e \u00e0 FEDEMAC lorsqu'il n'existe pas d'association ou qu'une association existe mais n'est pas int\u00e9ress\u00e9e par l'adh\u00e9sion \u00e0 FEDEMAC. <\/p>\n<p>Une partie du r\u00f4le de la FEDEMAC est de tenir ses membres au courant de la politique europ\u00e9enne et elle offre une s\u00e9rie de ressources via son site web pour ce faire, ainsi qu'un certain nombre de publications pour les membres, un annuaire et une conf\u00e9rence annuelle.<\/p>\n<p><strong>Crit\u00e8res d'adh\u00e9sion :<\/strong><\/p>\n<p>L'adh\u00e9sion se fait par le biais d'une association nationale - ceux qui sont dans la <a href=\"https:\/\/moverdb.com\/fr\/moving-to-the-uk\/\" data-internallinksmanager029f6b8e52c=\"93\" title=\"Vous partez au Royaume-Uni ? 2026 Co\u00fbt de la vie et conseils de relocalisation\">ROYAUME-UNI<\/a> qui souhaitent faire partie de la FEDEMAC doivent adh\u00e9rer \u00e0 la British Association of Movers.<br \/>\nDans la plupart des pays, l'adh\u00e9sion se fait par le biais d'une association nationale de d\u00e9m\u00e9nagement.<\/p>\n<p><strong>Exemples de soci\u00e9t\u00e9s membres<\/strong><\/p>\n<ul>\n<li> <a href=\"https:\/\/moverdb.com\/fr\/matthew-james\/\">Matthew James Global Relocations<\/a><\/li>\n<li> <a href=\"https:\/\/moverdb.com\/fr\/movecorp\/\">Movecorp<\/a><\/li>\n<li> <a href=\"https:\/\/moverdb.com\/fr\/pearson\/\">D\u00e9m\u00e9nagement de Pearson<\/a><\/li>\n<li> <a href=\"https:\/\/moverdb.com\/fr\/simpsons-removals\/\">D\u00e9m\u00e9nagements et stockage Simpsons<\/a><\/li>\n<li> <a href=\"https:\/\/moverdb.com\/fr\/abels-demenagements\/\">Services de d\u00e9m\u00e9nagement Abels<\/a><\/li>\n<li> <a href=\"https:\/\/moverdb.com\/fr\/eagle-relocations\/\">D\u00e9m\u00e9nagements d'Eagle<\/a><\/li>\n<li> <a href=\"https:\/\/moverdb.com\/fr\/btr-international\/\">BTR International<\/a><\/li>\n<li> <a href=\"https:\/\/moverdb.com\/fr\/fn-removals\/\">F&amp;N Worldwide Removals<\/a><\/li>\n<li> <a href=\"https:\/\/moverdb.com\/fr\/bolliger\/\">Bolliger<\/a><\/li>\n<li> <a href=\"https:\/\/moverdb.com\/fr\/gil-stauffer\/\">Gil Stauffer<\/a><\/li>\n<li> <a href=\"https:\/\/moverdb.com\/fr\/teletrans\/\">Teletrans<\/a><\/li>\n<\/ul>\n<p><strong>Avis sur FEDEMAC<\/strong><\/p>\n<p>La FEDEMAC est manifestement tr\u00e8s bien consid\u00e9r\u00e9e par ceux qui <a href=\"http:\/\/www.abels.co.uk\/articles\/fedemac-federation-of-european-movers-associations-what-does-this-mean\/\" target=\"_blank\" rel=\"noopener\">qui le mentionnent<\/a> et consid\u00e9r\u00e9e comme jouant un r\u00f4le important dans la repr\u00e9sentation des int\u00e9r\u00eats des d\u00e9m\u00e9nageurs europ\u00e9ens. Certains d\u00e9m\u00e9nageurs indiquent qu'ils sont membres individuels, plut\u00f4t que membres via la British Association of Movers. D'autres se pr\u00e9sentent comme accr\u00e9dit\u00e9s par la FEDEMAC, ce qui n'est pas le cas de l'organisation.<\/p>\n<p><strong>Site web :<\/strong> <a href=\"https:\/\/www.fedemac.eu\" target=\"_blank\" rel=\"noopener\">https:\/\/www.fedemac.eu<\/a><\/p>","protected":false},"excerpt":{"rendered":"<p>The Federation of European Movers Association (FEDEMAC) is a European body that has been established to promote the moving industry on a European level. Its membership is predominantly made up of national moving associations. Key facts about FEDEMAC FEDEMAC membership is made up of National Moving Associations located in Europe. FEDEMAC represents the interests of [&hellip;]<\/p>\n","protected":false},"author":1,"featured_media":0,"parent":0,"menu_order":0,"comment_status":"closed","ping_status":"closed","template":"","meta":{"_genesis_hide_title":false,"_genesis_hide_breadcrumbs":false,"_genesis_hide_singular_image":false,"_genesis_hide_footer_widgets":false,"_genesis_custom_body_class":"","_genesis_custom_post_class":"","_genesis_layout":"","footnotes":""},"class_list":{"0":"post-447","1":"page","2":"type-page","3":"status-publish","5":"entry"},"_links":{"self":[{"href":"https:\/\/moverdb.com\/fr\/wp-json\/wp\/v2\/pages\/447","targetHints":{"allow":["GET"]}}],"collection":[{"href":"https:\/\/moverdb.com\/fr\/wp-json\/wp\/v2\/pages"}],"about":[{"href":"https:\/\/moverdb.com\/fr\/wp-json\/wp\/v2\/types\/page"}],"author":[{"embeddable":true,"href":"https:\/\/moverdb.com\/fr\/wp-json\/wp\/v2\/users\/1"}],"replies":[{"embeddable":true,"href":"https:\/\/moverdb.com\/fr\/wp-json\/wp\/v2\/comments?post=447"}],"version-history":[{"count":21,"href":"https:\/\/moverdb.com\/fr\/wp-json\/wp\/v2\/pages\/447\/revisions"}],"predecessor-version":[{"id":6209,"href":"https:\/\/moverdb.com\/fr\/wp-json\/wp\/v2\/pages\/447\/revisions\/6209"}],"wp:attachment":[{"href":"https:\/\/moverdb.com\/fr\/wp-json\/wp\/v2\/media?parent=447"}],"curies":[{"name":"wp","href":"https:\/\/api.w.org\/{rel}","templated":true}]}}