{"id":446,"date":"2016-06-21T20:49:19","date_gmt":"2016-06-21T20:49:19","guid":{"rendered":"http:\/\/moverdb.com\/?page_id=446"},"modified":"2026-01-08T15:20:34","modified_gmt":"2026-01-08T15:20:34","slug":"rios","status":"publish","type":"page","link":"https:\/\/moverdb.com\/fr\/rios\/","title":{"rendered":"Explication du syst\u00e8me de m\u00e9diation de l'industrie du d\u00e9m\u00e9nagement (RIOS)"},"content":{"rendered":"<p>Le Removal Industry Ombudsman Scheme (RIOS) traite les plaintes concernant les entreprises du secteur du d\u00e9m\u00e9nagement. Il offre un service ind\u00e9pendant pour r\u00e9soudre les litiges entre les entreprises membres et leurs clients.<\/p>\n<p><strong>Faits essentiels sur RIOS :<\/strong><\/p>\n<ul>\n<li>  Toutes les plaintes examin\u00e9es par RIOS le sont gratuitement.<\/li>\n<li>  RIOS est disponible pour <a href=\"https:\/\/moverdb.com\/fr\/moving-to-the-uk\/\" data-internallinksmanager029f6b8e52c=\"93\" title=\"Vous partez au Royaume-Uni ? 2026 Co\u00fbt de la vie et conseils de relocalisation\">ROYAUME-UNI<\/a> citoyens.<\/li>\n<li>  Les citoyens britanniques peuvent utiliser ce service gratuit pour se plaindre d'un probl\u00e8me en cours avec des soci\u00e9t\u00e9s de d\u00e9m\u00e9nagement et d'entreposage domestiques ou commerciales qui sont membres du syst\u00e8me du M\u00e9diateur.<\/li>\n<li>  Les conclusions du M\u00e9diateur sont contraignantes pour la Commission. <a href=\"https:\/\/moverdb.com\/fr\/demenagements-internationaux\/\" target=\"_blank\" rel=\"noopener\">entreprise de d\u00e9m\u00e9nagement<\/a>mais pas sur le consommateur.<\/li>\n<li>  Le m\u00e9diateur actuel est Tony Kaye, qui a \u00e9t\u00e9 nomm\u00e9 en juin 2015. Il est ind\u00e9pendant de toute <a href=\"https:\/\/moverdb.com\/fr\/international-removals\/\" data-internallinksmanager029f6b8e52c=\"27\" title=\"36 meilleures entreprises de d\u00e9m\u00e9nagements internationaux au Royaume-Uni\">entreprise de d\u00e9m\u00e9nagement<\/a> ou organisation.<\/li>\n<li> Le site <a href=\"https:\/\/moverdb.com\/fr\/ngrs\/\">National Guild of Removers and Storers (Guilde nationale des d\u00e9m\u00e9nageurs et des stockeurs)<\/a> est actuellement le membre principal.<\/li>\n<\/ul>\n<p><strong>Profil de l'Ombudsman de l'industrie du d\u00e9m\u00e9nagement :<\/strong><\/p>\n<p>RIOS offre un moyen de r\u00e9soudre les litiges au sein de l'industrie par le biais d'un organisme ind\u00e9pendant. Ces litiges peuvent concerner aussi bien des consommateurs domestiques que des organisations commerciales. Le syst\u00e8me agit en tant qu'arbitre ind\u00e9pendant, traitant les litiges qui ne peuvent \u00eatre r\u00e9solus, soit entre les parties elles-m\u00eames, soit par l'interm\u00e9diaire d'un autre organisme du secteur.<\/p>\n<p>Il existe des r\u00e8gles relativement strictes sur les types de plaintes que le RIOS peut et ne peut pas traiter - par exemple, les plaintes qui font d\u00e9j\u00e0 l'objet d'une action en justice ne seront pas trait\u00e9es. <\/p>\n<p>Les probl\u00e8mes li\u00e9s \u00e0 des questions telles que les retards, le fait de ne pas fournir le service promis, les frais excessifs par rapport \u00e0 ce qui a \u00e9t\u00e9 convenu ou les all\u00e9gations de comportement non professionnel rel\u00e8vent tous de la comp\u00e9tence du RIOS. <\/p>\n<p>Si les consommateurs veulent d\u00e9poser une plainte, ils doivent d'abord s'adresser \u00e0 l'entreprise en question. Si la plainte ne peut \u00eatre r\u00e9solue, elle peut \u00eatre transf\u00e9r\u00e9e \u00e0 RIOS.<\/p>\n<p><strong>Crit\u00e8res d'adh\u00e9sion :<\/strong><\/p>\n<p>Ces crit\u00e8res ne figurent pas sur le site Web, mais sont d\u00e9crits dans un contrat que les membres du syst\u00e8me doivent signer et qui d\u00e9finit tous les crit\u00e8res. Cependant, le plus important est que les membres sont r\u00e9gis par un code de pratique favorable aux clients, des inspections annuelles ind\u00e9pendantes, un contr\u00f4le continu de la qualit\u00e9 et leur accord pour se conformer aux d\u00e9cisions du M\u00e9diateur en cas de litiges avec les clients.<\/p>\n<p><strong>Exemples de soci\u00e9t\u00e9s membres<\/strong><\/p>\n<ul>\n<li> <a href=\"https:\/\/moverdb.com\/fr\/movecorp\/\">Movecorp<\/a><\/li>\n<\/ul>\n<p><strong>Avis sur RIOS :<\/strong><\/p>\n<p>L'ind\u00e9pendance du RIOS est l'un des \u00e9l\u00e9ments qui ressort le plus lorsqu'il appara\u00eet sur les sites web des membres. Ceux qui le mentionnent le font pour rassurer les clients sur le fait qu'ils ont un moyen de d\u00e9poser des plaintes qui n'impliquent pas n\u00e9cessairement de traiter uniquement avec l'entreprise ou le secteur. <\/p>\n<p>L'adh\u00e9sion au syst\u00e8me RIOS est pr\u00e9sent\u00e9e comme une accr\u00e9ditation et un moyen de diff\u00e9rencier les entreprises de la concurrence. L'adh\u00e9sion \u00e0 RIOS est \u00e9galement d\u00e9crite comme un indicateur qu'une entreprise se conforme \u00e0 des normes \u00e9lev\u00e9es de protection des consommateurs.<\/p>\n<blockquote><p>Le Removals Industry Ombudsman Scheme a \u00e9t\u00e9 cr\u00e9\u00e9 pour fournir au secteur du d\u00e9m\u00e9nagement un service ind\u00e9pendant permettant de r\u00e9soudre les litiges entre les entreprises membres et leurs clients, qu'il s'agisse de particuliers ou d'organisations commerciales, si le service de conciliation fourni par la National Guild of Removers &amp; Storers n'a pas abouti \u00e0 une conclusion satisfaisante.\n<\/p><\/blockquote>\n<p>- <a href=\"http:\/\/www.ngrs.co.uk\/ombudsman-scheme\/\" target=\"_blank\" rel=\"noopener\">National Guild Of Removers &amp; Storers (Guilde nationale des d\u00e9m\u00e9nageurs et des stockeurs)<\/a><\/p>\n<blockquote><p>Il n'existe pas de lois au Royaume-Uni sur les personnes qui peuvent s'installer comme entreprise de d\u00e9m\u00e9nagement. Vous devez cependant savoir que vous confiez votre maison et vos biens les plus pr\u00e9cieux \u00e0 un d\u00e9m\u00e9nageur qui r\u00e9pond \u00e0 des normes \u00e9lev\u00e9es de protection des consommateurs. Le meilleur indicateur de cela est de rechercher un membre du Removals Industry Ombudsman Scheme (RIOS) et seul le GUILD insiste pour que tous ses membres respectent les r\u00e8gles du Ombudsman Scheme.<\/p><\/blockquote>\n<p>- <a href=\"http:\/\/www.moveit-essex.co.uk\/news\/yjpleijb5i.html\" target=\"_blank\" rel=\"noopener\">D\u00e9m\u00e9nagements Move It<\/a> <\/p>\n<blockquote><p>Les services de m\u00e9diation sont \u00e9tablis pour offrir aux clients une proc\u00e9dure de plainte ind\u00e9pendante et impartiale. Le Removals Industry Ombudsman Scheme est un membre \u00e0 part enti\u00e8re de la British and Irish Ombudsman Association, aux c\u00f4t\u00e9s du c\u00e9l\u00e8bre Financial Ombudsman Service, du Parliamentary and Health Service Ombudsman, et de 17 autres organismes au Royaume-Uni seulement.<\/p><\/blockquote>\n<p>- <a href=\"http:\/\/www.uptonsremovals.com\/moving-you\/local-domestic-moves\/\" target=\"_blank\" rel=\"noopener\">D\u00e9m\u00e9nagements de Glyn Upton<\/a><\/p>\n<p><strong>Site web :<\/strong> <a href=\"http:\/\/removalsombudsman.co.uk\/\" target=\"_blank\" rel=\"noopener\">http:\/\/removalsombudsman.co.uk\/<\/a><\/p>","protected":false},"excerpt":{"rendered":"<p>The Removal Industry Ombudsman Scheme (RIOS) deals with complaints that are made about removals industry businesses. It offers an independent service to resolve disputes between member companies and their clients. Key facts about RIOS: All complaints investigated through RIOS are done so free of charge. RIOS is available to UK citizens. UK citizens can use [&hellip;]<\/p>\n","protected":false},"author":1,"featured_media":0,"parent":0,"menu_order":0,"comment_status":"closed","ping_status":"closed","template":"","meta":{"_genesis_hide_title":false,"_genesis_hide_breadcrumbs":false,"_genesis_hide_singular_image":false,"_genesis_hide_footer_widgets":false,"_genesis_custom_body_class":"","_genesis_custom_post_class":"","_genesis_layout":"","footnotes":""},"class_list":{"0":"post-446","1":"page","2":"type-page","3":"status-publish","5":"entry"},"_links":{"self":[{"href":"https:\/\/moverdb.com\/fr\/wp-json\/wp\/v2\/pages\/446","targetHints":{"allow":["GET"]}}],"collection":[{"href":"https:\/\/moverdb.com\/fr\/wp-json\/wp\/v2\/pages"}],"about":[{"href":"https:\/\/moverdb.com\/fr\/wp-json\/wp\/v2\/types\/page"}],"author":[{"embeddable":true,"href":"https:\/\/moverdb.com\/fr\/wp-json\/wp\/v2\/users\/1"}],"replies":[{"embeddable":true,"href":"https:\/\/moverdb.com\/fr\/wp-json\/wp\/v2\/comments?post=446"}],"version-history":[{"count":9,"href":"https:\/\/moverdb.com\/fr\/wp-json\/wp\/v2\/pages\/446\/revisions"}],"predecessor-version":[{"id":6231,"href":"https:\/\/moverdb.com\/fr\/wp-json\/wp\/v2\/pages\/446\/revisions\/6231"}],"wp:attachment":[{"href":"https:\/\/moverdb.com\/fr\/wp-json\/wp\/v2\/media?parent=446"}],"curies":[{"name":"wp","href":"https:\/\/api.w.org\/{rel}","templated":true}]}}