{"id":445,"date":"2016-06-21T20:35:30","date_gmt":"2016-06-21T20:35:30","guid":{"rendered":"http:\/\/moverdb.com\/?page_id=445"},"modified":"2026-01-08T14:47:36","modified_gmt":"2026-01-08T14:47:36","slug":"association-relogement-professionnels","status":"publish","type":"page","link":"https:\/\/moverdb.com\/fr\/association-relocation-professionals\/","title":{"rendered":"Explication de l'Association of Relocation Professionals (ARP)"},"content":{"rendered":"<p>L'Association of Relocation Professionals (ARP) est un organisme professionnel pour le secteur de la relocalisation aux \u00c9tats-Unis. <a href=\"https:\/\/moverdb.com\/fr\/moving-to-the-uk\/\" data-internallinksmanager029f6b8e52c=\"93\" title=\"Vous partez au Royaume-Uni ? 2026 Co\u00fbt de la vie et conseils de relocalisation\">ROYAUME-UNI<\/a>. Sa mission n'est pas seulement de repr\u00e9senter ses membres, mais aussi de les aider \u00e0 se commercialiser et \u00e0 se d\u00e9velopper.<\/p>\n<p><strong>Faits essentiels sur l'ARP :<\/strong><\/p>\n<ul>\n<li>  L'ARP est l'organisme des professionnels de la relocalisation au Royaume-Uni.<\/li>\n<li>  L'Association of Relocation Professionals a \u00e9t\u00e9 cr\u00e9\u00e9e en 1986.<\/li>\n<li>  Les membres de l'ARP disposent d'une assurance responsabilit\u00e9 civile professionnelle, publique et des employeurs pour prot\u00e9ger les clients et les fournisseurs.<\/li>\n<li>  L'ARP dispose d'un ensemble de r\u00e8gles de conduite que les membres doivent respecter, notamment en ce qui concerne le traitement de l'argent des clients et la pr\u00e9vention des fausses d\u00e9clarations.<\/li>\n<li>  Tous les membres offrant des services de relocalisation doivent montrer qu'ils ont adh\u00e9r\u00e9 \u00e0 un syst\u00e8me de recours immobilier et qu'ils se sont inscrits au registre anti-blanchiment du HMRC s'ils sont impliqu\u00e9s dans l'achat de biens immobiliers.<\/li>\n<li>  L'ARP est un membre fondateur et un sponsor de l'Acad\u00e9mie europ\u00e9enne des professionnels de la relocation (EARP), la premi\u00e8re organisation \u00e0 offrir des qualifications europ\u00e9ennes en mati\u00e8re de relocation.<\/li>\n<\/ul>\n<p><strong>Profil de l'Association of Relocation Professionals :<\/strong><\/p>\n<p>L'ARP est d\u00e9crite comme l'organisme professionnel des entreprises de relocalisation au Royaume-Uni et repr\u00e9sente un \u00e9ventail de membres, des sp\u00e9cialistes de la relocalisation d'entreprises aux chercheurs de propri\u00e9t\u00e9s et autres qui fournissent des services de relocalisation sp\u00e9cialis\u00e9s. <\/p>\n<p>L'ARP organise des formations accr\u00e9dit\u00e9es pour ses membres - en tant que membre de l'Acad\u00e9mie europ\u00e9enne des professionnels de la relocation (EARP), elle propose la qualification Managing International Mobility (MIM) ainsi que la European Relocation Qualification (ERQ). <\/p>\n<p>L'ARP produit un annuaire des membres qui est envoy\u00e9 \u00e0 6 000 responsables des ressources humaines, directeurs et HRO \u00e0 travers le Royaume-Uni, l'id\u00e9e \u00e9tant de contribuer \u00e0 la promotion des membres et de les aider \u00e0 mieux se vendre. <\/p>\n<p>L'ARP se veut \u00e0 la fois un engagement en faveur des meilleures pratiques, de la satisfaction des clients et du professionnalisme, et un forum d'\u00e9change d'id\u00e9es afin de contribuer \u00e0 faire \u00e9voluer le secteur.<\/p>\n<p><strong>Crit\u00e8res d'adh\u00e9sion :<\/strong><\/p>\n<p><u>Membre associ\u00e9<\/u><\/p>\n<p>Le statut de membre associ\u00e9 de l'ARP s'applique \u00e0 ceux qui ne remplissent pas les conditions requises pour devenir membre \u00e0 part enti\u00e8re. Il est ouvert aux entreprises dont les activit\u00e9s commerciales sont li\u00e9es \u00e0 la fourniture de services de relogement \u00e0 des personnes physiques ou morales et dont les revenus proviennent de ces derni\u00e8res.<\/p>\n<p>A <a href=\"https:\/\/moverdb.com\/fr\/entreprises-de-demenagement\/\">soci\u00e9t\u00e9 de relocation<\/a> est consid\u00e9r\u00e9e comme toute organisation offrant une gamme de services destin\u00e9s \u00e0 faciliter la mobilit\u00e9 des individus, ou des groupes d'individus et de leurs familles.<\/p>\n<p>Ces services peuvent \u00eatre fournis dans la zone de d\u00e9part, de destination ou les deux. Le statut de membre associ\u00e9 de l'ARP est con\u00e7u comme un tremplin vers le statut de membre \u00e0 part enti\u00e8re et toute l'aide n\u00e9cessaire vous sera apport\u00e9e pour y parvenir.<\/p>\n<p><u>Membres affili\u00e9s<\/u><\/p>\n<p>Pour les entreprises qui fournissent des services utilis\u00e9s par les professionnels de la relocalisation, mais dont l'activit\u00e9 principale a une client\u00e8le plus large.<\/p>\n<p><u>Adh\u00e9sion compl\u00e8te<\/u><\/p>\n<p>Pour les entreprises dont les transactions ont lieu depuis plus de deux ans.<\/p>\n<p>Les membres associ\u00e9s doivent fournir des r\u00e9f\u00e9rences qui sont ensuite v\u00e9rifi\u00e9es et soumises au comit\u00e9 d'adh\u00e9sion de l'ARP pour un contr\u00f4le final. Les membres associ\u00e9s doivent suivre une formation de niveau 1 du programme de l'EARP avant de pouvoir demander l'adh\u00e9sion en tant que membre \u00e0 part enti\u00e8re.<\/p>\n<p>Les membres \u00e0 part enti\u00e8re doivent \u00eatre en activit\u00e9 depuis plus de deux ans et doivent soumettre une demande comprenant les r\u00e9f\u00e9rences de trois clients.<\/p>\n<p><strong>Exemples de soci\u00e9t\u00e9s membres<\/strong><\/p>\n<ul>\n<li> <a href=\"https:\/\/moverdb.com\/fr\/sterling-relocation\/\">D\u00e9m\u00e9nagement \u00e0 Sterling<\/a><\/li>\n<li> <a href=\"https:\/\/moverdb.com\/fr\/dt-moving\/\">D\u00e9m\u00e9nagement DT<\/a><\/li>\n<li> <a href=\"https:\/\/moverdb.com\/fr\/btr-international\/\">BTR International<\/a><\/li>\n<\/ul>\n<p><strong>Opinions sur l'ARP :<\/strong><\/p>\n<p>L'ARP figure sur de nombreux sites web britanniques et est d\u00e9crit comme l'organisme professionnel qui repr\u00e9sente les prestataires de services de relocalisation au Royaume-Uni. <\/p>\n<p>\u00catre membre de l'ARP est per\u00e7u comme la preuve qu'une entreprise de relocation respecte et d\u00e9passe les normes reconnues du secteur. Selon le <a href=\"http:\/\/www.bloomberg.com\/profiles\/companies\/1519530Z:LN-association-of-relocation-professionals\/\" target=\"_blank\" rel=\"noopener\">Bloomberg<\/a> l'activit\u00e9 principale de l'ARP <em>\"est de promouvoir et de prot\u00e9ger l'activit\u00e9 et la profession des agents de relocation\".<\/em> Un certain nombre de ceux qui citent l'ARP sur leur site Web font valoir qu'elle fixe des normes pour le secteur en termes de meilleures pratiques, de service \u00e0 la client\u00e8le et de professionnalisme.<\/p>\n<blockquote><p>En encourageant les meilleures pratiques au sein du secteur et en veillant \u00e0 ce que les membres soient au courant des derniers changements l\u00e9gislatifs, du blanchiment d'argent aux maisons \u00e0 occupation multiple, notre adh\u00e9sion est un engagement envers vous : nous sommes \u00e0 la pointe, et ce depuis plus de 25 ans, de la profession de la relocation.<\/p><\/blockquote>\n<p>- <a href=\"http:\/\/scottsrelocation.co.uk\/association-of-relocation-professionals\" target=\"_blank\" rel=\"noopener\">Le d\u00e9m\u00e9nagement de Scott<\/a><\/p>\n<blockquote><p>En tant que membre de l'Association of Relocation Professionals (ARP), les clients de Source peuvent \u00eatre s\u00fbrs que le service fourni respecte et d\u00e9passe les normes reconnues du secteur.<\/p><\/blockquote>\n<p>-  <a href=\"http:\/\/www.source-relocation.co.uk\/index.aspx\" target=\"_blank\" rel=\"noopener\">D\u00e9placement de la source<\/a><\/p>\n<blockquote><p>Compos\u00e9 de repr\u00e9sentants de tous les secteurs de l'industrie, le conseil oriente le travail de l'association \u00e0 partir de la base, garantissant ainsi que l'association reste au centre des changements en mati\u00e8re de relocalisation.<\/p>\n<p>Les membres de l'ARP disposent d'une assurance responsabilit\u00e9 civile professionnelle, publique et des employeurs pour prot\u00e9ger les clients et les fournisseurs.<\/p>\n<p>L'adh\u00e9sion \u00e0 l'ARP est la preuve d'un engagement en faveur des meilleures pratiques, de la satisfaction du client et du professionnalisme.<\/p><\/blockquote>\n<p>- <a href=\"http:\/\/www.relocatecambridge.co.uk\/index.php\/arp\/\" target=\"_blank\" rel=\"noopener\">D\u00e9m\u00e9nager \u00e0 Cambridge<\/a><\/p>\n<p><strong>Site web :<\/strong> <a href=\"http:\/\/www.arp-relocation.com\/\" target=\"_blank\" rel=\"noopener\">http:\/\/www.arp-relocation.com\/<\/a><\/p>","protected":false},"excerpt":{"rendered":"<p>The Association of Relocation Professionals (ARP) is a professional body for the relocation industry in the UK. Its mission is not just to represent its members but to help them market themselves and grow too. Key facts about the ARP: The ARP is the body for relocation professionals in the UK. The Association of Relocation [&hellip;]<\/p>\n","protected":false},"author":1,"featured_media":0,"parent":0,"menu_order":0,"comment_status":"closed","ping_status":"closed","template":"","meta":{"_genesis_hide_title":false,"_genesis_hide_breadcrumbs":false,"_genesis_hide_singular_image":false,"_genesis_hide_footer_widgets":false,"_genesis_custom_body_class":"","_genesis_custom_post_class":"","_genesis_layout":"","footnotes":""},"class_list":{"0":"post-445","1":"page","2":"type-page","3":"status-publish","5":"entry"},"_links":{"self":[{"href":"https:\/\/moverdb.com\/fr\/wp-json\/wp\/v2\/pages\/445","targetHints":{"allow":["GET"]}}],"collection":[{"href":"https:\/\/moverdb.com\/fr\/wp-json\/wp\/v2\/pages"}],"about":[{"href":"https:\/\/moverdb.com\/fr\/wp-json\/wp\/v2\/types\/page"}],"author":[{"embeddable":true,"href":"https:\/\/moverdb.com\/fr\/wp-json\/wp\/v2\/users\/1"}],"replies":[{"embeddable":true,"href":"https:\/\/moverdb.com\/fr\/wp-json\/wp\/v2\/comments?post=445"}],"version-history":[{"count":7,"href":"https:\/\/moverdb.com\/fr\/wp-json\/wp\/v2\/pages\/445\/revisions"}],"predecessor-version":[{"id":6177,"href":"https:\/\/moverdb.com\/fr\/wp-json\/wp\/v2\/pages\/445\/revisions\/6177"}],"wp:attachment":[{"href":"https:\/\/moverdb.com\/fr\/wp-json\/wp\/v2\/media?parent=445"}],"curies":[{"name":"wp","href":"https:\/\/api.w.org\/{rel}","templated":true}]}}