{"id":444,"date":"2016-06-18T20:35:52","date_gmt":"2016-06-18T20:35:52","guid":{"rendered":"http:\/\/moverdb.com\/?page_id=444"},"modified":"2026-01-08T14:48:15","modified_gmt":"2026-01-08T14:48:15","slug":"eura","status":"publish","type":"page","link":"https:\/\/moverdb.com\/fr\/eura\/","title":{"rendered":"L'Association europ\u00e9enne de relocation (EuRA) expliqu\u00e9e"},"content":{"rendered":"<p>L'European Relocation Association (EuRA) promeut les avantages des services de relocalisation et de mobilit\u00e9 g\u00e9r\u00e9s par des professionnels aupr\u00e8s des entreprises dont les employ\u00e9s sont mobiles dans le monde entier. Elle vise notamment \u00e0 s'imposer comme la premi\u00e8re organisation de relocalisation en Europe et \u00e0 \u00e9tablir des crit\u00e8res de r\u00e9f\u00e9rence en mati\u00e8re d'innovation et de meilleures pratiques.<\/p>\n<p><strong>Faits essentiels sur EuRA :<\/strong><\/p>\n<ol>\n<li>  Les membres de l'EuRA comprennent des prestataires de services de relogement, ainsi que des prestataires de services affili\u00e9s tels que la location de meubles et l'exp\u00e9dition d'articles m\u00e9nagers.<\/li>\n<li>  Le label de qualit\u00e9 mondial EuRA est le premier programme d'accr\u00e9ditation au monde pour les prestataires de services de relocalisation.<\/li>\n<li>  EuRA a \u00e9t\u00e9 cr\u00e9\u00e9 en 1998.<\/li>\n<li>  L'objectif de l'EuRA est avant tout \u00e9ducatif : il s'agit de fournir aux membres de l'EuRA et au public des informations sur la mobilit\u00e9 des entreprises et les questions qui l'entourent.<\/li>\n<li>  L'EuRA compte plus de 350+ membres.<\/li>\n<li>  Les membres de l'EuRA couvrent plus de 50 pays.<\/li>\n<\/ol>\n<p><strong>Profil de l'Association europ\u00e9enne de relocation :<\/strong><\/p>\n<p>EuRA remplit un certain nombre de fonctions pour ses membres, notamment en proposant des formations et des conseils et en apportant un soutien aux professionnels de la relocation. L'association fait \u00e9galement du lobbying au nom de ses membres, en insistant sur les changements et les \u00e9volutions susceptibles de favoriser la croissance du secteur de la relocalisation. <\/p>\n<p>Il s'agit \u00e9galement d'une source d'information, qui publie r\u00e9guli\u00e8rement des documents \u00e0 l'ext\u00e9rieur et \u00e0 l'int\u00e9rieur de l'entreprise, et qui s'est \u00e9galement constitu\u00e9e en groupe de r\u00e9flexion pour la planification et le d\u00e9veloppement futurs de l'industrie. <\/p>\n<p>Fournir des points de r\u00e9f\u00e9rence pour les meilleures pratiques est l'un des principaux objectifs de l'EuRA et c'est ainsi que s'est d\u00e9velopp\u00e9 le sceau mondial de qualit\u00e9 EuRA, un programme d'accr\u00e9ditation pour les acteurs du secteur de la relocalisation. <\/p>\n<p>Le sceau mondial de qualit\u00e9 est un syst\u00e8me d'audit con\u00e7u pour garantir que ceux qui le portent respectent certaines normes en mati\u00e8re de prestation de services et de gestion des processus. Il est ouvert aux membres titulaires, associ\u00e9s et mondiaux d'EuRA. <\/p>\n<p>Lanc\u00e9 initialement pour r\u00e9pondre \u00e0 la demande croissante d'un organisme industriel transfrontalier en Europe, l'EuRA a d\u00e9sormais une port\u00e9e consid\u00e9rable.<\/p>\n<p><strong>Crit\u00e8res d'adh\u00e9sion <\/strong><\/p>\n<p><u>Adh\u00e9sion compl\u00e8te<\/u><\/p>\n<p>L'adh\u00e9sion \u00e0 part enti\u00e8re \u00e0 l'Association europ\u00e9enne de relocation est ouverte aux entreprises dont les activit\u00e9s commerciales sont li\u00e9es \u00e0 la fourniture de services de relocalisation \u00e0 des personnes physiques ou morales et dont les revenus proviennent de ces derni\u00e8res.<\/p>\n<p>Une soci\u00e9t\u00e9 de relocation est consid\u00e9r\u00e9e comme toute organisation offrant une gamme de services destin\u00e9s \u00e0 faciliter la mobilit\u00e9 des individus ou des groupes d'individus et de leurs familles. Ces services peuvent \u00eatre fournis dans la zone de d\u00e9part, de destination ou les deux.<\/p>\n<p>Crit\u00e8res :<\/p>\n<ul>\n<li> Avoir fait du commerce en tant que <a href=\"https:\/\/moverdb.com\/fr\/relocation-agents\/\" data-internallinksmanager029f6b8e52c=\"1\" title=\"7 raisons pour lesquelles vous devriez faire appel \u00e0 un agent de relocation ?\">Agent de relocation<\/a> depuis au moins deux ans, la preuve de l'enregistrement de la soci\u00e9t\u00e9 doit \u00eatre fournie.<\/li>\n<li> Remplir un questionnaire, en fournissant les noms et adresses de trois clients pour lesquels des travaux ont \u00e9t\u00e9 effectu\u00e9s au cours des 12 derniers mois. Ces clients seront contact\u00e9s par EuRA pour des r\u00e9f\u00e9rences.<\/li>\n<li> Fournir des copies de tous les documents imprim\u00e9s, ainsi que toute autre information susceptible d'aider le comit\u00e9 d'adh\u00e9sion \u00e0 examiner votre demande.<\/li>\n<li> Fournir la preuve que vous\/votre entreprise est correctement assur\u00e9e (dans votre pays d'origine).<\/li>\n<li> Fournir les d\u00e9tails succincts des carri\u00e8res de tous les directeurs ou partenaires du cabinet.<\/li>\n<li> \u00catre disponible pour un entretien (dans votre pays d'origine).<\/li>\n<\/ul>\n<p><u>Membre associ\u00e9<\/u><\/p>\n<p>Le statut de membre associ\u00e9 de l'Association europ\u00e9enne de relocation est ouvert aux entreprises qui exercent leurs activit\u00e9s depuis moins de deux ans. Le statut de membre associ\u00e9 de l'Association europ\u00e9enne de relocation s'applique \u00e0 ceux qui ne remplissent pas les conditions requises pour devenir membre \u00e0 part enti\u00e8re. Il est ouvert aux entreprises dont les activit\u00e9s commerciales sont li\u00e9es \u00e0 la fourniture de services de relocalisation \u00e0 des personnes physiques ou morales et dont les revenus proviennent de ces derni\u00e8res.<\/p>\n<p>Crit\u00e8res :<\/p>\n<ul>\n<li> Exercer ou avoir l'intention d'exercer la profession d'agent de relogement. Veuillez signer la copie ci-jointe et la renvoyer avec votre demande.<\/li>\n<li> Remplir un questionnaire, en fournissant les noms et adresses de deux personnes de r\u00e9f\u00e9rence (soit des membres \u00e0 part enti\u00e8re existants de l'EuRA, du SNPRM, de l'ARA, de l'ABRA, soit des professionnels reconnus localement, soit une combinaison des deux) lorsque cela est indiqu\u00e9.<\/li>\n<li> Fournir des copies de tous les documents imprim\u00e9s, ainsi que toute autre information susceptible d'aider le comit\u00e9 d'adh\u00e9sion \u00e0 examiner votre demande.<\/li>\n<li> Fournir la preuve que vous\/votre entreprise est correctement assur\u00e9e (dans votre pays d'origine).<\/li>\n<li> Fournir les d\u00e9tails succincts des carri\u00e8res de tous les directeurs ou partenaires du cabinet.<\/li>\n<\/ul>\n<p><u>Membres affili\u00e9s<\/u><\/p>\n<p>L'affiliation \u00e0 l'EuRA est ouverte aux entreprises dont les activit\u00e9s commerciales sont li\u00e9es aux prestataires de services de relocalisation et utilis\u00e9es par eux.<\/p>\n<p>Crit\u00e8res :<\/p>\n<ul>\n<li> \u00catre d\u00e9sign\u00e9 comme membre affili\u00e9 par un membre \u00e0 part enti\u00e8re de l'Association europ\u00e9enne de relocation.<\/li>\n<li> Dans le cas o\u00f9 un candidat ne conna\u00eetrait aucun membre de l'Association, il peut quand m\u00eame demander son adh\u00e9sion. Dans ce cas, veuillez fournir les noms et adresses de deux personnes de r\u00e9f\u00e9rence. La demande sera ensuite examin\u00e9e par le Conseil de l'Association.<\/li>\n<\/ul>\n<p><u>Adh\u00e9sion dans le monde entier<\/u><\/p>\n<p>L'adh\u00e9sion mondiale \u00e0 EuRA est ouverte aux entreprises fournissant des services de relocalisation dans toute r\u00e9gion situ\u00e9e en dehors de l'Europe continentale.<\/p>\n<p>L'adh\u00e9sion mondiale \u00e0 l'Association europ\u00e9enne de relocation est ouverte aux entreprises dont les activit\u00e9s commerciales sont li\u00e9es \u00e0 la fourniture de services de relocalisation \u00e0 des personnes physiques ou morales et dont les revenus proviennent de ces derni\u00e8res.<\/p>\n<p>Une soci\u00e9t\u00e9 de relocation est consid\u00e9r\u00e9e comme toute organisation offrant une gamme de services destin\u00e9s \u00e0 faciliter la mobilit\u00e9 des individus ou des groupes d'individus et de leurs familles. Ces services peuvent \u00eatre fournis dans la zone de d\u00e9part, de destination ou les deux.<\/p>\n<p>Crit\u00e8res :<\/p>\n<ul>\n<li> Pour avoir n\u00e9goci\u00e9 pendant au moins deux ans, il faut fournir la preuve de l'accomplissement d'une commission, c'est-\u00e0-dire la preuve de l'enregistrement.<\/li>\n<li> Remplir un questionnaire, en fournissant les noms et adresses de deux personnes de r\u00e9f\u00e9rence (clients pour lesquels des travaux ont \u00e9t\u00e9 effectu\u00e9s au cours des 12 derniers mois) ainsi que d'un membre de l'EuRA. Ces personnes de r\u00e9f\u00e9rence seront contact\u00e9es par l'EuRA.<\/li>\n<li> Fournir des copies de tous les documents imprim\u00e9s, ainsi que toute autre information susceptible d'aider le comit\u00e9 d'adh\u00e9sion \u00e0 examiner votre demande.<\/li>\n<li> Fournir la preuve que vous\/votre entreprise est correctement assur\u00e9e (dans votre pays d'origine).<\/li>\n<li> Fournir les d\u00e9tails succincts des carri\u00e8res de tous les directeurs ou partenaires du cabinet.<\/li>\n<li> \u00catre disponible pour un entretien (dans votre pays d'origine)<\/li>\n<\/ul>\n<p><strong>Exemples d'entreprises membres<\/strong><\/p>\n<ul>\n<li> <a href=\"https:\/\/moverdb.com\/fr\/santa-fe-relocation\/\">Services de relogement \u00e0 Santa Fe<\/a> <\/li>\n<li> <a href=\"https:\/\/moverdb.com\/fr\/aires\/\">Aires<\/a><\/li>\n<li> <a href=\"https:\/\/moverdb.com\/fr\/sterling-relocation\/\">D\u00e9m\u00e9nagement \u00e0 Sterling<\/a><\/li>\n<li> <a href=\"https:\/\/moverdb.com\/fr\/robinsons\/\">Robinsons Relocation<\/a><\/li>\n<li> <a href=\"https:\/\/moverdb.com\/fr\/dt-moving\/\">D\u00e9m\u00e9nagement DT<\/a><\/li>\n<li> <a href=\"https:\/\/moverdb.com\/fr\/bournes\/\">Bournes<\/a><\/li>\n<li> <a href=\"https:\/\/moverdb.com\/fr\/btr-international\/\">BTR International<\/a><\/li>\n<li> <a href=\"https:\/\/moverdb.com\/fr\/packimpex\/\">Packimpex<\/a><\/li>\n<\/ul>\n<p><strong>Avis sur l'EuRA<\/strong><\/p>\n<p>EuRA est mentionn\u00e9 sur les sites web de diverses entreprises (y compris les d\u00e9m\u00e9nageurs et les appartements avec services, par exemple) et souvent dans le contexte de la d\u00e9monstration de la mani\u00e8re dont cette entreprise peut apporter des avantages suppl\u00e9mentaires au processus de relocalisation. <\/p>\n<p>La port\u00e9e mondiale de l'association est fr\u00e9quemment soulign\u00e9e, de m\u00eame que le fait qu'elle a particip\u00e9 \u00e0 la d\u00e9finition de normes de qualit\u00e9 pour le secteur. Lorsqu'elle est cit\u00e9e sur des sites web, elle est d\u00e9crite comme un \"organisme industriel\" dot\u00e9 d'un volet \u00e9ducatif et d'un code de conduite auquel tous les membres doivent adh\u00e9rer.<\/p>\n<blockquote><p>EURA est un excellent partenaire pour nous aider \u00e0 atteindre notre objectif d'\u00e9duquer le march\u00e9 en montrant comment les appartements avec services peuvent apporter un r\u00e9el avantage dans le processus de relocalisation.<\/p><\/blockquote>\n<p>- <a href=\"http:\/\/www.chevalresidences.com\/partners-eura.html\" target=\"_blank\" rel=\"noopener\">R\u00e9sidences Cheval<\/a><\/p>\n<blockquote><p>\nLe r\u00f4le et les objectifs fondamentaux de l'EuRA sont les suivants : am\u00e9liorer et maintenir les normes de qualit\u00e9 de l'industrie, promouvoir l'industrie et permettre la formation professionnelle continue des membres. Tout cela profitera \u00e0 l'employ\u00e9 mobile et \u00e0 sa famille, et lorsque cela se produira, c'est l'ensemble du groupe qui en b\u00e9n\u00e9ficiera.<\/p><\/blockquote>\n<p>- <a href=\"http:\/\/www.globalbusinessnews.net\/\" target=\"_blank\" rel=\"noopener\">Actualit\u00e9s commerciales mondiales<\/a><\/p>\n<blockquote><p>\nL'EuRA est un organisme sectoriel pour les professionnels de la relocation en Europe et dans le monde. Les prestataires de services de relocation sont tenus de se conformer aux r\u00e8gles de conduite de l'EuRA. <\/p><\/blockquote>\n<p>-  <a href=\"http:\/\/info.bournesmoves.com\/relocation-solutions\/blog\/relocation-moves\/bournes-removals-uk-join-eura\" target=\"_blank\" rel=\"noopener\">R\u00e9\u00e9lections \u00e0 Bournes<\/a><\/p>\n<p><strong>Site web :<\/strong> <a href=\"http:\/\/www.eura-relocation.com\/\" target=\"_blank\" rel=\"noopener\">http:\/\/www.eura-relocation.com\/<\/a><\/p>","protected":false},"excerpt":{"rendered":"<p>The European Relocation Association (EuRA) promotes the benefits of professionally managed relocation and mobility services to companies with globally mobile employees. Its aims include establishing itself as the premier relocation organisation in Europe and setting benchmarks for innovation and best practice. Key facts about EuRA: EuRA members include Relocation Service Providers, as well as those [&hellip;]<\/p>\n","protected":false},"author":1,"featured_media":0,"parent":0,"menu_order":0,"comment_status":"closed","ping_status":"closed","template":"","meta":{"_genesis_hide_title":false,"_genesis_hide_breadcrumbs":false,"_genesis_hide_singular_image":false,"_genesis_hide_footer_widgets":false,"_genesis_custom_body_class":"","_genesis_custom_post_class":"","_genesis_layout":"","footnotes":""},"class_list":{"0":"post-444","1":"page","2":"type-page","3":"status-publish","5":"entry"},"_links":{"self":[{"href":"https:\/\/moverdb.com\/fr\/wp-json\/wp\/v2\/pages\/444","targetHints":{"allow":["GET"]}}],"collection":[{"href":"https:\/\/moverdb.com\/fr\/wp-json\/wp\/v2\/pages"}],"about":[{"href":"https:\/\/moverdb.com\/fr\/wp-json\/wp\/v2\/types\/page"}],"author":[{"embeddable":true,"href":"https:\/\/moverdb.com\/fr\/wp-json\/wp\/v2\/users\/1"}],"replies":[{"embeddable":true,"href":"https:\/\/moverdb.com\/fr\/wp-json\/wp\/v2\/comments?post=444"}],"version-history":[{"count":17,"href":"https:\/\/moverdb.com\/fr\/wp-json\/wp\/v2\/pages\/444\/revisions"}],"predecessor-version":[{"id":6204,"href":"https:\/\/moverdb.com\/fr\/wp-json\/wp\/v2\/pages\/444\/revisions\/6204"}],"wp:attachment":[{"href":"https:\/\/moverdb.com\/fr\/wp-json\/wp\/v2\/media?parent=444"}],"curies":[{"name":"wp","href":"https:\/\/api.w.org\/{rel}","templated":true}]}}