{"id":443,"date":"2016-06-18T21:12:56","date_gmt":"2016-06-18T21:12:56","guid":{"rendered":"http:\/\/moverdb.com\/?page_id=443"},"modified":"2026-01-08T13:18:29","modified_gmt":"2026-01-08T13:18:29","slug":"reseau-de-relocalisation-harmonieux","status":"publish","type":"page","link":"https:\/\/moverdb.com\/fr\/harmony-relocation-network\/","title":{"rendered":"Le r\u00e9seau Harmony Relocation Network (HRN) expliqu\u00e9"},"content":{"rendered":"<p>Le Harmony Relocation Network (HRN) est un groupe d'entreprises partenaires qui a \u00e9t\u00e9 cr\u00e9\u00e9 pour mettre en place un r\u00e9seau paneurop\u00e9en de relocalisation mondiale. L'int\u00e9gration de l'infrastructure, de la technologie, de la qualit\u00e9 et de la durabilit\u00e9 est con\u00e7ue pour produire un service de haute qualit\u00e9 constante.<\/p>\n<p><strong>Faits essentiels sur la HRH :<\/strong><\/p>\n<ol>\n<li>  Elle est compos\u00e9e de 140 membres r\u00e9partis dans 60 pays.<\/li>\n<li>  Le HRN dessert 180 pays sur 6 continents.<\/li>\n<li>  HRN a \u00e9t\u00e9 lanc\u00e9 en 1992 et les 140 membres sont tous copropri\u00e9taires de l'entreprise.<\/li>\n<li>  HRN a \u00e9t\u00e9 fond\u00e9 par des entreprises allemandes et n\u00e9erlandaises avant de s'\u00e9tendre \u00e0 d'autres pays. <a href=\"https:\/\/moverdb.com\/fr\/moving-to-australia\/living-in-australia\/\" data-internallinksmanager029f6b8e52c=\"240\" title=\"21 secrets sur la vie en Australie \u00e0 conna\u00eetre avant de d\u00e9m\u00e9nager\">Australie<\/a> et l'Asie, puis le Moyen-Orient, l'Am\u00e9rique latine et l'Afrique.<\/li>\n<li>  Entre 2002 et 2015, HRN faisait partie de l'UniGroup Worldwide UTS avec une <a href=\"https:\/\/moverdb.com\/fr\/moving-to-the-united-states\/\" data-internallinksmanager029f6b8e52c=\"94\" title=\"Vous partez aux \u00c9tats-Unis ? 2026 Co\u00fbt de la vie et conseils de relocalisation\">US<\/a> Van Line.<\/li>\n<li>  HRN est le plus grand r\u00e9seau mondial d'entreprises de relocalisation sous une m\u00eame marque.<\/li>\n<\/ol>\n<p><strong>Profil du r\u00e9seau de relocalisation Harmony :<\/strong><\/p>\n<p>L'id\u00e9e derri\u00e8re le HRN est de combiner le meilleur de l'h\u00e9ritage local avec une \u00e9chelle mondiale, en fournissant aux entreprises et aux particuliers un service de relocalisation qui soit \u00e0 la fois local et d'envergure mondiale. <\/p>\n<p>Les services propos\u00e9s comprennent des services de gestion de d\u00e9m\u00e9nagement, des op\u00e9rations de d\u00e9m\u00e9nagement et des services de destination. Le HRN a d\u00e9velopp\u00e9 son propre syst\u00e8me informatique en r\u00e9seau, bas\u00e9 sur le web, qui est con\u00e7u pour tenir les clients inform\u00e9s et garantir que le processus est aussi complet et coh\u00e9rent que possible - il comprend des capacit\u00e9s de rapport et de suivi. <\/p>\n<p>L'int\u00e9gration de la durabilit\u00e9 \u00e9conomique, environnementale et sociale est importante pour le HRN, qui en fait l'un de ses principaux piliers pour \u00e9quilibrer les personnes, la technologie et l'environnement.<\/p>\n<p><strong>Crit\u00e8res d'adh\u00e9sion <\/strong><\/p>\n<p>Aucun crit\u00e8re d'adh\u00e9sion n'est fourni sur le site web - il y a seulement une page de contact.<\/p>\n<p><strong>Exemples de soci\u00e9t\u00e9s membres<\/strong><\/p>\n<ul>\n<li> <a href=\"https:\/\/moverdb.com\/fr\/bournes\/\">Bournes<\/a><\/li>\n<li> <a href=\"https:\/\/moverdb.com\/fr\/cadogan-tate\/\">Cadogan Tate<\/a><\/li>\n<li> <a href=\"https:\/\/moverdb.com\/fr\/gerson-relocation\/\">D\u00e9m\u00e9nagement de Gerson<\/a><\/li>\n<li> <a href=\"https:\/\/moverdb.com\/fr\/pearson\/\">D\u00e9m\u00e9nagement de Pearson<\/a><\/li>\n<\/ul>\n<p><strong>Avis sur le HRN<\/strong><\/p>\n<p>Le HRN figure sur un nombre important de sites Internet de d\u00e9m\u00e9nageurs o\u00f9 il est r\u00e9f\u00e9renc\u00e9 comme une organisation ayant <em>\"un nouveau nom mais des ant\u00e9c\u00e9dents prouv\u00e9s\".<\/em> Les valeurs familiales fortes et l'approche globale coop\u00e9rative sont toujours pr\u00e9sentes. <\/p>\n<p>Le consensus g\u00e9n\u00e9ral semble \u00eatre que le fait de d\u00e9m\u00e9nager avec une entreprise de relocation faisant partie du HRN donne au client l'acc\u00e8s aux avantages de l'ensemble du r\u00e9seau. Il est soulign\u00e9 que les membres doivent s'en tenir \u00e0 un accord global sur le niveau de service et qu'il en r\u00e9sulte une certaine coh\u00e9rence. <em>\"Si les coutumes et la culture peuvent varier d'un pays \u00e0 l'autre, il n'en va pas de m\u00eame de la qualit\u00e9 du service que vous pouvez attendre. Dans le monde entier - les m\u00eames proc\u00e9dures, le m\u00eame service et la m\u00eame qualit\u00e9.\"<\/em> <\/p>\n<p>En outre, un certain nombre de ceux qui citent les membres sur leurs sites Web mettent l'accent sur la taille du r\u00e9seau et sur le fait qu'il s'agit de l'un des plus grands r\u00e9seaux de ce type au monde.<\/p>\n<blockquote><p>Harmony est un r\u00e9seau mondial de soci\u00e9t\u00e9s de relocalisation locales, qui d\u00e9fendent des valeurs familiales fortes \u00e0 travers des g\u00e9n\u00e9rations d'h\u00e9ritage.<\/p><\/blockquote>\n<p>- <a href=\"http:\/\/www.abels.co.uk\/harmony-relocation-network\/\" target=\"_blank\" rel=\"noopener\">Abels<\/a><\/p>\n<blockquote><p>Harmony associe le meilleur des patrimoines locaux \u00e0 une \u00e9chelle mondiale, en allant toujours plus loin et en tenant ses promesses. Nous prenons vraiment \u00e0 c\u0153ur l'importance des personnes et du local.<\/p><\/blockquote>\n<p>- <a href=\"https:\/\/theresforum.com\/partners\/harmony\/\" target=\"_blank\" rel=\"noopener\">Forum RES<\/a><\/p>\n<blockquote><p>Le r\u00e9seau offre un large \u00e9ventail de services de pr\u00e9-affectation, de transport et de destination pour aider \u00e0 guider les particuliers ou les cadres des RH et les personnes affect\u00e9es tout au long de leur voyage, du d\u00e9but \u00e0 la fin.<\/p><\/blockquote>\n<p>- <a href=\"http:\/\/bournesmoves.com\/relocation\/harmony-relocation-network.htm\" target=\"_blank\" rel=\"noopener\">Bournes<\/a> <\/p>\n<p><a href=\"http:\/\/www.harmonyrelo.com\/\" target=\"_blank\" rel=\"noopener\">http:\/\/www.harmonyrelo.com\/<\/a><\/p>","protected":false},"excerpt":{"rendered":"<p>The Harmony Relocation Network (HRN) is a group of partner companies that was created to build a pan-European network for global relocation. Integration of infrastructure, technology, quality and sustainability is designed to produce a consistently high quality service. Key facts about HRH: The membership is made up of 140 members in 60 countries. The HRN [&hellip;]<\/p>\n","protected":false},"author":1,"featured_media":0,"parent":0,"menu_order":0,"comment_status":"closed","ping_status":"closed","template":"","meta":{"_genesis_hide_title":false,"_genesis_hide_breadcrumbs":false,"_genesis_hide_singular_image":false,"_genesis_hide_footer_widgets":false,"_genesis_custom_body_class":"","_genesis_custom_post_class":"","_genesis_layout":"","footnotes":""},"class_list":{"0":"post-443","1":"page","2":"type-page","3":"status-publish","5":"entry"},"_links":{"self":[{"href":"https:\/\/moverdb.com\/fr\/wp-json\/wp\/v2\/pages\/443","targetHints":{"allow":["GET"]}}],"collection":[{"href":"https:\/\/moverdb.com\/fr\/wp-json\/wp\/v2\/pages"}],"about":[{"href":"https:\/\/moverdb.com\/fr\/wp-json\/wp\/v2\/types\/page"}],"author":[{"embeddable":true,"href":"https:\/\/moverdb.com\/fr\/wp-json\/wp\/v2\/users\/1"}],"replies":[{"embeddable":true,"href":"https:\/\/moverdb.com\/fr\/wp-json\/wp\/v2\/comments?post=443"}],"version-history":[{"count":6,"href":"https:\/\/moverdb.com\/fr\/wp-json\/wp\/v2\/pages\/443\/revisions"}],"predecessor-version":[{"id":6219,"href":"https:\/\/moverdb.com\/fr\/wp-json\/wp\/v2\/pages\/443\/revisions\/6219"}],"wp:attachment":[{"href":"https:\/\/moverdb.com\/fr\/wp-json\/wp\/v2\/media?parent=443"}],"curies":[{"name":"wp","href":"https:\/\/api.w.org\/{rel}","templated":true}]}}