{"id":442,"date":"2016-06-12T20:08:54","date_gmt":"2016-06-12T20:08:54","guid":{"rendered":"http:\/\/moverdb.com\/?page_id=442"},"modified":"2026-01-08T14:48:14","modified_gmt":"2026-01-08T14:48:14","slug":"euromovers","status":"publish","type":"page","link":"https:\/\/moverdb.com\/fr\/euromovers\/","title":{"rendered":"Explication du partenariat europ\u00e9en des d\u00e9m\u00e9nageurs (EUROMOVERS International)"},"content":{"rendered":"<p>Euromovers est bas\u00e9 \u00e0 <a href=\"https:\/\/moverdb.com\/fr\/moving-to-luxembourg\/\" data-internallinksmanager029f6b8e52c=\"349\" title=\"D\u00e9m\u00e9nager au Luxembourg ? 2026 Co\u00fbts de la vie et conseils de relocalisation\">Luxembourg<\/a> et est compos\u00e9 d'un certain nombre de leaders <a href=\"https:\/\/moverdb.com\/fr\/entreprises-de-demenagement\/\">soci\u00e9t\u00e9s de d\u00e9m\u00e9nagement international<\/a> qui ont form\u00e9 un r\u00e9seau sur la base de normes, d'une vision et d'une orientation communes. <\/p>\n<p>Le groupe propose des services de d\u00e9m\u00e9nagement qui sont mieux assur\u00e9s gr\u00e2ce \u00e0 son r\u00e9seau d'entreprises connect\u00e9es.<\/p>\n<p><strong>Faits essentiels sur Euromovers :<\/strong><\/p>\n<ol>\n<li>  Euromovers est un r\u00e9seau de plus de 70 entreprises de d\u00e9m\u00e9nagement.<\/li>\n<li>  Les organisations membres proviennent de divers pays, dont les suivants <a href=\"https:\/\/moverdb.com\/fr\/moving-to-austria\/\" data-internallinksmanager029f6b8e52c=\"343\" title=\"D\u00e9m\u00e9nager en Autriche ? 2026 Co\u00fbts de la vie et conseils de relocalisation\">Autriche<\/a>, <a href=\"https:\/\/moverdb.com\/fr\/moving-to-belgium\/\" data-internallinksmanager029f6b8e52c=\"323\" title=\"D\u00e9m\u00e9nager en Belgique ? 2026 Co\u00fbts de la vie et conseils de relocalisation\">Belgique<\/a>, <a href=\"https:\/\/moverdb.com\/fr\/moving-to-the-czech-republic\/\" data-internallinksmanager029f6b8e52c=\"391\" title=\"D\u00e9m\u00e9nager en R\u00e9publique tch\u00e8que ? 2024 Co\u00fbts de la vie et conseils de relocalisation\">R\u00e9publique tch\u00e8que<\/a>, <a href=\"https:\/\/moverdb.com\/fr\/moving-to-denmark\/\" data-internallinksmanager029f6b8e52c=\"335\" title=\"D\u00e9m\u00e9nager au Danemark ? 2026 Co\u00fbts de la vie et conseils de relocalisation\">Danemark<\/a>, <a href=\"https:\/\/moverdb.com\/fr\/moving-to-finland\/\" data-internallinksmanager029f6b8e52c=\"345\" title=\"D\u00e9m\u00e9nager en Finlande ? 2026 Co\u00fbts de la vie et conseils de relocalisation\">Finlande<\/a>, <a href=\"https:\/\/moverdb.com\/fr\/moving-to-france\/\" data-internallinksmanager029f6b8e52c=\"315\" title=\"D\u00e9m\u00e9nager en France ? 2026 Co\u00fbts de la vie et conseils de relocalisation\">France<\/a>, <a href=\"https:\/\/moverdb.com\/fr\/moving-to-germany\/\" data-internallinksmanager029f6b8e52c=\"321\" title=\"D\u00e9m\u00e9nager en Allemagne ? 2026 Co\u00fbts de la vie et conseils de relocalisation\">Allemagne<\/a>, <a href=\"https:\/\/moverdb.com\/fr\/moving-to-greece\/\" data-internallinksmanager029f6b8e52c=\"353\" title=\"D\u00e9m\u00e9nager en Gr\u00e8ce ? 2026 Co\u00fbts de la vie et conseils de relocalisation\">Gr\u00e8ce<\/a>, <a href=\"https:\/\/moverdb.com\/fr\/moving-to-italy\/\" data-internallinksmanager029f6b8e52c=\"346\" title=\"D\u00e9m\u00e9nager en Italie ? 2026 Co\u00fbts de la vie et conseils de relocalisation\">Italie<\/a>, Luxembourg, <a href=\"https:\/\/moverdb.com\/fr\/moving-to-the-netherlands\/\" data-internallinksmanager029f6b8e52c=\"328\" title=\"D\u00e9m\u00e9nager aux Pays-Bas ? 2026 Co\u00fbts de la vie et conseils de relocalisation\">Pays-Bas<\/a>, <a href=\"https:\/\/moverdb.com\/fr\/moving-to-slovakia\/\" data-internallinksmanager029f6b8e52c=\"338\" title=\"D\u00e9m\u00e9nager en Slovaquie ? 2026 Co\u00fbts de la vie et conseils de relocalisation\">Slovaquie<\/a>, <a href=\"https:\/\/moverdb.com\/fr\/moving-to-spain\/\" data-internallinksmanager029f6b8e52c=\"266\" title=\"Vous partez en Espagne ? 2026 Co\u00fbt de la vie et conseils de relocalisation\">Espagne<\/a>, <a href=\"https:\/\/moverdb.com\/fr\/moving-to-switzerland\/\" data-internallinksmanager029f6b8e52c=\"327\" title=\"D\u00e9m\u00e9nager en Suisse ? 2026 Co\u00fbts de la vie et conseils de relocalisation\">Suisse<\/a> et le <a href=\"https:\/\/moverdb.com\/fr\/demenagements-internationaux\/\">Royaume-Uni<\/a>et au-del\u00e0 de l'Europe dans le <a href=\"https:\/\/moverdb.com\/fr\/moving-to-the-united-states\/\" data-internallinksmanager029f6b8e52c=\"94\" title=\"Vous partez aux \u00c9tats-Unis ? 2026 Co\u00fbt de la vie et conseils de relocalisation\">\u00c9tats-Unis<\/a>, <a href=\"https:\/\/moverdb.com\/fr\/moving-to-australia\/living-in-australia\/\" data-internallinksmanager029f6b8e52c=\"240\" title=\"21 secrets sur la vie en Australie \u00e0 conna\u00eetre avant de d\u00e9m\u00e9nager\">Australie<\/a>la F\u00e9d\u00e9ration de Russie et <a href=\"https:\/\/moverdb.com\/fr\/moving-to-china\/\" data-internallinksmanager029f6b8e52c=\"357\" title=\"D\u00e9m\u00e9nager en Chine ? 2026 Co\u00fbts de la vie et conseils de relocalisation\">Chine<\/a>.<\/li>\n<li>  Euromovers fournit des services de d\u00e9m\u00e9nagement, il ne s'agit pas d'une association professionnelle.<\/li>\n<li>  Chaque partenaire associ\u00e9 du r\u00e9seau Euromovers participe \u00e0 des audits et des examens p\u00e9riodiques afin de garantir le respect des normes \u00e9tablies.<\/li>\n<li>  Euromovers est membre si le <a href=\"https:\/\/moverdb.com\/fr\/je-suis\/\">Association internationale des d\u00e9m\u00e9nageurs<\/a> et d\u00e9tient les certificats de qualit\u00e9 ISO 9001 (services de gestion de la qualit\u00e9), ISO 14001 (syst\u00e8mes de gestion environnementale), ISO 27001 (syst\u00e8mes de s\u00e9curit\u00e9 de l'information).<\/li>\n<\/ol>\n<p><strong>Profil du partenariat European Mover :<\/strong><\/p>\n<p>Offres d'Euromovers <a href=\"https:\/\/moverdb.com\/fr\/demenagements-internationaux\/\">D\u00e9m\u00e9nagements europ\u00e9ens et d\u00e9m\u00e9nagements outre-mer<\/a> par l'interm\u00e9diaire de ses 70 membres qui sont r\u00e9partis dans des pays d'Europe et dans des endroits plus vastes, comme la Chine et la Russie. <\/p>\n<p>Elle propose des services de d\u00e9m\u00e9nagement et de relocalisation porte-\u00e0-porte pour les entreprises et les particuliers, des solutions de stockage, des solutions pour les entreprises et l'exp\u00e9dition d'objets d'art. Le partenariat mutuel sur lequel repose Euromovers aide l'entreprise \u00e0 concr\u00e9tiser sa vision d'une relocalisation int\u00e9gr\u00e9e vers n'importe quelle destination mondiale.<\/p>\n<p><strong>Crit\u00e8res d'adh\u00e9sion :<\/strong><\/p>\n<p>Aucun d\u00e9tail n'est fourni en ligne sur les crit\u00e8res d'adh\u00e9sion.<\/p>\n<p><strong>Exemples de soci\u00e9t\u00e9s membres<\/strong><\/p>\n<ul>\n<li> <a href=\"https:\/\/moverdb.com\/fr\/atlas-van-lines-international\/\">Atlas Van Lines<\/a><\/li>\n<\/ul>\n<p><strong>Avis sur le partenariat europ\u00e9en des d\u00e9m\u00e9nageurs<\/strong><\/p>\n<p>En dehors de son propre site web, European Mover Partnership ne semble pas \u00eatre mentionn\u00e9 ailleurs en ligne. Il existe une autre organisation portant un nom similaire, Euro Movers International LLC, dont le si\u00e8ge est situ\u00e9 dans l'\u00c9tat de New York. <a href=\"https:\/\/moverdb.com\/fr\/moving-to-dubai\/\" data-internallinksmanager029f6b8e52c=\"246\" title=\"D\u00e9m\u00e9nager \u00e0 Duba\u00ef ? 2026 Co\u00fbt de la vie et conseils de relocalisation\">Duba\u00ef<\/a>mais ne fait pas partie du groupe. <\/p>\n<p>L'Euromovers de Duba\u00ef re\u00e7oit <a href=\"http:\/\/www.complaintsboard.com\/complaints\/euro-movers-dubai-c431198.html\" target=\"_blank\" rel=\"noopener\">critiques tr\u00e8s n\u00e9gatives<\/a>.<\/p>\n<p><strong>Site web :<\/strong> <a href=\"http:\/\/www.euromovers.com\/\" target=\"_blank\" rel=\"noopener\">http:\/\/www.euromovers.com\/<\/a><\/p>","protected":false},"excerpt":{"rendered":"<p>Euromovers is based in Luxembourg and is made up of a number of leading international moving companies who have formed a network on the basis of shared standards, vision and direction. The group offers moving services that are better provided because of its network of connected companies. Key facts about Euromovers: Euromovers is a network [&hellip;]<\/p>\n","protected":false},"author":1,"featured_media":0,"parent":0,"menu_order":0,"comment_status":"closed","ping_status":"closed","template":"","meta":{"_genesis_hide_title":false,"_genesis_hide_breadcrumbs":false,"_genesis_hide_singular_image":false,"_genesis_hide_footer_widgets":false,"_genesis_custom_body_class":"","_genesis_custom_post_class":"","_genesis_layout":"","footnotes":""},"class_list":{"0":"post-442","1":"page","2":"type-page","3":"status-publish","5":"entry"},"_links":{"self":[{"href":"https:\/\/moverdb.com\/fr\/wp-json\/wp\/v2\/pages\/442","targetHints":{"allow":["GET"]}}],"collection":[{"href":"https:\/\/moverdb.com\/fr\/wp-json\/wp\/v2\/pages"}],"about":[{"href":"https:\/\/moverdb.com\/fr\/wp-json\/wp\/v2\/types\/page"}],"author":[{"embeddable":true,"href":"https:\/\/moverdb.com\/fr\/wp-json\/wp\/v2\/users\/1"}],"replies":[{"embeddable":true,"href":"https:\/\/moverdb.com\/fr\/wp-json\/wp\/v2\/comments?post=442"}],"version-history":[{"count":5,"href":"https:\/\/moverdb.com\/fr\/wp-json\/wp\/v2\/pages\/442\/revisions"}],"predecessor-version":[{"id":6203,"href":"https:\/\/moverdb.com\/fr\/wp-json\/wp\/v2\/pages\/442\/revisions\/6203"}],"wp:attachment":[{"href":"https:\/\/moverdb.com\/fr\/wp-json\/wp\/v2\/media?parent=442"}],"curies":[{"name":"wp","href":"https:\/\/api.w.org\/{rel}","templated":true}]}}