{"id":441,"date":"2016-06-18T21:28:02","date_gmt":"2016-06-18T21:28:02","guid":{"rendered":"http:\/\/moverdb.com\/?page_id=441"},"modified":"2026-01-08T15:30:43","modified_gmt":"2026-01-08T15:30:43","slug":"conseil-de-relocation-des-employes","status":"publish","type":"page","link":"https:\/\/moverdb.com\/fr\/employee-relocation-council\/","title":{"rendered":"Le Conseil mondial de relocalisation des employ\u00e9s (ERC) expliqu\u00e9"},"content":{"rendered":"<p>Le Worldwide Employee Relocation Council (ERC) se d\u00e9crit comme l'association de mobilit\u00e9 de la main-d'\u0153uvre pour les professionnels qui supervisent, g\u00e8rent ou soutiennent le transfert des employ\u00e9s aux \u00c9tats-Unis et \u00e0 l'\u00e9tranger. <\/p>\n<p>Son objectif est d'aider ses membres - qui proviennent de diverses professions, notamment les RH, l'immobilier et l'arm\u00e9e - \u00e0 relever les d\u00e9fis de la mobilit\u00e9 de la main-d'\u0153uvre.<\/p>\n<p><strong>Faits essentiels sur le CER :<\/strong><\/p>\n<ol>\n<li>  Les membres de l'ERC proviennent d'un large \u00e9ventail de professions, notamment les RH, le recrutement, le gouvernement, l'arm\u00e9e, l'immobilier, les services financiers, le d\u00e9m\u00e9nagement, le conseil et la consultation.<\/li>\n<li>  Le mandat de l'ERC couvre les questions et les pratiques de gestion pour les professionnels de la relocalisation au sein de l'UE. <a href=\"https:\/\/moverdb.com\/fr\/moving-to-the-united-states\/\" data-internallinksmanager029f6b8e52c=\"94\" title=\"Vous partez aux \u00c9tats-Unis ? 2026 Co\u00fbt de la vie et conseils de relocalisation\">\u00c9tats-Unis<\/a> et entre tous les autres pays.<\/li>\n<li>  Le si\u00e8ge de l'ERC se trouve \u00e0 <a href=\"https:\/\/moverdb.com\/fr\/sinstaller-a-washington-dc\/\">Washington, DC,<\/a> avec un bureau europ\u00e9en \u00e0 Bruxelles, <a href=\"https:\/\/moverdb.com\/fr\/moving-to-belgium\/\" data-internallinksmanager029f6b8e52c=\"323\" title=\"D\u00e9m\u00e9nager en Belgique ? 2026 Co\u00fbts de la vie et conseils de relocalisation\">Belgique<\/a>.<\/li>\n<li>  L'ERC propose des accr\u00e9ditations telles que celle de \"Certified Relocation Professional\" et de \"Global Mobility Specialist\".<\/li>\n<li>  Diff\u00e9rentes cat\u00e9gories d'adh\u00e9sion sont disponibles, notamment l'adh\u00e9sion d'entreprise (principalement des professionnels internes), l'adh\u00e9sion de service de mobilit\u00e9 (pour les entreprises de mobilit\u00e9 de la main-d'\u0153uvre), l'adh\u00e9sion personnelle\/professionnelle (PERC\u2122) (ceux qui recherchent des informations, comme les universitaires et les demandeurs d'emploi), l'\u00e9valuateur de relocalisation, le courtier en immobilier et la soci\u00e9t\u00e9 de gestion de relocalisation.<\/li>\n<li>  En 2005, le CER comptait plus de 12 000 membres (statistiques les plus r\u00e9centes disponibles).<\/li>\n<\/ol>\n<p><strong>Profil du Worldwide Employee Relocation Council :<\/strong><\/p>\n<p>Le CER a de nombreuses fonctions, notamment le lobbying au nom des membres, la formation et l'\u00e9ducation, ainsi que des possibilit\u00e9s de mise en r\u00e9seau. Il participe \u00e9galement au d\u00e9veloppement de la normalisation de l'industrie, \u00e0 la recherche d'un consensus et \u00e0 l'\u00e9laboration de nouvelles pratiques de travail et de solutions \u00e9lectroniques. <\/p>\n<p>En plus d'agir pour et avec ses membres, le CER s'est fait conna\u00eetre par la collecte d'une s\u00e9rie de donn\u00e9es par le biais d'enqu\u00eates, y compris l'analyse de l'ad\u00e9quation des villes pour les familles nouvellement relocalis\u00e9es. Le CER s'est impos\u00e9 comme une autorit\u00e9 en mati\u00e8re de mobilit\u00e9 de la main-d'\u0153uvre.<\/p>\n<p><strong>Crit\u00e8res d'adh\u00e9sion :<\/strong><\/p>\n<p>Les crit\u00e8res d'adh\u00e9sion ne figurent pas sur le site web.<\/p>\n<p><strong>Liste des membres du CER dans le monde <a href=\"https:\/\/moverdb.com\/fr\/moving-companies\/\" data-internallinksmanager029f6b8e52c=\"79\" title=\"Les 25 meilleures soci\u00e9t\u00e9s de d\u00e9m\u00e9nagement international en ligne\">Soci\u00e9t\u00e9s de d\u00e9m\u00e9nagement<\/a><\/strong><\/p>\n<ul>\n<li> <a href=\"https:\/\/moverdb.com\/fr\/aires\/\">Aires<\/a><\/li>\n<li> <a href=\"https:\/\/moverdb.com\/fr\/armstrong-relocation\/\">D\u00e9m\u00e9nagement Armstrong<\/a><\/li>\n<li> <a href=\"https:\/\/moverdb.com\/fr\/arpin-international\/\">Arpin International<\/a><\/li>\n<li> <a href=\"https:\/\/moverdb.com\/fr\/atlas-van-lines-international\/\">Atlas Van Lines<\/a><\/li>\n<li> <a href=\"https:\/\/moverdb.com\/fr\/santa-fe-relocation\/\">Services de relogement \u00e0 Santa Fe<\/a><\/li>\n<li> <a href=\"https:\/\/moverdb.com\/fr\/sterling-relocation\/\">D\u00e9m\u00e9nagement \u00e0 Sterling<\/a><\/li>\n<li> <a href=\"https:\/\/moverdb.com\/fr\/arpin-van-lines\/\">Arpin Van Lines<\/a><\/li>\n<li> <a href=\"https:\/\/moverdb.com\/fr\/suddath\/\">Suddath<\/a><\/li>\n<li> <a href=\"https:\/\/moverdb.com\/fr\/dt-moving\/\">D\u00e9m\u00e9nagement DT<\/a><\/li>\n<li> <a href=\"https:\/\/moverdb.com\/fr\/btr-international\/\">BTR International<\/a><\/li>\n<p><a href=\"https:\/\/moverdb.com\/fr\/packimpex\/\">Packimpex<\/a>\n<\/ul>\n<p><strong>Opinions sur le CER<\/strong><\/p>\n<p>L'ERC n'appara\u00eet pas sur beaucoup de sites web. Lorsqu'il est mentionn\u00e9, c'est souvent dans le contexte d'organisations qui lui sont affili\u00e9es, comme le Great Lakes Relocation Council.<\/p>\n<blockquote><p>Pour r\u00e9pondre aux besoins du march\u00e9 de la relocalisation et ainsi aider les employ\u00e9s \u00e0 prendre un bon d\u00e9part dans leur nouvelle p\u00e9riode de vie, six personnes ont fond\u00e9 le pr\u00e9curseur du Conseil mondial de la relocalisation des employ\u00e9s (ERC) en 1964, \u00e0 Bruxelles. <a href=\"https:\/\/moverdb.com\/fr\/demenagement-a-chicago\/\">Chicago<\/a>.<\/p><\/blockquote>\n<p>- <a href=\"http:\/\/start-up-services.de\/en\/company-profile-relocation-service\/relocation-associations\/worldwide-employee-relocation-council\/\" target=\"_blank\" rel=\"noopener\">Services de d\u00e9marrage<\/a><\/p>\n<p><strong>Site web :<\/strong> <a href=\"http:\/\/www.worldwideerc.org\/Pages\/index.aspx\" target=\"_blank\" rel=\"noopener\">http:\/\/www.worldwideerc.org\/Pages\/index.aspx<\/a><\/p>","protected":false},"excerpt":{"rendered":"<p>The Worldwide Employee Relocation Council (ERC) describes itself as the workforce mobility association for professionals who oversee, manage, or support U.S. domestic and international employee transfer. Its purpose is to help members &#8211; who come from a range of professions, including HR, real estate and military &#8211; to deal with the challenges of workforce mobility. [&hellip;]<\/p>\n","protected":false},"author":1,"featured_media":0,"parent":0,"menu_order":0,"comment_status":"closed","ping_status":"closed","template":"","meta":{"_genesis_hide_title":false,"_genesis_hide_breadcrumbs":false,"_genesis_hide_singular_image":false,"_genesis_hide_footer_widgets":false,"_genesis_custom_body_class":"","_genesis_custom_post_class":"","_genesis_layout":"","footnotes":""},"class_list":{"0":"post-441","1":"page","2":"type-page","3":"status-publish","5":"entry"},"_links":{"self":[{"href":"https:\/\/moverdb.com\/fr\/wp-json\/wp\/v2\/pages\/441","targetHints":{"allow":["GET"]}}],"collection":[{"href":"https:\/\/moverdb.com\/fr\/wp-json\/wp\/v2\/pages"}],"about":[{"href":"https:\/\/moverdb.com\/fr\/wp-json\/wp\/v2\/types\/page"}],"author":[{"embeddable":true,"href":"https:\/\/moverdb.com\/fr\/wp-json\/wp\/v2\/users\/1"}],"replies":[{"embeddable":true,"href":"https:\/\/moverdb.com\/fr\/wp-json\/wp\/v2\/comments?post=441"}],"version-history":[{"count":15,"href":"https:\/\/moverdb.com\/fr\/wp-json\/wp\/v2\/pages\/441\/revisions"}],"predecessor-version":[{"id":6255,"href":"https:\/\/moverdb.com\/fr\/wp-json\/wp\/v2\/pages\/441\/revisions\/6255"}],"wp:attachment":[{"href":"https:\/\/moverdb.com\/fr\/wp-json\/wp\/v2\/media?parent=441"}],"curies":[{"name":"wp","href":"https:\/\/api.w.org\/{rel}","templated":true}]}}