{"id":440,"date":"2016-06-12T19:59:07","date_gmt":"2016-06-12T19:59:07","guid":{"rendered":"http:\/\/moverdb.com\/?page_id=440"},"modified":"2026-01-08T13:19:01","modified_gmt":"2026-01-08T13:19:01","slug":"iata","status":"publish","type":"page","link":"https:\/\/moverdb.com\/fr\/iata\/","title":{"rendered":"L'Association internationale du transport a\u00e9rien (IATA) expliqu\u00e9e"},"content":{"rendered":"<p>L'Association internationale du transport a\u00e9rien (IATA) est l'association commerciale internationale des compagnies a\u00e9riennes du monde entier. <\/p>\n<p>Sa mission est de diriger et de servir ses membres, ainsi que de repr\u00e9senter leurs int\u00e9r\u00eats de mani\u00e8re \u00e0 stimuler l'industrie du transport a\u00e9roportuaire.<\/p>\n<p><strong>Faits essentiels sur l'IATA :<\/strong><\/p>\n<ol>\n<li>  Il repr\u00e9sente environ 260 compagnies a\u00e9riennes ou 83% du trafic a\u00e9rien total.<\/li>\n<li>  Elle a une port\u00e9e mondiale.<\/li>\n<li>  Les vols effectu\u00e9s par les membres de l'IATA repr\u00e9sentent 83% du trafic total.<\/li>\n<li>  Elle a \u00e9t\u00e9 fond\u00e9e \u00e0 La Havane, \u00e0 Cuba, en avril 1945.<\/li>\n<li>  Lors de sa cr\u00e9ation en 1945, elle comptait 57 membres issus de 31 nations, principalement d'Europe et d'Am\u00e9rique du Nord. Aujourd'hui, elle compte quelque 260 membres issus de 117 nations dans toutes les r\u00e9gions du monde.<\/li>\n<li>  Ses priorit\u00e9s sont la s\u00fbret\u00e9, la s\u00e9curit\u00e9, l'environnement, les services, la simplification de l'activit\u00e9 et l'aide \u00e0 l'\u00e9tablissement de relations au sein du secteur.<\/li>\n<li>  Le plan de facturation et de r\u00e8glement de l'IATA constitue l'\u00e9pine dorsale financi\u00e8re du secteur en g\u00e9rant le flux des plus de $270 milliards g\u00e9n\u00e9r\u00e9s chaque ann\u00e9e par les ventes de billets des agents de voyage aux compagnies a\u00e9riennes.<\/li>\n<\/ol>\n<p><strong>Profil de l'Association internationale du transport a\u00e9rien :<\/strong><\/p>\n<p>L'IATA est une association commerciale mondialement reconnue pour les compagnies a\u00e9riennes et fonctionne depuis plus de 50 ans. Elle compte parmi ses membres <a href=\"https:\/\/moverdb.com\/fr\/transporteur-de-marchandises\/\">fret<\/a> et les transporteurs de passagers et elle a des bureaux dans 53 pays du monde. <\/p>\n<p>Elle s'est d\u00e9velopp\u00e9e en m\u00eame temps que l'industrie du voyage a\u00e9rien, en travaillant conjointement avec le secteur pour aider \u00e0 d\u00e9velopper des normes, des pratiques et des proc\u00e9dures afin de le r\u00e9glementer et de garantir des niveaux de service coh\u00e9rents pour les clients. L'IATA est une organisation v\u00e9ritablement mondiale et ses 260 membres proviennent de plus de 117 nations.<\/p>\n<p>Outre la protection des consommateurs, l'IATA a contribu\u00e9 \u00e0 rendre l'industrie du transport a\u00e9rien plus durable. L'organisation propose des informations sur les compagnies a\u00e9riennes, une s\u00e9rie de publications et des programmes de formation et d'accr\u00e9ditation pour les personnes travaillant dans le secteur du voyage. <\/p>\n<p>En outre, elle fournit une gamme de services financiers, tels qu'un service de recouvrement de cr\u00e9ances pour les compagnies a\u00e9riennes.<\/p>\n<p><strong>Crit\u00e8res d'adh\u00e9sion<\/strong><\/p>\n<p>L'adh\u00e9sion \u00e0 l'IATA avec tous les droits et privil\u00e8ges ne peut \u00eatre obtenue qu'apr\u00e8s : L'inscription \u00e0 l'audit de s\u00e9curit\u00e9 op\u00e9rationnelle de l'IATA (IOSA), Un examen administratif par le d\u00e9partement des adh\u00e9sions, Le paiement de tous les frais de demande et des cotisations.<\/p>\n<p>La r\u00e9ussite d'un IOSA entra\u00eene l'inscription au registre de l'IOSA. Une compagnie a\u00e9rienne doit \u00eatre inscrite au registre de l'IOSA avant que l'adh\u00e9sion \u00e0 l'IATA puisse \u00eatre approuv\u00e9e.<\/p>\n<p>Ensuite, un formulaire de demande est soumis avec les pi\u00e8ces justificatives suivantes :<\/p>\n<ul>\n<li> Une copie certifi\u00e9e du certificat de transporteur a\u00e9rien (AOC), valable pour un minimum de six mois, avec le cachet ORIGINAL, la date et la signature de l'autorit\u00e9 de d\u00e9livrance (pas un notaire), ainsi que les sp\u00e9cifications op\u00e9rationnelles d\u00e9livr\u00e9es par l'\u00c9tat d'enregistrement, le cas \u00e9ch\u00e9ant.<\/li>\n<li> Une copie certifi\u00e9e du certificat d'enregistrement aupr\u00e8s de l'autorit\u00e9 comp\u00e9tente, par exemple la Chambre de commerce ou un organisme \u00e9quivalent. La certification par un notaire est acceptable.<\/li>\n<li> Les \u00e9tats financiers audit\u00e9s de la compagnie a\u00e9rienne candidate et, si elle est d\u00e9tenue majoritairement par une autre soci\u00e9t\u00e9 (y compris une soci\u00e9t\u00e9 d'\u00c9tat), les \u00e9tats financiers de la soci\u00e9t\u00e9 propri\u00e9taire. Ceux-ci doivent \u00eatre certifi\u00e9s par un expert-comptable ou un comptable public. Pour les nouvelles compagnies a\u00e9riennes, un plan d'affaires pr\u00e9par\u00e9 par un expert-comptable agr\u00e9\u00e9 ou public est acceptable.<\/li>\n<li> Le rapport annuel de la compagnie a\u00e9rienne candidate, ou les statuts de la compagnie montrant comment elle est constitu\u00e9e, ou le profil de la compagnie a\u00e9rienne.<\/li>\n<li> Certificats d'assurance valides avec le type d'a\u00e9ronef, le num\u00e9ro d'immatriculation de chaque a\u00e9ronef et les coordonn\u00e9es respectives de l'autorit\u00e9 d'immatriculation, valides pour un minimum de six mois.<\/li>\n<li> Les statistiques de trafic pour les deux ann\u00e9es pr\u00e9c\u00e9dentes. Cette exigence ne s'applique pas aux nouvelles compagnies a\u00e9riennes.<\/li>\n<li> Horaire\/calendrier publi\u00e9, si la compagnie a\u00e9rienne effectue des op\u00e9rations r\u00e9guli\u00e8res. Pour les op\u00e9rations non r\u00e9guli\u00e8res, une liste de destinations est demand\u00e9e.<\/li>\n<\/ul>\n<p><strong>Liste des membres de l'IATA <a href=\"https:\/\/moverdb.com\/fr\/moving-companies\/\" data-internallinksmanager029f6b8e52c=\"79\" title=\"Les 25 meilleures soci\u00e9t\u00e9s de d\u00e9m\u00e9nagement international en ligne\">Soci\u00e9t\u00e9s de d\u00e9m\u00e9nagement<\/a><\/strong><\/p>\n<ul>\n<li> <a href=\"https:\/\/moverdb.com\/fr\/armstrong-relocation\/\">D\u00e9m\u00e9nagement Armstrong<\/a><\/li>\n<li> <a href=\"https:\/\/moverdb.com\/fr\/atlas-van-lines-international\/\">Atlas Van Lines<\/a><\/li>\n<li> <a href=\"https:\/\/moverdb.com\/fr\/suddath\/\">Suddath<\/a><\/li>\n<li> <a href=\"https:\/\/moverdb.com\/fr\/nippon-express\/\">Nippon Express<\/a><\/li>\n<li> <a href=\"https:\/\/moverdb.com\/fr\/bolliger\/\">Bolliger<\/a><\/li>\n<\/ul>\n<p><strong>Avis sur l'Association internationale du transport a\u00e9rien<\/strong><\/p>\n<p>L'IATA appara\u00eet sur les sites web de la plupart des grandes compagnies a\u00e9riennes (souvent via un code IATA identifiant) et poss\u00e8de \u00e9galement sa propre page Wikipedia. <\/p>\n<p>Son importance en tant qu'association professionnelle est \u00e9vidente, tout comme sa participation \u00e0 l'\u00e9laboration de certaines normes industrielles pour le secteur des compagnies a\u00e9riennes. Le fait que ses membres soient responsables de plus de 90% du trafic a\u00e9rien r\u00e9gulier mondial est un point qui est fr\u00e9quemment soulign\u00e9. <\/p>\n<p>Les articles en ligne sur le secteur du transport a\u00e9rien mentionnent souvent l'IATA et sa participation \u00e0 la prise de d\u00e9cisions sur des questions cl\u00e9s et \u00e0 la formulation de suggestions importantes, comme la r\u00e9glementation de la taille des bagages destin\u00e9s aux coffres sup\u00e9rieurs. <\/p>\n<p>L'IATA est mentionn\u00e9e dans de nombreux contextes, du partenariat de gestion de projet \u00e0 la r\u00e9glementation europ\u00e9enne. Compte tenu de la fr\u00e9quence et de l'ampleur des articles de presse mentionnant l'IATA, il s'agit clairement d'une association professionnelle active et importante.<\/p>\n<p><strong>Site web :<\/strong> <a href=\"http:\/\/www.iata.org\/Pages\/default.aspx\" target=\"_blank\" rel=\"noopener\">http:\/\/www.iata.org\/Pages\/default.aspx<\/a><\/p>","protected":false},"excerpt":{"rendered":"<p>The International Air Transport Association (IATA) is the global trade association for the world&#8217;s airlines. Its mission is to lead and serve its members, as well as to represent their interests in a way that boosts the airport transport industry. Key facts about IATA: It represents around 260 airlines or 83% of total air traffic. [&hellip;]<\/p>\n","protected":false},"author":1,"featured_media":0,"parent":0,"menu_order":0,"comment_status":"closed","ping_status":"closed","template":"","meta":{"_genesis_hide_title":false,"_genesis_hide_breadcrumbs":false,"_genesis_hide_singular_image":false,"_genesis_hide_footer_widgets":false,"_genesis_custom_body_class":"","_genesis_custom_post_class":"","_genesis_layout":"","footnotes":""},"class_list":{"0":"post-440","1":"page","2":"type-page","3":"status-publish","5":"entry"},"_links":{"self":[{"href":"https:\/\/moverdb.com\/fr\/wp-json\/wp\/v2\/pages\/440","targetHints":{"allow":["GET"]}}],"collection":[{"href":"https:\/\/moverdb.com\/fr\/wp-json\/wp\/v2\/pages"}],"about":[{"href":"https:\/\/moverdb.com\/fr\/wp-json\/wp\/v2\/types\/page"}],"author":[{"embeddable":true,"href":"https:\/\/moverdb.com\/fr\/wp-json\/wp\/v2\/users\/1"}],"replies":[{"embeddable":true,"href":"https:\/\/moverdb.com\/fr\/wp-json\/wp\/v2\/comments?post=440"}],"version-history":[{"count":10,"href":"https:\/\/moverdb.com\/fr\/wp-json\/wp\/v2\/pages\/440\/revisions"}],"predecessor-version":[{"id":13161,"href":"https:\/\/moverdb.com\/fr\/wp-json\/wp\/v2\/pages\/440\/revisions\/13161"}],"wp:attachment":[{"href":"https:\/\/moverdb.com\/fr\/wp-json\/wp\/v2\/media?parent=440"}],"curies":[{"name":"wp","href":"https:\/\/api.w.org\/{rel}","templated":true}]}}