{"id":439,"date":"2016-06-12T19:46:10","date_gmt":"2016-06-12T19:46:10","guid":{"rendered":"http:\/\/moverdb.com\/?page_id=439"},"modified":"2026-01-08T14:40:02","modified_gmt":"2026-01-08T14:40:02","slug":"lacma","status":"publish","type":"page","link":"https:\/\/moverdb.com\/fr\/lacma\/","title":{"rendered":"Association des d\u00e9m\u00e9nageurs internationaux d'Am\u00e9rique latine et des Cara\u00efbes (LACMA)"},"content":{"rendered":"<p>L'Association des d\u00e9m\u00e9nageurs internationaux d'Am\u00e9rique latine et des Cara\u00efbes (LACIMA) repr\u00e9sente un ensemble d'entreprises de d\u00e9m\u00e9nagement et de relocalisation dans le but d'encourager l'int\u00e9gration des entreprises locales, ainsi que d'autres entreprises \u00e0 travers le monde.<\/p>\n<p><strong>Faits essentiels sur le LACMA :<\/strong><\/p>\n<ol>a<\/p>\n<li>  L'adh\u00e9sion au LACMA est ouverte aux entreprises de d\u00e9m\u00e9nagement et de relocalisation d'Am\u00e9rique latine et du reste du monde.<\/li>\n<li>  C'est l'association latino-am\u00e9ricaine repr\u00e9sent\u00e9e dans <a href=\"https:\/\/moverdb.com\/fr\/fidi-faim\/\">FIDI<\/a>.<\/li>\n<li>  Il est bas\u00e9 \u00e0 <a href=\"https:\/\/moverdb.com\/fr\/moving-to-panama\/\" data-internallinksmanager029f6b8e52c=\"432\" title=\"D\u00e9m\u00e9nager au Panama ? 2026 Co\u00fbts de la vie et conseils de relocalisation\">Panama<\/a>.<\/li>\n<li>  Elle agit en tant que m\u00e9diateur pour tout conflit qui pourrait survenir entre ses membres, ou entre un membre et d'autres personnes non affili\u00e9es \u00e0 l'association.<\/li>\n<li>  Elle n'exige pas que leurs membres soient <a href=\"https:\/\/moverdb.com\/fr\/fidi-faim\/\" data-internallinksmanager029f6b8e52c=\"16\" title=\"Explication de la FIDI et du FAIM (FIDI Accredited International Mover)\">FIDI<\/a> affili\u00e9s, le LACMA maintenant ses crit\u00e8res d'affiliation ind\u00e9pendants.<\/li>\n<li>  Le LACMA poss\u00e8de son propre institut de formation qui propose des s\u00e9minaires sur site et virtuels, notamment un cours de formation pour les instructeurs de packs.<\/li>\n<li>  Elle offre un programme de garantie de paiement, qui constitue une ressource pour les membres qui cherchent \u00e0 recouvrer les montants en souffrance aupr\u00e8s d'autres membres de l'association.<\/li>\n<li>  L'adh\u00e9sion \u00e0 LACMA peut \u00eatre active (entreprises d'Am\u00e9rique latine ou des Cara\u00efbes qui sont activement engag\u00e9es dans le d\u00e9m\u00e9nagement et l'emballage international, avec leur propre personnel, transport et installations de stockage), associ\u00e9e (entreprises en dehors de l'Am\u00e9rique latine et des Cara\u00efbes qui sont engag\u00e9es dans le d\u00e9m\u00e9nagement et l'emballage international), ou adjointe (entreprises qui fournissent des biens et services utiles aux membres).<\/li>\n<li>  L'organisation d\u00e9clare : \"La FIDI Am\u00e9rique latine repr\u00e9sente 53 entreprises (FIDI-LACMA et FIDI-Non LACMA) dans notre r\u00e9gion\".<\/li>\n<\/ol>\n<p><strong>Profil de l'Association internationale des d\u00e9m\u00e9nageurs d'Am\u00e9rique latine et des Cara\u00efbes<\/strong><\/p>\n<p>Le LACMA a \u00e9t\u00e9 cr\u00e9\u00e9 pour repr\u00e9senter les int\u00e9r\u00eats de ses membres et pour \u00e9tablir et maintenir des normes de services dans le secteur. <\/p>\n<p>C'est l'organisation de la FIDI en Am\u00e9rique latine, ce qui lui conf\u00e8re une certaine cr\u00e9dibilit\u00e9 puisqu'elle est reconnue par la FIDI comme repr\u00e9sentant les int\u00e9r\u00eats des entreprises affili\u00e9es \u00e0 la FIDI de la r\u00e9gion. <\/p>\n<p>La LACMA propose plusieurs types d'adh\u00e9sion, notamment active et associ\u00e9e. Elle met \u00e9galement \u00e0 la disposition de ses membres un large \u00e9ventail de formations en ligne, d'informations et de s\u00e9minaires pour les aider \u00e0 am\u00e9liorer leurs connaissances et leur efficacit\u00e9 professionnelle - le LACMA Training Institute a \u00e9t\u00e9 fond\u00e9 en 1992 dans le but de mieux former les membres. <\/p>\n<p>Les membres b\u00e9n\u00e9ficient \u00e9galement de certaines protections, comme le programme de garantie de paiement - con\u00e7u pour aider \u00e0 recouvrer les sommes dues par d'autres membres - et le LACMA S.O.S. Program, qui fournit une aide humanitaire aux membres victimes des catastrophes naturelles qui touchent fr\u00e9quemment cette r\u00e9gion du monde.<\/p>\n<p><strong>Crit\u00e8res d'adh\u00e9sion :<\/strong><\/p>\n<p><u>Membres actifs<\/u><\/p>\n<ul>\n<li> Remplir la demande d'adh\u00e9sion sur le formulaire officiel du LACMA et fournir les informations demand\u00e9es, accepter de se conformer aux statuts du LACMA et \u00e0 ses r\u00e8glements, au code d'\u00e9thique et aux r\u00e9solutions d\u00e9termin\u00e9es par le conseil d'administration du LACMA.<\/li>\n<li> Fournir le parrainage de cinq (5) membres actifs du LACMA.<\/li>\n<li> Fournissez les \u00e9tats financiers, avec leurs notes respectives, des deux derni\u00e8res ann\u00e9es.<\/li>\n<li> Fournir la charte de l'entreprise (exiger un minimum de quatre ans d'activit\u00e9 dans l'entreprise). <a href=\"https:\/\/moverdb.com\/fr\/entreprises-de-demenagement\/\">d\u00e9m\u00e9nagement international<\/a> industrie).<\/li>\n<li> Payer les frais d'admission, les frais d'initiation au PGP, les frais annuels d'adh\u00e9sion au PGP et au LACMA une fois que le processus de demande a \u00e9t\u00e9 compl\u00e9t\u00e9 et que la demande a \u00e9t\u00e9 approuv\u00e9e.<\/li>\n<\/ul>\n<p><u>Membres associ\u00e9s<\/u><\/p>\n<ul>\n<li> Remplir la demande d'adh\u00e9sion sur le formulaire officiel du LACMA et fournir les informations demand\u00e9es, accepter de se conformer aux statuts du LACMA et \u00e0 ses r\u00e8glements, au code d'\u00e9thique et aux r\u00e9solutions d\u00e9termin\u00e9es par le conseil d'administration du LACMA.<\/li>\n<li> Parrainage de cinq (5) membres actifs et\/ou associ\u00e9s du LACMA, dont deux au moins sont des membres associ\u00e9s.<\/li>\n<li> Fournissez les \u00e9tats financiers, avec leurs notes respectives, des deux derni\u00e8res ann\u00e9es.<\/li>\n<li> Fournir la charte de l'entreprise (exiger un minimum de quatre ans d'activit\u00e9 dans le secteur du d\u00e9m\u00e9nagement international).<\/li>\n<li> Payer les frais d'admission, les frais d'initiation au PGP, les frais annuels d'adh\u00e9sion au PGP et au LACMA une fois que le processus de demande est termin\u00e9 et que la demande a \u00e9t\u00e9 approuv\u00e9e.<\/li>\n<\/ul>\n<p><u>Membres auxiliaires<\/u><\/p>\n<ul>\n<li> Remplir la demande d'adh\u00e9sion sur le formulaire officiel du LACMA et fournir les informations demand\u00e9es, accepter de se conformer aux statuts du LACMA et \u00e0 ses r\u00e8glements, au code d'\u00e9thique et aux r\u00e9solutions d\u00e9termin\u00e9es par le conseil d'administration du LACMA.<\/li>\n<li> Parrainage de (2) membres actifs et\/ou associ\u00e9s du LACMA.<\/li>\n<li> Payez les frais d'admission, et la cotisation annuelle de membre du LACMA une fois que le processus de demande a \u00e9t\u00e9 compl\u00e9t\u00e9 et que la demande a \u00e9t\u00e9 approuv\u00e9e. Veuillez contacter le secr\u00e9tariat du LACMA pour conna\u00eetre les frais cit\u00e9s.<\/li>\n<li> Fournir la preuve que le produit ou le service propos\u00e9 est commercialis\u00e9 depuis au moins un an.<\/li>\n<\/ul>\n<p><strong>Exemples de soci\u00e9t\u00e9s membres<\/strong><\/p>\n<ul>\n<li> <a href=\"https:\/\/moverdb.com\/fr\/aires\/\">Aires<\/a><\/li>\n<li> <a href=\"https:\/\/moverdb.com\/fr\/arpin-international\/\">Arpin International<\/a><\/li>\n<li> <a href=\"https:\/\/moverdb.com\/fr\/atlas-van-lines-international\/\">Atlas Van Lines<\/a><\/li>\n<li> <a href=\"https:\/\/moverdb.com\/fr\/santa-fe-relocation\/\">Services de relogement \u00e0 Santa Fe<\/a><\/li>\n<li> <a href=\"https:\/\/moverdb.com\/fr\/sterling-relocation\/\">D\u00e9m\u00e9nagement \u00e0 Sterling<\/a><\/li>\n<li> <a href=\"https:\/\/moverdb.com\/fr\/stevens-worldwide-van-lines\/\">Stevens Worldwide Van Lines<\/a><\/li>\n<li> <a href=\"https:\/\/moverdb.com\/fr\/amj-campbell-van-lines\/\">AMJ Campbell Van Lines<\/a><\/li>\n<li> <a href=\"https:\/\/moverdb.com\/fr\/suddath\/\">Suddath<\/a><\/li>\n<li> <a href=\"https:\/\/moverdb.com\/fr\/dt-moving\/\">D\u00e9m\u00e9nagement DT<\/a><\/li>\n<li> <a href=\"https:\/\/moverdb.com\/fr\/john-mason\/\">D\u00e9m\u00e9nageurs internationaux John Mason<\/a><\/li>\n<li> <a href=\"https:\/\/moverdb.com\/fr\/mudanzas-gou\/\">Mudanzas Gou<\/a><\/li>\n<li> <a href=\"https:\/\/moverdb.com\/fr\/gil-stauffer\/\">Gil Stauffer<\/a><\/li>\n<\/ul>\n<p><strong>Opinions sur le LACMA :<\/strong><\/p>\n<p>Les informations en ligne indiquent que les membres du LACMA repr\u00e9sentent 90% des d\u00e9m\u00e9nagements vers et depuis la r\u00e9gion de l'Am\u00e9rique latine et des Cara\u00efbes. Il est not\u00e9 qu'il s'agit de l'une des plus importantes sources de revenus de l'UE. <a href=\"https:\/\/moverdb.com\/fr\/organisations-associations\/\">organisations internationales de d\u00e9m\u00e9nagement et d'exp\u00e9dition<\/a>.<\/p>\n<p>Les d\u00e9m\u00e9nageurs mentionnent le LACMA dans le but de rassurer les clients sur les normes de professionnalisme et la couverture g\u00e9ographique. Ses membres sont cit\u00e9s comme faisant partie des meilleurs d\u00e9m\u00e9nageurs du monde et les informations en ligne indiquent que ses membres repr\u00e9sentent les r\u00e9gions suivantes : <em>\"Europe 31%, Le <a href=\"https:\/\/moverdb.com\/fr\/moving-to-the-united-states\/\" data-internallinksmanager029f6b8e52c=\"94\" title=\"Vous partez aux \u00c9tats-Unis ? 2026 Co\u00fbt de la vie et conseils de relocalisation\">\u00c9tats-Unis<\/a> &amp; <a href=\"https:\/\/moverdb.com\/fr\/moving-to-canada\/\" data-internallinksmanager029f6b8e52c=\"265\" title=\"D\u00e9m\u00e9nager au Canada ? 2026 Co\u00fbt de la vie et conseils de relocalisation\">Canada<\/a> 26%, Am\u00e9rique latine et Cara\u00efbes 28% et <a href=\"https:\/\/moverdb.com\/fr\/moving-to-australia\/living-in-australia\/\" data-internallinksmanager029f6b8e52c=\"240\" title=\"21 secrets sur la vie en Australie \u00e0 conna\u00eetre avant de d\u00e9m\u00e9nager\">Australie<\/a>Moyen-Orient et Extr\u00eame-Orient 15%.\"<\/em> <\/p>\n<p>Les d\u00e9m\u00e9nageurs qui incluent le LACMA sur leur site web sont souvent originaires de l'ext\u00e9rieur de la r\u00e9gion mais d\u00e9montrent leur port\u00e9e mondiale en \u00e9tant membres de l'organisation.<\/p>\n<blockquote><p>LACMA est une association regroupant les meilleurs d\u00e9m\u00e9nageurs internationaux d'Am\u00e9rique latine et des Cara\u00efbes, qui repr\u00e9sentent plus de 90 % des d\u00e9m\u00e9nagements \u00e0 destination et en provenance de cette r\u00e9gion.<\/p><\/blockquote>\n<p>- <a href=\"http:\/\/www.brytor.ca\/memberships.php\" target=\"_blank\" rel=\"noopener\">Brytor International Moving<\/a><\/p>\n<blockquote><p>Le LACMA est l'association qui regroupe les 260 meilleurs <a href=\"https:\/\/moverdb.com\/fr\/moving-companies\/\" data-internallinksmanager029f6b8e52c=\"79\" title=\"Les 25 meilleures soci\u00e9t\u00e9s de d\u00e9m\u00e9nagement international en ligne\">entreprises de d\u00e9m\u00e9nagement<\/a> du monde, principalement d'Am\u00e9rique latine et des Cara\u00efbes. En raison de leur prestige, ils g\u00e9n\u00e8rent 90% des importations et exportations r\u00e9alis\u00e9es en Am\u00e9rique latine.<\/p><\/blockquote>\n<p>- <a href=\"http:\/\/miglobal.com\/miglobal.com\/httpdocs\/affiliations.html\" target=\"_blank\" rel=\"noopener\">Mudanzas Internacionales Global<\/a><\/p>\n<p><strong>Site web :<\/strong> <a href=\"http:\/\/www.lacmassoc.org\/\" target=\"_blank\" rel=\"noopener\">http:\/\/www.lacmassoc.org\/<\/a><\/p>","protected":false},"excerpt":{"rendered":"<p>The Latin American and Caribbean International Movers Association (LACIMA) represents a collection of moving and relocation companies with a view to encouraging integration of locally based businesses, as well as others across the world. Key facts about LACMA: a Membership of LACMA is open to moving and relocation companies from Latin America and the rest [&hellip;]<\/p>\n","protected":false},"author":1,"featured_media":0,"parent":0,"menu_order":0,"comment_status":"closed","ping_status":"closed","template":"","meta":{"_genesis_hide_title":false,"_genesis_hide_breadcrumbs":false,"_genesis_hide_singular_image":false,"_genesis_hide_footer_widgets":false,"_genesis_custom_body_class":"","_genesis_custom_post_class":"","_genesis_layout":"","footnotes":""},"class_list":{"0":"post-439","1":"page","2":"type-page","3":"status-publish","5":"entry"},"_links":{"self":[{"href":"https:\/\/moverdb.com\/fr\/wp-json\/wp\/v2\/pages\/439","targetHints":{"allow":["GET"]}}],"collection":[{"href":"https:\/\/moverdb.com\/fr\/wp-json\/wp\/v2\/pages"}],"about":[{"href":"https:\/\/moverdb.com\/fr\/wp-json\/wp\/v2\/types\/page"}],"author":[{"embeddable":true,"href":"https:\/\/moverdb.com\/fr\/wp-json\/wp\/v2\/users\/1"}],"replies":[{"embeddable":true,"href":"https:\/\/moverdb.com\/fr\/wp-json\/wp\/v2\/comments?post=439"}],"version-history":[{"count":21,"href":"https:\/\/moverdb.com\/fr\/wp-json\/wp\/v2\/pages\/439\/revisions"}],"predecessor-version":[{"id":13169,"href":"https:\/\/moverdb.com\/fr\/wp-json\/wp\/v2\/pages\/439\/revisions\/13169"}],"wp:attachment":[{"href":"https:\/\/moverdb.com\/fr\/wp-json\/wp\/v2\/media?parent=439"}],"curies":[{"name":"wp","href":"https:\/\/api.w.org\/{rel}","templated":true}]}}