{"id":438,"date":"2016-06-12T15:34:55","date_gmt":"2016-06-12T15:34:55","guid":{"rendered":"http:\/\/moverdb.com\/?page_id=438"},"modified":"2026-01-08T15:20:25","modified_gmt":"2026-01-08T15:20:25","slug":"ncbfaa","status":"publish","type":"page","link":"https:\/\/moverdb.com\/fr\/ncbfaa\/","title":{"rendered":"Association nationale des courtiers en douane et transitaires d'Am\u00e9rique (NCBFAA)"},"content":{"rendered":"<p>La National Customs Brokers &amp; Forwarders Association of America (NCBFAA) est consid\u00e9r\u00e9e comme la voix du secteur de la logistique des transports en Am\u00e9rique. <\/p>\n<p>C'est une organisation qui s'efforce constamment de repr\u00e9senter ses membres et son secteur, sur le plan juridique et r\u00e9glementaire.<\/p>\n<p><strong>Faits essentiels sur la NCBFAA :<\/strong><\/p>\n<ol>\n<li>  La NCBFAA repr\u00e9sente plus de 970 entreprises membres, soit 110 000 employ\u00e9s dans le commerce international.<\/li>\n<li>  Le NCBFAA a \u00e9t\u00e9 cr\u00e9\u00e9 en 1897 \u00e0 <a href=\"https:\/\/moverdb.com\/fr\/demenagement-a-nyc\/\">New York<\/a>.<\/li>\n<li>  Les membres du NCBFAA sont <a href=\"https:\/\/moverdb.com\/fr\/transporteur-de-marchandises\/\">transitaires<\/a>L'Agence europ\u00e9enne pour la s\u00e9curit\u00e9 de la navigation a\u00e9rienne (AESN) est un organisme ind\u00e9pendant qui offre des services de courtage en douane, d'interm\u00e9diation en transport maritime, de NVOCC et d'agents de fret a\u00e9rien \u00e0 plus de 250 000 importateurs et exportateurs.<\/li>\n<li>  Les membres du NCBFAA sont enti\u00e8rement issus d'entreprises am\u00e9ricaines, \u00e0 l'exception des membres associ\u00e9s.<\/li>\n<li>  La NCBFAA compte plusieurs types principaux d'adh\u00e9sion : Les membres r\u00e9guliers (courtiers en douane agr\u00e9\u00e9s, transitaires maritimes agr\u00e9\u00e9s, agents de fret a\u00e9rien international et transporteurs communs non exploitants de navires en Am\u00e9rique), les membres affili\u00e9s (fournisseurs ou vendeurs de services li\u00e9s au transport, de services commerciaux internationaux ou de produits sp\u00e9cifiques \u00e0 des fonctions du commerce international), les membres associ\u00e9s (courtiers en douane et\/ou agents de fret a\u00e9rien international) et les membres non affili\u00e9s (agents de fret a\u00e9rien international). <a href=\"https:\/\/moverdb.com\/fr\/freight-forwarder\/\" data-internallinksmanager029f6b8e52c=\"17\" title=\"Guide des co\u00fbts et des entreprises des transitaires et NVOCC internationaux\">commissionnaire de transport<\/a> domicili\u00e9s hors d'Am\u00e9rique).<\/li>\n<li>  Le si\u00e8ge du NCBFAA se trouve \u00e0 l'adresse suivante <a href=\"https:\/\/moverdb.com\/fr\/sinstaller-a-washington-dc\/\">Washington<\/a>.<\/li>\n<li>  Le r\u00f4le principal du NCBFAA est de suivre de pr\u00e8s les questions l\u00e9gislatives et r\u00e9glementaires qui concernent les membres - et de tenir les membres inform\u00e9s de ces questions.<\/li>\n<li>  La NCBFAA se consid\u00e8re comme la voix nationale efficace du secteur.<\/li>\n<\/ol>\n<p><strong>Profil de l'Association nationale des courtiers et transitaires en douane d'Am\u00e9rique<\/strong><\/p>\n<p>La NCBFAA joue un r\u00f4le important dans la repr\u00e9sentation des membres de l'industrie de la logistique en Am\u00e9rique. Elle a particip\u00e9 \u00e0 des discussions sur des questions affectant le secteur, telles que la l\u00e9gislation douani\u00e8re, et a fait pression sur le Congr\u00e8s pour poursuivre et prot\u00e9ger les droits et les int\u00e9r\u00eats des membres. <\/p>\n<p>La NCBFAA, autrefois connue sous le nom d'Association des courtiers en douane et des transitaires de Baltimore, \u00e9tait \u00e0 l'origine une organisation du secteur charg\u00e9e de promouvoir et d'\u00e9duquer le secteur de la douane. <a href=\"https:\/\/moverdb.com\/fr\/top-49-container-ports\/\" data-internallinksmanager029f6b8e52c=\"80\" title=\"Les 49 ports \u00e0 conteneurs les plus importants et les plus fr\u00e9quent\u00e9s en 2025\">Port<\/a> de Baltimore. <\/p>\n<p>L'organisation est devenue la NCBFAA en 1983 \"pour mieux refl\u00e9ter une nouvelle port\u00e9e plus large\". La NCBFAA est une organisation \u00e0 but non lucratif qui a \u00e9t\u00e9 con\u00e7ue pour promouvoir les int\u00e9r\u00eats de ses membres - et pour pousser leurs objectifs - \u00e0 la fois sur le march\u00e9 des consommateurs et au c\u0153ur du gouvernement.<\/p>\n<p><strong>Crit\u00e8res d'adh\u00e9sion :<\/strong><\/p>\n<p>Conform\u00e9ment aux statuts de la NCBFAA, tous les candidats au statut de membre r\u00e9gulier doivent : <\/p>\n<blockquote><p>... \u00eatre propos\u00e9e par un membre ordinaire et appuy\u00e9e par un autre membre ordinaire sur un formulaire pr\u00e9vu \u00e0 cet effet, lequel formulaire doit contenir le nom, l'adresse et la profession du candidat ainsi que les noms des membres ordinaires qui proposent et appuient la demande. Il incombe aux membres qui proposent et appuient la demande de fournir des renseignements sur la qualit\u00e9 et le caract\u00e8re du candidat.<\/p><\/blockquote>\n<p>Il y a des cotisations \u00e0 payer, un formulaire \u00e0 remplir et les membres potentiels doivent fournir la preuve qu'ils appartiennent \u00e0 l'une des cat\u00e9gories de membres, par ex.<\/p>\n<ul>\n<li> Courtier en douane - Num\u00e9ro de licence de courtier<\/li>\n<li> OTI - Num\u00e9ro de licence FMC<\/li>\n<li> Transitaire international de fret a\u00e9rien\/Agent de fret a\u00e9rien : CNS\/<a href=\"https:\/\/moverdb.com\/fr\/iata\/\">IATA<\/a> Num\u00e9ro d'enregistrement<\/li>\n<li> NVOCC : Num\u00e9ro d'obligation FMC<\/li>\n<\/ul>\n<p><strong>Opinions sur le NCBFAA<\/strong><\/p>\n<p>La NCBFAA n'est pas mentionn\u00e9e tr\u00e8s fr\u00e9quemment sur les sites web des entreprises individuelles. Cependant, elle est cit\u00e9e plus souvent comme une source d'information et une ressource de donn\u00e9es utiles sur et pour les transitaires. <\/p>\n<p>Il existe \u00e9galement un certain nombre de sites Web sur lesquels figurent des clauses types r\u00e9dig\u00e9es par le NCBFAA - avec une note pr\u00e9cisant que ces clauses ont \u00e9t\u00e9 communiqu\u00e9es aux membres et que le NCBFAA n'assume aucune responsabilit\u00e9 juridique \u00e0 leur \u00e9gard. <\/p>\n<p>Cela indique que l'association offre \u00e0 ses membres une base de donn\u00e9es de documents, ainsi que des informations et des conseils. La conf\u00e9rence annuelle est aussi clairement un \u00e9v\u00e9nement important et est mentionn\u00e9e sur le site web de l'association. <a href=\"https:\/\/www.cbp.gov\/newsroom\/speeches-and-statements\/2016-04-20-000000\/commissioner-kerlikowske%E2%80%99s-remarks-national\" target=\"_blank\" rel=\"noopener\">Site web de l'US Customs &amp; Border Protection<\/a>.<\/p>\n<blockquote><p>La NCBFAA est la voix nationale efficace de l'industrie. Par l'interm\u00e9diaire de ses divers comit\u00e9s, conseils et repr\u00e9sentants, l'association suit de pr\u00e8s les questions l\u00e9gislatives et r\u00e9glementaires qui touchent ses membres.<\/p><\/blockquote>\n<p>- <a href=\"http:\/\/www.shipuwl.com\/member-of-national-customs-brokers-forwarders-association-of-america-inc-ncbfaa\/\" target=\"_blank\" rel=\"noopener\">UWL<\/a><\/p>\n<blockquote><p>L'agence garde un \u0153il sur les questions l\u00e9gislatives et r\u00e9glementaires qui ont un impact sur ses membres...<\/p><\/blockquote>\n<p>- <a href=\"http:\/\/www.bdpinternational.com\/news-advisories-events\/trend-watch\/bdp-international-joins-the-national-customs-brokers-forwarders-association-of-america-inc\/\" target=\"_blank\" rel=\"noopener\">BDP International<\/a><\/p>\n<p><strong>En savoir plus :<\/strong> <a href=\"https:\/\/moverdb.com\/fr\/transporteur-de-marchandises\/\">Guide des co\u00fbts et des entreprises des transitaires et NVOCC internationaux<\/a> <\/p>\n<p><strong>Site web :<\/strong> <a href=\"http:\/\/www.ncbfaa.org\/\" target=\"_blank\" rel=\"noopener\">http:\/\/www.ncbfaa.org\/<\/a><\/p>","protected":false},"excerpt":{"rendered":"<p>The National Customs Brokers &#038; Forwarders Association of America (NCBFAA) is viewed as the voice of the transportation logistics industry in America. It is an organisation that constantly works to represent its members and sector, on a legal and regulatory level. Key facts about NCBFAA: The NCBFAA represents more than 970 member companies, with 110,000 [&hellip;]<\/p>\n","protected":false},"author":1,"featured_media":0,"parent":0,"menu_order":0,"comment_status":"closed","ping_status":"closed","template":"","meta":{"_genesis_hide_title":false,"_genesis_hide_breadcrumbs":false,"_genesis_hide_singular_image":false,"_genesis_hide_footer_widgets":false,"_genesis_custom_body_class":"","_genesis_custom_post_class":"","_genesis_layout":"","footnotes":""},"class_list":{"0":"post-438","1":"page","2":"type-page","3":"status-publish","5":"entry"},"_links":{"self":[{"href":"https:\/\/moverdb.com\/fr\/wp-json\/wp\/v2\/pages\/438","targetHints":{"allow":["GET"]}}],"collection":[{"href":"https:\/\/moverdb.com\/fr\/wp-json\/wp\/v2\/pages"}],"about":[{"href":"https:\/\/moverdb.com\/fr\/wp-json\/wp\/v2\/types\/page"}],"author":[{"embeddable":true,"href":"https:\/\/moverdb.com\/fr\/wp-json\/wp\/v2\/users\/1"}],"replies":[{"embeddable":true,"href":"https:\/\/moverdb.com\/fr\/wp-json\/wp\/v2\/comments?post=438"}],"version-history":[{"count":8,"href":"https:\/\/moverdb.com\/fr\/wp-json\/wp\/v2\/pages\/438\/revisions"}],"predecessor-version":[{"id":6223,"href":"https:\/\/moverdb.com\/fr\/wp-json\/wp\/v2\/pages\/438\/revisions\/6223"}],"wp:attachment":[{"href":"https:\/\/moverdb.com\/fr\/wp-json\/wp\/v2\/media?parent=438"}],"curies":[{"name":"wp","href":"https:\/\/api.w.org\/{rel}","templated":true}]}}