{"id":437,"date":"2016-06-12T15:02:39","date_gmt":"2016-06-12T15:02:39","guid":{"rendered":"http:\/\/moverdb.com\/?page_id=437"},"modified":"2026-01-08T13:18:34","modified_gmt":"2026-01-08T13:18:34","slug":"hgfaa","status":"publish","type":"page","link":"https:\/\/moverdb.com\/fr\/hgfaa\/","title":{"rendered":"Explication de la Household Goods Forwarders Association of America (HGFAA)"},"content":{"rendered":"<p>La Household Goods Forwarders Association of America (HGFAA) se d\u00e9crit comme une association mondiale de d\u00e9m\u00e9nageurs qui s'engagent \u00e0 garantir que les clients re\u00e7oivent le meilleur service possible pendant leur d\u00e9m\u00e9nagement. Elle a maintenant \u00e9t\u00e9 remplac\u00e9e par la <a href=\"https:\/\/moverdb.com\/fr\/je-suis\/\">Association internationale des d\u00e9m\u00e9nageurs<\/a> (<a href=\"https:\/\/moverdb.com\/fr\/iam\/\" data-internallinksmanager029f6b8e52c=\"23\" title=\"L&#039;Association internationale des d\u00e9m\u00e9nageurs (IAM) expliqu\u00e9e\">IAM<\/a>), bien que plusieurs d\u00e9m\u00e9nageurs le mentionnent encore sur leurs sites web. <\/p>\n<p><strong>Faits essentiels sur la HGFAA :<\/strong><\/p>\n<ol>\n<li>  L'HGFAA compte plus de 1800 entreprises membres dans le monde entier.<\/li>\n<li>  La HGFAA est une organisation mondiale comptant des membres dans plus de 160 pays et territoires.<\/li>\n<li>  Portal est le magazine sectoriel de l'association.<\/li>\n<li>  L'Association repr\u00e9sente l'industrie du d\u00e9m\u00e9nagement dans la <a href=\"https:\/\/moverdb.com\/fr\/moving-to-the-united-states\/\" data-internallinksmanager029f6b8e52c=\"94\" title=\"Vous partez aux \u00c9tats-Unis ? 2026 Co\u00fbt de la vie et conseils de relocalisation\">\u00c9tats-Unis<\/a>.<\/li>\n<li>  Le HGFAA est connu pour son r\u00e9seau de communication et ses installations de formation.<\/li>\n<\/ol>\n<p><strong>Profil de la Household Goods Forwarders Association of America :<\/strong><\/p>\n<p>La HGFAA est ax\u00e9e sur le consommateur et fournit une base de donn\u00e9es de d\u00e9m\u00e9nageurs fiables qui peuvent l'aider \u00e0 d\u00e9m\u00e9nager partout dans le monde. Elle s'engage \u00e0 favoriser des normes de service \u00e9lev\u00e9es et \u00e0 veiller \u00e0 ce que les consommateurs disposent de toutes les informations dont ils ont besoin pour d\u00e9m\u00e9nager, de l'organisation du jour J au d\u00e9m\u00e9nagement et aux soins de sant\u00e9. <\/p>\n<p>La HGFAA produit son propre magazine sectoriel appel\u00e9 Portal, qui compte six num\u00e9ros par an. Son site Internet propose une multitude de liens, tant pour l'industrie que pour les consommateurs, vers des sujets d'int\u00e9r\u00eat, tels que les indemnit\u00e9s journali\u00e8res, les voyages et les transports et le d\u00e9m\u00e9nagement avec des animaux de compagnie.<\/p>\n<p><strong>Crit\u00e8res d'adh\u00e9sion :<\/strong><\/p>\n<p>La HGFAA propose un formulaire d'adh\u00e9sion t\u00e9l\u00e9chargeable, mais celui-ci n'est actuellement pas accessible via le site web. Aucune condition d'adh\u00e9sion n'est indiqu\u00e9e sur le site.<\/p>\n<p><strong>Exemples de soci\u00e9t\u00e9s membres<\/strong><\/p>\n<ul>\n<li> <a href=\"https:\/\/moverdb.com\/fr\/atlas-van-lines-international\/\">Atlas Van Lines<\/a><\/li>\n<li> <a href=\"https:\/\/moverdb.com\/fr\/eagle-relocations\/\">D\u00e9m\u00e9nagements d'Eagle<\/a><\/li>\n<li> <a href=\"https:\/\/moverdb.com\/fr\/excess-international-movers\/\">Excess International Movers<\/a><\/li>\n<li> <a href=\"https:\/\/moverdb.com\/fr\/fn-removals\/\">F&amp;N Worldwide Removals<\/a><\/li>\n<li> <a href=\"https:\/\/moverdb.com\/fr\/mudanzas-gou\/\">Mudanzas Gou<\/a><\/li>\n<\/ul>\n<p><strong>Opinions sur la HGFAA :<\/strong><\/p>\n<p>La HGFAA n'est pas tr\u00e8s pr\u00e9sente sur Internet et n'est pas mentionn\u00e9e sur de nombreux sites de d\u00e9m\u00e9nageurs. Les avis en ligne des d\u00e9m\u00e9nageurs qui mentionnent la HGFAA sur leur site se concentrent sur la nature globale de l'association et son engagement \u00e0 offrir des normes de service \u00e9lev\u00e9es.<\/p>\n<p><a href=\"http:\/\/www.bloomberg.com\/profiles\/companies\/0774891D:US-household-goods-forwarders-association-of-america\" target=\"_blank\" rel=\"noopener\">Bloomberg met l'accent sur<\/a> pour sa repr\u00e9sentation de l'industrie, le fait qu'il agisse comme un r\u00e9seau de communication et un centre de formation et la richesse de ses formations, ressources, publications et services d'orientation.<\/p>\n<blockquote><p>La HHGFAA est une association mondiale de transitaires et de d\u00e9m\u00e9nageurs qui s'engagent \u00e0 fournir \u00e0 leurs clients le plus haut niveau de service possible.<\/p><\/blockquote>\n<p>- <a href=\"http:\/\/www.amjbc.ca\/international-moving-services\/\" target=\"_blank\" rel=\"noopener\">AMJ Campbell - D\u00e9m\u00e9nagements dans le monde entier<\/a><\/p>\n<p><strong>Site web :<\/strong> <a href=\"http:\/\/www.hhgfaa.org\/\" target=\"_blank\" rel=\"noopener\">http:\/\/www.hhgfaa.org\/<\/a><\/p>","protected":false},"excerpt":{"rendered":"<p>The Household Goods Forwarders Association of America (HGFAA) describes itself as a global association of movers who are committed to ensuring that customers receive the best possible service during their move. It has now been replaced by the International Association of Movers (IAM), although several movers still list it on their websites. Key facts about [&hellip;]<\/p>\n","protected":false},"author":1,"featured_media":0,"parent":0,"menu_order":0,"comment_status":"closed","ping_status":"closed","template":"","meta":{"_genesis_hide_title":false,"_genesis_hide_breadcrumbs":false,"_genesis_hide_singular_image":false,"_genesis_hide_footer_widgets":false,"_genesis_custom_body_class":"","_genesis_custom_post_class":"","_genesis_layout":"","footnotes":""},"class_list":{"0":"post-437","1":"page","2":"type-page","3":"status-publish","5":"entry"},"_links":{"self":[{"href":"https:\/\/moverdb.com\/fr\/wp-json\/wp\/v2\/pages\/437","targetHints":{"allow":["GET"]}}],"collection":[{"href":"https:\/\/moverdb.com\/fr\/wp-json\/wp\/v2\/pages"}],"about":[{"href":"https:\/\/moverdb.com\/fr\/wp-json\/wp\/v2\/types\/page"}],"author":[{"embeddable":true,"href":"https:\/\/moverdb.com\/fr\/wp-json\/wp\/v2\/users\/1"}],"replies":[{"embeddable":true,"href":"https:\/\/moverdb.com\/fr\/wp-json\/wp\/v2\/comments?post=437"}],"version-history":[{"count":12,"href":"https:\/\/moverdb.com\/fr\/wp-json\/wp\/v2\/pages\/437\/revisions"}],"predecessor-version":[{"id":6221,"href":"https:\/\/moverdb.com\/fr\/wp-json\/wp\/v2\/pages\/437\/revisions\/6221"}],"wp:attachment":[{"href":"https:\/\/moverdb.com\/fr\/wp-json\/wp\/v2\/media?parent=437"}],"curies":[{"name":"wp","href":"https:\/\/api.w.org\/{rel}","templated":true}]}}