{"id":436,"date":"2016-06-12T14:04:20","date_gmt":"2016-06-12T14:04:20","guid":{"rendered":"http:\/\/moverdb.com\/?page_id=436"},"modified":"2026-01-08T14:47:42","modified_gmt":"2026-01-08T14:47:42","slug":"aima","status":"publish","type":"page","link":"https:\/\/moverdb.com\/fr\/aima\/","title":{"rendered":"Explication de l'Association australienne des d\u00e9m\u00e9nageurs internationaux (AIMA)"},"content":{"rendered":"<p>L'Association australienne des d\u00e9m\u00e9nageurs internationaux (AIMA) se d\u00e9crit elle-m\u00eame comme un forum professionnel pour l'industrie du d\u00e9m\u00e9nagement. <a href=\"https:\/\/moverdb.com\/fr\/international-removals\/\" data-internallinksmanager029f6b8e52c=\"27\" title=\"36 meilleures entreprises de d\u00e9m\u00e9nagements internationaux au Royaume-Uni\">d\u00e9m\u00e9nagements internationaux<\/a> l'industrie. Les membres doivent \u00eatre titulaires <a href=\"https:\/\/moverdb.com\/fr\/fidi-faim\/\">FIDI\/FAIM<\/a> ou r\u00e9pondre \u00e0 des crit\u00e8res d'adh\u00e9sion stricts, notamment en mati\u00e8re d'int\u00e9grit\u00e9 financi\u00e8re.<\/p>\n<p><strong>Faits essentiels sur l'AIMA :<\/strong><\/p>\n<ol>\n<li>  Elle a \u00e9t\u00e9 cr\u00e9\u00e9e en 1975.<\/li>\n<li>  Elle compte environ 60 membres dans <a href=\"https:\/\/moverdb.com\/fr\/moving-to-australia\/living-in-australia\/\" data-internallinksmanager029f6b8e52c=\"240\" title=\"21 secrets sur la vie en Australie \u00e0 conna\u00eetre avant de d\u00e9m\u00e9nager\">Australie<\/a>.<\/li>\n<li>  L'AIMA repr\u00e9sente le secteur du d\u00e9m\u00e9nagement en Australie et n'attire pas de membres en dehors du pays. Toutefois, elle couvre les entreprises australiennes qui font <a href=\"https:\/\/moverdb.com\/fr\/entreprises-de-demenagement\/\">d\u00e9m\u00e9nagements internationaux<\/a>.<\/li>\n<li>  Il est reconnu comme le <a href=\"https:\/\/moverdb.com\/fr\/fidi-faim\/\" data-internallinksmanager029f6b8e52c=\"16\" title=\"Explication de la FIDI et du FAIM (FIDI Accredited International Mover)\">FIDI<\/a> Association en Australie.<\/li>\n<li>  Les membres ne doivent pas \u00eatre titulaires de certifications FIDI\/FAIM pour adh\u00e9rer.<\/li>\n<li>  L'AIMA repr\u00e9sente les pays affili\u00e9s \u00e0 la FIDI. <a href=\"https:\/\/moverdb.com\/fr\/moving-companies\/australia-moving-companies\/\" data-internallinksmanager029f6b8e52c=\"176\" title=\"Les 17 meilleures soci\u00e9t\u00e9s de d\u00e9m\u00e9nagements internationaux en Australie\">d\u00e9m\u00e9nageurs en Australie<\/a> sous le nom d'\"Association FIDI\" et envoie des d\u00e9l\u00e9gu\u00e9s au Congr\u00e8s et \u00e0 l'Assembl\u00e9e g\u00e9n\u00e9rale de la FIDI qui se tiennent chaque ann\u00e9e.<\/li>\n<\/ol>\n<p><strong>Profil de l'Association australienne des d\u00e9m\u00e9nageurs internationaux :<\/strong><\/p>\n<p>La mission de l'AIMA est de permettre \u00e0 l'industrie australienne du d\u00e9m\u00e9nagement de se gouverner elle-m\u00eame, d'am\u00e9liorer ses services, de garantir que les clients re\u00e7oivent de meilleurs services, de prot\u00e9ger les int\u00e9r\u00eats du public et de donner \u00e0 l'industrie un moyen de traiter d'\u00e9gal \u00e0 \u00e9gal avec le gouvernement. <\/p>\n<p>L'AIMA propose \u00e9galement un tribunal ind\u00e9pendant charg\u00e9 des litiges. Il s'agit de l'association FIDI reconnue en Australie, ce qui signifie que les d\u00e9m\u00e9nageurs titulaires d'une licence FIDI\/FAIM peuvent automatiquement adh\u00e9rer \u00e0 l'AIMA. Australie <a href=\"https:\/\/moverdb.com\/fr\/moving-companies\/\" data-internallinksmanager029f6b8e52c=\"79\" title=\"Les 25 meilleures soci\u00e9t\u00e9s de d\u00e9m\u00e9nagement international en ligne\">entreprises de d\u00e9m\u00e9nagement<\/a> sans FAIM sont toujours \u00e9ligibles pour devenir membres de l'AIMA mais doivent satisfaire \u00e0 des crit\u00e8res qui mesurent leurs connaissances sp\u00e9cialis\u00e9es, leurs ressources, leur exp\u00e9rience et leur situation financi\u00e8re. <\/p>\n<p>Seuls les membres de l'AIMA sont li\u00e9s par la proc\u00e9dure du tribunal des litiges de l'AIMA.<\/p>\n<p><strong>Crit\u00e8res d'adh\u00e9sion :<\/strong><\/p>\n<p>Les crit\u00e8res d'adh\u00e9sion stricts de l'AIMA comprennent la v\u00e9rification des capacit\u00e9s op\u00e9rationnelles et de l'int\u00e9grit\u00e9 financi\u00e8re. Les d\u00e9tails de ces crit\u00e8res ne sont pas communiqu\u00e9s sur le site web.<\/p>\n<p>Les entreprises qui sont d\u00e9j\u00e0 titulaires de la FIDI\/FAIM ont automatiquement droit \u00e0 l'adh\u00e9sion.<\/p>\n<p><strong>Soci\u00e9t\u00e9s membres<\/strong><\/p>\n<ul>\n<li> <a href=\"https:\/\/moverdb.com\/fr\/conroy-removals\/\">D\u00e9m\u00e9nagements Conroy<\/a><\/li>\n<\/ul>\n<p><strong>Avis sur l'AIMA :<\/strong><\/p>\n<p>L'AIMA est consid\u00e9r\u00e9e comme l'une des nombreuses organisations de d\u00e9m\u00e9nageurs internationaux qui offrent l'assurance qu'un d\u00e9m\u00e9nagement sera trait\u00e9 selon les normes les plus \u00e9lev\u00e9es possibles. C'est l'assurance qu'une entreprise de d\u00e9m\u00e9nagements poss\u00e8de les qualifications appropri\u00e9es et qu'elle est \u00e0 jour de ce qui est consid\u00e9r\u00e9 comme les meilleures pratiques locales. <\/p>\n<p>Un certain nombre d'entreprises mentionnent l'AIMA sur leur site web comme une accr\u00e9ditation internationale, un label de qualit\u00e9 aux c\u00f4t\u00e9s d'autres organisations telles que la FIDI. Cependant, la port\u00e9e de l'AIMA est assez limit\u00e9e car elle ne compte pas autant de membres que certaines organisations similaires dans d'autres pays.<\/p>\n<p>Il y a <a href=\"http:\/\/vandijktrack.com\/mim\/\" target=\"_blank\" rel=\"noopener\">un site web n\u00e9gatif<\/a> qui indique qu'un client est en litige avec un membre de l'AIMA et que l'obtention d'un r\u00e9sultat sur ce litige a pris un temps consid\u00e9rable. <\/p>\n<p>Cette personne indique qu'elle ne prendrait pas trop au s\u00e9rieux une accr\u00e9ditation de l'AIMA comme indice de qualit\u00e9. Cependant, le site web indique \u00e9galement que l'AIMA leur a fourni une assistance et le litige ne semble pas avoir \u00e9t\u00e9 mis \u00e0 jour depuis 2010, ce qui indique qu'il a \u00e9t\u00e9 trait\u00e9.<\/p>\n<blockquote><p>Les membres du public qui choisissent un membre de l'AIMA pour effectuer leur d\u00e9m\u00e9nagement international peuvent donc le faire en toute confiance.<\/p><\/blockquote>\n<p>- <a href=\"http:\/\/www.ossworldwidemovers.com\/australian-international-movers-association\" target=\"_blank\" rel=\"noopener\">OSS World Wide Movers<\/a><\/p>\n<blockquote><p>Australian International Movers Association (AIMA) - Veille \u00e0 ce que les membres soient suffisamment qualifi\u00e9s et connaissent les meilleures pratiques du secteur.<\/p><\/blockquote>\n<p>- <a href=\"http:\/\/www.internationalremovalsaustralia.com.au\/why-choose-us\" target=\"_blank\" rel=\"noopener\">KeysBros Moving Solutions<\/a><\/p>\n<p><strong>Site web :<\/strong> <a href=\"http:\/\/aima.com.au\/\" target=\"_blank\" rel=\"noopener\">http:\/\/aima.com.au\/<\/a><\/p>\n<h2>Autres guides utiles sur l'Australie<\/h2>\n<ul>\n<li> <a href=\"https:\/\/moverdb.com\/fr\/expedition-par-conteneur\/australie\/\">2024 Tarifs d'exp\u00e9dition de conteneurs de fret maritime \u00e0 destination et en provenance d'Australie<\/a><\/li>\n<li> <a href=\"https:\/\/moverdb.com\/fr\/entreprises-de-demenagement\/australie-2\/\">Les 17 meilleures soci\u00e9t\u00e9s de d\u00e9m\u00e9nagements internationaux en Australie<\/a><\/li>\n<li> <a href=\"https:\/\/moverdb.com\/fr\/les-meilleurs-services-de-transfert-international-dargent\/money-transfer-companies-australia\/\">10 meilleures soci\u00e9t\u00e9s de transfert d'argent en Australie<\/a><\/li>\n<li> <a href=\"https:\/\/moverdb.com\/fr\/demenagement-en-australie\/\">D\u00e9m\u00e9nager en Australie ? 2024 Co\u00fbts de la vie et conseils de relocalisation<\/a><\/li>\n<li> <a href=\"https:\/\/moverdb.com\/fr\/demenagement-en-australie\/best-places-to-live-australia\/\">13 meilleurs endroits pour vivre en Australie<\/a><\/li>\n<li> <a href=\"https:\/\/moverdb.com\/fr\/demenagement-en-australie\/vivre-en-australie\/\">21 secrets sur la vie en Australie \u00e0 conna\u00eetre avant de d\u00e9m\u00e9nager<\/a><\/li>\n<li> <a href=\"https:\/\/moverdb.com\/fr\/demenagement-en-australie\/moving-to-perth\/\">D\u00e9m\u00e9nager \u00e0 Perth ? 2024 Co\u00fbts de la vie et conseils de relocalisation<\/a><\/li>\n<li> <a href=\"https:\/\/moverdb.com\/fr\/demenagement-en-australie\/moving-to-australia-from-the-us\/\">D\u00e9m\u00e9nager des \u00c9tats-Unis vers l'Australie<\/a><\/li>\n<li> <a href=\"https:\/\/moverdb.com\/fr\/expedition-par-conteneur\/to-australia-from-the-united-states\/\">Co\u00fbt de l'exp\u00e9dition de conteneurs vers l'Australie depuis les \u00c9tats-Unis<\/a><\/li>\n<li> <a href=\"https:\/\/moverdb.com\/fr\/demenagement-en-australie\/moving-to-australia-from-the-uk\/\">D\u00e9m\u00e9nager du Royaume-Uni en Australie<\/a><\/li>\n<li> <a href=\"https:\/\/moverdb.com\/fr\/expedition-par-conteneur\/to-australia-from-the-uk\/\">Co\u00fbts et d\u00e9lais de l'exp\u00e9dition de conteneurs vers l'Australie depuis le Royaume-Uni<\/a><\/li>\n<li> <a href=\"https:\/\/moverdb.com\/fr\/demenagement-en-australie\/moving-to-australia-from-bahrain\/\">D\u00e9m\u00e9nager en Australie depuis Bahre\u00efn<\/a><\/li>\n<li> <a href=\"https:\/\/moverdb.com\/fr\/demenagement-en-australie\/moving-to-australia-from-the-uae\/\">D\u00e9m\u00e9nager en Australie depuis Duba\u00ef et les \u00c9mirats arabes unis<\/a><\/li>\n<li> <a href=\"https:\/\/moverdb.com\/fr\/expedition-par-conteneur\/to-australia-from-dubai\/\">Co\u00fbts et d\u00e9lais de l'exp\u00e9dition de conteneurs vers l'Australie depuis Duba\u00ef<\/a><\/li>\n<li> <a href=\"https:\/\/moverdb.com\/fr\/expedition-par-conteneur\/to-australia-from-uae\/\">Co\u00fbts et d\u00e9lais de l'exp\u00e9dition de conteneurs vers l'Australie depuis les \u00c9mirats arabes unis<\/a><\/li>\n<li> <a href=\"https:\/\/moverdb.com\/fr\/demenagement-en-australie\/moving-to-australia-from-kuwait\/\">D\u00e9m\u00e9nager en Australie depuis le Kowe\u00eft<\/a><\/li>\n<li> <a href=\"https:\/\/moverdb.com\/fr\/demenagement-en-australie\/moving-to-australia-from-qatar\/\">D\u00e9m\u00e9nager en Australie depuis le Qatar<\/a><\/li>\n<li> <a href=\"https:\/\/moverdb.com\/fr\/expedition-par-conteneur\/to-australia-from-qatar\/\">Co\u00fbts et d\u00e9lais de l'exp\u00e9dition de conteneurs vers l'Australie depuis le Qatar<\/a><\/li>\n<li> <a href=\"https:\/\/moverdb.com\/fr\/demenagement-en-australie\/moving-to-australia-from-singapore\/\">D\u00e9m\u00e9nager en Australie depuis Singapour<\/a><\/li>\n<li> <a href=\"https:\/\/moverdb.com\/fr\/expedition-par-conteneur\/to-australia-from-singapore\/\">Co\u00fbts et d\u00e9lais de l'exp\u00e9dition de conteneurs vers l'Australie depuis Singapour<\/a><\/li>\n<li> <a href=\"https:\/\/moverdb.com\/fr\/demenagement-en-australie\/moving-to-australia-from-south-africa\/\">D\u00e9m\u00e9nager en Australie depuis l'Afrique du Sud<\/a><\/li>\n<li> <a href=\"https:\/\/moverdb.com\/fr\/expedition-par-conteneur\/to-australia-from-canada\/\">Co\u00fbts de l'exp\u00e9dition de conteneurs vers l'Australie depuis le Canada<\/a><\/li>\n<li> <a href=\"https:\/\/moverdb.com\/fr\/expedition-par-conteneur\/to-australia-from-new-zealand\/\">Co\u00fbts de l'exp\u00e9dition de conteneurs vers l'Australie depuis la Nouvelle-Z\u00e9lande<\/a><\/li>\n<li> <a href=\"https:\/\/moverdb.com\/fr\/demenagement-en-australie\/moving-to-hobart\/\">D\u00e9m\u00e9nager \u00e0 Hobart ? 2024 Co\u00fbts de la vie et conseils de relocalisation<\/a><\/li>\n<li> <a href=\"https:\/\/moverdb.com\/fr\/demenagement-en-australie\/moving-to-gold-coast\/\">D\u00e9m\u00e9nager en C\u00f4te d'Or ? 2024 Co\u00fbts de la vie et conseils de relocalisation<\/a><\/li>\n<li> <a href=\"https:\/\/moverdb.com\/fr\/demenagement-en-australie\/moving-to-melbourne\/\">D\u00e9m\u00e9nager \u00e0 Melbourne ? 2024 Co\u00fbts de la vie et conseils de relocalisation<\/a><\/li>\n<\/ul>","protected":false},"excerpt":{"rendered":"<p>The Australian International Movers Association (AIMA) describes itself as a professional forum for the international removals industry. Members must hold FIDI\/FAIM or meet strict membership criteria, including requirements for financial integrity. Key facts about AIMA: It was established in 1975. It has around 60 members in Australia. AIMA represents the moving industry in Australia and [&hellip;]<\/p>\n","protected":false},"author":1,"featured_media":0,"parent":0,"menu_order":0,"comment_status":"closed","ping_status":"closed","template":"","meta":{"_genesis_hide_title":false,"_genesis_hide_breadcrumbs":false,"_genesis_hide_singular_image":false,"_genesis_hide_footer_widgets":false,"_genesis_custom_body_class":"","_genesis_custom_post_class":"","_genesis_layout":"","footnotes":""},"class_list":{"0":"post-436","1":"page","2":"type-page","3":"status-publish","5":"entry"},"_links":{"self":[{"href":"https:\/\/moverdb.com\/fr\/wp-json\/wp\/v2\/pages\/436","targetHints":{"allow":["GET"]}}],"collection":[{"href":"https:\/\/moverdb.com\/fr\/wp-json\/wp\/v2\/pages"}],"about":[{"href":"https:\/\/moverdb.com\/fr\/wp-json\/wp\/v2\/types\/page"}],"author":[{"embeddable":true,"href":"https:\/\/moverdb.com\/fr\/wp-json\/wp\/v2\/users\/1"}],"replies":[{"embeddable":true,"href":"https:\/\/moverdb.com\/fr\/wp-json\/wp\/v2\/comments?post=436"}],"version-history":[{"count":9,"href":"https:\/\/moverdb.com\/fr\/wp-json\/wp\/v2\/pages\/436\/revisions"}],"predecessor-version":[{"id":17998,"href":"https:\/\/moverdb.com\/fr\/wp-json\/wp\/v2\/pages\/436\/revisions\/17998"}],"wp:attachment":[{"href":"https:\/\/moverdb.com\/fr\/wp-json\/wp\/v2\/media?parent=436"}],"curies":[{"name":"wp","href":"https:\/\/api.w.org\/{rel}","templated":true}]}}