{"id":435,"date":"2016-06-12T14:17:13","date_gmt":"2016-06-12T14:17:13","guid":{"rendered":"http:\/\/moverdb.com\/?page_id=435"},"modified":"2026-01-08T14:47:40","modified_gmt":"2026-01-08T14:47:40","slug":"afra","status":"publish","type":"page","link":"https:\/\/moverdb.com\/fr\/afra\/","title":{"rendered":"Explication de l'Association australienne des d\u00e9m\u00e9nageurs (AFRA)"},"content":{"rendered":"<p>L'Association australienne des d\u00e9m\u00e9nageurs (AFRA) se d\u00e9crit \u00e0 la fois comme un repr\u00e9sentant et un r\u00e9gulateur de l'industrie du d\u00e9m\u00e9nagement en Australie. <a href=\"https:\/\/moverdb.com\/fr\/moving-to-australia\/living-in-australia\/\" data-internallinksmanager029f6b8e52c=\"240\" title=\"21 secrets sur la vie en Australie \u00e0 conna\u00eetre avant de d\u00e9m\u00e9nager\">Australie<\/a>. <\/p>\n<p>Il a une large port\u00e9e g\u00e9ographique en Australie et est souvent cit\u00e9 comme un gage de qualit\u00e9.<\/p>\n<p><strong>Faits essentiels sur l'AFRA :<\/strong><\/p>\n<ol>\n<li>  Actuellement, environ 350 entreprises de d\u00e9m\u00e9nagement de meubles et entreprises associ\u00e9es sont membres de l'AFRA.<\/li>\n<li>  Les membres de l'AFRA couvrent pratiquement toutes les r\u00e9gions d'Australie, mais pas les r\u00e9gions internationales.<\/li>\n<li>  Les membres de l'AFRA sont r\u00e9guli\u00e8rement soumis \u00e0 des audits. Un audit initial a lieu lors de la demande d'adh\u00e9sion, suivi d'un audit 12 mois apr\u00e8s l'acceptation, puis d'un audit tous les quatre ans. Si les audits r\u00e9v\u00e8lent que les membres ne respectent pas les exigences de base, ils disposent d'un d\u00e9lai de 21 jours pour y rem\u00e9dier avant que l'AFRA ne prenne des mesures disciplinaires \u00e0 leur encontre.<\/li>\n<li>  Les membres de l'AFRA sont tr\u00e8s diversifi\u00e9s, allant des petites entreprises propri\u00e9taires d'un seul camion aux grandes entreprises multinationales poss\u00e9dant de nombreuses succursales en Australie et en Europe. <a href=\"https:\/\/moverdb.com\/fr\/entreprises-de-demenagement\/\">\u00e0 l'\u00e9tranger<\/a>.<\/li>\n<li>  Les membres de l'AFRA doivent satisfaire \u00e0 certaines exigences de base, qui sont tr\u00e8s compl\u00e8tes et concernent tout, des locaux au personnel, en passant par les v\u00e9hicules, les \u00e9quipements et les assurances.<\/li>\n<li>  Si les plaintes ou les r\u00e9clamations ne sont pas r\u00e9solues par les membres, elles peuvent \u00eatre transmises par le client \u00e0 l'AFRA.<\/li>\n<li>  Tous les membres de l'AFRA sont couverts par une assurance de responsabilit\u00e9 civile et sont autoris\u00e9s \u00e0 fournir une assurance de transit pour tous les biens et effets \u00e0 d\u00e9m\u00e9nager.<\/li>\n<\/ol>\n<p><strong>Profil de l'Association australienne des d\u00e9m\u00e9nageurs de meubles :<\/strong><\/p>\n<p>L'AFRA est un organisme officiel d'experts en d\u00e9m\u00e9nagements qui fournit une accr\u00e9ditation \u00e0 ses membres \u00e0 la recherche d'un signe fiable de qualit\u00e9 \u00e0 afficher aux consommateurs. <\/p>\n<p>Seuls les d\u00e9m\u00e9nageurs qui disposent de l'\u00e9quipement, des v\u00e9hicules, des locaux et de la formation du personnel n\u00e9cessaires pour effectuer un d\u00e9m\u00e9nagement professionnel recevront une accr\u00e9ditation de membre de l'AFRA. Une fois l'accr\u00e9ditation re\u00e7ue, l'organisation continue d'\u00e9valuer ses membres pour s'assurer que les normes n'ont pas baiss\u00e9. <\/p>\n<p>Les exigences de l'AFRA \u00e0 l'\u00e9gard de ses membres visent \u00e0 am\u00e9liorer le secteur du d\u00e9m\u00e9nagement pour les consommateurs en termes de protection financi\u00e8re et de qualit\u00e9 de service. L'AFRA n'offre l'adh\u00e9sion qu'aux entreprises australiennes, mais celles-ci peuvent servir des clients qui d\u00e9m\u00e9nagent en Australie ou en Europe. <a href=\"https:\/\/moverdb.com\/fr\/demenagements-internationaux\/\">\u00e0 l'\u00e9tranger<\/a>. <\/p>\n<p>Dans le cadre des avantages offerts aux membres, l'AFRA propose des formations, des informations et des conseils \u00e0 ses membres, ainsi qu'une source d'information sur les derni\u00e8res nouvelles et les changements affectant le secteur.<\/p>\n<p><strong>Crit\u00e8res d'adh\u00e9sion :<\/strong><\/p>\n<p>Les crit\u00e8res d'adh\u00e9sion ne figurent pas sur le site web mais sur le formulaire de demande (qui n'est pas non plus disponible sur le site web). Un dossier d'adh\u00e9sion peut \u00eatre obtenu aupr\u00e8s de <a href=\"mailto:admin@afra.com.au\">admin@afra.com.au<\/a>.<\/p>\n<p>Chaque entreprise, avant que l'adh\u00e9sion ne soit accord\u00e9e, sera soumise \u00e0 un audit.<\/p>\n<p><strong>Entreprises membres<\/strong><\/p>\n<ul>\n<li> <a href=\"https:\/\/moverdb.com\/fr\/conroy-removals\/\">D\u00e9m\u00e9nagements Conroy<\/a><\/li>\n<\/ul>\n<p><strong>Avis sur l'AFRA :<\/strong><\/p>\n<p>L'AFRA est consid\u00e9r\u00e9e comme un indicateur d'une entreprise de qualit\u00e9 et sugg\u00e9r\u00e9e par les sites web gouvernementaux comme un moyen de s'assurer qu'un d\u00e9m\u00e9nageur dispose des ressources, des normes et des comp\u00e9tences ad\u00e9quates pour effectuer un d\u00e9m\u00e9nagement. <\/p>\n<p>Le fait que l'AFRA n'approuve que les personnes capables d'effectuer un d\u00e9m\u00e9nagement de mani\u00e8re professionnelle est consid\u00e9r\u00e9 comme important, de m\u00eame que l'obligation pour les membres de l'AFRA de disposer de protections telles que diverses assurances. <\/p>\n<p>L'argument est que si une entreprise est membre de l'AFRA, cela donne \u00e0 ses clients la possibilit\u00e9 d'acc\u00e9der aux informations de l'AFRA et d'\u00eatre rassur\u00e9s par le service de r\u00e9solution des litiges. L'opinion en ligne souligne que \"toutes les grandes entreprises nationales <a href=\"https:\/\/moverdb.com\/fr\/international-removals\/\" data-internallinksmanager029f6b8e52c=\"27\" title=\"36 meilleures entreprises de d\u00e9m\u00e9nagements internationaux au Royaume-Uni\">entreprises de d\u00e9m\u00e9nagement<\/a> sont attach\u00e9s \u00e0 l'id\u00e9al de l'AFRA\". <\/p>\n<p>L'utilisation d'un d\u00e9m\u00e9nageur membre de l'AFRA est l'un des conseils pour le d\u00e9m\u00e9nagement fournis par un <a href=\"https:\/\/www.allianz.com.au\/home-insurance\/news\/6-tips-on-how-to-hire-the-best-removalists\" target=\"_blank\" rel=\"noopener\">grande soci\u00e9t\u00e9 de services financiers<\/a>L'association souligne que la l\u00e9gislation australienne n'oblige pas les d\u00e9m\u00e9nageurs \u00e0 souscrire une assurance, mais que l'AFRA le fait. Il valorise \u00e9galement le fait que les membres de l'AFRA seront \u00e0 jour des derniers d\u00e9veloppements et tenus de respecter des normes minimales.<\/p>\n<blockquote><p>Les d\u00e9m\u00e9nageurs accr\u00e9dit\u00e9s par l'AFRA doivent respecter certaines normes en mati\u00e8re d'\u00e9quipement, de v\u00e9hicules, de locaux et de formation du personnel n\u00e9cessaires pour effectuer un d\u00e9m\u00e9nagement professionnel.<\/p><\/blockquote>\n<p>- <a href=\"http:\/\/www.fairtrading.nsw.gov.au\/ftw\/Consumers\/Buying_services\/Hiring_a_removalist.page\" target=\"_blank\" rel=\"noopener\">Gouvernement de la Nouvelle-Galles du Sud<\/a><\/p>\n<blockquote><p>L'AFRA est un organisme officiel regroupant des experts du d\u00e9m\u00e9nagement en Australie qui contribue \u00e0 r\u00e9glementer le secteur du d\u00e9m\u00e9nagement. L'AFRA accr\u00e9dite uniquement les d\u00e9m\u00e9nageurs qui disposent de l'\u00e9quipement, des v\u00e9hicules, des locaux et de la formation du personnel n\u00e9cessaires pour effectuer un d\u00e9m\u00e9nagement professionnel.<\/p><\/blockquote>\n<p>- <a href=\"http:\/\/www.ashtons.com.au\/afra-accreditation.html\" target=\"_blank\" rel=\"noopener\">D\u00e9m\u00e9nagements Ashtons<\/a><\/p>\n<p><strong>Site web :<\/strong> <a href=\"http:\/\/www.afra.com.au\/\" target=\"_blank\" rel=\"noopener\">http:\/\/www.afra.com.au\/<\/a><\/p>\n<h2>Autres guides utiles sur l'Australie<\/h2>\n<ul>\n<li> <a href=\"https:\/\/moverdb.com\/fr\/expedition-par-conteneur\/australie\/\">2024 Tarifs d'exp\u00e9dition de conteneurs de fret maritime \u00e0 destination et en provenance d'Australie<\/a><\/li>\n<li> <a href=\"https:\/\/moverdb.com\/fr\/entreprises-de-demenagement\/australie-2\/\">Les 17 meilleures soci\u00e9t\u00e9s de d\u00e9m\u00e9nagements internationaux en Australie<\/a><\/li>\n<li> <a href=\"https:\/\/moverdb.com\/fr\/les-meilleurs-services-de-transfert-international-dargent\/money-transfer-companies-australia\/\">10 meilleures soci\u00e9t\u00e9s de transfert d'argent en Australie<\/a><\/li>\n<li> <a href=\"https:\/\/moverdb.com\/fr\/demenagement-en-australie\/\">D\u00e9m\u00e9nager en Australie ? 2024 Co\u00fbts de la vie et conseils de relocalisation<\/a><\/li>\n<li> <a href=\"https:\/\/moverdb.com\/fr\/demenagement-en-australie\/best-places-to-live-australia\/\">13 meilleurs endroits pour vivre en Australie<\/a><\/li>\n<li> <a href=\"https:\/\/moverdb.com\/fr\/demenagement-en-australie\/vivre-en-australie\/\">21 secrets sur la vie en Australie \u00e0 conna\u00eetre avant de d\u00e9m\u00e9nager<\/a><\/li>\n<li> <a href=\"https:\/\/moverdb.com\/fr\/demenagement-en-australie\/moving-to-australia-from-the-us\/\">D\u00e9m\u00e9nager des \u00c9tats-Unis vers l'Australie<\/a><\/li>\n<li> <a href=\"https:\/\/moverdb.com\/fr\/expedition-par-conteneur\/to-australia-from-the-united-states\/\">Co\u00fbt de l'exp\u00e9dition de conteneurs vers l'Australie depuis les \u00c9tats-Unis<\/a><\/li>\n<li> <a href=\"https:\/\/moverdb.com\/fr\/demenagement-en-australie\/moving-to-australia-from-the-uk\/\">D\u00e9m\u00e9nager du Royaume-Uni en Australie<\/a><\/li>\n<li> <a href=\"https:\/\/moverdb.com\/fr\/expedition-par-conteneur\/to-australia-from-the-uk\/\">Co\u00fbts et d\u00e9lais de l'exp\u00e9dition de conteneurs vers l'Australie depuis le Royaume-Uni<\/a><\/li>\n<li> <a href=\"https:\/\/moverdb.com\/fr\/demenagement-en-australie\/moving-to-australia-from-bahrain\/\">D\u00e9m\u00e9nager en Australie depuis Bahre\u00efn<\/a><\/li>\n<li> <a href=\"https:\/\/moverdb.com\/fr\/demenagement-en-australie\/moving-to-australia-from-the-uae\/\">D\u00e9m\u00e9nager en Australie depuis Duba\u00ef et les \u00c9mirats arabes unis<\/a><\/li>\n<li> <a href=\"https:\/\/moverdb.com\/fr\/expedition-par-conteneur\/to-australia-from-dubai\/\">Co\u00fbts et d\u00e9lais de l'exp\u00e9dition de conteneurs vers l'Australie depuis Duba\u00ef<\/a><\/li>\n<li> <a href=\"https:\/\/moverdb.com\/fr\/expedition-par-conteneur\/to-australia-from-uae\/\">Co\u00fbts et d\u00e9lais de l'exp\u00e9dition de conteneurs vers l'Australie depuis les \u00c9mirats arabes unis<\/a><\/li>\n<li> <a href=\"https:\/\/moverdb.com\/fr\/demenagement-en-australie\/moving-to-australia-from-kuwait\/\">D\u00e9m\u00e9nager en Australie depuis le Kowe\u00eft<\/a><\/li>\n<li> <a href=\"https:\/\/moverdb.com\/fr\/demenagement-en-australie\/moving-to-australia-from-qatar\/\">D\u00e9m\u00e9nager en Australie depuis le Qatar<\/a><\/li>\n<li> <a href=\"https:\/\/moverdb.com\/fr\/expedition-par-conteneur\/to-australia-from-qatar\/\">Co\u00fbts et d\u00e9lais de l'exp\u00e9dition de conteneurs vers l'Australie depuis le Qatar<\/a><\/li>\n<li> <a href=\"https:\/\/moverdb.com\/fr\/demenagement-en-australie\/moving-to-perth\/\">D\u00e9m\u00e9nager \u00e0 Perth ? 2024 Co\u00fbts de la vie et conseils de relocalisation<\/a><\/li>\n<li> <a href=\"https:\/\/moverdb.com\/fr\/demenagement-en-australie\/moving-to-australia-from-singapore\/\">D\u00e9m\u00e9nager en Australie depuis Singapour<\/a><\/li>\n<li> <a href=\"https:\/\/moverdb.com\/fr\/expedition-par-conteneur\/to-australia-from-singapore\/\">Co\u00fbts et d\u00e9lais de l'exp\u00e9dition de conteneurs vers l'Australie depuis Singapour<\/a><\/li>\n<li> <a href=\"https:\/\/moverdb.com\/fr\/demenagement-en-australie\/moving-to-australia-from-south-africa\/\">D\u00e9m\u00e9nager en Australie depuis l'Afrique du Sud<\/a><\/li>\n<li> <a href=\"https:\/\/moverdb.com\/fr\/expedition-par-conteneur\/to-australia-from-canada\/\">Co\u00fbts de l'exp\u00e9dition de conteneurs vers l'Australie depuis le Canada<\/a><\/li>\n<li> <a href=\"https:\/\/moverdb.com\/fr\/expedition-par-conteneur\/to-australia-from-new-zealand\/\">Co\u00fbts de l'exp\u00e9dition de conteneurs vers l'Australie depuis la Nouvelle-Z\u00e9lande<\/a><\/li>\n<li> <a href=\"https:\/\/moverdb.com\/fr\/demenagement-en-australie\/moving-to-hobart\/\">D\u00e9m\u00e9nager \u00e0 Hobart ? 2024 Co\u00fbts de la vie et conseils de relocalisation<\/a><\/li>\n<li> <a href=\"https:\/\/moverdb.com\/fr\/demenagement-en-australie\/moving-to-gold-coast\/\">D\u00e9m\u00e9nager en C\u00f4te d'Or ? 2024 Co\u00fbts de la vie et conseils de relocalisation<\/a><\/li>\n<li> <a href=\"https:\/\/moverdb.com\/fr\/demenagement-en-australie\/moving-to-melbourne\/\">D\u00e9m\u00e9nager \u00e0 Melbourne ? 2024 Co\u00fbts de la vie et conseils de relocalisation<\/a><\/li>\n<\/ul>","protected":false},"excerpt":{"rendered":"<p>The Australian Furniture Removers Association (AFRA) describes itself both as a representative of, and regulator of, the removals industry in Australia. It has broad geographic reach within Australia and is often cited as a mark of quality. Key facts about the AFRA: Currently, around 350 furniture removal and associated companies are members of AFRA. The [&hellip;]<\/p>\n","protected":false},"author":1,"featured_media":0,"parent":0,"menu_order":0,"comment_status":"closed","ping_status":"closed","template":"","meta":{"_genesis_hide_title":false,"_genesis_hide_breadcrumbs":false,"_genesis_hide_singular_image":false,"_genesis_hide_footer_widgets":false,"_genesis_custom_body_class":"","_genesis_custom_post_class":"","_genesis_layout":"","footnotes":""},"class_list":{"0":"post-435","1":"page","2":"type-page","3":"status-publish","5":"entry"},"_links":{"self":[{"href":"https:\/\/moverdb.com\/fr\/wp-json\/wp\/v2\/pages\/435","targetHints":{"allow":["GET"]}}],"collection":[{"href":"https:\/\/moverdb.com\/fr\/wp-json\/wp\/v2\/pages"}],"about":[{"href":"https:\/\/moverdb.com\/fr\/wp-json\/wp\/v2\/types\/page"}],"author":[{"embeddable":true,"href":"https:\/\/moverdb.com\/fr\/wp-json\/wp\/v2\/users\/1"}],"replies":[{"embeddable":true,"href":"https:\/\/moverdb.com\/fr\/wp-json\/wp\/v2\/comments?post=435"}],"version-history":[{"count":11,"href":"https:\/\/moverdb.com\/fr\/wp-json\/wp\/v2\/pages\/435\/revisions"}],"predecessor-version":[{"id":17997,"href":"https:\/\/moverdb.com\/fr\/wp-json\/wp\/v2\/pages\/435\/revisions\/17997"}],"wp:attachment":[{"href":"https:\/\/moverdb.com\/fr\/wp-json\/wp\/v2\/media?parent=435"}],"curies":[{"name":"wp","href":"https:\/\/api.w.org\/{rel}","templated":true}]}}