{"id":434,"date":"2016-06-05T06:20:47","date_gmt":"2016-06-05T06:20:47","guid":{"rendered":"http:\/\/moverdb.com\/?page_id=434"},"modified":"2026-01-08T14:48:22","modified_gmt":"2026-01-08T14:48:22","slug":"fidi-faim","status":"publish","type":"page","link":"https:\/\/moverdb.com\/fr\/fidi-faim\/","title":{"rendered":"Explication de la FIDI et du FAIM (FIDI Accredited International Mover)"},"content":{"rendered":"<p>La FIDI (F\u00e9d\u00e9ration Internationale des D\u00e9m\u00e9nageurs Internationaux) est une organisation mondiale regroupant des entreprises de d\u00e9m\u00e9nagement et de relocation internationales. <\/p>\n<p>Elle se d\u00e9crit comme une norme industrielle mondiale pour les d\u00e9m\u00e9nageurs de qualit\u00e9 sup\u00e9rieure et a lanc\u00e9 le programme de gestion de la qualit\u00e9 FIDI Accredited International Mover (FAIM), un programme de certification de la qualit\u00e9 consacr\u00e9 exclusivement \u00e0 l'industrie du d\u00e9m\u00e9nagement international.<\/p>\n<p><strong>Faits essentiels sur l'organisation :<\/strong><\/p>\n<ol>\n<li>  La FIDI repr\u00e9sente plus de <strong>600 ind\u00e9pendants <a href=\"https:\/\/moverdb.com\/fr\/entreprises-de-demenagement\/\">entreprises<\/a><\/strong> dans plus de <strong>100 pays<\/strong>.<\/li>\n<li>  La FIDI est la plus grande organisation parapluie de <a href=\"https:\/\/moverdb.com\/fr\/demenagements-internationaux\/\">d\u00e9m\u00e9nagements internationaux<\/a> et des entreprises de relocalisation.<\/li>\n<li>  FIDI propose \u00e0 la fois la relocalisation personnelle et la relocalisation d'entreprise.<\/li>\n<li>  Tous les affili\u00e9s de la FIDI doivent se conformer \u00e0 une norme de qualit\u00e9 FIDI-FAIM rigoureuse.<\/li>\n<li>  La FIDI propose le programme de gestion de la qualit\u00e9 FAIM, qui est consid\u00e9r\u00e9 comme l'une des normes les plus rigoureuses du secteur, avec plus d'un million d'heures de travail. <strong>200 exigences de qualit\u00e9<\/strong> concernant \u00e0 la fois les op\u00e9rations et les services \u00e0 la client\u00e8le.<\/li>\n<li>  Chaque affili\u00e9 de la FIDI doit se soumettre \u00e0 une \u00e9valuation p\u00e9riodique ind\u00e9pendante de ses activit\u00e9s de d\u00e9m\u00e9nagement international. S'ils \u00e9chouent \u00e0 cette \u00e9valuation, ils sont exclus de la FIDI.<\/li>\n<li>  Tous les affili\u00e9s de la FIDI doivent signer et adh\u00e9rer \u00e0 une charte anti-corruption obligatoire.<\/li>\n<li>  Tous les membres de la FIDI doivent \u00e9galement \u00eatre certifi\u00e9s FAIM - cette certification est demand\u00e9e en m\u00eame temps que l'adh\u00e9sion.<\/li>\n<li>  FAIM Plus est disponible pour ceux qui ont la certification ISO 9001.<\/li>\n<\/ol>\n<p><strong>Profil de l'organisation FIDI<\/strong><\/p>\n<p>La FIDI est une association mondiale de d\u00e9m\u00e9nageurs qui offre \u00e0 ses affili\u00e9s un label de qualit\u00e9 solide et reconnu pour leurs services, des possibilit\u00e9s accrues de mise en r\u00e9seau et l'opportunit\u00e9 de d\u00e9velopper une activit\u00e9. <\/p>\n<p>Elle organise r\u00e9guli\u00e8rement des conf\u00e9rences et des sessions de formation pour les membres du monde entier et propose aux membres un plan de protection des paiements, qui les aide \u00e0 prot\u00e9ger jusqu'\u00e0 90% de la valeur de leurs factures. La FIDI s'est \u00e9galement positionn\u00e9e pour tenir ses affili\u00e9s au courant des derni\u00e8res nouvelles du secteur et dispose d'un panel sectoriel qui offre des conseils d'experts et traite les litiges entre membres. <\/p>\n<p>Le programme de gestion de la qualit\u00e9 du FIDI Accredited International Mover (FAIM) fait partie de l'offre de la FIDI, une certification de qualit\u00e9 pour l'industrie du d\u00e9m\u00e9nagement qui a \u00e9t\u00e9 d\u00e9velopp\u00e9e par le biais d'une consultation et des meilleures pratiques des plus grandes et petites entreprises, priv\u00e9es et publiques. <a href=\"https:\/\/moverdb.com\/fr\/moving-companies\/\" data-internallinksmanager029f6b8e52c=\"79\" title=\"Les 25 meilleures soci\u00e9t\u00e9s de d\u00e9m\u00e9nagement international en ligne\">soci\u00e9t\u00e9s de d\u00e9m\u00e9nagement international<\/a> du monde entier.<\/p>\n<p><strong>Crit\u00e8res d'adh\u00e9sion :<\/strong><\/p>\n<p>Pour rejoindre l'Alliance mondiale FIDI, vous devez remplir les conditions obligatoires suivantes :<\/p>\n<ul>\n<li> Se conformer aux r\u00e8glements de la FIDI<\/li>\n<li> Op\u00e9rer dans le domaine des services de d\u00e9m\u00e9nagement intercontinental pendant au moins 2 ans avant la candidature<\/li>\n<li> Effectuer un minimum de 10 d\u00e9m\u00e9nagements intercontinentaux par an*.<\/li>\n<li> Disposer d'une couverture d'assurance appropri\u00e9e et suffisante<\/li>\n<li> Signer la Charte anti-corruption de la FIDI (Charte ABC de la FIDI)<\/li>\n<li> \u00eatre en bonne sant\u00e9 financi\u00e8re (votre sant\u00e9 financi\u00e8re sera v\u00e9rifi\u00e9e par un auditeur ind\u00e9pendant pendant la phase de candidature)<\/li>\n<li> \u00catre certifi\u00e9 FIDI-FAIM (vous demanderez la certification FAIM en m\u00eame temps que votre demande d'adh\u00e9sion \u00e0 la FIDI)<\/li>\n<\/ul>\n<p><strong>Certification FAIM :<\/strong><\/p>\n<p>Le programme de certification FIDI-FAIM exige que les d\u00e9m\u00e9nageurs internationaux fassent l'objet d'une \u00e9valuation p\u00e9riodique ind\u00e9pendante de leurs activit\u00e9s de d\u00e9m\u00e9nagement intercontinental par le biais d'un audit ind\u00e9pendant, qui est r\u00e9alis\u00e9 tous les trois ans.<\/p>\n<p>Cela garantit que les entreprises de la FIDI travaillent selon une norme mondiale commune pour la gestion et l'ex\u00e9cution des services de d\u00e9m\u00e9nagement international d'une mani\u00e8re uniforme, efficace et soucieuse de la qualit\u00e9. Elle fournit \u00e9galement un m\u00e9canisme transparent qui garantit que les normes restent \u00e9lev\u00e9es.<\/p>\n<p>Du point de vue du client final, une entreprise certifi\u00e9e FAIM donne \u00e0 la personne qui d\u00e9m\u00e9nage et au d\u00e9partement des ressources humaines qui organise son d\u00e9m\u00e9nagement la certitude que l'entreprise conna\u00eet le secteur et dispose des ressources et du savoir-faire n\u00e9cessaires pour effectuer le travail correctement.<\/p>\n<p>L'\u00e9valuation sur place est effectu\u00e9e de mani\u00e8re ind\u00e9pendante par les assesseurs internationaux Ernst &amp; Young.<\/p>\n<p><strong>Quelques entreprises membres<\/strong><\/p>\n<ul>\n<li> <a href=\"https:\/\/moverdb.com\/fr\/aires\/\">Aires<\/a><\/li>\n<li> <a href=\"https:\/\/moverdb.com\/fr\/cadogan-tate\/\">Cadogan Tate<\/a><\/li>\n<li> <a href=\"https:\/\/moverdb.com\/fr\/harrow-green\/\">Harrow Green<\/a><\/li>\n<li> <a href=\"https:\/\/moverdb.com\/fr\/santa-fe-relocation\/\">D\u00e9m\u00e9nagement \u00e0 Santa Fe<\/a><\/li>\n<li> <a href=\"https:\/\/moverdb.com\/fr\/equipe-relocalisations\/\">D\u00e9m\u00e9nagements d'\u00e9quipes<\/a><\/li>\n<li> <a href=\"https:\/\/moverdb.com\/fr\/nippon-express\/\">Nippon Express<\/a><\/li>\n<li> <a href=\"https:\/\/moverdb.com\/fr\/settelen\/\">Settelen<\/a><\/li>\n<li> <a href=\"https:\/\/moverdb.com\/fr\/conroy-removals\/\">D\u00e9m\u00e9nagements Conroy<\/a><\/li>\n<li> <a href=\"https:\/\/moverdb.com\/fr\/bolliger\/\">Bolliger<\/a><\/li>\n<li> <a href=\"https:\/\/moverdb.com\/fr\/mudanzas-gou\/\">Mudanzas Gou<\/a><\/li>\n<li> <a href=\"https:\/\/moverdb.com\/fr\/gil-stauffer\/\">Gil Stauffer<\/a><\/li>\n<li> <a href=\"https:\/\/moverdb.com\/fr\/packimpex\/\">Packimpex<\/a><\/li>\n<\/ul>\n<p><strong>Opinions sur l'organisation<\/strong><\/p>\n<p>La FIDI est tr\u00e8s appr\u00e9ci\u00e9e par les d\u00e9m\u00e9nageurs qui la mentionnent sur leurs sites web, tant en ce qui concerne les ressources importantes dont elle dispose que le fait qu'un audit est en cours. <\/p>\n<p>L'ind\u00e9pendance est un autre facteur cl\u00e9 de la r\u00e9putation que la FIDI s'est forg\u00e9e : chaque entreprise de d\u00e9m\u00e9nagement fait l'objet d'une proc\u00e9dure de conformit\u00e9 sur place, r\u00e9alis\u00e9e par un consultant ext\u00e9rieur au pays. <\/p>\n<blockquote><p>Pour les entreprises de d\u00e9m\u00e9nagement qui aspirent \u00e0 des niveaux de qualit\u00e9 maximum, FAIM\/ISO fournit la norme de certification la plus \u00e9lev\u00e9e disponible dans le monde.<\/p><\/blockquote>\n<p> - <a href=\"http:\/\/www.ossworldwidemovers.com\/fidi-accredited-international-mover\" target=\"_blank\" rel=\"noopener\">OSS World Wide Movers<\/a><\/p>\n<blockquote><p>Il existe de nombreuses entreprises de d\u00e9m\u00e9nagement dans le monde. Comment distinguer les bonnes des mauvaises ? Vous commencez par la FIDI\/FAIM, la r\u00e9f\u00e9rence en mati\u00e8re de d\u00e9m\u00e9nagement international.<\/p><\/blockquote>\n<p>- <a href=\"http:\/\/www.jkmoving.com\/International\/International_Network-_FIDI\/FAIM\/\" target=\"_blank\" rel=\"noopener\">Services de d\u00e9m\u00e9nagement JK<\/a><\/p>\n<p><a href=\"http:\/\/www.jkmoving.com\/International\/International_Network-_FIDI\/FAIM\/\" target=\"_blank\" rel=\"noopener\"><\/a><\/p>\n<blockquote><p>Il s'agit du programme de qualit\u00e9 le plus strict et le plus complet pour l'industrie du d\u00e9m\u00e9nagement international. Il comporte plus de 200 exigences de qualit\u00e9 relatives aux op\u00e9rations d'une organisation et \u00e0 ses services aux clients. La FIDI propose d\u00e9sormais une accr\u00e9ditation appel\u00e9e FAIM.<\/p><\/blockquote>\n<p>- <a href=\"http:\/\/www.suddathinternational.com\/news\/2013\/8\/1\/faim-plus.aspx\" target=\"_blank\" rel=\"noopener\">Suddath<\/a><\/p>\n<p><strong>Site web :<\/strong> <a href=\"https:\/\/www.fidi.org\" target=\"_blank\" rel=\"noopener\">https:\/\/www.fidi.org<\/a><\/p>","protected":false},"excerpt":{"rendered":"<p>FIDI (F\u00e9d\u00e9ration Internationale des D\u00e9m\u00e9nageurs Internationaux; The Federation of International Movers) is a global umbrella organisation of international moving and relocation businesses. It describes itself as a worldwide industry standard for top quality movers and has pioneered the FIDI Accredited International Mover (FAIM) Quality Management Programme, a quality certification programme dedicated exclusively to the international [&hellip;]<\/p>\n","protected":false},"author":1,"featured_media":0,"parent":0,"menu_order":0,"comment_status":"closed","ping_status":"closed","template":"","meta":{"_genesis_hide_title":false,"_genesis_hide_breadcrumbs":false,"_genesis_hide_singular_image":false,"_genesis_hide_footer_widgets":false,"_genesis_custom_body_class":"","_genesis_custom_post_class":"","_genesis_layout":"","footnotes":""},"class_list":{"0":"post-434","1":"page","2":"type-page","3":"status-publish","5":"entry"},"_links":{"self":[{"href":"https:\/\/moverdb.com\/fr\/wp-json\/wp\/v2\/pages\/434","targetHints":{"allow":["GET"]}}],"collection":[{"href":"https:\/\/moverdb.com\/fr\/wp-json\/wp\/v2\/pages"}],"about":[{"href":"https:\/\/moverdb.com\/fr\/wp-json\/wp\/v2\/types\/page"}],"author":[{"embeddable":true,"href":"https:\/\/moverdb.com\/fr\/wp-json\/wp\/v2\/users\/1"}],"replies":[{"embeddable":true,"href":"https:\/\/moverdb.com\/fr\/wp-json\/wp\/v2\/comments?post=434"}],"version-history":[{"count":28,"href":"https:\/\/moverdb.com\/fr\/wp-json\/wp\/v2\/pages\/434\/revisions"}],"predecessor-version":[{"id":6210,"href":"https:\/\/moverdb.com\/fr\/wp-json\/wp\/v2\/pages\/434\/revisions\/6210"}],"wp:attachment":[{"href":"https:\/\/moverdb.com\/fr\/wp-json\/wp\/v2\/media?parent=434"}],"curies":[{"name":"wp","href":"https:\/\/api.w.org\/{rel}","templated":true}]}}