{"id":432,"date":"2016-06-12T09:28:19","date_gmt":"2016-06-12T09:28:19","guid":{"rendered":"http:\/\/moverdb.com\/?page_id=432"},"modified":"2026-01-08T14:47:56","modified_gmt":"2026-01-08T14:47:56","slug":"association-canadienne-des-demenageurs","status":"publish","type":"page","link":"https:\/\/moverdb.com\/fr\/canadian-association-of-movers\/","title":{"rendered":"Explication de l'Association canadienne des d\u00e9m\u00e9nageurs (ACD)"},"content":{"rendered":"<p>L'Association canadienne des d\u00e9m\u00e9nageurs est <a href=\"https:\/\/moverdb.com\/fr\/moving-to-canada\/\" data-internallinksmanager029f6b8e52c=\"265\" title=\"D\u00e9m\u00e9nager au Canada ? 2026 Co\u00fbt de la vie et conseils de relocalisation\">Canada<\/a>Il s'agit de l'association professionnelle de l'UE repr\u00e9sentant les entreprises de d\u00e9m\u00e9nagement et d'entreposage. Elle a \u00e9t\u00e9 cr\u00e9\u00e9e pour aider \u00e0 prot\u00e9ger et \u00e0 d\u00e9velopper les entreprises membres et pour offrir aux consommateurs un moyen de trouver des services de d\u00e9m\u00e9nagement r\u00e9put\u00e9s, professionnels et fiables.<\/p>\n<p><strong>Faits essentiels sur le CAM :<\/strong><\/p>\n<ol>\n<li>  Les membres comprennent des d\u00e9m\u00e9nageurs au Canada et \u00e0 l'\u00e9tranger.<\/li>\n<li>  L'adh\u00e9sion couvre les d\u00e9m\u00e9nageurs et les soci\u00e9t\u00e9s de relocalisation, les lignes de transport, les fournisseurs de l'industrie, les entreprises qui fournissent des services li\u00e9s au d\u00e9m\u00e9nagement tels que les services d'emballage.<\/li>\n<li>  Le code d'\u00e9thique exige des membres qu'ils adh\u00e8rent \u00e0 des termes tels que l'\u00e9quit\u00e9 et l'honn\u00eatet\u00e9 envers les clients et une approche consciente de la s\u00e9curit\u00e9 \u00e0 tout moment.<\/li>\n<li>  L'Association canadienne des d\u00e9m\u00e9nageurs propose un processus de r\u00e9solution des plaintes pour les consommateurs.<\/li>\n<li>  L'ACM offre le Programme de d\u00e9m\u00e9nageurs canadiens certifi\u00e9s qui donne aux consommateurs l'assurance de recevoir des services fond\u00e9s sur une conduite \u00e9thique, des comp\u00e9tences professionnelles et un traitement efficace des plaintes.<\/li>\n<li>  L'ACM est la seule association de d\u00e9m\u00e9nageurs au Canada qui r\u00e9glemente et tient des dossiers sur les d\u00e9m\u00e9nageurs de bonne r\u00e9putation et ceux qui ne le sont pas.<\/li>\n<\/ol>\n<p><strong>Profil de l'Association canadienne des d\u00e9m\u00e9nageurs :<\/strong><\/p>\n<p>L'Association canadienne des d\u00e9m\u00e9nageurs est l'association professionnelle canadienne des d\u00e9m\u00e9nageurs. Elle est compos\u00e9e d'entreprises canadiennes, ainsi que d'organisations \u00e9trang\u00e8res. <\/p>\n<p>Le CAM poursuit un certain nombre d'objectifs, notamment l'am\u00e9lioration de l'expertise professionnelle et des comp\u00e9tences op\u00e9rationnelles, ainsi que la cr\u00e9ation de liens entre les d\u00e9m\u00e9nageurs et les soci\u00e9t\u00e9s de transport afin de partager des informations et de stimuler l'ensemble du secteur du d\u00e9m\u00e9nagement des biens domestiques.<\/p>\n<p>Les membres du CAM sont consid\u00e9r\u00e9s comme les meilleurs du pays. <a href=\"https:\/\/moverdb.com\/fr\/moving-companies\/\" data-internallinksmanager029f6b8e52c=\"79\" title=\"Les 25 meilleures soci\u00e9t\u00e9s de d\u00e9m\u00e9nagement international en ligne\">entreprises de d\u00e9m\u00e9nagement<\/a>. Deux certifications sont disponibles pour les membres de l'ACM : le Certified Overseas Mover et le Certified Canadian Mover. <\/p>\n<p>Toutes deux sont con\u00e7ues pour offrir aux consommateurs un choix de d\u00e9m\u00e9nageurs r\u00e9put\u00e9s qui disposent d'une documentation \u00e0 jour, adh\u00e8rent \u00e0 un code de d\u00e9ontologie, savent comment traiter les plaintes des clients et souscrivent \u00e0 des directives de bonne pratique.<\/p>\n<p><strong>Crit\u00e8res d'adh\u00e9sion :<\/strong><\/p>\n<p>Il peut \u00eatre demand\u00e9 aux candidats de soumettre divers documents pour compl\u00e9ter le processus d'approbation de l'adh\u00e9sion. Toutes les demandes d'adh\u00e9sion sont soumises \u00e0 l'approbation du conseil d'administration.<\/p>\n<p><strong>D\u00e9m\u00e9nageurs<\/strong><\/p>\n<p>La CAM exige que les candidats aient exerc\u00e9 leur activit\u00e9 de d\u00e9m\u00e9nageur pendant au moins deux ans.<\/p>\n<p>Les candidats \u00e0 une adh\u00e9sion de d\u00e9m\u00e9nageur doivent remplir un formulaire de demande et fournir au CAM les documents suivants (photocopies uniquement) :<\/p>\n<ul>\n<li> Licence d'exploitation<\/li>\n<li> Photos des locaux et des v\u00e9hicules<\/li>\n<li> Inscription et num\u00e9ro de TPS\/TVH<\/li>\n<li> Certificat d'indemnisation des accidents du travail<\/li>\n<li> Certificat d'assurance indiquant une responsabilit\u00e9 civile d'au moins $1 million et une limite de cargaison d'au moins $250 000.<\/li>\n<li> Certificat de constitution en soci\u00e9t\u00e9<\/li>\n<li> Deux r\u00e9f\u00e9rences commerciales avec la dur\u00e9e de la relation (par exemple, une banque, un fournisseur de mat\u00e9riel de d\u00e9m\u00e9nagement, etc.)<\/li>\n<li> Annonce dans les pages jaunes ou articles promotionnels (facultatif)<\/li>\n<li> Formulaire de code d'\u00e9thique sign\u00e9<\/li>\n<\/ul>\n<p><strong>Affili\u00e9s<\/strong><\/p>\n<p>Une entreprise qui ne transporte pas d'articles m\u00e9nagers par camion, mais qui fournit des services li\u00e9s \u00e0 l'industrie du d\u00e9m\u00e9nagement, tels que des services d'emballage, de r\u00e9duction de taille, d'enl\u00e8vement de d\u00e9chets, etc., peut remplir les conditions requises pour devenir un membre affili\u00e9. <\/p>\n<p>Les candidats \u00e0 l'adh\u00e9sion en tant que membre affili\u00e9 doivent remplir un formulaire de demande et peuvent \u00eatre invit\u00e9s \u00e0 fournir au CAM les documents suivants en rapport avec leur activit\u00e9, tels que (photocopies uniquement) :<\/p>\n<ul>\n<li> Licence d'exploitation<\/li>\n<li> Photos des locaux et des v\u00e9hicules<\/li>\n<li> Inscription et num\u00e9ro de TPS\/TVH<\/li>\n<li> Certificat d'indemnisation des accidents du travail<\/li>\n<li> Certificat d'assurance montrant un minimum de $1 million de responsabilit\u00e9 civile<\/li>\n<li> Certificat de constitution en soci\u00e9t\u00e9<\/li>\n<li> Deux r\u00e9f\u00e9rences commerciales avec indication de la dur\u00e9e de la relation (par exemple, banque, entreprise de d\u00e9m\u00e9nagement, etc.)<\/li>\n<li> Annonce dans les pages jaunes ou articles promotionnels (facultatif)<\/li>\n<li> Formulaire de code d'\u00e9thique sign\u00e9<\/li>\n<\/ul>\n<p><strong>D\u00e9m\u00e9nageurs internationaux<\/strong><\/p>\n<ul>\n<li> Lettres de recommandation de deux d\u00e9m\u00e9nageurs internationaux qui sont CAM, <a href=\"https:\/\/moverdb.com\/fr\/fidi-faim\/\">FIDI<\/a> ou <a href=\"https:\/\/moverdb.com\/fr\/je-suis\/\">IAM<\/a> membres<\/li>\n<li> Formulaire sign\u00e9 du Code canadien de d\u00e9ontologie des d\u00e9m\u00e9nageurs internationaux<\/li>\n<\/ul>\n<p><strong>Les 10 meilleures entreprises de d\u00e9m\u00e9nagement membres<\/strong> (par taille)<\/p>\n<ol>\n<li> <a href=\"https:\/\/moverdb.com\/fr\/united-van-lines\/\">United Van Lines<\/a><\/li>\n<li> <a href=\"https:\/\/moverdb.com\/fr\/north-american-van-lines\/\">North American Van Lines<\/a><\/li>\n<li> <a href=\"https:\/\/moverdb.com\/fr\/amj-campbell-van-lines\/\">AMJ Campbell Van Lines<\/a><\/li>\n<\/ol>\n<p><strong>Avis des d\u00e9m\u00e9nageurs sur le CAM :<\/strong><\/p>\n<p>Le CAM est consid\u00e9r\u00e9 comme une ressource utile pour aider les consommateurs \u00e0 \u00e9viter les arnaques et les op\u00e9rateurs proposant des prix de vente irr\u00e9alistes, qui sont ensuite gonfl\u00e9s le jour du d\u00e9m\u00e9nagement. <\/p>\n<p>Ceux qui sont membres de la CAM sont consid\u00e9r\u00e9s comme capables d'offrir un certain niveau de service que les autres d\u00e9m\u00e9nageurs - sans la certification - n'ont pas. <\/p>\n<p>L'opinion en ligne consid\u00e8re les MCA comme un moyen de v\u00e9rifier la fiabilit\u00e9 d'une entreprise de d\u00e9m\u00e9nagement, notamment parce que les MCA s\u00e9parent <em>\"du bon, du mauvais, du laid.\"<\/em> L'organisation est tr\u00e8s appr\u00e9ci\u00e9e pour sa volont\u00e9 d'encourager des normes \u00e9lev\u00e9es de conduite \u00e9thique et pour son processus de candidature rigoureux. <\/p>\n<p>Ceux qui mentionnent l'organisation en ligne soulignent que c'est un moyen d'\u00eatre rassur\u00e9 sur le fait que le d\u00e9m\u00e9nageur dispose d'une assurance et de normes de service ad\u00e9quates. Il est souvent soulign\u00e9 que la CAM ne tient pas seulement un registre de ses propres membres mais aussi des entreprises de d\u00e9m\u00e9nagement qui ne sont pas aussi r\u00e9put\u00e9es. <\/p>\n<p>Cela est consid\u00e9r\u00e9 comme un indicateur que l'organisation a une bonne perspective du secteur du d\u00e9m\u00e9nagement et que ses membres sont du bon c\u00f4t\u00e9 de la ligne.<\/p>\n<blockquote><p>Parmi les entreprises de d\u00e9m\u00e9nagement et d'entreposage, la CAM distingue le bon, le mauvais et l'affreux. Ses objectifs sont d'encourager des normes \u00e9lev\u00e9es de conduite \u00e9thique au sein de l'industrie du d\u00e9m\u00e9nagement, de promouvoir des initiatives de qualit\u00e9, de former et d'\u00e9duquer le personnel, et de contr\u00f4ler les performances de ses membres. <\/p>\n<p>Elle aide les consommateurs \u00e0 acc\u00e9der \u00e0 des services de d\u00e9m\u00e9nagement cr\u00e9dibles et professionnels. Gr\u00e2ce \u00e0 son processus de candidature rigoureux, le CAM exige de ses membres qu'ils signent un code d'\u00e9thique strict, qu'ils disposent d'une assurance ad\u00e9quate et qu'ils maintiennent des normes pour leurs installations.<\/p><\/blockquote>\n<p>- <a href=\"http:\/\/www.uvl.ca\/Content\/Canadian+Association+of+Movers\" target=\"_blank\" rel=\"noopener noreferrer\">United Van Lines Canada<\/a> <\/p>\n<blockquote><p>L'Association canadienne des d\u00e9m\u00e9nageurs (ACD) est la seule association de d\u00e9m\u00e9nageurs au Canada qui r\u00e9glemente les d\u00e9m\u00e9nageurs de bonne r\u00e9putation et les d\u00e9m\u00e9nageurs peu recommandables et qui tient un registre de ces derniers. <\/p><\/blockquote>\n<p>- <a href=\"http:\/\/www.greatcanadianvanlines.com\/how-to-choose-a-moving-company\/\" target=\"_blank\" rel=\"noopener noreferrer\">Great Canadian Van Lines<\/a><\/p>\n<blockquote><p>Un mauvais choix dans la s\u00e9lection d'une entreprise de d\u00e9m\u00e9nagement pour d\u00e9m\u00e9nager les biens d'une vie peut \u00eatre d\u00e9sastreux. Les escrocs profitent des consommateurs en proposant des prix cass\u00e9s, en faisant des promesses irr\u00e9alistes, en gonflant les prix le jour du d\u00e9m\u00e9nagement et en demandant une ran\u00e7on pour les biens de la maison. <\/p>\n<p>Ces soci\u00e9t\u00e9s n'assument aucune responsabilit\u00e9 quant au niveau de service fourni. Si l'offre d'un d\u00e9m\u00e9nageur semble trop belle pour \u00eatre vraie, elle l'est.<\/p>\n<p>Pourquoi prendre le risque ? Faites appel \u00e0 un d\u00e9m\u00e9nageur qui est membre de l'ACD. L'ACM est l'association professionnelle canadienne qui repr\u00e9sente les entreprises de d\u00e9m\u00e9nagement et d'entreposage.<\/p><\/blockquote>\n<p>- <a href=\"http:\/\/amjtorontomoving.com\/Partners\/ArticleID\/44\/Canadian-Association-of-Movers-CAM\" target=\"_blank\" rel=\"noopener noreferrer\">AMJ Campbell - Toronto<\/a><\/p>\n<p><strong>Site web :<\/strong> <a href=\"http:\/\/www.mover.net\/\" target=\"_blank\" rel=\"noopener noreferrer\">http:\/\/www.mover.net\/<\/a><\/p>\n<p><strong>REMARQUE ! Sur le formulaire ci-dessous, certaines entreprises de d\u00e9m\u00e9nagement qui vous contactent apr\u00e8s avoir soumis le formulaire peuvent ne pas \u00eatre des associ\u00e9s du CAM.<\/strong><\/p>","protected":false},"excerpt":{"rendered":"<p>The Canadian Association of Movers is Canada&#8217;s trade association representing moving and storage companies. It was established to help protect and grow its member businesses and also to offer consumers a way to find reputable, professional and reliable moving services. Key facts about CAM: Membership includes movers both in Canada and overseas. Membership covers movers [&hellip;]<\/p>\n","protected":false},"author":1,"featured_media":0,"parent":0,"menu_order":0,"comment_status":"closed","ping_status":"closed","template":"","meta":{"_genesis_hide_title":false,"_genesis_hide_breadcrumbs":false,"_genesis_hide_singular_image":false,"_genesis_hide_footer_widgets":false,"_genesis_custom_body_class":"","_genesis_custom_post_class":"","_genesis_layout":"","footnotes":""},"class_list":{"0":"post-432","1":"page","2":"type-page","3":"status-publish","5":"entry"},"_links":{"self":[{"href":"https:\/\/moverdb.com\/fr\/wp-json\/wp\/v2\/pages\/432","targetHints":{"allow":["GET"]}}],"collection":[{"href":"https:\/\/moverdb.com\/fr\/wp-json\/wp\/v2\/pages"}],"about":[{"href":"https:\/\/moverdb.com\/fr\/wp-json\/wp\/v2\/types\/page"}],"author":[{"embeddable":true,"href":"https:\/\/moverdb.com\/fr\/wp-json\/wp\/v2\/users\/1"}],"replies":[{"embeddable":true,"href":"https:\/\/moverdb.com\/fr\/wp-json\/wp\/v2\/comments?post=432"}],"version-history":[{"count":9,"href":"https:\/\/moverdb.com\/fr\/wp-json\/wp\/v2\/pages\/432\/revisions"}],"predecessor-version":[{"id":3502,"href":"https:\/\/moverdb.com\/fr\/wp-json\/wp\/v2\/pages\/432\/revisions\/3502"}],"wp:attachment":[{"href":"https:\/\/moverdb.com\/fr\/wp-json\/wp\/v2\/media?parent=432"}],"curies":[{"name":"wp","href":"https:\/\/api.w.org\/{rel}","templated":true}]}}