{"id":431,"date":"2016-06-05T20:02:57","date_gmt":"2016-06-05T20:02:57","guid":{"rendered":"http:\/\/moverdb.com\/?page_id=431"},"modified":"2026-01-08T13:19:02","modified_gmt":"2026-01-08T13:19:02","slug":"je-suis","status":"publish","type":"page","link":"https:\/\/moverdb.com\/fr\/iam\/","title":{"rendered":"L'Association internationale des d\u00e9m\u00e9nageurs (IAM) expliqu\u00e9e"},"content":{"rendered":"<p>L'International Association of Movers (IAM) est un organisme commercial mondial dont les membres fournissent des services de d\u00e9m\u00e9nagement, d'exp\u00e9dition, de transport, de logistique et autres services connexes. <\/p>\n<p>Il s'agit de la plus grande association commerciale internationale du secteur, fond\u00e9e \u00e0 l'origine par des entreprises d'affr\u00e8tement qui faisaient des affaires avec les \u00c9tats-Unis. <a href=\"https:\/\/moverdb.com\/fr\/moving-to-the-united-states\/\" data-internallinksmanager029f6b8e52c=\"94\" title=\"Vous partez aux \u00c9tats-Unis ? 2026 Co\u00fbt de la vie et conseils de relocalisation\">US<\/a> gouvernement.<\/p>\n<p><strong>Faits essentiels sur l'IAM :<\/strong><\/p>\n<ol>\n<li>  Repr\u00e9sente plus de <strong>2,000 <a href=\"https:\/\/moverdb.com\/fr\/entreprises-de-demenagement\/\" target=\"_blank\" rel=\"noopener\">entreprises<\/a><\/strong> en plus <strong>170 pays<\/strong>.<\/li>\n<li>  L'IAM dispose d'un code de d\u00e9ontologie qui exige, entre autres, de faire preuve de tol\u00e9rance \u00e0 l'\u00e9gard des diff\u00e9rences culturelles, d'adopter une approche professionnelle et d'\u00e9viter toute concurrence d\u00e9loyale avec les autres membres.<\/li>\n<li>  L'IAM a \u00e9t\u00e9 cr\u00e9\u00e9e en 1962 et n'a cess\u00e9 depuis de promouvoir la croissance de ses membres.<\/li>\n<li>  Il s'agit de la plus grande association commerciale mondiale du secteur du d\u00e9m\u00e9nagement et de l'exp\u00e9dition.<\/li>\n<li>  La distinction dans le secteur est reconnue par le biais du Hall of Honor de l'IAM. Les nominations pour le Hall of Honor peuvent \u00eatre soumises par tout membre, client ou consommateur de l'IAM et sont d\u00e9cid\u00e9es par les membres de l'IAM.<\/li>\n<li>  Elle \u00e9tait auparavant connue sous le nom de Household Good Forwarders Association of America - l'IAM a chang\u00e9 de nom en 2009.<\/li>\n<li>  L'IAM propose une proc\u00e9dure de r\u00e8glement des litiges pour les probl\u00e8mes entre membres - elle couvre les litiges relatifs aux factures.<\/li>\n<li>  Le programme de protection des cr\u00e9ances de l'AIM offre une protection aux membres de l'AIM en difficult\u00e9 financi\u00e8re. Il permet \u00e0 un membre de d\u00e9poser une demande d'indemnisation et de recevoir le remboursement des factures commerciales impay\u00e9es s'il semble qu'un membre est sur le point de faire faillite.<\/li>\n<\/ol>\n<p><strong>Profil de l'Association internationale des d\u00e9m\u00e9nageurs :<\/strong><\/p>\n<p>L'IAM a \u00e9t\u00e9 cr\u00e9\u00e9e il y a plus de 50 ans et compte aujourd'hui plus de 2 000 membres r\u00e9partis dans le monde entier. L'IAM offre une vari\u00e9t\u00e9 de programmes, de ressources et de protections pour les membres, ainsi que des \u00e9v\u00e9nements r\u00e9guliers con\u00e7us pour encourager le r\u00e9seautage et le partage des connaissances, notamment les r\u00e9unions annuelles de l'IAM. <\/p>\n<p>Tout ce que fait l'IAM a pour but de favoriser la croissance et le succ\u00e8s de ses membres. Les mesures de protection des membres de l'IAM sont l\u00e0 pour prot\u00e9ger la valeur de l'adh\u00e9sion \u00e0 l'IAM aux yeux de l'industrie, des clients et des associations de coll\u00e8gues - elles comprennent des exigences rigoureuses pour devenir membre de l'IAM, l'application du code de d\u00e9ontologie et le travail sur des questions telles que la surveillance des marques. <\/p>\n<p>L'IAM dispose d'un annuaire des membres consultable en ligne que les clients peuvent utiliser pour trouver un d\u00e9m\u00e9nageur qui est membre de l'organisation.<\/p>\n<p><strong>Crit\u00e8res d'adh\u00e9sion :<\/strong><\/p>\n<ul>\n<li> un minimum d'un an d'exp\u00e9rience<\/li>\n<li> Des lettres de parrainage de deux membres actuels de l'AIM indiquant qu'ils vous recommandent pour l'adh\u00e9sion, sur le papier \u00e0 en-t\u00eate de la soci\u00e9t\u00e9 de parrainage, sign\u00e9es par un responsable de la soci\u00e9t\u00e9.<\/li>\n<li> Un PDF ou un JPG de la licence ou de l'enregistrement actuel de l'entreprise dans le pays\/\u00c9tat\/province et, le cas \u00e9ch\u00e9ant, le num\u00e9ro d'identification fiscale.<\/li>\n<li> Un document PDF ou JPG d'une pi\u00e8ce d'identit\u00e9 avec photo d\u00e9livr\u00e9e par le gouvernement (passeport, permis de conduire) pour chaque dirigeant de l'entreprise qui poss\u00e8de et\/ou contr\u00f4le 5% ou plus de l'entreprise.<\/li>\n<li> Paiement du droit d'entr\u00e9e et des cotisations<\/li>\n<\/ul>\n<p>Les membres potentiels sont affich\u00e9s sur le site web de l'IAM pendant 30 jours afin que les membres actuels de l'IAM puissent les examiner, au terme desquels l'adh\u00e9sion est confirm\u00e9e.<\/p>\n<p><strong>Quelques entreprises membres<\/strong><\/p>\n<ul>\n<li> <a href=\"https:\/\/moverdb.com\/fr\/aires\/\">Aires<\/a><\/li>\n<li> <a href=\"https:\/\/moverdb.com\/fr\/matthew-james\/\">Matthew James Global Relocations<\/a><\/li>\n<li> <a href=\"https:\/\/moverdb.com\/fr\/santa-fe-relocation\/\">Services de relogement \u00e0 Santa Fe<\/a><\/li>\n<li> <a href=\"https:\/\/moverdb.com\/fr\/sterling-relocation\/\">D\u00e9m\u00e9nagement \u00e0 Sterling<\/a><\/li>\n<li> <a href=\"https:\/\/moverdb.com\/fr\/cadogan-tate\/\">Cadogan Tate<\/a><\/li>\n<li> <a href=\"https:\/\/moverdb.com\/fr\/harrow-green\/\">Harrow Green<\/a><\/li>\n<li> <a href=\"https:\/\/moverdb.com\/fr\/equipe-relocalisations\/\">D\u00e9m\u00e9nagements d'\u00e9quipes<\/a><\/li>\n<li> <a href=\"https:\/\/moverdb.com\/fr\/mcgimpsey-brothers-removals\/\">D\u00e9m\u00e9nagements des fr\u00e8res McGimpsey<\/a><\/li>\n<li> <a href=\"https:\/\/moverdb.com\/fr\/shore-porters-society\/\">La soci\u00e9t\u00e9 des porteurs c\u00f4tiers<\/a><\/li>\n<li> <a href=\"https:\/\/moverdb.com\/fr\/nippon-express\/\">Nippon Express<\/a><\/li>\n<li> <a href=\"https:\/\/moverdb.com\/fr\/sirva\/\">Sirva<\/a><\/li>\n<li> <a href=\"https:\/\/moverdb.com\/fr\/couronnes-relogements\/\">D\u00e9m\u00e9nagements de la Couronne<\/a><\/li>\n<li> <a href=\"https:\/\/moverdb.com\/fr\/shipco-transport\/\">Shipco Transport<\/a><\/li>\n<li> <a href=\"https:\/\/moverdb.com\/fr\/conroy-removals\/\">D\u00e9m\u00e9nagements Conroy<\/a><\/li>\n<li> <a href=\"https:\/\/moverdb.com\/fr\/bolliger\/\">Bolliger<\/a><\/li>\n<li> <a href=\"https:\/\/moverdb.com\/fr\/demenageurs-diles\/\">D\u00e9m\u00e9nageurs de l'\u00eele<\/a><\/li>\n<li> <a href=\"https:\/\/moverdb.com\/fr\/gil-stauffer\/\">Gil Stauffer<\/a><\/li>\n<li> <a href=\"https:\/\/moverdb.com\/fr\/royal-hawaiian-movers\/\">D\u00e9m\u00e9nageurs Royal Hawaiian<\/a><\/li>\n<li> <a href=\"https:\/\/moverdb.com\/fr\/teletrans\/\">Teletrans<\/a><\/li>\n<\/ul>\n<p><strong>Opinions des d\u00e9m\u00e9nageurs sur l'Association internationale des d\u00e9m\u00e9nageurs :<\/strong><\/p>\n<p>L'IAM est cit\u00e9e sur de nombreux sites web qui mentionnent fr\u00e9quemment son caract\u00e8re mondial et le nombre de ses membres. <\/p>\n<p>Nombre d'entre eux mettent l'accent sur le fait qu'il s'agit de la plus grande association professionnelle du secteur et sur l'\u00e9tendue de son champ d'action, qui est v\u00e9ritablement mondial, avec des membres dans les coins les plus recul\u00e9s. Un site web mentionne \u00e9galement qu'\u00eatre membre de l'IAM aide \u00e0 <a href=\"https:\/\/moverdb.com\/fr\/moving-companies\/\" data-internallinksmanager029f6b8e52c=\"79\" title=\"Les 25 meilleures soci\u00e9t\u00e9s de d\u00e9m\u00e9nagement international en ligne\">entreprises de d\u00e9m\u00e9nagement<\/a> pour \u00eatre trouv\u00e9e par les clients et qu'elle est un indicateur d'une entreprise capable de fournir un service de qualit\u00e9. <\/p>\n<p>En g\u00e9n\u00e9ral, l'association semble servir \u00e0 la fois de label de qualit\u00e9 et d'outil utile pour d\u00e9velopper les affaires et les r\u00e9seaux.<\/p>\n<blockquote><p>Les membres du monde entier, qui participent quotidiennement au transport d'articles m\u00e9nagers et d'effets personnels, sont aussi divers que les composantes d'une relocalisation internationale elle-m\u00eame. Le transport et l'\u00e9change de biens et de services sont les moteurs essentiels de la croissance \u00e9conomique mondiale d'aujourd'hui.\n<\/p><\/blockquote>\n<p>- <a href=\"http:\/\/www.abels.co.uk\/articles\/international-association-of-movers-iam-what-is-this\/\" target=\"_blank\" rel=\"noopener\">Abels<\/a><\/p>\n<blockquote><p>IAM est une association mondiale de d\u00e9m\u00e9nageurs et de transitaires qui s'engage \u00e0 fournir \u00e0 ses clients le plus haut niveau de service possible.<\/p><\/blockquote>\n<p>- <a href=\"http:\/\/www.amjbc.ca\/international-moving-services\/\" target=\"_blank\" rel=\"noopener\">AMJ Campbell dans le monde<\/a><\/p>\n<blockquote><p>L'adh\u00e9sion \u00e0 IAM est v\u00e9ritablement mondiale Dans toutes les r\u00e9gions du monde, vous trouverez des d\u00e9m\u00e9nageurs IAM. Cela nous permet d'offrir \u00e0 nos clients un v\u00e9ritable service porte-\u00e0-porte. De la maison \u00e0 la maison, comme nous aimons le dire.<\/p><\/blockquote>\n<p>- <a href=\"http:\/\/hometohome.nl\/2016\/02\/12\/iam-international-association-of-movers\/\" target=\"_blank\" rel=\"noopener\">De la maison \u00e0 la maison<\/a><\/p>\n<p><strong>Site web :<\/strong> <a href=\"http:\/\/www.iamovers.org\/\" target=\"_blank\" rel=\"noopener\">http:\/\/www.iamovers.org<\/a><\/p>","protected":false},"excerpt":{"rendered":"<p>The International Association of Movers (IAM) is a global trade body with members who provide moving, forwarding, shipping, logistics, and related services. It is the largest international trade association for the industry, originally founded by charter businesses that were doing business with the US government. Key facts about the IAM: Represents more than 2,000 companies [&hellip;]<\/p>\n","protected":false},"author":1,"featured_media":0,"parent":0,"menu_order":0,"comment_status":"closed","ping_status":"closed","template":"","meta":{"_genesis_hide_title":false,"_genesis_hide_breadcrumbs":false,"_genesis_hide_singular_image":false,"_genesis_hide_footer_widgets":false,"_genesis_custom_body_class":"","_genesis_custom_post_class":"","_genesis_layout":"","footnotes":""},"class_list":{"0":"post-431","1":"page","2":"type-page","3":"status-publish","5":"entry"},"_links":{"self":[{"href":"https:\/\/moverdb.com\/fr\/wp-json\/wp\/v2\/pages\/431","targetHints":{"allow":["GET"]}}],"collection":[{"href":"https:\/\/moverdb.com\/fr\/wp-json\/wp\/v2\/pages"}],"about":[{"href":"https:\/\/moverdb.com\/fr\/wp-json\/wp\/v2\/types\/page"}],"author":[{"embeddable":true,"href":"https:\/\/moverdb.com\/fr\/wp-json\/wp\/v2\/users\/1"}],"replies":[{"embeddable":true,"href":"https:\/\/moverdb.com\/fr\/wp-json\/wp\/v2\/comments?post=431"}],"version-history":[{"count":24,"href":"https:\/\/moverdb.com\/fr\/wp-json\/wp\/v2\/pages\/431\/revisions"}],"predecessor-version":[{"id":13162,"href":"https:\/\/moverdb.com\/fr\/wp-json\/wp\/v2\/pages\/431\/revisions\/13162"}],"wp:attachment":[{"href":"https:\/\/moverdb.com\/fr\/wp-json\/wp\/v2\/media?parent=431"}],"curies":[{"name":"wp","href":"https:\/\/api.w.org\/{rel}","templated":true}]}}