{"id":430,"date":"2016-06-08T14:50:20","date_gmt":"2016-06-08T14:50:20","guid":{"rendered":"http:\/\/moverdb.com\/?page_id=430"},"modified":"2026-01-08T14:47:52","modified_gmt":"2026-01-08T14:47:52","slug":"bar-overseas","status":"publish","type":"page","link":"https:\/\/moverdb.com\/fr\/bar-overseas\/","title":{"rendered":"Explication du groupe d'outre-mer de la British Association of Removers (BAR)"},"content":{"rendered":"<p><a href=\"https:\/\/moverdb.com\/fr\/british-association-of-removers\/\" data-internallinksmanager029f6b8e52c=\"9\" title=\"Explication de la British Association of Removers (BAR)\">BAR<\/a> Le groupe Overseas fait partie de la <a href=\"https:\/\/moverdb.com\/fr\/british-association-of-removers\/\">Association britannique des d\u00e9m\u00e9nageurs<\/a> (BAR), une association professionnelle. <\/p>\n<p>Tout comme son organisation m\u00e8re, elle se consacre \u00e0 la promotion de l'excellence professionnelle dans le secteur des d\u00e9m\u00e9nagements et poss\u00e8de une exp\u00e9rience particuli\u00e8re en mati\u00e8re de d\u00e9m\u00e9nagements de pi\u00e8ces et d'\u00e9quipements. <a href=\"https:\/\/moverdb.com\/fr\/expedition-par-conteneur\/\">exp\u00e9ditions par conteneurs complets<\/a> dans le monde entier et les marchandises entrant dans le <a href=\"https:\/\/moverdb.com\/fr\/moving-to-the-uk\/\" data-internallinksmanager029f6b8e52c=\"93\" title=\"Vous partez au Royaume-Uni ? 2026 Co\u00fbt de la vie et conseils de relocalisation\">ROYAUME-UNI<\/a> de l'\u00e9tranger.<\/p>\n<p><strong>Faits essentiels sur le groupe BAR Overseas :<\/strong><\/p>\n<ol>\n<li>  BAR Overseas est compos\u00e9 d'un groupe de 50 experts britanniques. <a href=\"https:\/\/moverdb.com\/fr\/entreprises-de-demenagement\/\">entreprises<\/a> qui se sp\u00e9cialisent dans tous les aspects de <a href=\"https:\/\/moverdb.com\/fr\/demenagements-internationaux\/\">d\u00e9m\u00e9nagements outre-mer et internationaux<\/a> et les d\u00e9m\u00e9nagements.<\/li>\n<li>  Les membres souscrivent \u00e0 un syst\u00e8me de garantie de paiement anticip\u00e9 con\u00e7u pour prot\u00e9ger tous les pr\u00e9paiements des clients.<\/li>\n<li>  Les membres sont des entreprises professionnelles qui s'engagent \u00e0 respecter les normes de service les plus \u00e9lev\u00e9es et qui sont sp\u00e9cialis\u00e9es dans les d\u00e9localisations \u00e0 l'\u00e9tranger.<\/li>\n<li>  Le groupe BAR Overseas exige de ses membres des normes \u00e9lev\u00e9es en ce qui concerne des \u00e9l\u00e9ments tels que la formation du personnel, les v\u00e9hicules et les \u00e9quipements, et les visites sur place peuvent avoir lieu \u00e0 un moment al\u00e9atoire.<\/li>\n<li>  La norme de qualit\u00e9 BS 8564 a \u00e9t\u00e9 \u00e9labor\u00e9e par le groupe BAR Overseas en collaboration avec la BSI (British Standards Institution). Tous les membres doivent la d\u00e9tenir.<\/li>\n<li>  La garantie de paiement anticip\u00e9 BAR prot\u00e8ge les clients : si le d\u00e9m\u00e9nageur avec lequel le client a r\u00e9serv\u00e9 a des difficult\u00e9s financi\u00e8res, un autre d\u00e9m\u00e9nageur prend le relais pour assurer l'ex\u00e9cution du travail, sans frais suppl\u00e9mentaires. <a href=\"https:\/\/moverdb.com\/fr\/frais-de-demenagement\/\">co\u00fbt<\/a> au client.<\/li>\n<\/ol>\n<p><strong>Profil de l'organisation :<\/strong><\/p>\n<p>Le BAR est la plus ancienne association professionnelle dans le secteur du d\u00e9m\u00e9nagement et le <strong>Groupe d'outre-mer<\/strong> est con\u00e7u pour \u00e9tendre sa port\u00e9e du Royaume-Uni \u00e0 des destinations dans le monde entier. <\/p>\n<p>L'adh\u00e9sion n'est ouverte qu'aux d\u00e9m\u00e9nageurs qui sont d\u00e9j\u00e0 membres de BAR, mais cela ne garantit pas l'acceptation au sein de l'Overseas Group. La vision du groupe est de faire de ses membres le d\u00e9m\u00e9nageur de confiance de choix pour le travail \u00e0 l'\u00e9tranger dans l'industrie et de promouvoir et d\u00e9velopper les meilleures pratiques professionnelles pour les d\u00e9m\u00e9nagements \u00e0 l'\u00e9tranger.<\/p>\n<p><strong>Crit\u00e8res d'adh\u00e9sion :<\/strong><\/p>\n<ul>\n<li> Les membres doivent d\u00e9j\u00e0 appartenir au BAR.<\/li>\n<li> Les membres doivent appartenir \u00e0 un syst\u00e8me de garantie de paiement anticip\u00e9 (APG) approuv\u00e9.<\/li>\n<li> Les membres doivent soit poss\u00e9der <a href=\"https:\/\/moverdb.com\/fr\/fidi-faim\/\">FIDI-FAIM<\/a>ou BS 8564 (The Overseas Moving Standard), ou une norme \u00e9quivalente ou sup\u00e9rieure approuv\u00e9e par un audit externe.<\/li>\n<\/ul>\n<p><strong>Exemples de soci\u00e9t\u00e9s membres :<\/strong><\/p>\n<ul>\n<li> <a href=\"https:\/\/moverdb.com\/fr\/harrow-green\/\">Harrow Green<\/a><\/li>\n<li> <a href=\"https:\/\/moverdb.com\/fr\/anglo-pacifique\/\">Anglo-Pacifique<\/a><\/li>\n<li> <a href=\"https:\/\/moverdb.com\/fr\/matthew-james\/\">Matthew James<\/a><\/li>\n<li> <a href=\"https:\/\/moverdb.com\/fr\/shore-porters-society\/\">La soci\u00e9t\u00e9 des porteurs c\u00f4tiers<\/a><\/li>\n<li> <a href=\"https:\/\/moverdb.com\/fr\/pss-demenagements\/\">PSS D\u00e9m\u00e9nagements internationaux<\/a><\/li>\n<\/ul>\n<p><strong>Avis sur le groupe BAR Overseas<\/strong><\/p>\n<p>BAR Overseas est consid\u00e9r\u00e9 comme ayant des crit\u00e8res d'adh\u00e9sion stricts et ses membres sont r\u00e9guli\u00e8rement inspect\u00e9s pour s'assurer que les normes n'ont pas baiss\u00e9. La r\u00e9putation de l'association repose sur l'examen complet de ses membres, qui porte sur tous les aspects, des op\u00e9rations aux installations. <\/p>\n<p>Le r\u00e9gime de protection financi\u00e8re est consid\u00e9r\u00e9 comme un atout majeur pour les membres, car il leur permet d'offrir une protection financi\u00e8re suppl\u00e9mentaire \u00e0 leurs clients. BAR Overseas b\u00e9n\u00e9ficie de la r\u00e9putation existante de la British Association of Removers et est consid\u00e9r\u00e9 comme une norme de qualit\u00e9 pour les d\u00e9m\u00e9nagements \u00e0 l'\u00e9tranger. <\/p>\n<p>Une entreprise souligne le fait que seules 50 \u00e0 60 entreprises au Royaume-Uni ont satisfait aux crit\u00e8res d'adh\u00e9sion au groupe BAR Overseas et que c'est l'une des raisons pour lesquelles l'obtention de cette adh\u00e9sion est une v\u00e9ritable r\u00e9ussite.<\/p>\n<blockquote><p>Les membres doivent r\u00e9pondre \u00e0 des normes strictes et sont r\u00e9guli\u00e8rement inspect\u00e9s pour s'assurer que leurs installations, leurs \u00e9quipements, la formation de leur personnel et leurs proc\u00e9dures op\u00e9rationnelles restent au plus haut niveau.<\/p><\/blockquote>\n<p>- <a href=\"http:\/\/www.abels.co.uk\/european-removals-moving-to-europe\/bar-overseas-group-what-is-this\/\" target=\"_blank\" rel=\"noopener\">Abels<\/a><\/p>\n<blockquote><p>Le groupe BAR Overseas a cr\u00e9\u00e9 le r\u00e9gime de paiement anticip\u00e9 IMMI (International Movers Mutual Insurance) afin de prot\u00e9ger les clients.<\/p><\/blockquote>\n<p>- <a href=\"http:\/\/www.johnmason.com\/about-us\/accreditations\/bar-overseas-group\/\" target=\"_blank\" rel=\"noopener\">JohnMason<\/a> <\/p>\n<blockquote><p>Le groupe BAR Overseas est une section sp\u00e9cialis\u00e9e de la British Association of Removers dont les membres sont experts dans tous les domaines du d\u00e9m\u00e9nagement \u00e0 l'\u00e9tranger. Moins de 60 entreprises au Royaume-Uni r\u00e9pondent aux crit\u00e8res d'adh\u00e9sion stricts et aux normes rigoureuses exig\u00e9es de ses membres.<\/p><\/blockquote>\n<p>- <a href=\"http:\/\/www.simpsons-uk.com\/removals_accreditations\/overseas_group\" target=\"_blank\" rel=\"noopener\">Simpsons<\/a><\/p>\n<p><strong>Site web :<\/strong> <a href=\"http:\/\/www.baroverseas.co.uk\/\" target=\"_blank\" rel=\"noopener\">http:\/\/www.baroverseas.co.uk\/<\/a><\/p>","protected":false},"excerpt":{"rendered":"<p>BAR Overseas Group is part of the British Association of Removers (BAR), a Trade Association. Just like its parent organisation, it is dedicated to promoting professional excellence in the removals industry and has particular experience dealing with part and full container load shipments worldwide and goods coming into the UK from abroad. Key facts about [&hellip;]<\/p>\n","protected":false},"author":1,"featured_media":0,"parent":0,"menu_order":0,"comment_status":"closed","ping_status":"closed","template":"","meta":{"_genesis_hide_title":false,"_genesis_hide_breadcrumbs":false,"_genesis_hide_singular_image":false,"_genesis_hide_footer_widgets":false,"_genesis_custom_body_class":"","_genesis_custom_post_class":"","_genesis_layout":"","footnotes":""},"class_list":{"0":"post-430","1":"page","2":"type-page","3":"status-publish","5":"entry"},"_links":{"self":[{"href":"https:\/\/moverdb.com\/fr\/wp-json\/wp\/v2\/pages\/430","targetHints":{"allow":["GET"]}}],"collection":[{"href":"https:\/\/moverdb.com\/fr\/wp-json\/wp\/v2\/pages"}],"about":[{"href":"https:\/\/moverdb.com\/fr\/wp-json\/wp\/v2\/types\/page"}],"author":[{"embeddable":true,"href":"https:\/\/moverdb.com\/fr\/wp-json\/wp\/v2\/users\/1"}],"replies":[{"embeddable":true,"href":"https:\/\/moverdb.com\/fr\/wp-json\/wp\/v2\/comments?post=430"}],"version-history":[{"count":16,"href":"https:\/\/moverdb.com\/fr\/wp-json\/wp\/v2\/pages\/430\/revisions"}],"predecessor-version":[{"id":6187,"href":"https:\/\/moverdb.com\/fr\/wp-json\/wp\/v2\/pages\/430\/revisions\/6187"}],"wp:attachment":[{"href":"https:\/\/moverdb.com\/fr\/wp-json\/wp\/v2\/media?parent=430"}],"curies":[{"name":"wp","href":"https:\/\/api.w.org\/{rel}","templated":true}]}}