{"id":4298,"date":"2022-07-13T23:27:00","date_gmt":"2022-07-13T23:27:00","guid":{"rendered":"https:\/\/moverdb.com\/?page_id=4298"},"modified":"2026-01-08T13:19:53","modified_gmt":"2026-01-08T13:19:53","slug":"guam-2","status":"publish","type":"page","link":"https:\/\/moverdb.com\/fr\/container-shipping\/guam-2\/","title":{"rendered":"2026 Tarifs d'exp\u00e9dition de conteneurs de fret maritime \u00e0 destination et en provenance de Guam"},"content":{"rendered":"<div class=\"wp-block-image\">\n<figure class=\"aligncenter size-full\"><img loading=\"lazy\" decoding=\"async\" width=\"1000\" height=\"664\" src=\"https:\/\/moverdb.com\/wp-content\/uploads\/guam.jpg\" alt=\"Palmiers sur une belle plage de Guam\" class=\"wp-image-4285\" srcset=\"https:\/\/moverdb.com\/wp-content\/uploads\/guam.jpg 1000w, https:\/\/moverdb.com\/wp-content\/uploads\/guam-300x200.jpg 300w, https:\/\/moverdb.com\/wp-content\/uploads\/guam-18x12.jpg 18w, https:\/\/moverdb.com\/wp-content\/uploads\/guam-600x398.jpg 600w\" sizes=\"auto, (max-width: 1000px) 100vw, 1000px\" \/><\/figure>\n<\/div>\n\n\n<p><strong>Guam<\/strong> est l'un des plus petits pays de la r\u00e9gion Pacifique de l'Asie du Sud-Est. Ce petit paradis est un v\u00e9ritable joyau pour les \u00e9trangers \u00e0 la recherche d'un endroit o\u00f9 prendre quelques ann\u00e9es de retraite ou s'installer d\u00e9finitivement et prendre sa retraite.<\/p>\n\n\n\n<p>Parmi les avantages de la vie \u00e0 Guam, citons un climat merveilleux avec des temp\u00e9ratures agr\u00e9ables et constantes, des plages tropicales et des eaux accueillantes, d'excellents programmes d'\u00e9ducation, des lois fiscales positives, et bien plus encore.<\/p>\n\n\n\n<p>Cela dit, il peut \u00eatre un peu co\u00fbteux de transporter tous vos biens \u00e0 Guam si c'est l\u00e0 que vous d\u00e9cidez de d\u00e9m\u00e9nager. Comme son emplacement n'est pas fr\u00e9quemment visit\u00e9 par le transport de marchandises, il n'y a pas beaucoup de routes reliant l'\u00eele.<\/p>\n\n\n\n<p>Vous pouvez le constater dans les tableaux ci-dessous. Les prix y sont les plus bas Guam <a href=\"https:\/\/moverdb.com\/fr\/container-shipping\/\" data-internallinksmanager029f6b8e52c=\"3\" title=\"Graphique des taux d&#039;exp\u00e9dition des conteneurs internationaux : Avril 2026\">tarifs d'exp\u00e9dition de conteneurs<\/a> que nous avons pu d\u00e9couvrir. Cependant, allez-y et remplissez vos coordonn\u00e9es avec notre outil de devis et nous ferons de notre mieux pour vous aider \u00e0 obtenir un devis personnalis\u00e9 pour votre emplacement exact.<\/p>\n\n\n\n<h2 class=\"wp-block-heading\">Co\u00fbts des conteneurs d'exp\u00e9dition vers Guam<\/h2>\n\n\n<div class=\"wp-block-image\">\n<figure class=\"aligncenter size-large\"><img loading=\"lazy\" decoding=\"async\" width=\"1024\" height=\"539\" src=\"https:\/\/moverdb.com\/wp-content\/uploads\/Shipping-Container-Costs-to-Guam-1024x539.png\" alt=\"Co\u00fbts des conteneurs d&#039;exp\u00e9dition depuis Guam\" class=\"wp-image-4289\" srcset=\"https:\/\/moverdb.com\/wp-content\/uploads\/Shipping-Container-Costs-to-Guam-1024x539.png 1024w, https:\/\/moverdb.com\/wp-content\/uploads\/Shipping-Container-Costs-to-Guam-300x158.png 300w, https:\/\/moverdb.com\/wp-content\/uploads\/Shipping-Container-Costs-to-Guam-1536x809.png 1536w, https:\/\/moverdb.com\/wp-content\/uploads\/Shipping-Container-Costs-to-Guam-18x9.png 18w, https:\/\/moverdb.com\/wp-content\/uploads\/Shipping-Container-Costs-to-Guam-600x316.png 600w, https:\/\/moverdb.com\/wp-content\/uploads\/Shipping-Container-Costs-to-Guam.png 2000w\" sizes=\"auto, (max-width: 1024px) 100vw, 1024px\" \/><\/figure>\n<\/div>\n\n\n<table id=\"tablepress-114\" class=\"tablepress tablepress-id-114\">\n<thead>\n<tr class=\"row-1\">\n\t<th class=\"column-1\">Pays de destination (<a href=\"https:\/\/moverdb.com\/fr\/top-49-container-ports\/\" data-internallinksmanager029f6b8e52c=\"80\" title=\"Les 49 ports \u00e0 conteneurs les plus importants et les plus fr\u00e9quent\u00e9s en 2025\">Port<\/a>\/Ville)<\/th><th class=\"column-2\">20FT<\/th><th class=\"column-3\">40FT<\/th>\n<\/tr>\n<\/thead>\n<tbody class=\"row-striping row-hover\">\n<tr class=\"row-2\">\n\t<td class=\"column-1\"><a href=\"https:\/\/moverdb.com\/fr\/container-shipping\/argentina\/\" data-internallinksmanager029f6b8e52c=\"91\" title=\"2026 Tarifs d&#039;exp\u00e9dition de conteneurs de fret maritime \u00e0 destination et en provenance d&#039;Argentine\">Argentine (Buenos Aires)<\/a><\/td><td class=\"column-2\">$5,591<\/td><td class=\"column-3\">$5,613<\/td>\n<\/tr>\n<tr class=\"row-3\">\n\t<td class=\"column-1\"><a href=\"https:\/\/moverdb.com\/fr\/container-shipping\/australia\/\" data-internallinksmanager029f6b8e52c=\"89\" title=\"2026 Tarifs d&#039;exp\u00e9dition de conteneurs \u00e0 destination et en provenance d&#039;Australie\">Australie (Sydney)<\/a><\/td><td class=\"column-2\">$1,359<\/td><td class=\"column-3\">$2,612<\/td>\n<\/tr>\n<tr class=\"row-4\">\n\t<td class=\"column-1\"><a href=\"https:\/\/moverdb.com\/fr\/container-shipping\/brazil\/\" data-internallinksmanager029f6b8e52c=\"98\" title=\"2026 Tarifs d&#039;exp\u00e9dition de conteneurs de fret maritime \u00e0 destination et en provenance du Br\u00e9sil\">Br\u00e9sil (Santos)<\/a><\/td><td class=\"column-2\">$5,591<\/td><td class=\"column-3\">$5,613<\/td>\n<\/tr>\n<tr class=\"row-5\">\n\t<td class=\"column-1\"><a href=\"https:\/\/moverdb.com\/fr\/container-shipping\/canada\/\" data-internallinksmanager029f6b8e52c=\"102\" title=\"2026 Tarifs d&#039;exp\u00e9dition de conteneurs de fret maritime \u00e0 destination et en provenance du Canada\">Canada (Toronto)<\/a><\/td><td class=\"column-2\">$2,928<\/td><td class=\"column-3\">$4,016<\/td>\n<\/tr>\n<tr class=\"row-6\">\n\t<td class=\"column-1\">Canada (<a href=\"https:\/\/moverdb.com\/fr\/moving-to-canada\/moving-to-vancouver\/\" data-internallinksmanager029f6b8e52c=\"438\" title=\"Vous d\u00e9m\u00e9nagez \u00e0 Vancouver ? 2026 Co\u00fbts de la vie et conseils de relocalisation\">Vancouver<\/a>)<\/td><td class=\"column-2\">$2,719<\/td><td class=\"column-3\">$4,404<\/td>\n<\/tr>\n<tr class=\"row-7\">\n\t<td class=\"column-1\"><a href=\"https:\/\/moverdb.com\/fr\/container-shipping\/china\/\" data-internallinksmanager029f6b8e52c=\"105\" title=\"2026 Tarifs d&#039;exp\u00e9dition de conteneurs de fret maritime \u00e0 destination et en provenance de la Chine\">Chine (P\u00e9kin)<\/a><\/td><td class=\"column-2\">$6,412<\/td><td class=\"column-3\">$10,710<\/td>\n<\/tr>\n<tr class=\"row-8\">\n\t<td class=\"column-1\">Chine (Shanghai)<\/td><td class=\"column-2\">$6,402<\/td><td class=\"column-3\">$10,700<\/td>\n<\/tr>\n<tr class=\"row-9\">\n\t<td class=\"column-1\"><a href=\"https:\/\/moverdb.com\/fr\/container-shipping\/germany\/\" data-internallinksmanager029f6b8e52c=\"118\" title=\"2026 Tarifs d&#039;exp\u00e9dition de conteneurs de fret maritime \u00e0 destination et en provenance d&#039;Allemagne\">Allemagne (Hambourg)<\/a><\/td><td class=\"column-2\">$793<\/td><td class=\"column-3\">$944<\/td>\n<\/tr>\n<tr class=\"row-10\">\n\t<td class=\"column-1\"><a href=\"https:\/\/moverdb.com\/fr\/container-shipping\/hong-kong\/\" data-internallinksmanager029f6b8e52c=\"123\" title=\"2026 Tarifs d&#039;exp\u00e9dition de conteneurs de fret maritime \u00e0 destination et en provenance de Hong Kong\">Hong Kong (Hong Kong)<\/a><\/td><td class=\"column-2\">$6,402<\/td><td class=\"column-3\">$10,700<\/td>\n<\/tr>\n<tr class=\"row-11\">\n\t<td class=\"column-1\"><a href=\"https:\/\/moverdb.com\/fr\/container-shipping\/india\/\" data-internallinksmanager029f6b8e52c=\"125\" title=\"2026 Tarifs d&#039;exp\u00e9dition de conteneurs de fret maritime \u00e0 destination et en provenance de l&#039;Inde\">Inde (Mumbai)<\/a><\/td><td class=\"column-2\">$1,174<\/td><td class=\"column-3\">$2,355<\/td>\n<\/tr>\n<tr class=\"row-12\">\n\t<td class=\"column-1\"><a href=\"https:\/\/moverdb.com\/fr\/container-shipping\/indonesia\/\" data-internallinksmanager029f6b8e52c=\"126\" title=\"2026 Tarifs d&#039;exp\u00e9dition par conteneur de fret maritime \u00e0 destination et en provenance d&#039;Indon\u00e9sie\">Indon\u00e9sie (Jakarta)<\/a><\/td><td class=\"column-2\">$4,891<\/td><td class=\"column-3\">$8,046<\/td>\n<\/tr>\n<tr class=\"row-13\">\n\t<td class=\"column-1\"><a href=\"https:\/\/moverdb.com\/fr\/container-shipping\/japan\/\" data-internallinksmanager029f6b8e52c=\"131\" title=\"2026 Tarifs d&#039;exp\u00e9dition de conteneurs de fret maritime \u00e0 destination et en provenance du Japon\">Japon (Tokyo)<\/a><\/td><td class=\"column-2\">$3,122<\/td><td class=\"column-3\">$5,866<\/td>\n<\/tr>\n<tr class=\"row-14\">\n\t<td class=\"column-1\"><a href=\"https:\/\/moverdb.com\/fr\/container-shipping\/luxembourg\/\" data-internallinksmanager029f6b8e52c=\"146\" title=\"2026 Tarifs d&#039;exp\u00e9dition de conteneurs de fret maritime \u00e0 destination et en provenance du Luxembourg\">Luxembourg (Luxembourg)<\/a><\/td><td class=\"column-2\">$641<\/td><td class=\"column-3\">$877<\/td>\n<\/tr>\n<tr class=\"row-15\">\n\t<td class=\"column-1\"><a href=\"https:\/\/moverdb.com\/fr\/container-shipping\/malaysia\/\" data-internallinksmanager029f6b8e52c=\"148\" title=\"2026 Tarifs d&#039;exp\u00e9dition de conteneurs de fret maritime \u00e0 destination et en provenance de la Malaisie\">Malaisie (Port Kelang)<\/a><\/td><td class=\"column-2\">$4,891<\/td><td class=\"column-3\">$8,046<\/td>\n<\/tr>\n<tr class=\"row-16\">\n\t<td class=\"column-1\"><a href=\"https:\/\/moverdb.com\/fr\/container-shipping\/mexico\/\" data-internallinksmanager029f6b8e52c=\"162\" title=\"2026 Tarifs d&#039;exp\u00e9dition de conteneurs de fret maritime \u00e0 destination et en provenance du Mexique\">Mexique (Manzanillo)<\/a><\/td><td class=\"column-2\">$2,419<\/td><td class=\"column-3\">$4,009<\/td>\n<\/tr>\n<tr class=\"row-17\">\n\t<td class=\"column-1\"><a href=\"https:\/\/moverdb.com\/fr\/container-shipping\/netherlands\/\" data-internallinksmanager029f6b8e52c=\"151\" title=\"2026 Tarifs d&#039;exp\u00e9dition de conteneurs de fret maritime \u00e0 destination et en provenance des Pays-Bas\">Pays-Bas (Rotterdam)<\/a><\/td><td class=\"column-2\">$641<\/td><td class=\"column-3\">$877<\/td>\n<\/tr>\n<tr class=\"row-18\">\n\t<td class=\"column-1\"><a href=\"https:\/\/moverdb.com\/fr\/container-shipping\/new-zealand\/\" data-internallinksmanager029f6b8e52c=\"163\" title=\"2026 Tarifs d&#039;exp\u00e9dition de conteneurs de fret maritime vers et depuis la Nouvelle-Z\u00e9lande\">Nouvelle-Z\u00e9lande (Auckland)<\/a><\/td><td class=\"column-2\">$1,359<\/td><td class=\"column-3\">$2,612<\/td>\n<\/tr>\n<tr class=\"row-19\">\n\t<td class=\"column-1\"><a href=\"https:\/\/moverdb.com\/fr\/container-shipping\/pakistan\/\" data-internallinksmanager029f6b8e52c=\"155\" title=\"2026 Tarifs d&#039;exp\u00e9dition de conteneurs de fret maritime \u00e0 destination et en provenance du Pakistan\">Pakistan (Karachi)<\/a><\/td><td class=\"column-2\">$1,174<\/td><td class=\"column-3\">$2,355<\/td>\n<\/tr>\n<tr class=\"row-20\">\n\t<td class=\"column-1\"><a href=\"https:\/\/moverdb.com\/fr\/container-shipping\/russia\/\" data-internallinksmanager029f6b8e52c=\"160\" title=\"2026 Tarifs d&#039;exp\u00e9dition de conteneurs de fret maritime \u00e0 destination et en provenance de la Russie\">Russie (Saint-P\u00e9tersbourg)<\/a><\/td><td class=\"column-2\">$808<\/td><td class=\"column-3\">$998<\/td>\n<\/tr>\n<tr class=\"row-21\">\n\t<td class=\"column-1\"><a href=\"https:\/\/moverdb.com\/fr\/container-shipping\/singapore\/\" data-internallinksmanager029f6b8e52c=\"179\" title=\"2026 Tarifs d&#039;exp\u00e9dition de conteneurs de fret maritime \u00e0 destination et en provenance de Singapour\">Singapour (Singapour)<\/a><\/td><td class=\"column-2\">$7,280<\/td><td class=\"column-3\">$11,350<\/td>\n<\/tr>\n<tr class=\"row-22\">\n\t<td class=\"column-1\"><a href=\"https:\/\/moverdb.com\/fr\/container-shipping\/spain\/\" data-internallinksmanager029f6b8e52c=\"182\" title=\"2026 Tarifs d&#039;exp\u00e9dition de conteneurs de fret maritime \u00e0 destination et en provenance d&#039;Espagne\">Espagne (Valencia)<\/a><\/td><td class=\"column-2\">$528<\/td><td class=\"column-3\">$772<\/td>\n<\/tr>\n<tr class=\"row-23\">\n\t<td class=\"column-1\"><a href=\"https:\/\/moverdb.com\/fr\/container-shipping\/thailand\/\" data-internallinksmanager029f6b8e52c=\"189\" title=\"2026 Tarifs d&#039;exp\u00e9dition de conteneurs de fret maritime \u00e0 destination et en provenance de la Tha\u00eflande\">Tha\u00eflande (Laem Chabang)<\/a><\/td><td class=\"column-2\">$4,891<\/td><td class=\"column-3\">$8,046<\/td>\n<\/tr>\n<tr class=\"row-24\">\n\t<td class=\"column-1\"><a href=\"https:\/\/moverdb.com\/fr\/container-shipping\/united-kingdom\/\" data-internallinksmanager029f6b8e52c=\"196\" title=\"2026 Tarifs d&#039;exp\u00e9dition de conteneurs \u00e0 destination et en provenance du Royaume-Uni\">Royaume-Uni (Londres)<\/a><\/td><td class=\"column-2\">$1,111<\/td><td class=\"column-3\">$1,166<\/td>\n<\/tr>\n<tr class=\"row-25\">\n\t<td class=\"column-1\"><a href=\"https:\/\/moverdb.com\/fr\/moving-to-the-united-states\/\" data-internallinksmanager029f6b8e52c=\"94\" title=\"Vous partez aux \u00c9tats-Unis ? 2026 Co\u00fbt de la vie et conseils de relocalisation\">US<\/a> (<a href=\"https:\/\/moverdb.com\/fr\/moving-to-los-angeles\/\" data-internallinksmanager029f6b8e52c=\"51\" title=\"Vous d\u00e9m\u00e9nagez \u00e0 Los Angeles ? 2026 Co\u00fbts de la vie \u00e0 Los Angeles et conseils de relocalisation\">Los Angeles<\/a>)<\/td><td class=\"column-2\">$2,719<\/td><td class=\"column-3\">$4,404<\/td>\n<\/tr>\n<tr class=\"row-26\">\n\t<td class=\"column-1\"><a href=\"https:\/\/moverdb.com\/fr\/container-shipping\/united-states\/\" data-internallinksmanager029f6b8e52c=\"87\" title=\"2026 Tarifs d&#039;exp\u00e9dition de conteneurs de fret maritime \u00e0 destination et en provenance des \u00c9tats-Unis\">US (New York)<\/a><\/td><td class=\"column-2\">$2,928<\/td><td class=\"column-3\">$4,016<\/td>\n<\/tr>\n<tr class=\"row-27\">\n\t<td class=\"column-1\"><a href=\"https:\/\/moverdb.com\/fr\/container-shipping\/vietnam\/\" data-internallinksmanager029f6b8e52c=\"245\" title=\"2026 Tarifs d&#039;exp\u00e9dition par conteneur de fret maritime \u00e0 destination et en provenance du Vietnam\">Vietnam (Saigon)<\/a><\/td><td class=\"column-2\">$4,891<\/td><td class=\"column-3\">$8,046<\/td>\n<\/tr>\n<\/tbody>\n<\/table>\n<!-- #tablepress-114 from cache -->\n\n\n\n<h2 class=\"wp-block-heading\">Co\u00fbts des conteneurs d'exp\u00e9dition depuis Guam<\/h2>\n\n\n<div class=\"wp-block-image\">\n<figure class=\"aligncenter size-large\"><img loading=\"lazy\" decoding=\"async\" width=\"1024\" height=\"539\" src=\"https:\/\/moverdb.com\/wp-content\/uploads\/Shipping-Container-Costs-from-Guam-1024x539.png\" alt=\"Co\u00fbts des conteneurs d&#039;exp\u00e9dition depuis Guam\" class=\"wp-image-4287\" srcset=\"https:\/\/moverdb.com\/wp-content\/uploads\/Shipping-Container-Costs-from-Guam-1024x539.png 1024w, https:\/\/moverdb.com\/wp-content\/uploads\/Shipping-Container-Costs-from-Guam-300x158.png 300w, https:\/\/moverdb.com\/wp-content\/uploads\/Shipping-Container-Costs-from-Guam-1536x809.png 1536w, https:\/\/moverdb.com\/wp-content\/uploads\/Shipping-Container-Costs-from-Guam-18x9.png 18w, https:\/\/moverdb.com\/wp-content\/uploads\/Shipping-Container-Costs-from-Guam-600x316.png 600w, https:\/\/moverdb.com\/wp-content\/uploads\/Shipping-Container-Costs-from-Guam.png 2000w\" sizes=\"auto, (max-width: 1024px) 100vw, 1024px\" \/><\/figure>\n<\/div>\n\n\n<table id=\"tablepress-112\" class=\"tablepress tablepress-id-112\">\n<thead>\n<tr class=\"row-1\">\n\t<th class=\"column-1\">Pays de destination (port\/ville)<\/th><th class=\"column-2\">20FT<\/th><th class=\"column-3\">40FT<\/th>\n<\/tr>\n<\/thead>\n<tbody class=\"row-striping row-hover\">\n<tr class=\"row-2\">\n\t<td class=\"column-1\"><a href=\"https:\/\/moverdb.com\/fr\/container-shipping\/andorra\/\" data-internallinksmanager029f6b8e52c=\"88\" title=\"2026 Tarifs d&#039;exp\u00e9dition de conteneurs de fret maritime \u00e0 destination et en provenance d&#039;Andorre\">Andorre (Andorre-la-Vieille)<\/a><\/td><td class=\"column-2\">$3,577<\/td><td class=\"column-3\">$4,574<\/td>\n<\/tr>\n<tr class=\"row-3\">\n\t<td class=\"column-1\"><a href=\"https:\/\/moverdb.com\/fr\/container-shipping\/antigua-and-barbuda\/\" data-internallinksmanager029f6b8e52c=\"92\" title=\"2026 Tarifs d&#039;exp\u00e9dition par conteneur de fret maritime \u00e0 destination et en provenance d&#039;Antigua-et-Barbuda\">Antigua et Barbuda (St John's)<\/a><\/td><td class=\"column-2\">$9,415<\/td><td class=\"column-3\">$11,750<\/td>\n<\/tr>\n<tr class=\"row-4\">\n\t<td class=\"column-1\">Argentine (Buenos Aires)<\/td><td class=\"column-2\">$4,323<\/td><td class=\"column-3\">$6,560<\/td>\n<\/tr>\n<tr class=\"row-5\">\n\t<td class=\"column-1\"><a href=\"https:\/\/moverdb.com\/fr\/container-shipping\/aruba\/\" data-internallinksmanager029f6b8e52c=\"90\" title=\"2022 Taux d&#039;exp\u00e9dition de conteneurs de fret maritime \u00e0 destination et en provenance d&#039;Aruba\">Aruba (Oranjestad)<\/a><\/td><td class=\"column-2\">$9,415<\/td><td class=\"column-3\">$11,750<\/td>\n<\/tr>\n<tr class=\"row-6\">\n\t<td class=\"column-1\">Australie (Sydney)<\/td><td class=\"column-2\">$1,551<\/td><td class=\"column-3\">$2,120<\/td>\n<\/tr>\n<tr class=\"row-7\">\n\t<td class=\"column-1\"><a href=\"https:\/\/moverdb.com\/fr\/container-shipping\/austria\/\" data-internallinksmanager029f6b8e52c=\"95\" title=\"2026 Tarifs d&#039;exp\u00e9dition de conteneurs de fret maritime \u00e0 destination et en provenance d&#039;Autriche\">Autriche (Vienne)<\/a><\/td><td class=\"column-2\">$1,720<\/td><td class=\"column-3\">$2,450<\/td>\n<\/tr>\n<tr class=\"row-8\">\n\t<td class=\"column-1\"><a href=\"https:\/\/moverdb.com\/fr\/container-shipping\/bangladesh\/\" data-internallinksmanager029f6b8e52c=\"97\" title=\"2026 Tarifs d&#039;exp\u00e9dition de conteneurs de fret maritime \u00e0 destination et en provenance du Bangladesh\">Bangladesh (Chittagong)<\/a><\/td><td class=\"column-2\">$733<\/td><td class=\"column-3\">$909<\/td>\n<\/tr>\n<tr class=\"row-9\">\n\t<td class=\"column-1\"><a href=\"https:\/\/moverdb.com\/fr\/container-shipping\/belgium\/\" data-internallinksmanager029f6b8e52c=\"86\" title=\"2026 Tarifs d&#039;exp\u00e9dition de conteneurs de fret maritime \u00e0 destination et en provenance de la Belgique\">Belgique (Anvers)<\/a><\/td><td class=\"column-2\">$1,413<\/td><td class=\"column-3\">$1,482<\/td>\n<\/tr>\n<tr class=\"row-10\">\n\t<td class=\"column-1\">Br\u00e9sil (Santos)<\/td><td class=\"column-2\">$4,323<\/td><td class=\"column-3\">$6,560<\/td>\n<\/tr>\n<tr class=\"row-11\">\n\t<td class=\"column-1\">Canada (Toronto)<\/td><td class=\"column-2\">$3,414<\/td><td class=\"column-3\">$5, 204<\/td>\n<\/tr>\n<tr class=\"row-12\">\n\t<td class=\"column-1\">Canada (Vancouver)<\/td><td class=\"column-2\">$1,060<\/td><td class=\"column-3\">$2,300<\/td>\n<\/tr>\n<tr class=\"row-13\">\n\t<td class=\"column-1\">Chine (P\u00e9kin)<\/td><td class=\"column-2\">$466<\/td><td class=\"column-3\">$614<\/td>\n<\/tr>\n<tr class=\"row-14\">\n\t<td class=\"column-1\">Chine (Shanghai)<\/td><td class=\"column-2\">$219<\/td><td class=\"column-3\">$470<\/td>\n<\/tr>\n<tr class=\"row-15\">\n\t<td class=\"column-1\">Allemagne (Hambourg)<\/td><td class=\"column-2\">$1,708<\/td><td class=\"column-3\">$1,989<\/td>\n<\/tr>\n<tr class=\"row-16\">\n\t<td class=\"column-1\">Hong Kong (Hong Kong)<\/td><td class=\"column-2\">$219<\/td><td class=\"column-3\">$470<\/td>\n<\/tr>\n<tr class=\"row-17\">\n\t<td class=\"column-1\">Inde (Mumbai)<\/td><td class=\"column-2\">$949<\/td><td class=\"column-3\">$1,338<\/td>\n<\/tr>\n<tr class=\"row-18\">\n\t<td class=\"column-1\">Indon\u00e9sie (Jakarta)<\/td><td class=\"column-2\">$672<\/td><td class=\"column-3\">$895<\/td>\n<\/tr>\n<tr class=\"row-19\">\n\t<td class=\"column-1\"><a href=\"https:\/\/moverdb.com\/fr\/container-shipping\/italy\/\" data-internallinksmanager029f6b8e52c=\"130\" title=\"2026 Tarifs d&#039;exp\u00e9dition de conteneurs de fret maritime \u00e0 destination et en provenance d&#039;Italie\">Italie (Trieste)<\/a><\/td><td class=\"column-2\">$1,976<\/td><td class=\"column-3\">$2,422<\/td>\n<\/tr>\n<tr class=\"row-20\">\n\t<td class=\"column-1\">Japon (Tokyo)<\/td><td class=\"column-2\">$466<\/td><td class=\"column-3\">$614<\/td>\n<\/tr>\n<tr class=\"row-21\">\n\t<td class=\"column-1\">Luxembourg (Luxembourg)<\/td><td class=\"column-2\">$1,413<\/td><td class=\"column-3\">$1,482<\/td>\n<\/tr>\n<tr class=\"row-22\">\n\t<td class=\"column-1\">Malaisie (Port Kelang)<\/td><td class=\"column-2\">$466<\/td><td class=\"column-3\">$614<\/td>\n<\/tr>\n<tr class=\"row-23\">\n\t<td class=\"column-1\">Mexique (Manzanillo)<\/td><td class=\"column-2\">$3,227<\/td><td class=\"column-3\">$3,860<\/td>\n<\/tr>\n<tr class=\"row-24\">\n\t<td class=\"column-1\">Pays-Bas (Rotterdam)<\/td><td class=\"column-2\">$1,413<\/td><td class=\"column-3\">$1,482<\/td>\n<\/tr>\n<tr class=\"row-25\">\n\t<td class=\"column-1\">Nouvelle-Z\u00e9lande (Auckland)<\/td><td class=\"column-2\">$1,551<\/td><td class=\"column-3\">$2,120<\/td>\n<\/tr>\n<tr class=\"row-26\">\n\t<td class=\"column-1\">Pakistan (Karachi)<\/td><td class=\"column-2\">$949<\/td><td class=\"column-3\">$1,338<\/td>\n<\/tr>\n<tr class=\"row-27\">\n\t<td class=\"column-1\"><a href=\"https:\/\/moverdb.com\/fr\/container-shipping\/philippines\/\" data-internallinksmanager029f6b8e52c=\"156\" title=\"2026 Tarifs d&#039;exp\u00e9dition de conteneurs de fret maritime \u00e0 destination et en provenance des Philippines\">Philippines (Manille)<\/a><\/td><td class=\"column-2\">$466<\/td><td class=\"column-3\">$614<\/td>\n<\/tr>\n<tr class=\"row-28\">\n\t<td class=\"column-1\">Russie (Saint-P\u00e9tersbourg)<\/td><td class=\"column-2\">$7,781<\/td><td class=\"column-3\">$13,010<\/td>\n<\/tr>\n<tr class=\"row-29\">\n\t<td class=\"column-1\">Singapour (Singapour)<\/td><td class=\"column-2\">$346<\/td><td class=\"column-3\">$507<\/td>\n<\/tr>\n<tr class=\"row-30\">\n\t<td class=\"column-1\"><a href=\"https:\/\/moverdb.com\/fr\/container-shipping\/south-korea\/\" data-internallinksmanager029f6b8e52c=\"180\" title=\"2026 Tarifs d&#039;exp\u00e9dition par conteneur de fret maritime \u00e0 destination et en provenance de la Cor\u00e9e du Sud\">Cor\u00e9e du Sud (Busan)<\/a><\/td><td class=\"column-2\">$466<\/td><td class=\"column-3\">$614<\/td>\n<\/tr>\n<tr class=\"row-31\">\n\t<td class=\"column-1\">Espagne (Valencia)<\/td><td class=\"column-2\">$4,207<\/td><td class=\"column-3\">$8,470<\/td>\n<\/tr>\n<tr class=\"row-32\">\n\t<td class=\"column-1\">Tha\u00eflande (Laem Chabang)<\/td><td class=\"column-2\">$466<\/td><td class=\"column-3\">$614<\/td>\n<\/tr>\n<tr class=\"row-33\">\n\t<td class=\"column-1\">Royaume-Uni (Londres)<\/td><td class=\"column-2\">$4,612<\/td><td class=\"column-3\">$8,682<\/td>\n<\/tr>\n<tr class=\"row-34\">\n\t<td class=\"column-1\">\u00c9tats-Unis (Los Angeles)<\/td><td class=\"column-2\">$1,060<\/td><td class=\"column-3\">$2,300<\/td>\n<\/tr>\n<tr class=\"row-35\">\n\t<td class=\"column-1\">US (New York)<\/td><td class=\"column-2\">$3,414<\/td><td class=\"column-3\">$5, 204<\/td>\n<\/tr>\n<tr class=\"row-36\">\n\t<td class=\"column-1\">Vietnam (Saigon)<\/td><td class=\"column-2\">$466<\/td><td class=\"column-3\">$614<\/td>\n<\/tr>\n<\/tbody>\n<\/table>\n<!-- #tablepress-112 from cache -->\n\n\n\n<h3 class=\"wp-block-heading\">Notes sur les donn\u00e9es :<\/h3>\n\n\n\n<ul class=\"wp-block-list\"><li>Tous les chiffres de $ sont exprim\u00e9s en dollars am\u00e9ricains (USD) ;<\/li><li>Tarifs exacts \u00e0 la mi-2022 ;<\/li><li>Les cartes pr\u00e9sent\u00e9es dans cet article ont \u00e9t\u00e9 cr\u00e9\u00e9es \u00e0 l'aide de <a href=\"https:\/\/www.mapchart.net\" target=\"_blank\" rel=\"noreferrer noopener\">https:\/\/www.mapchart.net<\/a>. Vous \u00eates libre de partager les cartes, \u00e0 condition de fournir un lien d'attribution renvoyant \u00e0 <a href=\"https:\/\/moverdb.com\/fr\/\" target=\"_blank\" rel=\"noreferrer noopener\">MoverDB<\/a>;<\/li><li>Les taux ci-dessus ne sont que des estimations et peuvent avoir chang\u00e9 depuis la publication de cet article (avril 2022). Ils sont bas\u00e9s sur le taux estim\u00e9 le plus bas de l'une des deux sources suivantes <a href=\"https:\/\/www.icontainers.com\" target=\"_blank\" rel=\"noreferrer noopener\">https:\/\/www.icontainers.com<\/a> ou <a href=\"https:\/\/www.freightos.com\" target=\"_blank\" rel=\"noreferrer noopener\">https:\/\/www.freightos.com<\/a>;<\/li><li>Pour avoir une id\u00e9e plus pr\u00e9cise du co\u00fbt pour vous, veuillez utiliser le formulaire de devis en haut de cette page ;<\/li><li>Veuillez \u00e9galement consulter notre guide sur <a href=\"https:\/\/moverdb.com\/fr\/expedition-par-conteneur\/\" target=\"_blank\" rel=\"noreferrer noopener\">transport international par conteneurs<\/a>.<\/li><\/ul>","protected":false},"excerpt":{"rendered":"<p>Guam is one of the tiniest countries in the Pacific region of South-East Asia. This small paradise is a real gem for foreigners scouting for locations to take a few years to retreat or permanently relocate and retire. Some of the pros of living in Guam include a wonderful climate of constant pleasant temperatures, tropical [&hellip;]<\/p>\n","protected":false},"author":2,"featured_media":4285,"parent":44,"menu_order":0,"comment_status":"open","ping_status":"closed","template":"","meta":{"_genesis_hide_title":false,"_genesis_hide_breadcrumbs":false,"_genesis_hide_singular_image":false,"_genesis_hide_footer_widgets":false,"_genesis_custom_body_class":"","_genesis_custom_post_class":"","_genesis_layout":"","footnotes":""},"class_list":{"0":"post-4298","1":"page","2":"type-page","3":"status-publish","4":"has-post-thumbnail","6":"entry"},"_links":{"self":[{"href":"https:\/\/moverdb.com\/fr\/wp-json\/wp\/v2\/pages\/4298","targetHints":{"allow":["GET"]}}],"collection":[{"href":"https:\/\/moverdb.com\/fr\/wp-json\/wp\/v2\/pages"}],"about":[{"href":"https:\/\/moverdb.com\/fr\/wp-json\/wp\/v2\/types\/page"}],"author":[{"embeddable":true,"href":"https:\/\/moverdb.com\/fr\/wp-json\/wp\/v2\/users\/2"}],"replies":[{"embeddable":true,"href":"https:\/\/moverdb.com\/fr\/wp-json\/wp\/v2\/comments?post=4298"}],"version-history":[{"count":1,"href":"https:\/\/moverdb.com\/fr\/wp-json\/wp\/v2\/pages\/4298\/revisions"}],"predecessor-version":[{"id":4303,"href":"https:\/\/moverdb.com\/fr\/wp-json\/wp\/v2\/pages\/4298\/revisions\/4303"}],"up":[{"embeddable":true,"href":"https:\/\/moverdb.com\/fr\/wp-json\/wp\/v2\/pages\/44"}],"wp:featuredmedia":[{"embeddable":true,"href":"https:\/\/moverdb.com\/fr\/wp-json\/wp\/v2\/media\/4285"}],"wp:attachment":[{"href":"https:\/\/moverdb.com\/fr\/wp-json\/wp\/v2\/media?parent=4298"}],"curies":[{"name":"wp","href":"https:\/\/api.w.org\/{rel}","templated":true}]}}