{"id":429,"date":"2016-06-06T14:44:52","date_gmt":"2016-06-06T14:44:52","guid":{"rendered":"http:\/\/moverdb.com\/?page_id=429"},"modified":"2026-01-08T14:47:51","modified_gmt":"2026-01-08T14:47:51","slug":"british-association-of-removers","status":"publish","type":"page","link":"https:\/\/moverdb.com\/fr\/british-association-of-removers\/","title":{"rendered":"Explication de la British Association of Removers (BAR)"},"content":{"rendered":"<p>La British Association of Removers (BAR) se d\u00e9crit comme la \"voix reconnue de l'industrie du d\u00e9m\u00e9nagement professionnel\" et est un organisme cl\u00e9 dans le secteur de l'industrie du d\u00e9m\u00e9nagement. <a href=\"https:\/\/moverdb.com\/fr\/moving-to-the-uk\/\" data-internallinksmanager029f6b8e52c=\"93\" title=\"Vous partez au Royaume-Uni ? 2026 Co\u00fbt de la vie et conseils de relocalisation\">ROYAUME-UNI<\/a> l'industrie du d\u00e9m\u00e9nagement. <\/p>\n<p>La formation, les normes professionnelles et la fourniture d'informations et de conseils aux clients font partie des attributions du BAR, de m\u00eame qu'un service de r\u00e8glement des litiges.<\/p>\n<p><strong>Faits essentiels sur le BAR :<\/strong><\/p>\n<ol>\n<li>  Le BAR propose plusieurs types d'adh\u00e9sion : Adh\u00e9sion au Royaume-Uni, <a href=\"https:\/\/moverdb.com\/fr\/bar-overseas\/\">Adh\u00e9sion \u00e0 un groupe d'outre-mer<\/a>Adh\u00e9sion au groupement de d\u00e9m\u00e9nagements commerciaux, Adh\u00e9sion au groupement d'int\u00e9r\u00eat de self-stockage. <a href=\"https:\/\/moverdb.com\/fr\/demenagements-internationaux\/\">Entreprises<\/a> peuvent \u00e9galement \u00eatre des affili\u00e9s internationaux (entreprises non britanniques actives dans le secteur du d\u00e9m\u00e9nagement) et des affili\u00e9s (entreprises qui ne sont pas engag\u00e9es dans des activit\u00e9s de d\u00e9m\u00e9nagement et d'entreposage mais qui fournissent des biens et des services au secteur).<\/li>\n<li>  Le BAR dispose du seul code de pratique du secteur du d\u00e9m\u00e9nagement qui soit approuv\u00e9 et contr\u00f4l\u00e9 par le Trading Standards Institute.<\/li>\n<li>  Le Trading Standards Institute surveille les performances de tous les membres du BAR.<\/li>\n<li>  BAR couvre \u00e0 la fois le Royaume-Uni et l <a href=\"https:\/\/moverdb.com\/fr\/entreprises-de-demenagement\/\">d\u00e9m\u00e9nagements internationaux<\/a>.<\/li>\n<li>  BAR poss\u00e8de sa propre division de formation - BAR Training Services, qui propose des cours de formation professionnelle aux entreprises qui constituent la norme en mati\u00e8re de formation sp\u00e9cifique au secteur.<\/li>\n<li>  Les membres du BAR sont soumis \u00e0 des inspections continues du site pendant leur adh\u00e9sion.<\/li>\n<li> Le BAR g\u00e8re \u00e9galement le <a href=\"https:\/\/www.trustedmover.org\" target=\"_blank\" rel=\"noopener\">D\u00e9m\u00e9nageur de confiance<\/a> pour vous aider \u00e0 trouver des d\u00e9m\u00e9nageurs BAR.<\/li>\n<\/ol>\n<p><strong>Profil de l'organisation :<\/strong><\/p>\n<p>Le BAR s'est impos\u00e9 comme un organisme sectoriel dont la mission est de faire respecter les normes professionnelles dans le secteur du d\u00e9m\u00e9nagement, dans l'int\u00e9r\u00eat de ses membres mais aussi de leurs clients. Il dispose d'un code de pratique qui fixe des normes en mati\u00e8re de service, de mat\u00e9riel, de v\u00e9hicules et d'entreposage, de formation du personnel et de gestion d'une situation en cas de probl\u00e8me. <\/p>\n<p>Il offre \u00e9galement une protection financi\u00e8re aux clients, par exemple en cas d'annulation d'une mission par le d\u00e9m\u00e9nageur. Les clients peuvent se plaindre d'un membre aupr\u00e8s du BAR et il existe \u00e9galement un service de r\u00e9solution alternative des litiges. <\/p>\n<p>La formation est un \u00e9l\u00e9ment cl\u00e9 du programme d'adh\u00e9sion \u00e0 BAR et les membres ont acc\u00e8s \u00e0 des modules d'apprentissage en ligne sur des sujets tels que le leadership, la finance, la vente et la vente, le service \u00e0 la client\u00e8le, le marketing, le coaching, le d\u00e9veloppement des comp\u00e9tences de gestion et de supervision.<\/p>\n<p><strong>Quelques entreprises membres<\/strong><\/p>\n<ul>\n<li> <a href=\"https:\/\/moverdb.com\/fr\/cadogan-tate\/\">Cadogan Tate<\/a><\/li>\n<li> <a href=\"https:\/\/moverdb.com\/fr\/anglo-pacifique\/\">Anglo-Pacifique<\/a><\/li>\n<li> <a href=\"https:\/\/moverdb.com\/fr\/shore-porters-society\/\">La soci\u00e9t\u00e9 des porteurs c\u00f4tiers<\/a><\/li>\n<li> <a href=\"https:\/\/moverdb.com\/fr\/matthew-james\/\">Matthew James<\/a><\/li>\n<li> <a href=\"https:\/\/moverdb.com\/fr\/robinsons\/\">Robinsons Relocation<\/a><\/li>\n<li> <a href=\"https:\/\/moverdb.com\/fr\/conroy-removals\/\">D\u00e9m\u00e9nagements Conroy<\/a><\/li>\n<\/ul>\n<p><strong>Crit\u00e8res d'adh\u00e9sion :<\/strong><\/p>\n<p>Aucun crit\u00e8re d'adh\u00e9sion n'est disponible sur le site web, qui indique : \"Si vous souhaitez devenir membre du BAR, et pour obtenir les crit\u00e8res d'adh\u00e9sion et un formulaire de demande, veuillez contacter le BAR en indiquant les informations sur votre entreprise et vos coordonn\u00e9es.\"<\/p>\n<p><strong>Avis de l'industrie sur la British Association of Removers :<\/strong><\/p>\n<p>BAR appara\u00eet fr\u00e9quemment sur les sites web des d\u00e9m\u00e9nageurs britanniques et beaucoup de ceux qui le citent mettent l'accent sur sa long\u00e9vit\u00e9 en tant que l'une des plus anciennes associations professionnelles du secteur du d\u00e9m\u00e9nagement et sur son histoire de plus d'un si\u00e8cle. <\/p>\n<p>Le fait que Trading Standards ait approuv\u00e9 son code de pratique est consid\u00e9r\u00e9 comme un autre atout majeur, car cela donne aux consommateurs l'assurance que leurs int\u00e9r\u00eats sont prot\u00e9g\u00e9s au-del\u00e0 des exigences fondamentales de la loi. <\/p>\n<p>Le fait que l'association effectue des inspections continues des sites est consid\u00e9r\u00e9 comme important, tout comme le fait que les membres doivent fournir des preuves de la satisfaction continue des clients. <\/p>\n<p>L'opinion g\u00e9n\u00e9rale est que <em>\"En choisissant un membre de BAR, vous vous assurez que votre d\u00e9m\u00e9nagement se passe le mieux possible.\"<\/em> Le BAR est consid\u00e9r\u00e9 comme une norme pour les d\u00e9m\u00e9nageurs par les sites web immobiliers, qui le d\u00e9crivent comme une exigence de base pour un bon d\u00e9m\u00e9nageur, qui sera tenu de respecter des normes minimales de professionnalisme et offrira une certaine protection financi\u00e8re.<\/p>\n<blockquote><p>Choisir une entreprise de d\u00e9m\u00e9nagement qui s'est engag\u00e9e \u00e0 adh\u00e9rer au BAR est un bon point de d\u00e9part, car cela montre qu'elle est pr\u00eate \u00e0 respecter une norme minimale. Les membres du BAR ont des normes de conduite minimales pour l'adh\u00e9sion qui seront dans votre int\u00e9r\u00eat, telles que des v\u00e9hicules l\u00e9gaux et agr\u00e9\u00e9s, la protection de votre d\u00e9p\u00f4t et l'arbitrage ou la conciliation gratuite dans le cas improbable o\u00f9 quelque chose ne va pas.<\/p><\/blockquote>\n<p>- <a href=\"http:\/\/www.rightmove.co.uk\/choosing-a-removal-company.html\" target=\"_blank\" rel=\"noopener\">rightmove<\/a><\/p>\n<blockquote><p>Chaque membre du BAR travaille selon le code de pratique du BAR, qui est approuv\u00e9 par les Trading Standards. Ce code rigoureux prot\u00e8ge et promeut les int\u00e9r\u00eats des consommateurs au-del\u00e0 des exigences fondamentales de la loi.<\/p><\/blockquote>\n<p>- <a href=\"http:\/\/www.pickfords.co.uk\/british-association-of-removers\" target=\"_blank\" rel=\"noopener\">Pickfords<\/a><\/p>\n<blockquote><p>Plus de 97% des consommateurs recommandent leur dissolvant BAR.<\/p><\/blockquote>\n<p>- <a href=\"http:\/\/www.comparemymove.com\/blog\/our-partners\/a-guide-to-joining-the-british-association-of-removers\/\" target=\"_blank\" rel=\"noopener\">Comparez mon d\u00e9m\u00e9nagement<\/a><\/p>\n<p><strong>Site web :<\/strong> <a href=\"http:\/\/www.bar.co.uk\/\" target=\"_blank\" rel=\"noopener\">http:\/\/www.bar.co.uk\/<\/a><\/p>","protected":false},"excerpt":{"rendered":"<p>The British Association of Removers (BAR) describes itself as the &#8220;recognised voice of the professional moving industry&#8221; and it is a key body in the UK moving industry. Training, professional standards and providing information and advice to customers are included in the BAR&#8217;s remit, as well as a dispute resolution service. Key facts about BAR: [&hellip;]<\/p>\n","protected":false},"author":1,"featured_media":0,"parent":0,"menu_order":0,"comment_status":"closed","ping_status":"closed","template":"","meta":{"_genesis_hide_title":false,"_genesis_hide_breadcrumbs":false,"_genesis_hide_singular_image":false,"_genesis_hide_footer_widgets":false,"_genesis_custom_body_class":"","_genesis_custom_post_class":"","_genesis_layout":"","footnotes":""},"class_list":{"0":"post-429","1":"page","2":"type-page","3":"status-publish","5":"entry"},"_links":{"self":[{"href":"https:\/\/moverdb.com\/fr\/wp-json\/wp\/v2\/pages\/429","targetHints":{"allow":["GET"]}}],"collection":[{"href":"https:\/\/moverdb.com\/fr\/wp-json\/wp\/v2\/pages"}],"about":[{"href":"https:\/\/moverdb.com\/fr\/wp-json\/wp\/v2\/types\/page"}],"author":[{"embeddable":true,"href":"https:\/\/moverdb.com\/fr\/wp-json\/wp\/v2\/users\/1"}],"replies":[{"embeddable":true,"href":"https:\/\/moverdb.com\/fr\/wp-json\/wp\/v2\/comments?post=429"}],"version-history":[{"count":18,"href":"https:\/\/moverdb.com\/fr\/wp-json\/wp\/v2\/pages\/429\/revisions"}],"predecessor-version":[{"id":6186,"href":"https:\/\/moverdb.com\/fr\/wp-json\/wp\/v2\/pages\/429\/revisions\/6186"}],"wp:attachment":[{"href":"https:\/\/moverdb.com\/fr\/wp-json\/wp\/v2\/media?parent=429"}],"curies":[{"name":"wp","href":"https:\/\/api.w.org\/{rel}","templated":true}]}}