{"id":42,"date":"2016-03-19T18:09:36","date_gmt":"2016-03-19T18:09:36","guid":{"rendered":"http:\/\/moverdb.com\/?page_id=42"},"modified":"2026-01-08T15:20:50","modified_gmt":"2026-01-08T15:20:50","slug":"conditions-dutilisation","status":"publish","type":"page","link":"https:\/\/moverdb.com\/fr\/terms-of-use\/","title":{"rendered":"Conditions d'utilisation"},"content":{"rendered":"<p><strong>VEUILLEZ LES LIRE ATTENTIVEMENT AVANT D'UTILISER CE SITE WEB.<\/strong><\/p>\n<p>Bienvenue sur MoverDB.com. Si vous continuez \u00e0 naviguer et \u00e0 utiliser ce site Web, vous acceptez de vous conformer et d'\u00eatre li\u00e9 par les conditions d'utilisation suivantes, qui, conjointement avec notre site Web, constituent la base de notre politique de protection des donn\u00e9es. <a href=\"https:\/\/MoverDB.com\/privacy-policy\/\" target=\"_blank\" rel=\"noopener\">politique de confidentialit\u00e9<\/a> r\u00e9gissent la relation de MoverDB.com avec vous en ce qui concerne ce site Web. Si vous n'\u00eates pas d'accord avec une partie de ces conditions g\u00e9n\u00e9rales, veuillez ne pas utiliser notre site Web.<\/p>\n<p>Les pr\u00e9sentes conditions d'utilisation, ainsi que les autres documents mentionn\u00e9s ci-dessous, d\u00e9finissent les conditions dans lesquelles vous pouvez utiliser le site https:\/\/MoverDB.com\/ (\"notre site\"). <\/p>\n<p>Autres documents importants <\/p>\n<p>Les conditions d'utilisation font r\u00e9f\u00e9rence \u00e0 notre <a href=\"https:\/\/MoverDB.com\/privacy-policy\/\" target=\"_blank\" rel=\"noopener\">Politique de confidentialit\u00e9<\/a>qui d\u00e9finissent les conditions dans lesquelles nous traitons les donn\u00e9es personnelles que vous nous fournissez. <a href=\"https:\/\/moverdb.com\/fr\/moving-to-the-united-states\/\" data-internallinksmanager029f6b8e52c=\"94\" title=\"Vous partez aux \u00c9tats-Unis ? 2026 Co\u00fbt de la vie et conseils de relocalisation\">nous<\/a>ou que nous recueillons aupr\u00e8s de vous. Vous pouvez \u00e9galement lire l'int\u00e9gralit\u00e9 de notre <a href=\"https:\/\/moverdb.com\/fr\/politique-de-traitement-des-donnees\/\">Politique de traitement des donn\u00e9es<\/a>. En utilisant notre site, vous consentez \u00e0 ce traitement.<\/p>\n<p>L'utilisation de ce site web est soumise aux conditions d'utilisation suivantes :<\/p>\n<ul>\n<li>Le contenu des pages de ce site web est destin\u00e9 \u00e0 votre information g\u00e9n\u00e9rale et \u00e0 votre utilisation uniquement. Il est susceptible d'\u00eatre modifi\u00e9 sans pr\u00e9avis.<\/li>\n<li> En remplissant un formulaire de devis, vous acceptez que nous partagions ces informations avec des tiers pour vous aider \u00e0 obtenir la meilleure comparaison de prix pour votre d\u00e9m\u00e9nagement international.<\/li>\n<li>Ce site Web utilise des cookies pour contr\u00f4ler les pr\u00e9f\u00e9rences de navigation. Si vous autorisez l'utilisation de cookies, il se peut que nous stockions des informations personnelles destin\u00e9es \u00e0 \u00eatre utilis\u00e9es par des tiers.<\/li>\n<li> Ni nous ni aucun tiers ne fournissons de garantie quant \u00e0 l'exactitude, l'actualit\u00e9, la performance, l'exhaustivit\u00e9 ou l'ad\u00e9quation des informations et des mat\u00e9riaux trouv\u00e9s ou propos\u00e9s sur ce site Web pour un usage particulier. Vous reconnaissez que ces informations et mat\u00e9riels peuvent contenir des inexactitudes ou des erreurs et nous excluons express\u00e9ment toute responsabilit\u00e9 pour de telles inexactitudes ou erreurs dans toute la mesure permise par la loi.<\/li>\n<li> L'utilisation de toute information ou mat\u00e9riel sur ce site web est enti\u00e8rement \u00e0 vos risques et p\u00e9rils, pour lesquels nous ne serons pas responsables. Il vous incombe de vous assurer que les produits, services ou informations disponibles sur ce site Web r\u00e9pondent \u00e0 vos besoins sp\u00e9cifiques.<\/li>\n<li> Ce site Web contient des \u00e9l\u00e9ments qui nous appartiennent ou qui nous sont conc\u00e9d\u00e9s sous licence. Ce mat\u00e9riel comprend, sans s'y limiter, la conception, la mise en page, l'aspect, l'apparence et les graphiques. La reproduction est interdite autrement que conform\u00e9ment \u00e0 l'avis de droit d'auteur, qui fait partie des pr\u00e9sentes conditions g\u00e9n\u00e9rales.<\/li>\n<li> L'utilisation non autoris\u00e9e de ce site web peut donner lieu \u00e0 une demande de dommages et int\u00e9r\u00eats et\/ou constituer une infraction p\u00e9nale.<\/li>\n<li> De temps \u00e0 autre, ce site web peut \u00e9galement inclure des liens vers d'autres sites web. Ces liens sont fournis pour votre commodit\u00e9 afin de fournir des informations suppl\u00e9mentaires. Ils ne signifient pas que nous approuvons le(s) site(s) Web. Nous ne sommes pas responsables du contenu de ces sites.<\/li>\n<\/ul>","protected":false},"excerpt":{"rendered":"<p>PLEASE READ THESE CAREFULLY BEFORE USING THIS WEBSITE. Welcome to MoverDB.com. If you continue to browse and use this website, you are agreeing to comply with and be bound by the following terms and conditions of use, which together with our privacy policy govern MoverDB.com&#8217;s relationship with you in relation to this website. If you [&hellip;]<\/p>\n","protected":false},"author":1,"featured_media":0,"parent":0,"menu_order":0,"comment_status":"closed","ping_status":"closed","template":"","meta":{"_genesis_hide_title":false,"_genesis_hide_breadcrumbs":false,"_genesis_hide_singular_image":false,"_genesis_hide_footer_widgets":false,"_genesis_custom_body_class":"","_genesis_custom_post_class":"","_genesis_layout":"","footnotes":""},"class_list":{"0":"post-42","1":"page","2":"type-page","3":"status-publish","5":"entry"},"_links":{"self":[{"href":"https:\/\/moverdb.com\/fr\/wp-json\/wp\/v2\/pages\/42","targetHints":{"allow":["GET"]}}],"collection":[{"href":"https:\/\/moverdb.com\/fr\/wp-json\/wp\/v2\/pages"}],"about":[{"href":"https:\/\/moverdb.com\/fr\/wp-json\/wp\/v2\/types\/page"}],"author":[{"embeddable":true,"href":"https:\/\/moverdb.com\/fr\/wp-json\/wp\/v2\/users\/1"}],"replies":[{"embeddable":true,"href":"https:\/\/moverdb.com\/fr\/wp-json\/wp\/v2\/comments?post=42"}],"version-history":[{"count":5,"href":"https:\/\/moverdb.com\/fr\/wp-json\/wp\/v2\/pages\/42\/revisions"}],"predecessor-version":[{"id":3243,"href":"https:\/\/moverdb.com\/fr\/wp-json\/wp\/v2\/pages\/42\/revisions\/3243"}],"wp:attachment":[{"href":"https:\/\/moverdb.com\/fr\/wp-json\/wp\/v2\/media?parent=42"}],"curies":[{"name":"wp","href":"https:\/\/api.w.org\/{rel}","templated":true}]}}