{"id":414,"date":"2016-07-03T15:12:27","date_gmt":"2016-07-03T15:12:27","guid":{"rendered":"http:\/\/moverdb.com\/?page_id=414"},"modified":"2026-01-08T14:39:56","modified_gmt":"2026-01-08T14:39:56","slug":"frais-de-demenagement","status":"publish","type":"page","link":"https:\/\/moverdb.com\/fr\/moving-costs\/","title":{"rendered":"Co\u00fbts des d\u00e9m\u00e9nagements internationaux : 9 \u00e9l\u00e9ments \u00e0 ne pas n\u00e9gliger"},"content":{"rendered":"<p><img loading=\"lazy\" decoding=\"async\" src=\"https:\/\/moverdb.com\/wp-content\/uploads\/International-Moving-Costs.jpg\" alt=\"Frais de d\u00e9m\u00e9nagement international\" width=\"720\" height=\"477\" class=\"aligncenter size-full wp-image-780\" srcset=\"https:\/\/moverdb.com\/wp-content\/uploads\/International-Moving-Costs.jpg 720w, https:\/\/moverdb.com\/wp-content\/uploads\/International-Moving-Costs-300x200.jpg 300w, https:\/\/moverdb.com\/wp-content\/uploads\/International-Moving-Costs-600x398.jpg 600w\" sizes=\"auto, (max-width: 720px) 100vw, 720px\" \/><\/p>\n<p>De nombreuses personnes qui d\u00e9m\u00e9nagent \u00e0 l'\u00e9tranger sont surprises de voir \u00e0 quel point les frais de d\u00e9m\u00e9nagement international peuvent \u00eatre \u00e9lev\u00e9s. Nous examinons ci-dessous les d\u00e9penses attendues et inattendues auxquelles vous pouvez \u00eatre confront\u00e9 et comment \u00e9conomiser de l'argent. <\/p>\n<div id=\"ez-toc-container\" class=\"ez-toc-v2_0_82_2 ez-toc-wrap-left counter-hierarchy ez-toc-counter ez-toc-transparent ez-toc-container-direction\">\n<div class=\"ez-toc-title-container\">\n<p class=\"ez-toc-title\" style=\"cursor:inherit\">Sections<\/p>\n<span class=\"ez-toc-title-toggle\"><a href=\"#\" class=\"ez-toc-pull-right ez-toc-btn ez-toc-btn-xs ez-toc-btn-default ez-toc-toggle\" aria-label=\"Toggle Table des mati\u00e8res\"><span class=\"ez-toc-js-icon-con\"><span class=\"\"><span class=\"eztoc-hide\" style=\"display:none;\">Toggle<\/span><span class=\"ez-toc-icon-toggle-span\"><svg style=\"fill: #999;color:#999\" xmlns=\"http:\/\/www.w3.org\/2000\/svg\" class=\"list-377408\" width=\"20px\" height=\"20px\" viewbox=\"0 0 24 24\" fill=\"none\"><path d=\"M6 6H4v2h2V6zm14 0H8v2h12V6zM4 11h2v2H4v-2zm16 0H8v2h12v-2zM4 16h2v2H4v-2zm16 0H8v2h12v-2z\" fill=\"currentColor\"><\/path><\/svg><svg style=\"fill: #999;color:#999\" class=\"arrow-unsorted-368013\" xmlns=\"http:\/\/www.w3.org\/2000\/svg\" width=\"10px\" height=\"10px\" viewbox=\"0 0 24 24\" version=\"1.2\" baseprofile=\"tiny\"><path d=\"M18.2 9.3l-6.2-6.3-6.2 6.3c-.2.2-.3.4-.3.7s.1.5.3.7c.2.2.4.3.7.3h11c.3 0 .5-.1.7-.3.2-.2.3-.5.3-.7s-.1-.5-.3-.7zM5.8 14.7l6.2 6.3 6.2-6.3c.2-.2.3-.5.3-.7s-.1-.5-.3-.7c-.2-.2-.4-.3-.7-.3h-11c-.3 0-.5.1-.7.3-.2.2-.3.5-.3.7s.1.5.3.7z\"\/><\/svg><\/span><\/span><\/span><\/a><\/span><\/div>\n<nav><ul class='ez-toc-list ez-toc-list-level-1 eztoc-toggle-hide-by-default' ><li class='ez-toc-page-1 ez-toc-heading-level-2'><a class=\"ez-toc-link ez-toc-heading-1\" href=\"https:\/\/moverdb.com\/fr\/moving-costs\/#1_Moving_Transportation_Costs\" >1. Frais de d\u00e9m\u00e9nagement et de transport<\/a><\/li><li class='ez-toc-page-1 ez-toc-heading-level-2'><a class=\"ez-toc-link ez-toc-heading-2\" href=\"https:\/\/moverdb.com\/fr\/moving-costs\/#2_Packing_Unpacking_Costs\" >2. Frais d'emballage et de d\u00e9ballage<\/a><\/li><li class='ez-toc-page-1 ez-toc-heading-level-2'><a class=\"ez-toc-link ez-toc-heading-3\" href=\"https:\/\/moverdb.com\/fr\/moving-costs\/#3_Moving_Insurance_Costs\" >3. Co\u00fbts de l'assurance d\u00e9m\u00e9nagement<\/a><\/li><li class='ez-toc-page-1 ez-toc-heading-level-2'><a class=\"ez-toc-link ez-toc-heading-4\" href=\"https:\/\/moverdb.com\/fr\/moving-costs\/#4_Storage_Costs\" >4. Co\u00fbts de stockage<\/a><\/li><li class='ez-toc-page-1 ez-toc-heading-level-2'><a class=\"ez-toc-link ez-toc-heading-5\" href=\"https:\/\/moverdb.com\/fr\/moving-costs\/#5Customs_Duty_Charges_Taxes\" >5. droits de douane et taxes<\/a><\/li><li class='ez-toc-page-1 ez-toc-heading-level-2'><a class=\"ez-toc-link ez-toc-heading-6\" href=\"https:\/\/moverdb.com\/fr\/moving-costs\/#6_Visa_Fees\" >6. Frais de visa<\/a><\/li><li class='ez-toc-page-1 ez-toc-heading-level-2'><a class=\"ez-toc-link ez-toc-heading-7\" href=\"https:\/\/moverdb.com\/fr\/moving-costs\/#7_Lawyer_Fees\" >7. Frais d'avocat<\/a><\/li><li class='ez-toc-page-1 ez-toc-heading-level-2'><a class=\"ez-toc-link ez-toc-heading-8\" href=\"https:\/\/moverdb.com\/fr\/moving-costs\/#8_Housing_Costs\" >8. Co\u00fbts du logement<\/a><\/li><li class='ez-toc-page-1 ez-toc-heading-level-2'><a class=\"ez-toc-link ez-toc-heading-9\" href=\"https:\/\/moverdb.com\/fr\/moving-costs\/#9_Other_Costs\" >9. Autres co\u00fbts<\/a><\/li><\/ul><\/nav><\/div>\n<h2><span class=\"ez-toc-section\" id=\"1_Moving_Transportation_Costs\"><\/span>1. Frais de d\u00e9m\u00e9nagement et de transport<span class=\"ez-toc-section-end\"><\/span><\/h2>\n<p>La plus grosse d\u00e9pense que vous aurez \u00e0 faire est d'engager un <a href=\"https:\/\/moverdb.com\/fr\/entreprises-de-demenagement\/\">soci\u00e9t\u00e9 de d\u00e9m\u00e9nagement international<\/a> pour d\u00e9m\u00e9nager vos biens de votre maison dans le pays A \u00e0 votre nouveau domicile dans le pays B. Vous pouvez comparer les entreprises en utilisant le formulaire ci-dessus.<\/p>\n<p>Le co\u00fbt sera bas\u00e9 sur quelques facteurs principaux :<\/p>\n<ul>\n<li> <strong>Taille du d\u00e9m\u00e9nagement :<\/strong> Plus le d\u00e9m\u00e9nagement est important, plus il sera co\u00fbteux. Cela vaut tant pour le poids que pour le volume. Les services de groupage peuvent r\u00e9duire ce co\u00fbt si vous n'avez pas assez de biens pour un chargement complet.<\/li>\n<li> <strong>Distance :<\/strong> Plus vous devez vous d\u00e9placer, plus le co\u00fbt sera \u00e9lev\u00e9.<\/li>\n<li> <strong>Route :<\/strong> Certaines destinations sont assez courantes et d'autres sont assez rares. Par exemple, les d\u00e9m\u00e9nagements internationaux entre <a href=\"https:\/\/moverdb.com\/fr\/moving-to-canada\/\" data-internallinksmanager029f6b8e52c=\"265\" title=\"D\u00e9m\u00e9nager au Canada ? 2026 Co\u00fbt de la vie et conseils de relocalisation\">Canada<\/a> et le <a href=\"https:\/\/moverdb.com\/fr\/moving-to-the-united-states\/\" data-internallinksmanager029f6b8e52c=\"94\" title=\"Vous partez aux \u00c9tats-Unis ? 2026 Co\u00fbt de la vie et conseils de relocalisation\">\u00c9tats-Unis<\/a> ou \u00e0 l'int\u00e9rieur de l'Europe sont courantes et ces routes seront g\u00e9n\u00e9ralement moins ch\u00e8res en raison de la concurrence, par rapport aux routes moins courantes.<\/li>\n<li> <strong>M\u00e9thode de transport :<\/strong> La m\u00e9thode que vous choisissez pour transporter vos marchandises est un facteur important dans le prix final que vous paierez. L'exp\u00e9dition par voie maritime est l'option la moins ch\u00e8re, tandis que l'exp\u00e9dition par voie a\u00e9rienne est la plus on\u00e9reuse. Les camions effectueront presque toujours la premi\u00e8re et la derni\u00e8re \u00e9tape d'un d\u00e9m\u00e9nagement, quelle que soit la ou les m\u00e9thodes utilis\u00e9es entre les deux.<\/li>\n<\/ul>\n<p>\u00c9tant donn\u00e9 que le transport maritime est l'option la moins ch\u00e8re, certaines personnes essaient d'opter pour une approche directe avec un fournisseur de services. <a href=\"https:\/\/moverdb.com\/fr\/compagnies-maritimes\/\">soci\u00e9t\u00e9 de transport maritime international<\/a>. Bien que cela puisse parfois \u00eatre moins cher, la plupart de ces entreprises ne sont pas vraiment con\u00e7ues pour les d\u00e9m\u00e9nagements de maisons, mais s'occupent principalement de ce qui suit <a href=\"https:\/\/moverdb.com\/fr\/transporteur-de-marchandises\/\">transport de marchandises<\/a>.    <\/p>\n<p>Pour mieux comprendre les co\u00fbts de d\u00e9m\u00e9nagement et de transport, vous pouvez \u00e9galement lire notre guide sur les sujets suivants <a href=\"https:\/\/moverdb.com\/fr\/expedition-par-conteneur\/\">Co\u00fbts de l'exp\u00e9dition internationale de conteneurs<\/a> ou de passer directement \u00e0 l'obtention <a href=\"https:\/\/moverdb.com\/fr\/citations\/\">devis de d\u00e9m\u00e9nagement international<\/a>.<\/p>\n<p><strong>Co\u00fbt typique :<\/strong> \u00c0 partir de <strong>$1,000<\/strong> USD (\u00a3750 ; \u20ac900) et peut facilement d\u00e9passer $10,000 pour les d\u00e9m\u00e9nagements longue distance \u00e0 l'\u00e9tranger.<\/p>\n<h2><span class=\"ez-toc-section\" id=\"2_Packing_Unpacking_Costs\"><\/span>2. Frais d'emballage et de d\u00e9ballage<span class=\"ez-toc-section-end\"><\/span><\/h2>\n<p>Bien que tous les <a href=\"https:\/\/moverdb.com\/fr\/moving-companies\/\" data-internallinksmanager029f6b8e52c=\"79\" title=\"Les 25 meilleures soci\u00e9t\u00e9s de d\u00e9m\u00e9nagement international en ligne\">entreprises de d\u00e9m\u00e9nagement<\/a> facturent un suppl\u00e9ment pour l'emballage et le d\u00e9ballage, mais beaucoup le font. Selon le pays dans lequel vous d\u00e9m\u00e9nagez, vous n'aurez peut-\u00eatre pas le choix d'assumer ces frais. En effet, les documents douaniers de certains pays exigent que l'entreprise de d\u00e9m\u00e9nagement se porte garante des marchandises import\u00e9es et s'assure que rien d'ill\u00e9gal n'est exp\u00e9di\u00e9.<\/p>\n<p>Les articles ill\u00e9gaux comprennent les \u00e9l\u00e9ments \u00e9vidents tels que les drogues et les armes, mais aussi des choses que vous ignorez peut-\u00eatre, comme certaines plantes ou certains animaux. Les entreprises de d\u00e9m\u00e9nagement prises en flagrant d\u00e9lit d'infraction \u00e0 la loi s'exposent \u00e0 des amendes ou \u00e0 la perte de leur licence et donc de leur capacit\u00e9 \u00e0 faire des affaires dans ce pays.<\/p>\n<p>Si vous souhaitez \u00e9viter ou r\u00e9duire ce co\u00fbt, parlez-en \u00e0 votre d\u00e9m\u00e9nageur et voyez si vous pouvez faire quelque chose. Vous pouvez parfois \u00e9conomiser de l'argent en emballant vous-m\u00eame vos affaires, mais en laissant les cartons ouverts pour qu'ils puissent les inspecter. Et vous pouvez toujours \u00e9conomiser de l'argent si vous d\u00e9cidez de d\u00e9baller vous-m\u00eame vos affaires dans votre nouveau logement. <\/p>\n<p>Enfin, n'oubliez pas qu'il est impossible de ne pas payer les mat\u00e9riaux d'emballage tels que les cartons, le papier bulle et le ruban adh\u00e9sif. <\/p>\n<p><strong>Co\u00fbt typique :<\/strong> \u00c0 partir de <strong>$100<\/strong> USD (75 \u00a3, 90 \u20ac), mais g\u00e9n\u00e9ralement quelques centaines de dollars.    <\/p>\n<h2><span class=\"ez-toc-section\" id=\"3_Moving_Insurance_Costs\"><\/span>3. Co\u00fbts de l'assurance d\u00e9m\u00e9nagement<span class=\"ez-toc-section-end\"><\/span><\/h2>\n<p>Certaines entreprises de d\u00e9m\u00e9nagement incluent l'assurance dans leur offre de prix, mais pas toutes. Assurez-vous de v\u00e9rifier exactement ce que l'assurance couvre et ne couvre pas. <\/p>\n<p>Si vos marchandises sont envoy\u00e9es par voie maritime, vous devez vous assurer que vous disposez d'une police d'assurance maritime. Quoi qu'il en soit, vous devez avoir une police qui couvre la valeur totale de la perte, du vol et\/ou des dommages subis par vos marchandises.   <\/p>\n<p><strong>Co\u00fbt typique :<\/strong> \u00c0 partir de <strong>$100<\/strong> USD (75 \u00a3, 90 \u20ac), mais peut \u00eatre beaucoup plus \u00e9lev\u00e9 si le transport de marchandises de grande valeur, inhabituelles et\/ou rares.<\/p>\n<h2><span class=\"ez-toc-section\" id=\"4_Storage_Costs\"><\/span>4. Co\u00fbts de stockage<span class=\"ez-toc-section-end\"><\/span><\/h2>\n<p>Lorsque vous d\u00e9m\u00e9nagez \u00e0 l'\u00e9tranger, il se peut que vous deviez payer des frais d'entreposage en plus de vos frais de d\u00e9m\u00e9nagement habituels. En effet, il peut \u00eatre difficile de faire co\u00efncider la date de votre d\u00e9m\u00e9nagement avec les dates d'exp\u00e9dition utilis\u00e9es par les entreprises de transport. <a href=\"https:\/\/moverdb.com\/fr\/container-shipping\/\" data-internallinksmanager029f6b8e52c=\"3\" title=\"Graphique des taux d&#039;exp\u00e9dition des conteneurs internationaux : Avril 2026\">exp\u00e9dition internationale<\/a> entreprises. <\/p>\n<p>Ainsi, tant que vos marchandises ne sont pas en transit, elles doivent \u00eatre stock\u00e9es quelque part. Veillez \u00e0 garder cela \u00e0 l'esprit lorsque vous fixez vos attentes quant \u00e0 la date d'arriv\u00e9e de vos marchandises.<\/p>\n<p>Vous pouvez \u00e9galement vouloir garder vos biens en stockage pendant que vous cherchez un endroit o\u00f9 vivre dans votre nouveau pays. Ou bien vous pouvez simplement payer pour stocker vos biens jusqu'\u00e0 votre retour, si vous pensez qu'il s'agit d'un d\u00e9m\u00e9nagement temporaire.  <\/p>\n<p><strong>Co\u00fbt typique :<\/strong> \u00c0 partir de <strong>$100<\/strong> USD (\u00a375, \u20ac90) par mois pour un petit appartement d'un ou deux lits et les prix peuvent monter \u00e0 partir de l\u00e0. Heureusement, il y a beaucoup de concurrence dans ce domaine, ce qui contribue \u00e0 maintenir les prix bas. <\/p>\n<h2><span class=\"ez-toc-section\" id=\"5Customs_Duty_Charges_Taxes\"><\/span>5. droits de douane et taxes<span class=\"ez-toc-section-end\"><\/span><\/h2>\n<p>Un autre petit co\u00fbt \u00e0 prendre en compte avant de d\u00e9m\u00e9nager sont les droits de douane dans le pays o\u00f9 vous vous installez. Dans certains pays, comme les \u00c9tats-Unis, la plupart des biens \u00e0 usage domestique peuvent \u00eatre transport\u00e9s en franchise de droits. <\/p>\n<p>Alors que des pays tels que l <a href=\"https:\/\/moverdb.com\/fr\/moving-to-the-uk\/\" data-internallinksmanager029f6b8e52c=\"93\" title=\"Vous partez au Royaume-Uni ? 2026 Co\u00fbt de la vie et conseils de relocalisation\">Royaume-Uni<\/a> ont des r\u00e8gles plus complexes qui d\u00e9pendent de l'endroit d'o\u00f9 vous d\u00e9m\u00e9nagez. Par exemple, les d\u00e9m\u00e9nagements \u00e0 partir de l'UE (au moment de la r\u00e9daction du pr\u00e9sent document) sont exon\u00e9r\u00e9s de droits de douane, tandis que les d\u00e9m\u00e9nagements \u00e0 partir de l'ext\u00e9rieur de l'UE peuvent entra\u00eener des droits et des taxes sur lesquels vous pouvez demander une exon\u00e9ration. <\/p>\n<p>Le plus souvent, les frais de douane et les droits sont factur\u00e9s sur la base de la valeur des marchandises elles-m\u00eames. <\/p>\n<p><strong>Co\u00fbt typique :<\/strong> De gratuit \u00e0 presque illimit\u00e9, selon la valeur et le type de marchandises que vous allez apporter avec vous. <\/p>\n<h2><span class=\"ez-toc-section\" id=\"6_Visa_Fees\"><\/span>6. Frais de visa<span class=\"ez-toc-section-end\"><\/span><\/h2>\n<p>Lorsque vous vous installez dans un autre pays pour travailler ou \u00e9tudier, vous devez g\u00e9n\u00e9ralement demander un visa, sauf si vous vous d\u00e9placez au sein de l'UE, ce qui vous permet de vous d\u00e9placer entre les pays sans visa. Les visas de travail et d'\u00e9tudes impliquent presque toujours de nombreuses d\u00e9marches administratives et le paiement de frais parfois tr\u00e8s importants. <\/p>\n<p>Par exemple, au Royaume-Uni, certains visas co\u00fbtent plus de 1 000 \u00a3 ($1 300 USD ; 1 200 \u20ac). Et n'oubliez pas que ces frais doivent \u00eatre pay\u00e9s \u00e0 chaque fois que vous renouvelez votre visa. Ces frais peuvent augmenter consid\u00e9rablement vos co\u00fbts globaux et doivent \u00eatre pris en compte dans votre budget.<\/p>\n<p><strong>Co\u00fbt typique :<\/strong> Gratuit au sein de l'UE, il varie d'un pays \u00e0 l'autre, mais peut atteindre plusieurs milliers de dollars par visa.<\/p>\n<h2><span class=\"ez-toc-section\" id=\"7_Lawyer_Fees\"><\/span>7. Frais d'avocat<span class=\"ez-toc-section-end\"><\/span><\/h2>\n<p>D'une mani\u00e8re g\u00e9n\u00e9rale, les visas et autres documents douaniers peuvent \u00eatre remplis par vos soins en effectuant quelques recherches sur Internet, en consultant les sites gouvernementaux de votre pays d'origine et du pays dans lequel vous envisagez de vous installer. <\/p>\n<p>Toutefois, de nombreuses personnes se sentent plus \u00e0 l'aise lorsqu'elles font appel \u00e0 un avocat pour d\u00e9m\u00ealer le monde parfois extr\u00eamement complexe des d\u00e9m\u00e9nagements internationaux. <\/p>\n<p>C'est pourquoi de nombreuses personnes choisissent d'engager un avocat pour remplir tous les documents dont elles ont besoin, au lieu de faire les choses elles-m\u00eames. Bien que cela puisse apporter une certaine tranquillit\u00e9 d'esprit, cela peut entra\u00eener des co\u00fbts assez importants. <\/p>\n<p><strong>Co\u00fbt typique :<\/strong> Les prix varient consid\u00e9rablement d'un pays \u00e0 l'autre, mais en g\u00e9n\u00e9ral, les prix commencent \u00e0 partir de pas moins de 10 000 euros. <strong>$100USD\/heure<\/strong> (75 \u00a3, 90 \u20ac), avec des frais forfaitaires pour les services communs qui peuvent facilement d\u00e9passer les 10 000 euros. <strong>$1,000 USD<\/strong> pour les services les plus \u00e9l\u00e9mentaires.  <\/p>\n<h2><span class=\"ez-toc-section\" id=\"8_Housing_Costs\"><\/span>8. Co\u00fbts du logement<span class=\"ez-toc-section-end\"><\/span><\/h2>\n<p>Votre plus grosse d\u00e9pense, dans votre nouveau pays, sera probablement le logement. Sachez toutefois que le fonctionnement du logement et les taxes et frais qui y sont associ\u00e9s peuvent varier consid\u00e9rablement d'un pays \u00e0 l'autre. <\/p>\n<p>Par exemple, aux \u00c9tats-Unis, les prix de l'immobilier en dehors des grandes villes c\u00f4ti\u00e8res sont extr\u00eamement bas. Cependant, vous devrez payer chaque ann\u00e9e des taxes fonci\u00e8res bas\u00e9es sur la valeur de votre bien, mais seulement si vous \u00eates propri\u00e9taire. Ces taxes varient de 0,28% en <a href=\"https:\/\/moverdb.com\/fr\/moving-to-the-united-states\/moving-to-hawaii\/\" data-internallinksmanager029f6b8e52c=\"403\" title=\"Vous d\u00e9m\u00e9nagez \u00e0 Hawa\u00ef ? 2026 Co\u00fbts de la vie et conseils de relocalisation\">Hawa\u00ef<\/a> jusqu'\u00e0 2,29% en <a href=\"https:\/\/moverdb.com\/fr\/moving-to-the-united-states\/moving-to-new-jersey\/\" data-internallinksmanager029f6b8e52c=\"417\" title=\"Vous d\u00e9m\u00e9nagez dans le New Jersey ? 2026 Co\u00fbts de la vie et conseils de relocalisation\">New Jersey<\/a>.<\/p>\n<p>D'autre part, des pays comme le Royaume-Uni n'ont pas d'imp\u00f4t foncier direct. Au lieu de cela, vous payez <a href=\"https:\/\/www.gov.uk\/stamp-duty-land-tax\/residential-property-rates\" target=\"_blank\" rel=\"noopener\">droit de timbre<\/a> lors de l'achat d'un appartement, qui peut repr\u00e9senter jusqu'\u00e0 12% du prix d'achat (l'acheteur paie la totalit\u00e9 des frais, pas le vendeur). De plus, les propri\u00e9taires et les locataires doivent payer des frais de <a href=\"https:\/\/www.gov.uk\/council-tax\/working-out-your-council-tax\" target=\"_blank\" rel=\"noopener\">taxe d'habitation<\/a> chaque ann\u00e9e sur la base de la valeur de la propri\u00e9t\u00e9 en 1991. En moyenne, cela revient \u00e0 environ 1 200 \u00a3 ($1 600 USD ; 1 400 \u20ac) par an.<\/p>\n<p>Par cons\u00e9quent, lorsque vous cherchez un logement, ne vous contentez pas de regarder le prix d'achat et\/ou de location de la propri\u00e9t\u00e9. Assurez-vous de bien comprendre tous les frais, charges et taxes dont vous serez redevable compte tenu du type, de l'emplacement et du mode de location du logement que vous utiliserez. <\/p>\n<p><strong>Co\u00fbt typique :<\/strong> Cela d\u00e9pend enti\u00e8rement du pays, mais les taxes ne sont g\u00e9n\u00e9ralement pas inf\u00e9rieures \u00e0 $1 000 USD par an et peuvent \u00eatre nettement plus \u00e9lev\u00e9es dans les pays o\u00f9 le r\u00e9gime d'imp\u00f4t foncier est bas\u00e9 sur un pourcentage.    <\/p>\n<h2><span class=\"ez-toc-section\" id=\"9_Other_Costs\"><\/span>9. Autres co\u00fbts<span class=\"ez-toc-section-end\"><\/span><\/h2>\n<p>Enfin, lorsque vous d\u00e9m\u00e9nagez \u00e0 l'\u00e9tranger, vous devez tenir compte de toute une s\u00e9rie d'autres frais et co\u00fbts, petits et moins petits. Il peut s'agir, par exemple, de l'achat de nouveaux meubles si vous d\u00e9m\u00e9nagez d'un pays o\u00f9 les appartements meubl\u00e9s sont courants vers des pays comme les \u00c9tats-Unis ou le Canada o\u00f9 cela est rare.<\/p>\n<p>M\u00eame si vous poss\u00e9dez vos propres meubles, il se peut que vous deviez acheter de nouveaux appareils, car les diff\u00e9rents pays utilisent des voltages diff\u00e9rents et\/ou ont des prises diff\u00e9rentes. L'utilisation d'un mauvais type d'appareil peut endommager votre syst\u00e8me \u00e9lectrique, alors v\u00e9rifiez toujours avant de d\u00e9m\u00e9nager. <\/p>\n<p>Vous pouvez \u00e9galement avoir besoin de nouveaux v\u00eatements si vous d\u00e9m\u00e9nagez d'une r\u00e9gion o\u00f9 il fait froid vers une r\u00e9gion o\u00f9 il fait chaud ou vice versa. Pour en savoir plus sur ces types de co\u00fbts, il est pr\u00e9f\u00e9rable de vous renseigner sur le pays dans lequel vous d\u00e9m\u00e9nagez.<\/p>\n<p>C'est pourquoi nous avons cr\u00e9\u00e9 des guides sp\u00e9cifiques aux pays qui devraient vous aider \u00e0 en savoir plus sur les co\u00fbts dans le pays o\u00f9 vous allez vous installer.   <\/p>","protected":false},"excerpt":{"rendered":"<p>Many people who move abroad are surprised a just how high international moving costs can be. Below we look at many of the expected and unexpected expenses you may face and how to save money. 1. Moving &#038; Transportation Costs The biggest single expense you&#8217;ll face is hiring an international moving company to move your [&hellip;]<\/p>\n","protected":false},"author":1,"featured_media":780,"parent":0,"menu_order":0,"comment_status":"closed","ping_status":"closed","template":"","meta":{"_genesis_hide_title":false,"_genesis_hide_breadcrumbs":false,"_genesis_hide_singular_image":false,"_genesis_hide_footer_widgets":false,"_genesis_custom_body_class":"","_genesis_custom_post_class":"","_genesis_layout":"","footnotes":""},"class_list":{"0":"post-414","1":"page","2":"type-page","3":"status-publish","4":"has-post-thumbnail","6":"entry"},"_links":{"self":[{"href":"https:\/\/moverdb.com\/fr\/wp-json\/wp\/v2\/pages\/414","targetHints":{"allow":["GET"]}}],"collection":[{"href":"https:\/\/moverdb.com\/fr\/wp-json\/wp\/v2\/pages"}],"about":[{"href":"https:\/\/moverdb.com\/fr\/wp-json\/wp\/v2\/types\/page"}],"author":[{"embeddable":true,"href":"https:\/\/moverdb.com\/fr\/wp-json\/wp\/v2\/users\/1"}],"replies":[{"embeddable":true,"href":"https:\/\/moverdb.com\/fr\/wp-json\/wp\/v2\/comments?post=414"}],"version-history":[{"count":15,"href":"https:\/\/moverdb.com\/fr\/wp-json\/wp\/v2\/pages\/414\/revisions"}],"predecessor-version":[{"id":13165,"href":"https:\/\/moverdb.com\/fr\/wp-json\/wp\/v2\/pages\/414\/revisions\/13165"}],"wp:featuredmedia":[{"embeddable":true,"href":"https:\/\/moverdb.com\/fr\/wp-json\/wp\/v2\/media\/780"}],"wp:attachment":[{"href":"https:\/\/moverdb.com\/fr\/wp-json\/wp\/v2\/media?parent=414"}],"curies":[{"name":"wp","href":"https:\/\/api.w.org\/{rel}","templated":true}]}}