{"id":3842,"date":"2022-04-06T13:40:09","date_gmt":"2022-04-06T13:40:09","guid":{"rendered":"https:\/\/moverdb.com\/?page_id=3842"},"modified":"2026-01-08T14:47:23","modified_gmt":"2026-01-08T14:47:23","slug":"agents-de-relocation","status":"publish","type":"page","link":"https:\/\/moverdb.com\/fr\/relocation-agents\/","title":{"rendered":"7 raisons pour lesquelles vous devriez faire appel \u00e0 un agent de relocation ?"},"content":{"rendered":"<p>Vous venez de signer pour un nouveau poste fantastique dans un lieu international prestigieux. Vous avez h\u00e2te de changer d'air, et d\u00e9m\u00e9nager dans un nouveau pays semble excitant au d\u00e9but, mais une fois que vous r\u00e9alisez tout ce que vous devez faire pour y arriver, cela peut sembler assez d\u00e9courageant.<\/p>\n<p><img loading=\"lazy\" decoding=\"async\" src=\"https:\/\/moverdb.com\/wp-content\/uploads\/relocation-agent.jpg\" alt=\"\" width=\"1000\" height=\"563\" class=\"aligncenter size-full wp-image-3845\" data-wp-pid=\"3845\" srcset=\"https:\/\/moverdb.com\/wp-content\/uploads\/relocation-agent.jpg 1000w, https:\/\/moverdb.com\/wp-content\/uploads\/relocation-agent-300x169.jpg 300w, https:\/\/moverdb.com\/wp-content\/uploads\/relocation-agent-18x10.jpg 18w, https:\/\/moverdb.com\/wp-content\/uploads\/relocation-agent-600x338.jpg 600w\" sizes=\"auto, (max-width: 1000px) 100vw, 1000px\" \/><\/p>\n<p>Jetons un coup d'\u0153il \u00e0 certaines des choses que vous pourriez avoir \u00e0 faire si vous d\u00e9m\u00e9nagez vous-m\u00eame ou si vous faites appel \u00e0 une entreprise de d\u00e9m\u00e9nagement. <a href=\"https:\/\/www.cornerstonelondon.com\/\" target=\"_blank\" rel=\"noopener\">agent de relocation<\/a>.<\/p>\n<div id=\"ez-toc-container\" class=\"ez-toc-v2_0_82_2 ez-toc-wrap-left counter-hierarchy ez-toc-counter ez-toc-transparent ez-toc-container-direction\">\n<div class=\"ez-toc-title-container\">\n<p class=\"ez-toc-title\" style=\"cursor:inherit\">Sections<\/p>\n<span class=\"ez-toc-title-toggle\"><a href=\"#\" class=\"ez-toc-pull-right ez-toc-btn ez-toc-btn-xs ez-toc-btn-default ez-toc-toggle\" aria-label=\"Toggle Table des mati\u00e8res\"><span class=\"ez-toc-js-icon-con\"><span class=\"\"><span class=\"eztoc-hide\" style=\"display:none;\">Toggle<\/span><span class=\"ez-toc-icon-toggle-span\"><svg style=\"fill: #999;color:#999\" xmlns=\"http:\/\/www.w3.org\/2000\/svg\" class=\"list-377408\" width=\"20px\" height=\"20px\" viewbox=\"0 0 24 24\" fill=\"none\"><path d=\"M6 6H4v2h2V6zm14 0H8v2h12V6zM4 11h2v2H4v-2zm16 0H8v2h12v-2zM4 16h2v2H4v-2zm16 0H8v2h12v-2z\" fill=\"currentColor\"><\/path><\/svg><svg style=\"fill: #999;color:#999\" class=\"arrow-unsorted-368013\" xmlns=\"http:\/\/www.w3.org\/2000\/svg\" width=\"10px\" height=\"10px\" viewbox=\"0 0 24 24\" version=\"1.2\" baseprofile=\"tiny\"><path d=\"M18.2 9.3l-6.2-6.3-6.2 6.3c-.2.2-.3.4-.3.7s.1.5.3.7c.2.2.4.3.7.3h11c.3 0 .5-.1.7-.3.2-.2.3-.5.3-.7s-.1-.5-.3-.7zM5.8 14.7l6.2 6.3 6.2-6.3c.2-.2.3-.5.3-.7s-.1-.5-.3-.7c-.2-.2-.4-.3-.7-.3h-11c-.3 0-.5.1-.7.3-.2.2-.3.5-.3.7s.1.5.3.7z\"\/><\/svg><\/span><\/span><\/span><\/a><\/span><\/div>\n<nav><ul class='ez-toc-list ez-toc-list-level-1 eztoc-toggle-hide-by-default' ><li class='ez-toc-page-1 ez-toc-heading-level-2'><a class=\"ez-toc-link ez-toc-heading-1\" href=\"https:\/\/moverdb.com\/fr\/relocation-agents\/#1_Do_What_Needs_To_Be_Done\" >1. Faites ce qui doit \u00eatre fait<\/a><\/li><li class='ez-toc-page-1 ez-toc-heading-level-2'><a class=\"ez-toc-link ez-toc-heading-2\" href=\"https:\/\/moverdb.com\/fr\/relocation-agents\/#2_Shipping_Your_Household_Goods\" >2. Exp\u00e9dition de vos biens m\u00e9nagers<\/a><\/li><li class='ez-toc-page-1 ez-toc-heading-level-2'><a class=\"ez-toc-link ez-toc-heading-3\" href=\"https:\/\/moverdb.com\/fr\/relocation-agents\/#3_Where_To_Stay\" >3. O\u00f9 s\u00e9journer<\/a><\/li><li class='ez-toc-page-1 ez-toc-heading-level-2'><a class=\"ez-toc-link ez-toc-heading-4\" href=\"https:\/\/moverdb.com\/fr\/relocation-agents\/#4_Finding_A_Home\" >4. Trouver un foyer<\/a><\/li><li class='ez-toc-page-1 ez-toc-heading-level-2'><a class=\"ez-toc-link ez-toc-heading-5\" href=\"https:\/\/moverdb.com\/fr\/relocation-agents\/#5_School_Search\" >5. Recherche d'\u00e9cole<\/a><\/li><li class='ez-toc-page-1 ez-toc-heading-level-2'><a class=\"ez-toc-link ez-toc-heading-6\" href=\"https:\/\/moverdb.com\/fr\/relocation-agents\/#6_Pet_Travel\" >6. Voyage des animaux de compagnie<\/a><\/li><li class='ez-toc-page-1 ez-toc-heading-level-2'><a class=\"ez-toc-link ez-toc-heading-7\" href=\"https:\/\/moverdb.com\/fr\/relocation-agents\/#7_And_what_else\" >7. Et quoi encore ?<\/a><\/li><li class='ez-toc-page-1 ez-toc-heading-level-2'><a class=\"ez-toc-link ez-toc-heading-8\" href=\"https:\/\/moverdb.com\/fr\/relocation-agents\/#In_conclusion\" >En conclusion<\/a><\/li><\/ul><\/nav><\/div>\n<h2><span class=\"ez-toc-section\" id=\"1_Do_What_Needs_To_Be_Done\"><\/span>1. Faites ce qui doit \u00eatre fait<span class=\"ez-toc-section-end\"><\/span><\/h2>\n<p>Si vous faites cavalier seul, vous devrez trouver des entreprises pour s'occuper de tout. Les principales questions auxquelles vous devrez r\u00e9pondre sont les suivantes : que devez-vous faire, qui va s'en charger et comment savoir s'ils sont bons. <\/p>\n<p>Vous pouvez passer des heures \u00e0 \u00e9plucher les avis sur Internet sans pour autant \u00eatre en mesure de savoir si l'entreprise avec laquelle vous vous engagez est r\u00e9ellement r\u00e9put\u00e9e (il existe de faux avis) et si elle fera r\u00e9ellement le travail. <\/p>\n<p>En outre, il se peut que vous ne soyez pas conscient de ce que vous devez savoir et organiser, de sorte que des d\u00e9tails apparemment insignifiants peuvent provoquer de gros d\u00e9sastres dans le cadre de votre d\u00e9m\u00e9nagement.<\/p>\n<p>Une fois que vous aurez trouv\u00e9 les personnes qui se chargeront des t\u00e2ches \u00e0 accomplir, vous aurez ensuite le casse-t\u00eate de tout coordonner au bon moment. <\/p>\n<p>Bien s\u00fbr, vous pouvez faire ramasser tous vos articles m\u00e9nagers la veille de votre d\u00e9part, mais o\u00f9 allez-vous dormir quand vos lits attendent d'\u00eatre exp\u00e9di\u00e9s dans un conteneur de stockage ? <\/p>\n<p>Ce n'est qu'un exemple des cas o\u00f9 le recours \u00e0 un agent de relocation peut \u00eatre tr\u00e8s utile. Ce sont des professionnels chevronn\u00e9s, ils connaissent donc tous les pi\u00e8ges auxquels vous \u00eates susceptible d'\u00eatre confront\u00e9 et ils auront \u00e9t\u00e9 en mesure de les pr\u00e9voir bien avant qu'ils ne deviennent un probl\u00e8me. Les choses se passent beaucoup plus facilement lorsque des experts sont impliqu\u00e9s !<\/p>\n<p>Un agent de relocation aura toute une s\u00e9rie de contacts g\u00e9r\u00e9s et contr\u00f4l\u00e9s sur lesquels il sait qu'il peut compter pour que tout soit fait correctement. Il les aura invariablement utilis\u00e9s pour d'innombrables d\u00e9m\u00e9nagements et saura qu'il peut compter sur eux pour un service fiable et sans faille.<\/p>\n<p>Si vous faites appel \u00e0 une agence de relocalisation, il est toujours utile de garder une trace des contacts responsables de chaque t\u00e2che afin de savoir \u00e0 qui s'adresser en cas de question. <\/p>\n<p>Dressez une liste ou une feuille de calcul de tous les contacts que vous avez, avec leurs noms, adresses \u00e9lectroniques, num\u00e9ros de t\u00e9l\u00e9phone et, surtout, la partie de votre d\u00e9m\u00e9nagement dont ils sont responsables.<\/p>\n<p>Voyons maintenant quelques-uns des services que vous pourriez \u00eatre amen\u00e9 \u00e0 utiliser...<\/p>\n<h2><span class=\"ez-toc-section\" id=\"2_Shipping_Your_Household_Goods\"><\/span>2. Exp\u00e9dition de vos biens m\u00e9nagers<span class=\"ez-toc-section-end\"><\/span><\/h2>\n<p>Tout le monde vient avec beaucoup de bagages, litt\u00e9ralement. Alors, comment toutes vos affaires vont-elles faire leur chemin jusqu'\u00e0 votre nouvelle maison ?<\/p>\n<p>Si vous n'avez que quelques affaires \u00e0 apporter, des v\u00eatements et quelques objets personnels, vous pouvez peut-\u00eatre vous en sortir en les emportant en tant qu'exc\u00e9dent de bagages lors de votre voyage. <\/p>\n<p>S'il s'agit de quelque chose de plus grand, comme des meubles ou un t\u00e9l\u00e9viseur massif, vous devrez utiliser des articles m\u00e9nagers. <a href=\"https:\/\/moverdb.com\/fr\/expedition-par-conteneur\/\">service de transport maritime<\/a>. <\/p>\n<p>Cependant, de quel type de service avez-vous besoin ? Un envoi par avion suffira-t-il ou devrez-vous opter pour un envoi par voie de surface ? De quel type de conteneur aurez-vous besoin, un 20 pieds ? Un 40 pieds ? Peut-\u00eatre les deux !<\/p>\n<p>Tout cela semble profond\u00e9ment d\u00e9courageant, mais c'est l\u00e0 qu'intervient un service d'exp\u00e9dition d'articles m\u00e9nagers (HHG). Votre conseiller en relocalisation vous mettra en contact avec les services suivants <a href=\"https:\/\/moverdb.com\/fr\/compagnies-maritimes\/\">soci\u00e9t\u00e9 d'exp\u00e9dition d'articles m\u00e9nagers<\/a>. <\/p>\n<p>En g\u00e9n\u00e9ral, la premi\u00e8re \u00e9tape consiste \u00e0 organiser une enqu\u00eate sur vos biens m\u00e9nagers afin de d\u00e9terminer exactement ce que vous devez faire. <a href=\"https:\/\/moverdb.com\/fr\/shipping-container-sizes-and-dimensions\/\" data-internallinksmanager029f6b8e52c=\"247\" title=\"Le guide ultime des tailles et dimensions des conteneurs d&#039;exp\u00e9dition\">taille du r\u00e9cipient<\/a> ou les tailles dont vous aurez besoin. Ils organiseront une journ\u00e9e pour emballer tous vos articles d'un c\u00f4t\u00e9, puis, une fois que vous aurez s\u00e9curis\u00e9 votre propri\u00e9t\u00e9 \u00e0 long terme, ils organiseront une journ\u00e9e pour vous livrer vos biens les plus pr\u00e9cieux.<\/p>\n<h2><span class=\"ez-toc-section\" id=\"3_Where_To_Stay\"><\/span>3. O\u00f9 s\u00e9journer<span class=\"ez-toc-section-end\"><\/span><\/h2>\n<p>Comme la meilleure pratique consiste \u00e0 visiter une propri\u00e9t\u00e9 en personne avant de s'engager dans un bail d'un an ou plus, \u00e0 moins que vous n'ayez fait un voyage sp\u00e9cial de recherche de logement avant de d\u00e9m\u00e9nager et que vous alliez dans une propri\u00e9t\u00e9 enti\u00e8rement meubl\u00e9e, vous aurez besoin d'un endroit o\u00f9 loger \u00e0 votre arriv\u00e9e.<\/p>\n<p>Vous pouvez bien s\u00fbr r\u00e9server un h\u00f4tel, mais si vous d\u00e9m\u00e9nagez avec toute votre famille, \u00e0 moins d'avoir r\u00e9serv\u00e9 une suite luxueuse, vous risquez de souffrir de claustrophobie pendant la p\u00e9riode moyenne de 4 ou 5 semaines qu'il vous faudra pour emm\u00e9nager dans une propri\u00e9t\u00e9 \u00e0 long terme. Ce n'est peut-\u00eatre pas non plus l'option la plus \u00e9conomique.<\/p>\n<p><a href=\"https:\/\/www.airbnb.co.uk\/\" target=\"_blank\" rel=\"noopener\">Airbnb<\/a> peut \u00e9galement \u00eatre une option, tout comme un appartement avec services. Tous deux pr\u00e9sentent l'avantage de vous offrir un espace et des \u00e9quipements comparables \u00e0 ceux de votre propre maison. <\/p>\n<p>Pour ceux qui ne connaissent pas les appartements avec services, il s'agit d'une sorte de compromis entre un h\u00f4tel et une propri\u00e9t\u00e9 \u00e0 long terme. En g\u00e9n\u00e9ral, quelqu'un se charge de nettoyer l'appartement, peut-\u00eatre une fois par semaine. <\/p>\n<p>Ils changeront \u00e9galement vos draps et vos serviettes. De plus, vous avez l'avantage de s\u00e9journer dans une maison enti\u00e8rement meubl\u00e9e et \u00e9quip\u00e9e avec tous les \u00e9quipements de cuisine et les installations, comme la t\u00e9l\u00e9vision et l'Internet, dont vous aurez besoin.<\/p>\n<p>Cependant, comme pour beaucoup de choses, comment savoir si l'appartement avec services dans lequel vous allez s\u00e9journer sera bon ? Les soci\u00e9t\u00e9s de relocation ont fait appel \u00e0 leurs fournisseurs pour un grand nombre de d\u00e9m\u00e9nagements. Vous savez donc que vous travaillez avec quelqu'un en qui vous pouvez avoir confiance, et neuf fois sur dix, \u00e9tant donn\u00e9 leur relation avec le fournisseur de logement, en cas de probl\u00e8me, les fournisseurs seront plus motiv\u00e9s pour vous aider !<\/p>\n<h2><span class=\"ez-toc-section\" id=\"4_Finding_A_Home\"><\/span>4. Trouver un foyer<span class=\"ez-toc-section-end\"><\/span><\/h2>\n<p><img loading=\"lazy\" decoding=\"async\" width=\"1000\" height=\"665\" src=\"https:\/\/moverdb.com\/wp-content\/uploads\/findding-a-home.jpg\" alt=\"Trouver un logement\" class=\"aligncenter size-full wp-image-3847\" data-wp-pid=\"3847\" srcset=\"https:\/\/moverdb.com\/wp-content\/uploads\/findding-a-home.jpg 1000w, https:\/\/moverdb.com\/wp-content\/uploads\/findding-a-home-300x200.jpg 300w, https:\/\/moverdb.com\/wp-content\/uploads\/findding-a-home-18x12.jpg 18w, https:\/\/moverdb.com\/wp-content\/uploads\/findding-a-home-600x399.jpg 600w\" sizes=\"auto, (max-width: 1000px) 100vw, 1000px\" \/><\/p>\n<p>Si vous vous d\u00e9brouillez tout seul, vous devrez peut-\u00eatre parcourir d'interminables listes sur des sites web tels que <a href=\"https:\/\/www.rightmove.co.uk\/\" target=\"_blank\" rel=\"noopener\">Rightmove<\/a> et <a href=\"https:\/\/www.zoopla.co.uk\/\" target=\"_blank\" rel=\"noopener\">Zoopla<\/a> pour d\u00e9couvrir que toutes les propri\u00e9t\u00e9s ont disparu ! <\/p>\n<p>M\u00eame si vous trouvez une propri\u00e9t\u00e9 \u00e0 louer, vous n'aurez aucune indication sur la fa\u00e7on dont tout doit fonctionner, ce qui facilite les arnaques ou le pi\u00e8ge de la signature d'un contrat de location qui ne vous est pas favorable. M\u00eame si vous avez d\u00e9j\u00e0 lou\u00e9 dans votre pays d'origine, les r\u00e8gles et normes en vigueur dans un autre pays ne seront pas n\u00e9cessairement les m\u00eames. <\/p>\n<p>\u00c0 titre d'exemple, dans le <a href=\"https:\/\/moverdb.com\/fr\/moving-to-the-uk\/\" data-internallinksmanager029f6b8e52c=\"93\" title=\"Vous partez au Royaume-Uni ? 2026 Co\u00fbt de la vie et conseils de relocalisation\">ROYAUME-UNI<\/a>Il est courant que les propri\u00e9t\u00e9s, m\u00eame celles qui ne sont pas meubl\u00e9es, disposent d'une cuisine enti\u00e8rement \u00e9quip\u00e9e avec tous les gros appareils \u00e9lectrom\u00e9nagers tels que le four, la plaque de cuisson et le r\u00e9frig\u00e9rateur. <\/p>\n<p>Cependant, en <a href=\"https:\/\/moverdb.com\/fr\/moving-to-germany\/\" data-internallinksmanager029f6b8e52c=\"321\" title=\"D\u00e9m\u00e9nager en Allemagne ? 2026 Co\u00fbts de la vie et conseils de relocalisation\">Allemagne<\/a>Il se peut que vous deviez faire installer votre propre cuisine lorsque vous emm\u00e9nagerez ! Dans la plupart des pays, il est normal que les agents v\u00e9rifient si vous avez les moyens de louer un bien immobilier. <a href=\"https:\/\/moverdb.com\/fr\/moving-to-switzerland\/moving-to-geneva\/\" data-internallinksmanager029f6b8e52c=\"416\" title=\"D\u00e9m\u00e9nager \u00e0 Gen\u00e8ve ? 2026 Co\u00fbts de la vie et conseils de relocalisation\">Gen\u00e8ve<\/a>Il existe des limites strictes au montant du loyer en fonction du salaire, un syst\u00e8me mis en place pour s'assurer que les locataires ne louent pas en dessous de leurs moyens et pour \u00e9viter que les biens les moins chers ne soient vendus \u00e0 ceux qui pourraient tout juste se les offrir.<\/p>\n<p>Une fois de plus, c'est l\u00e0 que le fait d'avoir un agent de relocation qui a des consultants locaux en recherche de logement sur le terrain s'av\u00e8re payant. Ils conna\u00eetront le march\u00e9 local et toutes les bizarreries et nuances que vous rencontrerez. <\/p>\n<p>Ils feront les recherches pour vous, \u00e9tabliront un itin\u00e9raire pour votre journ\u00e9e de recherche de logement et vous accompagneront ensuite \u00e0 chaque propri\u00e9t\u00e9. Ils ne se contenteront pas de consulter les sites web immobiliers pour trouver votre nouvelle maison ! <\/p>\n<p>Ils ont g\u00e9n\u00e9ralement des contacts avec lesquels ils ont d\u00e9j\u00e0 travaill\u00e9 dans les diff\u00e9rentes agences locales, et ils travaillent avec eux pour trouver les agents disponibles qui correspondent \u00e0 vos crit\u00e8res, ou qui sont au moins aussi proches que possible de ce que vous recherchez. <\/p>\n<p>Sur ce dernier point, ils sauront si votre budget et vos d\u00e9sirs sont r\u00e9alistes et vous conseilleront en cons\u00e9quence, ou vous orienteront vers des zones o\u00f9 vous aurez peut-\u00eatre plus de chances de trouver le bien de vos r\u00eaves.<\/p>\n<p>Vous pouvez, bien s\u00fbr, vous adresser directement aux agents, mais n'oubliez pas que les agents travaillent pour les propri\u00e9taires et que leur priorit\u00e9 absolue est de veiller \u00e0 leurs int\u00e9r\u00eats. Apr\u00e8s tout, ce sont les propri\u00e9taires qui paient les agents. <\/p>\n<p>D'autre part, les consultants en recherche de logement travaillent pour vous et vous seul. Ils ne chercheront pas \u00e0 vous pousser vers une propri\u00e9t\u00e9 en particulier, sauf s'ils pensent que c'est dans votre int\u00e9r\u00eat, principalement parce qu'ils ne sont jamais pay\u00e9s \u00e0 la commission. Essentiellement, ils sont de votre c\u00f4t\u00e9 et vous pouvez compter sur eux pour vous orienter dans la bonne direction.<\/p>\n<p>Avec un consultant en recherche de logement, vous obtiendrez de l'aide et des conseils pour soumettre votre offre, puis vous recevrez de l'aide pour tout ce qui suit, y compris la r\u00e9vision du bail pour vous assurer que vous ne signez pas quelque chose d'injuste pour vous. En fait, vous aurez quelqu'un \u00e0 votre disposition pour vous aider jusqu'\u00e0 ce que tout le processus soit termin\u00e9 et que vous soyez bien install\u00e9 !<\/p>\n<h2><span class=\"ez-toc-section\" id=\"5_School_Search\"><\/span>5. Recherche d'\u00e9cole<span class=\"ez-toc-section-end\"><\/span><\/h2>\n<p>Si vous avez des enfants en \u00e2ge d'\u00eatre scolaris\u00e9s, l'un des principaux moteurs du d\u00e9m\u00e9nagement sera leur \u00e9ducation. O\u00f9 se trouvent les bonnes \u00e9coles, comment s'inscrire et l'\u00e9tablissement choisi sera-t-il en mesure de r\u00e9pondre aux besoins sp\u00e9cifiques de votre ou vos enfants ?<\/p>\n<p>Il s'agit d'une autre de ces choses sur lesquelles vous pouvez faire des recherches en ligne dans une certaine mesure, mais sans l'aide d'un expert pour interpr\u00e9ter les donn\u00e9es et donner un avis concret, il est tout \u00e0 fait possible d'arriver \u00e0 une conclusion compl\u00e8tement erron\u00e9e sur une institution. <\/p>\n<p>Le bonheur et le bien-\u00eatre potentiels de votre enfant \u00e9tant en jeu, le fait d'avoir quelqu'un qui puisse vous guider de mani\u00e8re experte dans le processus de choix et d'inscription des \u00e9coles est certainement inestimable ? <\/p>\n<p>Les experts de l'\u00e9ducation peuvent non seulement fournir des informations essentielles, mais aussi aider \u00e0 comprendre les diff\u00e9rences entre les programmes scolaires d'un pays \u00e0 l'autre, l'\u00e9thique de certains types d'\u00e9ducation et d'institutions, et apporter un soutien si n\u00e9cessaire aux enfants qui ont besoin d'une \u00e9ducation sp\u00e9cialis\u00e9e.<\/p>\n<h2><span class=\"ez-toc-section\" id=\"6_Pet_Travel\"><\/span>6. Voyage des animaux de compagnie<span class=\"ez-toc-section-end\"><\/span><\/h2>\n<p><img loading=\"lazy\" decoding=\"async\" width=\"1000\" height=\"667\" src=\"https:\/\/moverdb.com\/wp-content\/uploads\/pet-travel.jpg\" alt=\"Voyages des animaux\" class=\"aligncenter size-full wp-image-3848\" data-wp-pid=\"3848\" srcset=\"https:\/\/moverdb.com\/wp-content\/uploads\/pet-travel.jpg 1000w, https:\/\/moverdb.com\/wp-content\/uploads\/pet-travel-300x200.jpg 300w, https:\/\/moverdb.com\/wp-content\/uploads\/pet-travel-18x12.jpg 18w, https:\/\/moverdb.com\/wp-content\/uploads\/pet-travel-600x400.jpg 600w\" sizes=\"auto, (max-width: 1000px) 100vw, 1000px\" \/><\/p>\n<p>Le transport des membres de votre famille en fourrure vers votre nouveau pays est \u00e9galement \u00e0 prendre en consid\u00e9ration. De nos jours, de moins en moins de compagnies a\u00e9riennes autorisent les animaux de compagnie \u00e0 voyager en cabine, de sorte que vous devrez de plus en plus souvent les transporter en soute. <\/p>\n<p>Il se peut \u00e9galement que vous deviez leur faire subir diff\u00e9rents vaccins et leur faire remplir les documents n\u00e9cessaires, ainsi que d'autres formalit\u00e9s administratives en fonction de la destination, avant qu'ils puissent s'installer avec vous dans votre nouveau foyer. <\/p>\n<p>Une fois de plus, vous pouvez faire les recherches vous-m\u00eame et organiser votre propre voyage, mais le fait de confier cette t\u00e2che \u00e0 une agence sp\u00e9cialis\u00e9e vous donnera la certitude que votre animal arrivera avec vous en toute s\u00e9curit\u00e9. <\/p>\n<p>Les soci\u00e9t\u00e9s de voyages pour animaux sont compos\u00e9es d'amoureux des animaux qui veilleront \u00e0 ce que votre animal soit pris en charge comme s'il \u00e9tait le leur. Ils vous tiendront au courant de leurs progr\u00e8s et vous enverront m\u00eame souvent des photos de votre animal pendant son absence, afin que vous sachiez qu'il est bien trait\u00e9.<\/p>\n<h2><span class=\"ez-toc-section\" id=\"7_And_what_else\"><\/span>7. Et quoi encore ?<span class=\"ez-toc-section-end\"><\/span><\/h2>\n<p>Ce qui pr\u00e9c\u00e8de n'est qu'un aper\u00e7u des principaux aspects de votre d\u00e9m\u00e9nagement qu'il vous faudra organiser. Vous aurez peut-\u00eatre aussi besoin d'aide pour r\u00e9gler votre situation fiscale ou vous aurez peut-\u00eatre besoin de meubles de location pour combler le vide entre le d\u00e9but de votre bail et l'arriv\u00e9e de vos propres meubles. <\/p>\n<p>Vous aurez certainement besoin d'une aide en mati\u00e8re d'immigration pour r\u00e9gler les questions de visa, de permis de travail et d'inscriptions locales. Des conseils ou une orientation pour l'ouverture d'un compte bancaire seront \u00e9galement essentiels, afin que votre salaire puisse \u00eatre vers\u00e9 et que votre loyer et vos factures de services publics soient d\u00e9bit\u00e9s. <\/p>\n<p>En ce qui concerne les services publics, comment les installer dans votre nouveau pays, quels fournisseurs utiliser et comment obtenir les meilleures offres ? <\/p>\n<p>Toutes ces choses peuvent entra\u00eener une s\u00e9rie de tracas, mais lorsque vous faites appel \u00e0 un agent de relocation, tout est simple. Certains d'entre eux peuvent m\u00eame vous \u00e9chapper compl\u00e8tement, c'est pourquoi un professionnel exp\u00e9riment\u00e9 qui couvre toutes les bases est inestimable !<\/p>\n<h2><span class=\"ez-toc-section\" id=\"In_conclusion\"><\/span>En conclusion<span class=\"ez-toc-section-end\"><\/span><\/h2>\n<p>S'il est possible de tout organiser soi-m\u00eame sans l'aide d'un agent de relocation, c'est beaucoup plus stressant, beaucoup plus long et beaucoup moins susceptible de se d\u00e9rouler sans probl\u00e8me que si vous faites appel \u00e0 un agent. Bien que l'investissement dans les services d'une soci\u00e9t\u00e9 de relocation semble souvent \u00eatre un co\u00fbt initial important, vous constaterez \u00e0 la fin de la relocalisation que cela vous fera gagner du temps, de l'argent et du stress !<\/p>\n<p>D\u00e9m\u00e9nager dans une nouvelle maison dans une nouvelle ville dans un nouveau pays causera naturellement beaucoup d'anxi\u00e9t\u00e9, m\u00eame pour le d\u00e9m\u00e9nageur le plus exp\u00e9riment\u00e9, donc tout ce que vous pouvez faire pour r\u00e9duire, sans parler de tout le travail et le temps que vous aurez \u00e0 d\u00e9penser, en vaut la peine. <\/p>\n<p>En d'autres termes, si vous voulez que votre d\u00e9m\u00e9nagement soit aussi facile que possible, une agence de relocation est la solution !<\/p>\n<p><em>Cet article a \u00e9t\u00e9 fourni par Cornerstone, une soci\u00e9t\u00e9 bas\u00e9e \u00e0 Londres. <a href=\"https:\/\/www.cornerstonelondon.com\/\" target=\"_blank\" rel=\"noopener\">agence de relocation<\/a> aider les d\u00e9m\u00e9nageurs dans le monde entier.<\/em><\/p>","protected":false},"excerpt":{"rendered":"<p>You&#8217;ve just signed up for a fantastic new position in a glamourous international location. You&#8217;re looking forward to upping sticks, and moving to a new country seems exciting at first, but once you realise exactly how much you have to do in order to get there, it can all seem quite daunting. Let&#8217;s have a [&hellip;]<\/p>\n","protected":false},"author":1,"featured_media":3845,"parent":0,"menu_order":0,"comment_status":"closed","ping_status":"closed","template":"","meta":{"_genesis_hide_title":false,"_genesis_hide_breadcrumbs":false,"_genesis_hide_singular_image":false,"_genesis_hide_footer_widgets":false,"_genesis_custom_body_class":"","_genesis_custom_post_class":"","_genesis_layout":"","footnotes":""},"class_list":{"0":"post-3842","1":"page","2":"type-page","3":"status-publish","4":"has-post-thumbnail","6":"entry"},"_links":{"self":[{"href":"https:\/\/moverdb.com\/fr\/wp-json\/wp\/v2\/pages\/3842","targetHints":{"allow":["GET"]}}],"collection":[{"href":"https:\/\/moverdb.com\/fr\/wp-json\/wp\/v2\/pages"}],"about":[{"href":"https:\/\/moverdb.com\/fr\/wp-json\/wp\/v2\/types\/page"}],"author":[{"embeddable":true,"href":"https:\/\/moverdb.com\/fr\/wp-json\/wp\/v2\/users\/1"}],"replies":[{"embeddable":true,"href":"https:\/\/moverdb.com\/fr\/wp-json\/wp\/v2\/comments?post=3842"}],"version-history":[{"count":4,"href":"https:\/\/moverdb.com\/fr\/wp-json\/wp\/v2\/pages\/3842\/revisions"}],"predecessor-version":[{"id":3849,"href":"https:\/\/moverdb.com\/fr\/wp-json\/wp\/v2\/pages\/3842\/revisions\/3849"}],"wp:featuredmedia":[{"embeddable":true,"href":"https:\/\/moverdb.com\/fr\/wp-json\/wp\/v2\/media\/3845"}],"wp:attachment":[{"href":"https:\/\/moverdb.com\/fr\/wp-json\/wp\/v2\/media?parent=3842"}],"curies":[{"name":"wp","href":"https:\/\/api.w.org\/{rel}","templated":true}]}}