{"id":384,"date":"2016-05-26T14:06:53","date_gmt":"2016-05-26T14:06:53","guid":{"rendered":"http:\/\/moverdb.com\/?page_id=384"},"modified":"2026-01-08T14:40:17","modified_gmt":"2026-01-08T14:40:17","slug":"revues","status":"publish","type":"page","link":"https:\/\/moverdb.com\/fr\/reviews\/","title":{"rendered":"Explication des avis et des notes de MoverDB sur les soci\u00e9t\u00e9s de d\u00e9m\u00e9nagement international"},"content":{"rendered":"<p>Chez MoverDB.com, notre objectif est de vous apporter des informations et des critiques impartiales sur les plus grandes et les plus petites entreprises du monde. <a href=\"https:\/\/moverdb.com\/fr\/entreprises-de-demenagement\/\">les meilleures soci\u00e9t\u00e9s de d\u00e9m\u00e9nagement international<\/a>. Pour ce faire, nous avons cr\u00e9\u00e9 des profils pour chaque d\u00e9m\u00e9nageur.<\/p>\n<p>Chaque profil comprend les informations suivantes :<\/p>\n<ol>\n<li> Services de d\u00e9m\u00e9nagement propos\u00e9s par l'entreprise.<\/li>\n<li> Profil de l'entreprise : historique, r\u00e9putation et <a href=\"https:\/\/moverdb.com\/fr\/organisations-associations\/\">organisations et affiliations<\/a> ainsi que tout autre fait int\u00e9ressant.<\/li>\n<li> Des avis provenant du web pour vous aider \u00e0 choisir un meilleur d\u00e9m\u00e9nageur.<\/li>\n<\/ol>\n<p><strong>4. Explication de la r\u00e9vision du site web<\/strong><\/p>\n<p>Enfin, MoverDB.com inclut \u00e9galement un score d'\u00e9valuation du site Web pour chaque d\u00e9m\u00e9nageur. Il s'agit d'une \u00e9valuation de l'utilit\u00e9 du site Web et de son contenu. <strong>ne refl\u00e8te pas<\/strong> la qualit\u00e9 du d\u00e9m\u00e9nageur lui-m\u00eame. Elle examine plut\u00f4t les \u00e9l\u00e9ments suivants :<\/p>\n<ol>\n<li> Des informations de contact claires<\/li>\n<li> Possibilit\u00e9 d'obtenir facilement un devis<\/li>\n<li> Informations claires et utiles sur le site web<\/li>\n<li> Adh\u00e9sion \u00e0 des organisations internationales de d\u00e9m\u00e9nagement<\/li>\n<li> Critiques et t\u00e9moignages<\/li>\n<\/ol>\n<p><em>Veuillez les utiliser \u00e0 vos propres risques. MoverDB.com n'assume aucune responsabilit\u00e9 quant \u00e0 l'exactitude des informations pr\u00e9sent\u00e9es. De plus, nous n'acceptons aucune responsabilit\u00e9 quant \u00e0 l'utilisation des informations et des critiques de ce site Web lors du choix d'un d\u00e9m\u00e9nageur. Nous offrons simplement un moyen de <a href=\"https:\/\/moverdb.com\/fr\/citations\/\">comparer les d\u00e9m\u00e9nageurs avec des devis gratuits<\/a>.<\/em><\/p>","protected":false},"excerpt":{"rendered":"<p>At MoverDB.com our goal is to bring you unbiased information and reviews of the world&#8217;s biggest and best international moving companies. To do this we&#8217;ve created profiles for each and every mover. Each profile includes the following information: Moving services offered by the company. Company profile: including history, reputation and organizations &#038; affiliations along with [&hellip;]<\/p>\n","protected":false},"author":1,"featured_media":0,"parent":0,"menu_order":0,"comment_status":"closed","ping_status":"closed","template":"","meta":{"_genesis_hide_title":false,"_genesis_hide_breadcrumbs":false,"_genesis_hide_singular_image":false,"_genesis_hide_footer_widgets":false,"_genesis_custom_body_class":"","_genesis_custom_post_class":"","_genesis_layout":"","footnotes":""},"class_list":{"0":"post-384","1":"page","2":"type-page","3":"status-publish","5":"entry"},"_links":{"self":[{"href":"https:\/\/moverdb.com\/fr\/wp-json\/wp\/v2\/pages\/384","targetHints":{"allow":["GET"]}}],"collection":[{"href":"https:\/\/moverdb.com\/fr\/wp-json\/wp\/v2\/pages"}],"about":[{"href":"https:\/\/moverdb.com\/fr\/wp-json\/wp\/v2\/types\/page"}],"author":[{"embeddable":true,"href":"https:\/\/moverdb.com\/fr\/wp-json\/wp\/v2\/users\/1"}],"replies":[{"embeddable":true,"href":"https:\/\/moverdb.com\/fr\/wp-json\/wp\/v2\/comments?post=384"}],"version-history":[{"count":3,"href":"https:\/\/moverdb.com\/fr\/wp-json\/wp\/v2\/pages\/384\/revisions"}],"predecessor-version":[{"id":387,"href":"https:\/\/moverdb.com\/fr\/wp-json\/wp\/v2\/pages\/384\/revisions\/387"}],"wp:attachment":[{"href":"https:\/\/moverdb.com\/fr\/wp-json\/wp\/v2\/media?parent=384"}],"curies":[{"name":"wp","href":"https:\/\/api.w.org\/{rel}","templated":true}]}}