{"id":353,"date":"2016-05-22T20:42:36","date_gmt":"2016-05-22T20:42:36","guid":{"rendered":"http:\/\/moverdb.com\/?page_id=353"},"modified":"2026-01-08T15:20:35","modified_gmt":"2026-01-08T15:20:35","slug":"jante-promoteur","status":"publish","type":"page","link":"https:\/\/moverdb.com\/fr\/rim-promover\/","title":{"rendered":"La certification ProMover de RIM International expliqu\u00e9e"},"content":{"rendered":"<p>La certification International ProMover fait partie du programme Registered International Mover (RIM), cr\u00e9\u00e9 par la Commission europ\u00e9enne. <a href=\"https:\/\/moverdb.com\/fr\/amsa\/\">Association am\u00e9ricaine de d\u00e9m\u00e9nagement et de stockage<\/a> (<a href=\"https:\/\/moverdb.com\/fr\/amsa\/\" data-internallinksmanager029f6b8e52c=\"5\" title=\"Explication de l&#039;Association am\u00e9ricaine de d\u00e9m\u00e9nagement et d&#039;entreposage (AMSA)\">AMSA<\/a>). <\/p>\n<p>Il a pour but d'aider les clients qui utilisent des services de d\u00e9m\u00e9nagement international d'articles m\u00e9nagers et vise \u00e0 faciliter les choix, afin qu'il soit plus simple de diff\u00e9rencier les options et de trouver le bon d\u00e9m\u00e9nageur.<\/p>\n<p><strong>Faits essentiels sur l'organisation :<\/strong><\/p>\n<ol>\n<li> Plus de 200 entreprises et plus de 1000 personnes d\u00e9tiennent actuellement la certification RIM d'entreprise ou individuelle.<\/li>\n<li> Le Registered International Mover fait partie d'une s\u00e9rie de certifications professionnelles destin\u00e9es aux sp\u00e9cialistes et administr\u00e9es par l'AMSA.<\/li>\n<li> L'AMSA est l'association professionnelle nationale du secteur am\u00e9ricain du d\u00e9m\u00e9nagement et du stockage. Toutefois, la certification a une port\u00e9e mondiale et les entreprises du monde entier peuvent y pr\u00e9tendre.<\/li>\n<li> Le programme Registered International Mover est con\u00e7u pour \u00e9tablir des normes universelles en mati\u00e8re de <a href=\"https:\/\/moverdb.com\/fr\/moving-companies\/\" data-internallinksmanager029f6b8e52c=\"79\" title=\"Les 25 meilleures soci\u00e9t\u00e9s de d\u00e9m\u00e9nagement international en ligne\">soci\u00e9t\u00e9s de d\u00e9m\u00e9nagement international<\/a> et leur personnel.<\/li>\n<li> Les entreprises certifi\u00e9es RIM qui r\u00e9pondent aux exigences ProMover deviendront des \"International ProMovers\".<\/li>\n<li> RIM est assez unique en ce sens qu'elle a \u00e9t\u00e9 cr\u00e9\u00e9e en 1994 par des repr\u00e9sentants de l'industrie de l'automobile. <a href=\"https:\/\/moverdb.com\/fr\/hgfaa\/\">HHGFAA<\/a>NMSA (AMSA), <a href=\"https:\/\/moverdb.com\/fr\/employee-relocation-council\/\" data-internallinksmanager029f6b8e52c=\"83\" title=\"Le Conseil mondial de relocalisation des employ\u00e9s (ERC) expliqu\u00e9\">ERC<\/a>, OMNI, <a href=\"https:\/\/moverdb.com\/fr\/fidi-faim\/\">FIDI<\/a> et les 10 premi\u00e8res lignes de van, un m\u00e9lange d'acheteurs et de vendeurs comp\u00e9titifs.<\/li>\n<p><strong>Profil de l'organisation RIM<\/strong><\/p>\n<p>Le processus d'adh\u00e9sion au RIM implique une formation, une v\u00e9rification et des tests rigoureux, visant \u00e0 d\u00e9terminer si les normes de manutention des \u00e9quipements sont en place et si une entreprise dispose des ressources n\u00e9cessaires pour g\u00e9rer un d\u00e9m\u00e9nagement international selon des normes \u00e9lev\u00e9es. <\/p>\n<p>Le principe de la certification ProMover est qu'elle n'est accord\u00e9e qu'aux entreprises qui peuvent prouver qu'elles respectent les principes et pratiques \u00e9thiques les plus \u00e9lev\u00e9s du secteur du d\u00e9m\u00e9nagement et de l'entreposage. <\/p>\n<p>Ce qui rend la certification ProMover diff\u00e9rente, c'est qu'elle fournit un moyen normalis\u00e9 et ind\u00e9pendant pour les clients de diff\u00e9rencier les options et de choisir une entreprise qualifi\u00e9e pour un d\u00e9m\u00e9nagement international, quel que soit le lieu o\u00f9 cette entreprise est bas\u00e9e.<\/p>\n<p><strong>Crit\u00e8res d'adh\u00e9sion <\/strong><\/p>\n<ul>\n<li> Au moins un an d'exp\u00e9rience dans les services de relocalisation internationale d'articles m\u00e9nagers.<\/li>\n<li> Adh\u00e9sion sans faille \u00e0 l'AMSA depuis au moins 18 mois.<\/li>\n<li> Avoir le pouvoir d'exploitation n\u00e9cessaire pour exercer l\u00e9galement l'activit\u00e9, que ce soit en <a href=\"https:\/\/moverdb.com\/fr\/moving-to-the-united-states\/\" data-internallinksmanager029f6b8e52c=\"94\" title=\"Vous partez aux \u00c9tats-Unis ? 2026 Co\u00fbt de la vie et conseils de relocalisation\">US<\/a> ou ailleurs.<\/li>\n<li> R\u00e9ussir un examen \u00e9crit (individu au nom de l'entreprise)<\/li>\n<li> Respecter les normes du RIM en mati\u00e8re d'\u00e9quipement, d'installations et de documentation de s\u00e9curit\u00e9 - ces normes sont v\u00e9rifi\u00e9es par surprise lors de visites sur place.<\/li>\n<li> S'abonner au code d'\u00e9thique de l'International ProMover<\/li>\n<li> Pour la re-certification, au moins trois employ\u00e9s doivent \u00eatre certifi\u00e9s (personnel de bureau, emballeurs ou membres d'\u00e9quipage).<\/li>\n<li> Note BBB de \"C\" ou plus, pour les entreprises not\u00e9es par le BBB, dans les pays o\u00f9 les notes BBB sont disponibles.<\/li>\n<li> Examen par le personnel de l'AMSA de toute plainte<\/li>\n<li> Les r\u00e9f\u00e9rences des partenaires commerciaux sont essentielles<\/li>\n<\/ul>\n<p><strong>Les 10 premi\u00e8res entreprises membres<\/strong> (par taille)<\/p>\n<ol>\n<li> <a href=\"https:\/\/moverdb.com\/fr\/united-van-lines\/\">United Van Lines<\/a><\/li>\n<li> <a href=\"https:\/\/moverdb.com\/fr\/atlas-van-lines-international\/\">Atlas Van Lines International<\/a><\/li>\n<li> <a href=\"https:\/\/moverdb.com\/fr\/mayflower-transit\/\">Mayflower Transit<\/a><\/li>\n<li> <a href=\"https:\/\/moverdb.com\/fr\/north-american-van-lines\/\">North American Van Lines<\/a><\/li>\n<li> <a href=\"https:\/\/moverdb.com\/fr\/wheaton\/\">Wheaton World Wide Moving<\/a><\/li>\n<li> <a href=\"https:\/\/moverdb.com\/fr\/bekins-van-lines\/\">Bekins Van Lines<\/a><\/li>\n<li> <a href=\"https:\/\/moverdb.com\/fr\/graebel-van-lines\/\">Graebel Van Lines<\/a><\/li>\n<li> <a href=\"https:\/\/moverdb.com\/fr\/arpin-van-lines\/\">Arpin Van Lines<\/a><\/li>\n<li> <a href=\"https:\/\/moverdb.com\/fr\/stevens-worldwide-van-lines\/\">Stevens Worldwide Van Lines<\/a><\/li>\n<li> <a href=\"https:\/\/moverdb.com\/fr\/suddath\/\">Suddath<\/a><\/li>\n<li> <a href=\"https:\/\/moverdb.com\/fr\/vip-transport\/\">Transport VIP<\/a><\/li>\n<li> <a href=\"https:\/\/moverdb.com\/fr\/royal-hawaiian-movers\/\">D\u00e9m\u00e9nageurs Royal Hawaiian<\/a><\/li>\n<\/ol>\n<p><strong>Opinions sur l'organisation<\/strong><\/p>\n<p>Un certain nombre de d\u00e9m\u00e9nageurs incluent la certification RIM sur leur site web et plusieurs sites de conseils y font r\u00e9f\u00e9rence comme le signe d'une organisation de d\u00e9m\u00e9nagement professionnelle. Tous les sites qui la mentionnent font r\u00e9f\u00e9rence \u00e0 la formation et \u00e0 la v\u00e9rification rigoureuses qui sont n\u00e9cessaires pour obtenir la certification - et pour la conserver. <\/p>\n<p>La solidit\u00e9 financi\u00e8re et la r\u00e9putation de fournir un service de haute qualit\u00e9 sont deux des autres qualit\u00e9s attach\u00e9es \u00e0 la certification RIM par les d\u00e9m\u00e9nageurs qui la mentionnent sur leur site web. La plupart d'entre eux insistent sur le fait que la certification exige une action continue - formation et \u00e9ducation permanentes, ainsi que la capacit\u00e9 de r\u00e9ussir des visites al\u00e9atoires sur site. <\/p>\n<p>Le fait que le respect d'un code de pratique strict soit \u00e9galement requis est \u00e9galement mentionn\u00e9.<\/p>\n<p>Plusieurs d\u00e9m\u00e9nageurs mentionnent \u00e9galement la qualification ProMover, ce qui est important car \"cette qualification donnera \u00e0 nos clients l'assurance qu'ils ont affaire \u00e0 un d\u00e9m\u00e9nageur professionnel l\u00e9gitime et non \u00e0 un escroc de nuit qui cherche \u00e0 les arnaquer. Le fait de devenir un ProMover s'inscrit dans le droit fil de la longue histoire de notre soci\u00e9t\u00e9, qui traite ses clients de mani\u00e8re \u00e9quitable et honn\u00eate.\" <\/p>\n<p>Il est soulign\u00e9 que la qualification permet \u00e0 une entreprise de d\u00e9m\u00e9nagement d'afficher le logo en gras et en majuscule \"M\" qui est la marque d'un ProMover dans ses documents publicitaires et de marketing ainsi que sur son site web.<\/p>\n<p>La fa\u00e7on dont elle est pr\u00e9sent\u00e9e par les d\u00e9m\u00e9nageurs :<\/p>\n<blockquote><p>La certification d'agence \u00e9tablit qu'une agence dispose de suffisamment d'\u00e9quipements, d'installations et de personnel certifi\u00e9 RIM\u00ae pour r\u00e9pondre aux normes minimales du RIM\u00ae. Elle exige \u00e9galement que le directeur ou le cadre dirigeant passe un examen bas\u00e9 sur le manuel RIM\u00ae et qu'il poss\u00e8de les connaissances n\u00e9cessaires pour mener des affaires internationales. En outre, dans un d\u00e9lai de trois ans \u00e0 compter de la certification initiale, un agent certifi\u00e9 RIM\u00ae doit employer un expert certifi\u00e9 RIM\u00ae, un coordinateur et au moins trois emballeurs internationaux certifi\u00e9s.<\/p><\/blockquote>\n<p> - <a href=\"http:\/\/www.castinemovers.com\/category\/RIM\/c70\" target=\"_blank\" rel=\"noopener\">D\u00e9m\u00e9nageurs de Castine<\/a><\/p>\n<blockquote><p>La certification Registered International Mover (RIM) est volontaire. Pour obtenir cette certification, une entreprise de d\u00e9m\u00e9nagement doit suivre une formation et passer des tests rigoureux. La certification garantit que le titulaire conna\u00eet tous les aspects d'un d\u00e9m\u00e9nagement international.<\/p><\/blockquote>\n<p> - <a href=\"http:\/\/www.newworldvanlines.com\/international.html\" target=\"_blank\" rel=\"noopener\">New World Van Lines<\/a><\/p>\n<blockquote><p>Pour rester certifi\u00e9s, la direction et le personnel doivent, dans les trois ans, suivre un minimum de 15 heures de formation continue approuv\u00e9e par le RIM, et les installations et \u00e9quipements de l'entreprise doivent faire l'objet d'une r\u00e9inspection tous les trois ans. \u00c0 ce jour, plus de 142 entreprises de d\u00e9m\u00e9nagement et d'entreposage ont achev\u00e9 la phase initiale du programme RIM.<\/p><\/blockquote>\n<p> - <a href=\"http:\/\/www.movingscam.com\/articles\/planning-an-international-move\" target=\"_blank\" rel=\"noopener\">Escroquerie au d\u00e9m\u00e9nagement<\/a><\/p>\n<blockquote><p>Pour \u00eatre certifi\u00e9 dans le cadre du programme RIM (Registered International Mover), un d\u00e9m\u00e9nageur doit \u00eatre financi\u00e8rement sain, avoir une r\u00e9putation de service de qualit\u00e9 et accepter un code de pratique strict destin\u00e9 \u00e0 garantir votre enti\u00e8re satisfaction.<\/p><\/blockquote>\n<p> - <a href=\"http:\/\/taylorinternational.ca\/international-moving-relocation\" target=\"_blank\" rel=\"noopener\">D\u00e9m\u00e9nageurs internationaux Taylor<\/a><\/p>","protected":false},"excerpt":{"rendered":"<p>The International ProMover certification is part of the Registered International Mover (RIM) program created by the American Moving &#038; Storage Association (AMSA). It is aimed to assist customers using international household goods relocation services and is intended to facilitate easier choices, making it simpler to differentiate between the options and find the right mover. Key [&hellip;]<\/p>\n","protected":false},"author":1,"featured_media":0,"parent":0,"menu_order":0,"comment_status":"closed","ping_status":"closed","template":"","meta":{"_genesis_hide_title":false,"_genesis_hide_breadcrumbs":false,"_genesis_hide_singular_image":false,"_genesis_hide_footer_widgets":false,"_genesis_custom_body_class":"","_genesis_custom_post_class":"","_genesis_layout":"","footnotes":""},"class_list":{"0":"post-353","1":"page","2":"type-page","3":"status-publish","5":"entry"},"_links":{"self":[{"href":"https:\/\/moverdb.com\/fr\/wp-json\/wp\/v2\/pages\/353","targetHints":{"allow":["GET"]}}],"collection":[{"href":"https:\/\/moverdb.com\/fr\/wp-json\/wp\/v2\/pages"}],"about":[{"href":"https:\/\/moverdb.com\/fr\/wp-json\/wp\/v2\/types\/page"}],"author":[{"embeddable":true,"href":"https:\/\/moverdb.com\/fr\/wp-json\/wp\/v2\/users\/1"}],"replies":[{"embeddable":true,"href":"https:\/\/moverdb.com\/fr\/wp-json\/wp\/v2\/comments?post=353"}],"version-history":[{"count":22,"href":"https:\/\/moverdb.com\/fr\/wp-json\/wp\/v2\/pages\/353\/revisions"}],"predecessor-version":[{"id":6232,"href":"https:\/\/moverdb.com\/fr\/wp-json\/wp\/v2\/pages\/353\/revisions\/6232"}],"wp:attachment":[{"href":"https:\/\/moverdb.com\/fr\/wp-json\/wp\/v2\/media?parent=353"}],"curies":[{"name":"wp","href":"https:\/\/api.w.org\/{rel}","templated":true}]}}