{"id":351,"date":"2016-05-22T21:04:36","date_gmt":"2016-05-22T21:04:36","guid":{"rendered":"http:\/\/moverdb.com\/?page_id=351"},"modified":"2026-01-08T14:40:12","modified_gmt":"2026-01-08T14:40:12","slug":"mcgimpsey-brothers-removals","status":"publish","type":"page","link":"https:\/\/moverdb.com\/fr\/mcgimpsey-brothers-removals\/","title":{"rendered":"McGimpsey Brothers Removals : Avis sur les d\u00e9m\u00e9nagements internationaux"},"content":{"rendered":"<p>McGimpsey Brothers Removals offre \u00e0 ses clients les services suivants lors d'une relocalisation \u00e0 l'\u00e9tranger et localement, pour les particuliers et les entreprises. Un profil de l'entreprise et des commentaires suivent la section des services.<\/p>\n<p><strong>D\u00e9m\u00e9nagement \u00e0 l'\u00e9tranger<\/strong><\/p>\n<ul>\n<li> Fret a\u00e9rien et maritime quotidien<\/li>\n<li> Emballage, \u00e9tiquetage et chargement sp\u00e9cialis\u00e9s pour l'exportation<\/li>\n<li> Exp\u00e9dition et d\u00e9douanement<\/li>\n<li> Livraison, d\u00e9ballage et mise en place, enl\u00e8vement des ordures.<\/li>\n<li> Couverture d'assurance<\/li>\n<li> Conseiller personnel d\u00e9di\u00e9<\/li>\n<\/ul>\n<p><strong>Se d\u00e9placer en Europe<\/strong><\/p>\n<ul>\n<li> Porte \u00e0 porte<\/li>\n<li> Des v\u00e9hicules de d\u00e9m\u00e9nagement haut de gamme, sp\u00e9cialement con\u00e7us pour l'occasion<\/li>\n<li> Traqueurs de haute s\u00e9curit\u00e9 et syst\u00e8mes de navigation par satellite<\/li>\n<li> Emballage et d\u00e9ballage<\/li>\n<li> Couverture d'assurance<\/li>\n<li> Conseiller personnel d\u00e9di\u00e9<\/li>\n<\/ul>\n<p><strong>D\u00e9m\u00e9nagement de soci\u00e9t\u00e9s et d'entreprises<\/strong><\/p>\n<ul>\n<li> D\u00e9localisation d'entreprises dans le monde entier<\/li>\n<li> Relocalisation des employ\u00e9s dans le monde entier<\/li>\n<li> Conseiller personnel d\u00e9di\u00e9<\/li>\n<\/ul>\n<p><strong>Aller de l'avant <a href=\"https:\/\/moverdb.com\/fr\/moving-to-ireland\/\" data-internallinksmanager029f6b8e52c=\"320\" title=\"Vous d\u00e9m\u00e9nagez en Irlande ? 2026 Co\u00fbts de la vie et conseils de relocalisation\">Irlande<\/a><\/strong><\/p>\n<ul>\n<li> Porte \u00e0 porte<\/li>\n<li> Emballage et d\u00e9ballage<\/li>\n<li> Assurance<\/li>\n<li> Conseiller personnel d\u00e9di\u00e9<\/li>\n<\/ul>\n<p><strong>D\u00e9m\u00e9nagement <a href=\"https:\/\/moverdb.com\/fr\/moving-to-isle-of-man\/\" data-internallinksmanager029f6b8e52c=\"339\" title=\"D\u00e9m\u00e9nager sur l&#039;\u00eele de Man ? 2026 Co\u00fbts de la vie et conseils de relocalisation\">\u00cele de Man<\/a> et les \u00eeles Anglo-Normandes<\/strong><\/p>\n<ul>\n<li> Porte \u00e0 porte<\/li>\n<li> Emballage et d\u00e9ballage<\/li>\n<li> D\u00e9douanement<\/li>\n<li> Assurance<\/li>\n<li> Conseiller personnel d\u00e9di\u00e9<\/li>\n<\/ul>\n<p><strong>Stockage<\/strong><\/p>\n<ul>\n<li> Stockage de documents et d'archives<\/li>\n<li> Entreposage libre-service<\/li>\n<li> Stockage d'affaires<\/li>\n<li> Stockage en entrep\u00f4t<\/li>\n<\/ul>\n<h2>Profil de l'entreprise McGimpsey Removals<\/h2>\n<p>Les d\u00e9m\u00e9nageurs McGimpsey se d\u00e9crivent comme une boutique cinq \u00e9toiles. <a href=\"https:\/\/moverdb.com\/fr\/moving-companies\/\" data-internallinksmanager029f6b8e52c=\"79\" title=\"Les 25 meilleures soci\u00e9t\u00e9s de d\u00e9m\u00e9nagement international en ligne\">soci\u00e9t\u00e9 de d\u00e9m\u00e9nagement<\/a> qui offre \u00e0 ses clients un service de premier ordre. Elle op\u00e8re depuis 30 ans et croit en l'utilisation d'un transport et d'un emballage de qualit\u00e9 sup\u00e9rieure et d'un personnel bien form\u00e9 et attentionn\u00e9.<\/p>\n<p>McGimpsey Removals affirme que non seulement ils s'engagent \u00e0 fournir le meilleur service possible aux particuliers et aux entreprises qui d\u00e9m\u00e9nagent \u00e0 l'\u00e9tranger et localement, mais qu'ils surveillent \u00e9galement de pr\u00e8s leur empreinte carbone.<\/p>\n<p>Affiliations et accr\u00e9ditations de McGimpsey Removals :<\/p>\n<ul>\n<li> <a href=\"https:\/\/moverdb.com\/fr\/british-association-of-removers\/\">L'association britannique des d\u00e9m\u00e9nageurs<\/a> (<a href=\"https:\/\/moverdb.com\/fr\/british-association-of-removers\/\" data-internallinksmanager029f6b8e52c=\"9\" title=\"Explication de la British Association of Removers (BAR)\">BAR<\/a>)<\/li>\n<li> <a href=\"https:\/\/moverdb.com\/fr\/fidi-faim\/\">FIDI<\/a><\/li>\n<li> <a href=\"https:\/\/moverdb.com\/fr\/je-suis\/\">Association internationale des d\u00e9m\u00e9nageurs (IAM)<\/a><\/li>\n<li> <a href=\"https:\/\/moverdb.com\/fr\/mtc\/\">The Movers Trading Club<\/a> (<a href=\"https:\/\/moverdb.com\/fr\/mtc\/\" data-internallinksmanager029f6b8e52c=\"30\" title=\"Le Movers Trading Club (MTC) expliqu\u00e9\">MTC<\/a>)<\/li>\n<li> L'Association pour la mobilit\u00e9 de la main-d'\u0153uvre <\/li>\n<\/ul>\n<h2>Avis sur les d\u00e9m\u00e9nagements de McGimpsey Brothers<\/h2>\n<p><strong>Positif<\/strong><\/p>\n<p><em>\"Cette soci\u00e9t\u00e9 a \u00e9t\u00e9 brillante du d\u00e9but \u00e0 la fin. La conseill\u00e8re en d\u00e9m\u00e9nagement \u00e9tait serviable, bien inform\u00e9e et toujours prompte \u00e0 r\u00e9pondre et \u00e0 me tenir au courant, m\u00eame apr\u00e8s que tout ait \u00e9t\u00e9 livr\u00e9, elle m'a envoy\u00e9 un e-mail pour v\u00e9rifier que j'\u00e9tais satisfait.\"<\/em> - Elizabeth Heib via <a href=\"https:\/\/plus.google.com\/111359327014801398449\/reviews\" target=\"_blank\" rel=\"noopener\">Google Reviews<\/a><\/p>\n<p><strong>N\u00e9gatif<\/strong><\/p>\n<p><em>\"J'ai eu une exp\u00e9rience terrible avec cette compagnie ! Ils sont tr\u00e8s serviables quand ils veulent votre r\u00e9servation et promettent beaucoup, mais malheureusement ils livrent peu. Je les ai utilis\u00e9s pour transporter un \u00e9quipement d'exercice commercial lourd d'Irlande aux \u00c9tats-Unis. <a href=\"https:\/\/moverdb.com\/fr\/moving-to-the-uk\/\" data-internallinksmanager029f6b8e52c=\"93\" title=\"Vous partez au Royaume-Uni ? 2026 Co\u00fbt de la vie et conseils de relocalisation\">ROYAUME-UNI<\/a> et ...\"<\/em> - Chantelle Smith via <a href=\"https:\/\/plus.google.com\/100947701157660629611\/reviews\" target=\"_blank\" rel=\"noopener\">Google Reviews<\/a><\/p>\n<div itemprop=\"review\" itemscope itemtype=\"http:\/\/schema.org\/Review\">\n<span itemprop=\"author\" itemscope=\"\" itemtype=\"http:\/\/schema.org\/Organization\"><span itemprop=\"name\">MoverDB.com<\/span><\/span> Examen en ligne du site Web pour <span itemprop=\"itemreviewed\" itemscope=\"\" itemtype=\"http:\/\/schema.org\/Brand\"><span itemprop=\"name\">D\u00e9m\u00e9nagements des fr\u00e8res McGimpsey<\/span><\/span>:<\/p>\n<ol>\n<li> Coordonn\u00e9es claires sur le site web (y compris le num\u00e9ro de t\u00e9l\u00e9phone) : <strong>Oui<\/strong><\/li>\n<li> Facile \u00e0 obtenir <a href=\"https:\/\/moverdb.com\/fr\/citations\/\">devis de d\u00e9m\u00e9nagements internationaux<\/a>? (Formulaire de demande de devis en ligne) : <strong>Oui<\/strong><\/li>\n<li> Informations claires sur le site web : <strong>Partiel<\/strong>. Les informations sont sommaires mais de plus amples informations seront fournies sur demande.<\/li>\n<li> Adh\u00e9sion \u00e0 des organisations internationales de d\u00e9m\u00e9nagement reconnues : <strong>Oui<\/strong>voir ci-dessus.<\/li>\n<li> Liste de clients et\/ou t\u00e9moignages de clients pr\u00e9c\u00e9dents : <strong>Oui<\/strong> Il n'y a pas de liste de clients, mais il y a des t\u00e9moignages de clients pr\u00e9c\u00e9dents.<\/li>\n<\/ol>\n<div itemprop=\"reviewRating\" itemscope itemtype=\"http:\/\/schema.org\/Rating\"><meta itemprop=\"worstRating\" content = \"0\" \/><meta itemprop=\"bestRating\" content=\"5\" \/><meta itemprop=\"ratingValue\" content=\"4\"><\/div>\n<p><strong>Note globale : 4\/5<\/strong><br \/>\n<strong>Date de r\u00e9vision :<\/strong> <span itemprop=\"datePublished\" content=\"2016-05-22\">22\/05\/2016<\/span><\/p>\n<\/div>\n<p>En savoir plus <a href=\"https:\/\/moverdb.com\/fr\/demenagements-internationaux\/\">Soci\u00e9t\u00e9s de d\u00e9m\u00e9nagement au Royaume-Uni<\/a> et notre <a href=\"https:\/\/moverdb.com\/fr\/revues\/\">le processus de r\u00e9vision expliqu\u00e9<\/a>.<\/p>\n<p><strong>Site web :<\/strong> <a href=\"https:\/\/www.mcgimpseys.com\/\" target=\"_blank\" rel=\"noopener\">https:\/\/www.mcgimpseys.com\/<\/a><\/p>","protected":false},"excerpt":{"rendered":"<p>McGimpsey Brothers Removals offers clients the following services when relocating abroad and locally, for both individuals and businesses. A company profile and reviews follow the services section. Moving Overseas Daily air and sea freight Specialist export packing, labelling and loading Shipping and customs clearance Delivery, unpacking and setting up, removal of rubbish Insurance cover Personal [&hellip;]<\/p>\n","protected":false},"author":1,"featured_media":0,"parent":0,"menu_order":0,"comment_status":"closed","ping_status":"closed","template":"","meta":{"_genesis_hide_title":false,"_genesis_hide_breadcrumbs":false,"_genesis_hide_singular_image":false,"_genesis_hide_footer_widgets":false,"_genesis_custom_body_class":"","_genesis_custom_post_class":"","_genesis_layout":"","footnotes":""},"class_list":{"0":"post-351","1":"page","2":"type-page","3":"status-publish","5":"entry"},"_links":{"self":[{"href":"https:\/\/moverdb.com\/fr\/wp-json\/wp\/v2\/pages\/351","targetHints":{"allow":["GET"]}}],"collection":[{"href":"https:\/\/moverdb.com\/fr\/wp-json\/wp\/v2\/pages"}],"about":[{"href":"https:\/\/moverdb.com\/fr\/wp-json\/wp\/v2\/types\/page"}],"author":[{"embeddable":true,"href":"https:\/\/moverdb.com\/fr\/wp-json\/wp\/v2\/users\/1"}],"replies":[{"embeddable":true,"href":"https:\/\/moverdb.com\/fr\/wp-json\/wp\/v2\/comments?post=351"}],"version-history":[{"count":10,"href":"https:\/\/moverdb.com\/fr\/wp-json\/wp\/v2\/pages\/351\/revisions"}],"predecessor-version":[{"id":13176,"href":"https:\/\/moverdb.com\/fr\/wp-json\/wp\/v2\/pages\/351\/revisions\/13176"}],"wp:attachment":[{"href":"https:\/\/moverdb.com\/fr\/wp-json\/wp\/v2\/media?parent=351"}],"curies":[{"name":"wp","href":"https:\/\/api.w.org\/{rel}","templated":true}]}}