{"id":350,"date":"2016-05-22T20:57:46","date_gmt":"2016-05-22T20:57:46","guid":{"rendered":"http:\/\/moverdb.com\/?page_id=350"},"modified":"2026-01-08T15:20:55","modified_gmt":"2026-01-08T15:20:55","slug":"shore-porters-society","status":"publish","type":"page","link":"https:\/\/moverdb.com\/fr\/shore-porters-society\/","title":{"rendered":"The Shore Porters Society D\u00e9m\u00e9nagements et d\u00e9m\u00e9nagements internationaux Critiques"},"content":{"rendered":"<p>La Shore Porters Society propose les services suivants aux personnes qui d\u00e9m\u00e9nagent \u00e0 l'\u00e9tranger, dans la r\u00e9gion et localement. Vous trouverez \u00e9galement un profil de la soci\u00e9t\u00e9 et des commentaires sur les services.<\/p>\n<p><strong>D\u00e9m\u00e9nagements d'entreprises et de particuliers \u00e0 l'\u00e9tranger<\/strong><\/p>\n<ul>\n<li> Enqu\u00eate pr\u00e9alable au d\u00e9m\u00e9nagement<\/li>\n<li> Service de porte \u00e0 porte<\/li>\n<li> Fret maritime ou a\u00e9rien<\/li>\n<li> Diverses options d'emballage<\/li>\n<li> Options de stockage<\/li>\n<li> Assistance en mati\u00e8re de documentation pour le pays de destination<\/li>\n<li> Connaissance approfondie des r\u00e8gles et r\u00e8glements du pays de destination.<\/li>\n<li> Mat\u00e9riel informatique d\u00e9connect\u00e9 et reconnect\u00e9 \u00e0 destination<\/li>\n<li> Assurance<\/li>\n<\/ul>\n<p><strong>Beaux-arts et antiquit\u00e9s<\/strong><\/p>\n<ul>\n<li> Connaissances sp\u00e9cialis\u00e9es en mati\u00e8re d'emballage et d'exp\u00e9dition<\/li>\n<li> Accompagner les clients lors des voyages d'achat pour assurer un emballage correct<\/li>\n<li> Conseils sur la documentation<\/li>\n<li> D\u00e9douanement dans le pays de destination<\/li>\n<\/ul>\n<p><strong>Stockage<\/strong><\/p>\n<ul>\n<li> Stockage des conteneurs<\/li>\n<li> Stockage conventionnel<\/li>\n<li> Stockage commercial<\/li>\n<li> Stockage des archives<\/li>\n<li> Lock 'n' Leave - acc\u00e8s gratuit pendant les heures de bureau<\/li>\n<li> Location de caisses<\/li>\n<li> Stockage de palettes<\/li>\n<\/ul>\n<p><strong>D\u00e9m\u00e9nagements locaux<\/strong><\/p>\n<ul>\n<li> Service de porte \u00e0 porte<\/li>\n<li> Diverses options d'emballage<\/li>\n<li> Assurance souscrite<\/li>\n<\/ul>\n<h2>Profil de l'entreprise The Shore Porters Society<\/h2>\n<p>La Shore Porters Society a \u00e9t\u00e9 fond\u00e9e en 1498, il y a plus de 500 ans. Elle se targue d'\u00eatre la plus ancienne soci\u00e9t\u00e9 de transport au monde, ses origines \u00e9tant une coop\u00e9rative de porteurs qui exer\u00e7aient leur m\u00e9tier dans le port d'Aberdeen. <\/p>\n<p>L'entreprise a \u00e9t\u00e9 plac\u00e9e sous les auspices du conseil municipal d'Aberdeen jusqu'au milieu du XIXe si\u00e8cle. Il s'agit aujourd'hui d'un partenariat priv\u00e9 qui propose, entre autres, des services de transport, de d\u00e9m\u00e9nagement, de propri\u00e9t\u00e9 et d'entreposage.<\/p>\n<p>L'entreprise dispose d'une flotte de 30 camions et camionnettes qui op\u00e8rent \u00e0 partir d'Aberdeen et de Richmond on Thames et de 11 entrep\u00f4ts dans le monde entier. <a href=\"https:\/\/moverdb.com\/fr\/moving-to-the-uk\/\" data-internallinksmanager029f6b8e52c=\"93\" title=\"Vous partez au Royaume-Uni ? 2026 Co\u00fbt de la vie et conseils de relocalisation\">ROYAUME-UNI<\/a>. <\/p>\n<p>La soci\u00e9t\u00e9 entretient de bonnes relations avec les principales maisons de vente aux ench\u00e8res du monde entier et s'enorgueillit de son expertise en mati\u00e8re d'exp\u00e9dition d'\u0153uvres d'art et d'antiquit\u00e9s.<\/p>\n<p>Vous trouverez ci-dessous une liste des accr\u00e9ditations et affiliations de The Shore Porters Society :<\/p>\n<ul>\n<li> <a href=\"https:\/\/moverdb.com\/fr\/british-association-of-removers\/\">L'Association britannique des d\u00e9m\u00e9nageurs (BAR)<\/a><\/li>\n<li> Li\u00e9 financi\u00e8rement \u00e0 <a href=\"https:\/\/moverdb.com\/fr\/bar-overseas\/\">Groupe BAR Overseas<\/a><\/li>\n<li> <a href=\"https:\/\/moverdb.com\/fr\/fidi-faim\/\">FIDI<\/a><\/li>\n<li> <a href=\"https:\/\/moverdb.com\/fr\/je-suis\/\">L'Association internationale des d\u00e9m\u00e9nageurs (IAM)<\/a><\/li>\n<li> Certification du syst\u00e8me de qualit\u00e9 ISO9001<\/li>\n<li> <a href=\"https:\/\/moverdb.com\/fr\/association-de-transport-de-marchandises\/\">Membre de la FTA<\/a><\/li>\n<\/ul>\n<h2>The Shore Porters Society Critiques<\/h2>\n<p>Veuillez noter qu'il n'y a pas eu de nouvelles critiques pour The Shore Porters Society post\u00e9es en ligne au cours des 12 derniers mois.<\/p>\n<div itemprop=\"review\" itemscope itemtype=\"http:\/\/schema.org\/Review\">\n<span itemprop=\"author\" itemscope=\"\" itemtype=\"http:\/\/schema.org\/Organization\"><span itemprop=\"name\">MoverDB.com<\/span><\/span> Examen en ligne du site Web pour <span itemprop=\"itemreviewed\" itemscope=\"\" itemtype=\"http:\/\/schema.org\/Brand\"><span itemprop=\"name\">La soci\u00e9t\u00e9 des porteurs c\u00f4tiers<\/span><\/span>:<\/p>\n<ol>\n<li> Coordonn\u00e9es claires sur le site web (y compris le num\u00e9ro de t\u00e9l\u00e9phone) : <strong>Oui<\/strong><\/li>\n<li> Facile \u00e0 obtenir <a href=\"https:\/\/moverdb.com\/fr\/citations\/\">devis de d\u00e9m\u00e9nagements internationaux<\/a>? (Formulaire de demande de devis en ligne) : <strong>Oui<\/strong><\/li>\n<li> Informations claires sur le site web : <strong>Partiel<\/strong>. Le site web contient des informations vagues qui demandent de contacter l'entreprise pour plus de d\u00e9tails.<\/li>\n<li> Adh\u00e9sion \u00e0 des organisations internationales de d\u00e9m\u00e9nagement reconnues : <strong>Oui<\/strong>voir ci-dessus.<\/li>\n<li> Liste de clients et\/ou t\u00e9moignages de clients pr\u00e9c\u00e9dents : <strong>Non.<\/strong><\/li>\n<\/ol>\n<div itemprop=\"reviewRating\" itemscope itemtype=\"http:\/\/schema.org\/Rating\"><meta itemprop=\"worstRating\" content = \"0\" \/><meta itemprop=\"bestRating\" content=\"5\" \/><meta itemprop=\"ratingValue\" content=\"4\"><\/div>\n<p><strong>Note globale : 4\/5<\/strong><br \/>\n<strong>Date de r\u00e9vision :<\/strong> <span itemprop=\"datePublished\" content=\"2016-05-22\">22\/05\/2016<\/span><\/p>\n<\/div>\n<p>En savoir plus <a href=\"https:\/\/moverdb.com\/fr\/demenagements-internationaux\/\">Soci\u00e9t\u00e9s de d\u00e9m\u00e9nagement au Royaume-Uni<\/a> et notre <a href=\"https:\/\/moverdb.com\/fr\/revues\/\">le processus de r\u00e9vision expliqu\u00e9<\/a>.<\/p>\n<p><strong>Site web :<\/strong> <a href=\"https:\/\/www.shoreporters.com\/\" target=\"_blank\" rel=\"noopener\">https:\/\/www.shoreporters.com<\/a><\/p>","protected":false},"excerpt":{"rendered":"<p>The Shore Porters Society offers the following services for people moving abroad, regionally and locally. There is also a company profile and service reviews to peruse. Corporate and Personal Moves Abroad Pre-Move survey Door to door service Ocean or Air Freight Various packing options Storage options Assistance with documentation for destination country In depth knowledge [&hellip;]<\/p>\n","protected":false},"author":1,"featured_media":0,"parent":0,"menu_order":0,"comment_status":"closed","ping_status":"closed","template":"","meta":{"_genesis_hide_title":false,"_genesis_hide_breadcrumbs":false,"_genesis_hide_singular_image":false,"_genesis_hide_footer_widgets":false,"_genesis_custom_body_class":"","_genesis_custom_post_class":"","_genesis_layout":"","footnotes":""},"class_list":{"0":"post-350","1":"page","2":"type-page","3":"status-publish","5":"entry"},"_links":{"self":[{"href":"https:\/\/moverdb.com\/fr\/wp-json\/wp\/v2\/pages\/350","targetHints":{"allow":["GET"]}}],"collection":[{"href":"https:\/\/moverdb.com\/fr\/wp-json\/wp\/v2\/pages"}],"about":[{"href":"https:\/\/moverdb.com\/fr\/wp-json\/wp\/v2\/types\/page"}],"author":[{"embeddable":true,"href":"https:\/\/moverdb.com\/fr\/wp-json\/wp\/v2\/users\/1"}],"replies":[{"embeddable":true,"href":"https:\/\/moverdb.com\/fr\/wp-json\/wp\/v2\/comments?post=350"}],"version-history":[{"count":12,"href":"https:\/\/moverdb.com\/fr\/wp-json\/wp\/v2\/pages\/350\/revisions"}],"predecessor-version":[{"id":6246,"href":"https:\/\/moverdb.com\/fr\/wp-json\/wp\/v2\/pages\/350\/revisions\/6246"}],"wp:attachment":[{"href":"https:\/\/moverdb.com\/fr\/wp-json\/wp\/v2\/media?parent=350"}],"curies":[{"name":"wp","href":"https:\/\/api.w.org\/{rel}","templated":true}]}}