{"id":349,"date":"2016-05-22T20:51:02","date_gmt":"2016-05-22T20:51:02","guid":{"rendered":"http:\/\/moverdb.com\/?page_id=349"},"modified":"2026-01-08T15:20:48","modified_gmt":"2026-01-08T15:20:48","slug":"equipe-relocalisations","status":"publish","type":"page","link":"https:\/\/moverdb.com\/fr\/team-relocations\/","title":{"rendered":"Team Relocations International Moving &amp; Removals Reviews"},"content":{"rendered":"<p>Team Relocations propose les services de d\u00e9m\u00e9nagement suivants aux particuliers et aux entreprises qui d\u00e9placent du personnel ou des bureaux entiers \u00e0 l'\u00e9tranger. Lisez le profil de l'entreprise de Team Locations et les commentaires ci-dessous.<\/p>\n<p><strong>D\u00e9m\u00e9nagements personnels et d'entreprise<\/strong><\/p>\n<ul>\n<li> Service de conseil offrant des solutions individuelles au d\u00e9m\u00e9nagement<\/li>\n<li> Gestion strat\u00e9gique de la relocalisation<\/li>\n<li> Technologie avanc\u00e9e webZone<\/li>\n<li> Emballage et exp\u00e9dition<\/li>\n<li> Assurance souscrite<\/li>\n<\/ul>\n<p><strong>Services immobiliers<\/strong><\/p>\n<ul>\n<li> Recherche \u00e0 domicile<\/li>\n<li> N\u00e9gociations et renouvellements de baux<\/li>\n<li> Enregistrement et sortie de l'inventaire<\/li>\n<li> Location de meubles et d'appareils<\/li>\n<li> Logement temporaire<\/li>\n<li> Programmes de d\u00e9part<\/li>\n<li> Gestion des ventes de maisons<\/li>\n<li> Gestion de la propri\u00e9t\u00e9 <\/li>\n<li> Programme de vente garantie des maisons<\/li>\n<\/ul>\n<p><strong>S'installer<\/strong><\/p>\n<ul>\n<li> Orientation<\/li>\n<li> Informations sur la destination<\/li>\n<li> Briefings culturels<\/li>\n<li> Formation linguistique<\/li>\n<li> Gestion des d\u00e9m\u00e9nagements<\/li>\n<li> Services d'homme \u00e0 tout faire\/de femme de m\u00e9nage<\/li>\n<\/ul>\n<p><strong>Programmes pour les familles<\/strong><\/p>\n<ul>\n<li> Recherche en \u00e9ducation et enregistrement<\/li>\n<li> D\u00e9placement d'un animal de compagnie<\/li>\n<li> Soutien des partenaires<\/li>\n<\/ul>\n<p><strong>Services de stockage<\/strong><\/p>\n<ul>\n<li> Stockage sp\u00e9cialis\u00e9<\/li>\n<li> Archives et stockage de documents<\/li>\n<li> Stockage traditionnel<\/li>\n<\/ul>\n<p><strong>Services sp\u00e9cialis\u00e9s<\/strong><\/p>\n<ul>\n<li> D\u00e9m\u00e9nagements internationaux pour le chargeur priv\u00e9<\/li>\n<li> D\u00e9m\u00e9nagement et relocalisation de commerces et de bureaux<\/li>\n<li> D\u00e9m\u00e9nagement de l'h\u00f4pital<\/li>\n<li> Stockage domestique<\/li>\n<li> Stockage de documents et d'archives<\/li>\n<\/ul>\n<p><strong>Services suppl\u00e9mentaires<\/strong><\/p>\n<ul>\n<li> \u00c9l\u00e9vateurs d'\u00e9chelles pour les acc\u00e8s difficiles<\/li>\n<li> Emballage d'objets d'art et d'antiquit\u00e9s<\/li>\n<li> Services d'\u00e9lectricien, notamment<\/li>\n<li> Changer les fiches pour les adapter aux prises locales<\/li>\n<li> Reconfiguration des lampes et des appareils<\/li>\n<li> Fourniture de transformateurs<\/li>\n<li> Homme \u00e0 tout faire<\/li>\n<li> Service de nettoyage<\/li>\n<li> Accordage de piano<\/li>\n<li> Installation\/d\u00e9montage d'une antenne satellite<\/li>\n<li> \u00c9quipes de nettoyage<\/li>\n<li> Collecte au bureau<\/li>\n<li> Bo\u00eetes de charit\u00e9<\/li>\n<li> <a href=\"https:\/\/moverdb.com\/fr\/voiture-transport-expedition\/\">Exp\u00e9dition de v\u00e9hicules<\/a> et le stockage<\/li>\n<\/ul>\n<h2>Profil de l'entreprise Team Relocation<\/h2>\n<p>Team Relocation a \u00e9t\u00e9 fond\u00e9e en 1977 et est aujourd'hui l'une des plus grandes entreprises de relocation et d'h\u00e9bergement. <a href=\"https:\/\/moverdb.com\/fr\/international-removals\/\" data-internallinksmanager029f6b8e52c=\"27\" title=\"36 meilleures entreprises de d\u00e9m\u00e9nagements internationaux au Royaume-Uni\">entreprises de d\u00e9m\u00e9nagement<\/a> dans le monde. Team Location poss\u00e8de des bureaux dans 13 pays et de nombreuses personnalit\u00e9s, entreprises multinationales et agences gouvernementales font appel \u00e0 l'entreprise pour la relocalisation de leur personnel et de leur entreprise \u00e0 l'\u00e9tranger et dans la r\u00e9gion. <\/p>\n<p>Team Relocation ne travaille qu'avec des partenaires qui partagent les m\u00eames valeurs fondamentales qu'elle, \u00e0 savoir l'excellence, l'int\u00e9grit\u00e9, la responsabilit\u00e9 et la s\u00e9curit\u00e9. L'entreprise se concentre sur la relocalisation, le d\u00e9m\u00e9nagement et les services sp\u00e9cialis\u00e9s. <\/p>\n<p>L'entreprise croit aussi fermement aux droits de l'homme internationaux et soutient de nombreuses organisations caritatives dans le monde entier.<\/p>\n<p>Les accr\u00e9ditations et affiliations de Team Locations sont \u00e9num\u00e9r\u00e9es ci-dessous :<\/p>\n<ul>\n<li> <a href=\"https:\/\/moverdb.com\/fr\/british-association-of-removers\/\">L'Association britannique des d\u00e9m\u00e9nageurs (BAR)<\/a><\/li>\n<li> DBA<\/li>\n<li> Le site <a href=\"https:\/\/moverdb.com\/fr\/mtc\/\">Movers Trading Club<\/a> (<a href=\"https:\/\/moverdb.com\/fr\/mtc\/\" data-internallinksmanager029f6b8e52c=\"30\" title=\"Le Movers Trading Club (MTC) expliqu\u00e9\">MTC<\/a>)<\/li>\n<li> <a href=\"https:\/\/moverdb.com\/fr\/fidi-faim\/\">FAIM<\/a><\/li>\n<li> <a href=\"https:\/\/moverdb.com\/fr\/fidi-faim\/\">FIDI<\/a><\/li>\n<li> L'Association mondiale de la mobilit\u00e9 <\/li>\n<li> <a href=\"https:\/\/moverdb.com\/fr\/je-suis\/\">Association internationale des d\u00e9m\u00e9nageurs (IAM)<\/a><\/li>\n<li> OMNI<\/li>\n<\/ul>\n<h2>Critiques sur Team Relocations<\/h2>\n<p><em>Pour le moment, nous n'avons pas trouv\u00e9 d'autres avis sur Team Relocations en ligne.<\/em><\/p>\n<div itemprop=\"review\" itemscope itemtype=\"http:\/\/schema.org\/Review\">\n<span itemprop=\"author\" itemscope=\"\" itemtype=\"http:\/\/schema.org\/Organization\"><span itemprop=\"name\">MoverDB.com<\/span><\/span> Examen en ligne du site Web pour <span itemprop=\"itemreviewed\" itemscope=\"\" itemtype=\"http:\/\/schema.org\/Brand\"><span itemprop=\"name\">D\u00e9m\u00e9nagements d'\u00e9quipes<\/span><\/span>:<\/p>\n<ol>\n<li> Coordonn\u00e9es claires sur le site web (y compris le num\u00e9ro de t\u00e9l\u00e9phone) : <strong>Oui<\/strong><\/li>\n<li> Facile \u00e0 obtenir <a href=\"https:\/\/moverdb.com\/fr\/citations\/\">devis de d\u00e9m\u00e9nagements internationaux<\/a>? (Formulaire de demande de devis en ligne) : <strong>Oui<\/strong><\/li>\n<li> Informations claires sur le site web : <strong>Oui<\/strong>. Un site web informatif mais des informations d\u00e9taill\u00e9es doivent \u00eatre recherch\u00e9es directement aupr\u00e8s de l'entreprise.<\/li>\n<li> Adh\u00e9sion \u00e0 des organisations internationales de d\u00e9m\u00e9nagement reconnues : <strong>Oui<\/strong>voir ci-dessus.<\/li>\n<li> Liste de clients et\/ou t\u00e9moignages de clients pr\u00e9c\u00e9dents : <strong>Non.<\/strong><\/li>\n<\/ol>\n<div itemprop=\"reviewRating\" itemscope itemtype=\"http:\/\/schema.org\/Rating\"><meta itemprop=\"worstRating\" content = \"0\" \/><meta itemprop=\"bestRating\" content=\"5\" \/><meta itemprop=\"ratingValue\" content=\"4\"><\/div>\n<p><strong>Note globale : 4\/5<\/strong><br \/>\n<strong>Date de r\u00e9vision :<\/strong> <span itemprop=\"datePublished\" content=\"2016-05-22\">22\/05\/2016<\/span><\/p>\n<\/div>\n<p>En savoir plus <a href=\"https:\/\/moverdb.com\/fr\/entreprises-de-demenagement\/\">soci\u00e9t\u00e9s de d\u00e9m\u00e9nagement international<\/a> et notre <a href=\"https:\/\/moverdb.com\/fr\/revues\/\">le processus de r\u00e9vision expliqu\u00e9<\/a>.<\/p>\n<p><strong>Site web :<\/strong> <a href=\"http:\/\/www.teamrelocations.com\/\" target=\"_blank\" rel=\"noopener\">http:\/\/www.teamrelocations.com<\/a><\/p>","protected":false},"excerpt":{"rendered":"<p>Team Relocations offers the following moving services for individuals and corporates moving personnel or whole offices abroad. Read Team Locations&#8217; company profile and reviews below. Personal and Corporate Moves Consultancy service offering individual solutions to moving Strategic relocation management Advanced webZone technology Packing and shipping Insurance arranged Property Services Home Search Tenancy Negotiations &#038; Renewals [&hellip;]<\/p>\n","protected":false},"author":1,"featured_media":0,"parent":0,"menu_order":0,"comment_status":"closed","ping_status":"closed","template":"","meta":{"_genesis_hide_title":false,"_genesis_hide_breadcrumbs":false,"_genesis_hide_singular_image":false,"_genesis_hide_footer_widgets":false,"_genesis_custom_body_class":"","_genesis_custom_post_class":"","_genesis_layout":"","footnotes":""},"class_list":{"0":"post-349","1":"page","2":"type-page","3":"status-publish","5":"entry"},"_links":{"self":[{"href":"https:\/\/moverdb.com\/fr\/wp-json\/wp\/v2\/pages\/349","targetHints":{"allow":["GET"]}}],"collection":[{"href":"https:\/\/moverdb.com\/fr\/wp-json\/wp\/v2\/pages"}],"about":[{"href":"https:\/\/moverdb.com\/fr\/wp-json\/wp\/v2\/types\/page"}],"author":[{"embeddable":true,"href":"https:\/\/moverdb.com\/fr\/wp-json\/wp\/v2\/users\/1"}],"replies":[{"embeddable":true,"href":"https:\/\/moverdb.com\/fr\/wp-json\/wp\/v2\/comments?post=349"}],"version-history":[{"count":12,"href":"https:\/\/moverdb.com\/fr\/wp-json\/wp\/v2\/pages\/349\/revisions"}],"predecessor-version":[{"id":6243,"href":"https:\/\/moverdb.com\/fr\/wp-json\/wp\/v2\/pages\/349\/revisions\/6243"}],"wp:attachment":[{"href":"https:\/\/moverdb.com\/fr\/wp-json\/wp\/v2\/media?parent=349"}],"curies":[{"name":"wp","href":"https:\/\/api.w.org\/{rel}","templated":true}]}}