{"id":348,"date":"2016-05-22T19:54:24","date_gmt":"2016-05-22T19:54:24","guid":{"rendered":"http:\/\/moverdb.com\/?page_id=348"},"modified":"2026-01-08T15:20:45","modified_gmt":"2026-01-08T15:20:45","slug":"sterling-relocation","status":"publish","type":"page","link":"https:\/\/moverdb.com\/fr\/sterling-relocation\/","title":{"rendered":"Critiques de Sterling Relocation International Moving &amp; Removals"},"content":{"rendered":"<p>Sterling offre aux employeurs internationaux un moyen facile de relocaliser leur personnel dans le monde entier. Vous trouverez ci-dessous une liste de leurs services, ainsi que des avis de clients et un profil de l'entreprise.<\/p>\n<p><strong>Services de relocalisation<\/strong><\/p>\n<ul>\n<li> Gestion des affectations<\/li>\n<li> Formation interculturelle<\/li>\n<li> Services de d\u00e9part<\/li>\n<li> Aide \u00e0 l'\u00e9ducation<\/li>\n<li> Gestion des d\u00e9penses<\/li>\n<li> Location de meubles<\/li>\n<li> Vente garantie de la maison<\/li>\n<li> Service de recherche de logement<\/li>\n<li> Immigration, visas et permis de travail<\/li>\n<li> Formation linguistique<\/li>\n<li> Gestion des d\u00e9m\u00e9nagements<\/li>\n<li> Services de d\u00e9m\u00e9nagement<\/li>\n<li> Orientation<\/li>\n<li> Assistance aux partenaires<\/li>\n<li> Consultation sur les politiques<\/li>\n<li> Gestion de la propri\u00e9t\u00e9<\/li>\n<li> Services d'aide \u00e0 l'installation<\/li>\n<li> Logement \u00e0 court terme<\/li>\n<li> Stockage<\/li>\n<li> Gestion de la location<\/li>\n<li> Couverture de transit<\/li>\n<\/ul>\n<h2>Profil de l'entreprise Sterling Relocation<\/h2>\n<p>Sterling Relocation a \u00e9t\u00e9 fond\u00e9e en 1991 dans le but d'\u00eatre le premier fournisseur de services de relocalisation internationale pour le monde de l'entreprise. Elle appartient \u00e0 UniGroup, une entreprise de $1,7 milliards d'euros qui reloge des personnes depuis plus de 80 ans. <\/p>\n<p>Le r\u00e9seau de relocation d'UniGroup op\u00e8re dans plus de 180 pays, \u00e0 travers 1200 centres de service.<\/p>\n<p>Une grande partie du personnel de Sterling Relocation a v\u00e9cu \u00e0 l'\u00e9tranger et comprend donc les d\u00e9fis auxquels sont confront\u00e9s les employ\u00e9s et leurs familles lors d'un d\u00e9m\u00e9nagement \u00e0 l'\u00e9tranger. Chaque client traite directement avec un membre du personnel qui s'assure que tous les aspects du d\u00e9m\u00e9nagement se d\u00e9roulent sans heurts. <\/p>\n<p>En 2015, 99,63% des clients de Sterling Relocation ont \u00e9t\u00e9 satisfaits de leur d\u00e9m\u00e9nagement.<\/p>\n<p>Sterling Relocation affirme que ses valeurs, sa mission et sa vision incluent la passion pour son secteur d'activit\u00e9, l'honn\u00eatet\u00e9 sur tous les fronts, l'attention port\u00e9e aux clients et au personnel, et la fourniture du meilleur service possible.<\/p>\n<p>Liste des accr\u00e9ditations et des affiliations de Sterling Relocation :<\/p>\n<ul>\n<li> <a href=\"https:\/\/moverdb.com\/fr\/fidi-faim\/\">La F\u00e9d\u00e9ration internationale des d\u00e9m\u00e9nageurs<\/a> (<a href=\"https:\/\/moverdb.com\/fr\/fidi-faim\/\" data-internallinksmanager029f6b8e52c=\"16\" title=\"Explication de la FIDI et du FAIM (FIDI Accredited International Mover)\">FIDI<\/a>)<\/li>\n<li> <a href=\"https:\/\/moverdb.com\/fr\/association-relogement-professionnels\/\">L'Association des professionnels de la relocation<\/a> (<a href=\"https:\/\/moverdb.com\/fr\/association-relocation-professionals\/\" data-internallinksmanager029f6b8e52c=\"6\" title=\"Explication de l&#039;Association of Relocation Professionals (ARP)\">ARP<\/a>)<\/li>\n<li> <a href=\"https:\/\/moverdb.com\/fr\/conseil-de-relocation-des-employes\/\">Le Conseil de relocalisation des employ\u00e9s - Worldwide ERC<\/a><\/li>\n<li> <a href=\"https:\/\/moverdb.com\/fr\/eura\/\">L'Association europ\u00e9enne de relocation<\/a> (<a href=\"https:\/\/moverdb.com\/fr\/eura\/\" data-internallinksmanager029f6b8e52c=\"13\" title=\"L&#039;Association europ\u00e9enne de relocation (EuRA) expliqu\u00e9e\">EuRA<\/a>)<\/li>\n<li> R\u00e9seau international de d\u00e9m\u00e9nagements outre-mer (OMNI)<\/li>\n<li> <a href=\"https:\/\/moverdb.com\/fr\/je-suis\/\">Association internationale des d\u00e9m\u00e9nageurs (IAM)<\/a><\/li>\n<li> <a href=\"https:\/\/moverdb.com\/fr\/lacma\/\">Association des d\u00e9m\u00e9nageurs d'Am\u00e9rique latine et des Cara\u00efbes<\/a> (<a href=\"https:\/\/moverdb.com\/fr\/lacma\/\" data-internallinksmanager029f6b8e52c=\"28\" title=\"Association des d\u00e9m\u00e9nageurs internationaux d&#039;Am\u00e9rique latine et des Cara\u00efbes (LACMA)\">LACMA<\/a>)<\/li>\n<li> <a href=\"https:\/\/moverdb.com\/fr\/british-association-of-removers\/\">Association britannique des d\u00e9m\u00e9nageurs (BAR)<\/a><\/li>\n<\/ul>\n<h2>Critiques de Sterling Relocation<\/h2>\n<p><strong>Positif<\/strong><\/p>\n<p><em>\"J'ai \u00e9t\u00e9 \u00e9mu par Sterlin de <a href=\"https:\/\/moverdb.com\/fr\/moving-to-london\/\">Londres<\/a> \u00e0 <a href=\"https:\/\/moverdb.com\/fr\/moving-to-switzerland\/\" data-internallinksmanager029f6b8e52c=\"327\" title=\"D\u00e9m\u00e9nager en Suisse ? 2026 Co\u00fbts de la vie et conseils de relocalisation\">Suisse<\/a> lors d'un d\u00e9m\u00e9nagement d'entreprise il y a quelques ann\u00e9es. Comme j'ai subi plusieurs d\u00e9m\u00e9nagements par la suite, je me sens maintenant en mesure de les juger. Et je dois dire qu'ils ont tout simplement organis\u00e9 le meilleur d\u00e9m\u00e9nagement que j'ai eu\".<\/em> - examen <a href=\"http:\/\/www.yelp.co.uk\/biz\/sterling-corporate-relocation-london\" target=\"_blank\" rel=\"noopener\">via Yelp<\/a><\/p>\n<p><strong>N\u00e9gatif<\/strong><\/p>\n<p><em>Nous n'avons pas trouv\u00e9 d'avis n\u00e9gatifs sur Sterling Relocation en ligne.<\/em><\/p>\n<div itemprop=\"review\" itemscope itemtype=\"http:\/\/schema.org\/Review\">\n<span itemprop=\"author\" itemscope=\"\" itemtype=\"http:\/\/schema.org\/Organization\"><span itemprop=\"name\">MoverDB.com<\/span><\/span> Examen en ligne du site Web pour <span itemprop=\"itemreviewed\" itemscope=\"\" itemtype=\"http:\/\/schema.org\/Brand\"><span itemprop=\"name\">D\u00e9m\u00e9nagement \u00e0 Sterling<\/span><\/span>:<\/p>\n<ol>\n<li> Coordonn\u00e9es claires sur le site web (y compris le num\u00e9ro de t\u00e9l\u00e9phone) : <strong>Oui<\/strong><\/li>\n<li> Facile \u00e0 obtenir <a href=\"https:\/\/moverdb.com\/fr\/citations\/\">devis de d\u00e9m\u00e9nagements internationaux<\/a>? (Formulaire de demande de devis en ligne) : <strong>Oui<\/strong><\/li>\n<li> Informations claires sur le site web : <strong>Oui<\/strong> Le site web de Sterling Relocation contient des informations compl\u00e8tes sur tous les aspects de son activit\u00e9. Il comporte \u00e9galement une section \"Actualit\u00e9s\" tr\u00e8s utile qui fait le point sur les besoins en mati\u00e8re de visa et sur la vie dans divers pays du monde.<\/li>\n<li> Adh\u00e9sion \u00e0 des organisations internationales de d\u00e9m\u00e9nagement reconnues : <strong>Oui<\/strong>voir ci-dessus.<\/li>\n<li> Liste de clients et\/ou t\u00e9moignages de clients pr\u00e9c\u00e9dents : <strong>Partiel<\/strong> Il n'y a pas de liste de clients, mais plusieurs t\u00e9moignages de clients pars\u00e8ment le site.<\/li>\n<\/ol>\n<div itemprop=\"reviewRating\" itemscope itemtype=\"http:\/\/schema.org\/Rating\"><meta itemprop=\"worstRating\" content = \"0\" \/><meta itemprop=\"bestRating\" content=\"5\" \/><meta itemprop=\"ratingValue\" content=\"4.5\"><\/div>\n<p><strong>Note globale : 4,5\/5<\/strong><br \/>\n<strong>Date de r\u00e9vision :<\/strong> <span itemprop=\"datePublished\" content=\"2016-05-22\">22\/05\/2016<\/span>\n<\/div>\n<p>En savoir plus <a href=\"https:\/\/moverdb.com\/fr\/demenagements-internationaux\/\">Soci\u00e9t\u00e9s de d\u00e9m\u00e9nagement au Royaume-Uni<\/a> et notre <a href=\"https:\/\/moverdb.com\/fr\/revues\/\">le processus de r\u00e9vision expliqu\u00e9<\/a>.<\/p>\n<p><strong>Site web :<\/strong> <a href=\"http:\/\/www.sterling.com\/\" target=\"_blank\" rel=\"noopener\">http:\/\/www.sterling.com\/<\/a><\/p>","protected":false},"excerpt":{"rendered":"<p>Sterling offers international employers an easy way to relocate their staff worldwide. Their services are listed below, together with customer reviews and a company profile. Relocation Services Assignment Management Cross Culture Training Departure Services Education Assistance Expense Management Furniture Rental Guaranteed Home Sale Home Finding Service Immigration, Visa and Work Permits Language Training Move Management [&hellip;]<\/p>\n","protected":false},"author":1,"featured_media":0,"parent":0,"menu_order":0,"comment_status":"closed","ping_status":"closed","template":"","meta":{"_genesis_hide_title":false,"_genesis_hide_breadcrumbs":false,"_genesis_hide_singular_image":false,"_genesis_hide_footer_widgets":false,"_genesis_custom_body_class":"","_genesis_custom_post_class":"","_genesis_layout":"","footnotes":""},"class_list":{"0":"post-348","1":"page","2":"type-page","3":"status-publish","5":"entry"},"_links":{"self":[{"href":"https:\/\/moverdb.com\/fr\/wp-json\/wp\/v2\/pages\/348","targetHints":{"allow":["GET"]}}],"collection":[{"href":"https:\/\/moverdb.com\/fr\/wp-json\/wp\/v2\/pages"}],"about":[{"href":"https:\/\/moverdb.com\/fr\/wp-json\/wp\/v2\/types\/page"}],"author":[{"embeddable":true,"href":"https:\/\/moverdb.com\/fr\/wp-json\/wp\/v2\/users\/1"}],"replies":[{"embeddable":true,"href":"https:\/\/moverdb.com\/fr\/wp-json\/wp\/v2\/comments?post=348"}],"version-history":[{"count":15,"href":"https:\/\/moverdb.com\/fr\/wp-json\/wp\/v2\/pages\/348\/revisions"}],"predecessor-version":[{"id":6240,"href":"https:\/\/moverdb.com\/fr\/wp-json\/wp\/v2\/pages\/348\/revisions\/6240"}],"wp:attachment":[{"href":"https:\/\/moverdb.com\/fr\/wp-json\/wp\/v2\/media?parent=348"}],"curies":[{"name":"wp","href":"https:\/\/api.w.org\/{rel}","templated":true}]}}