{"id":347,"date":"2016-05-22T19:43:53","date_gmt":"2016-05-22T19:43:53","guid":{"rendered":"http:\/\/moverdb.com\/?page_id=347"},"modified":"2026-01-08T15:20:38","modified_gmt":"2026-01-08T15:20:38","slug":"santa-fe-relocation","status":"publish","type":"page","link":"https:\/\/moverdb.com\/fr\/santa-fe-relocation\/","title":{"rendered":"Critiques de Santa Fe Relocation Services D\u00e9m\u00e9nagement international et d\u00e9m\u00e9nagements"},"content":{"rendered":"<p>Santa Fe Relocation Services est une entreprise de d\u00e9m\u00e9nagement haut de gamme. Ses nombreux services de d\u00e9m\u00e9nagement sont \u00e9num\u00e9r\u00e9s ci-dessous, ainsi que le profil de l'entreprise et les avis des clients.<\/p>\n<p><strong>Services de mobilit\u00e9 globale<\/strong><\/p>\n<ul>\n<li> D\u00e9localisation et gestion des DSP dans le monde entier<\/li>\n<li> Gestion des visas et de l'immigration<\/li>\n<li> Gestion des d\u00e9m\u00e9nagements pour les particuliers et les entreprises<\/li>\n<\/ul>\n<p><strong>Services de d\u00e9m\u00e9nagement et de stockage<\/strong><\/p>\n<ul>\n<li> D\u00e9m\u00e9nagement international<\/li>\n<li> D\u00e9m\u00e9nagement national et local<\/li>\n<li> Stockage<\/li>\n<li> Relocalisation des animaux de compagnie<\/li>\n<li> <a href=\"https:\/\/moverdb.com\/fr\/voiture-transport-expedition\/\">Exp\u00e9dition de v\u00e9hicules<\/a><\/li>\n<li> Liens vers la couverture de la protection<\/li>\n<li> Services d'homme \u00e0 tout faire et de valet<\/li>\n<li> Location de meubles<\/li>\n<li> L'excellence dans les services de d\u00e9m\u00e9nagement et de stockage<\/li>\n<\/ul>\n<p><strong>Services de relocalisation<\/strong><\/p>\n<ul>\n<li> Attribution d'une somme forfaitaire<\/li>\n<li> Missions \u00e0 court terme<\/li>\n<li> Recherche \u00e0 domicile<\/li>\n<li> Recherche d'\u00e9cole<\/li>\n<li> Services d'installation<\/li>\n<li> Liste de contr\u00f4le et relocalisation en un coup d'\u0153il<\/li>\n<li> Visa et immigration<\/li>\n<li> Guides de destination<\/li>\n<\/ul>\n<p><strong>Services commerciaux<\/strong><\/p>\n<ul>\n<li> D\u00e9m\u00e9nagement de bureaux<\/li>\n<li> Installations h\u00f4teli\u00e8res<\/li>\n<li> Expositions dans le monde entier<\/li>\n<li> D\u00e9m\u00e9nagements d'objets d'art et d'antiquit\u00e9s<\/li>\n<li> Projets sp\u00e9ciaux tels que les d\u00e9m\u00e9nagements d'h\u00f4pitaux, d'installations militaires et d'\u00e9tablissements d'enseignement.<\/li>\n<\/ul>\n<h2>Profil de l'entreprise Santa Fe Relocation Services<\/h2>\n<p>Santa Fe fournit des services de mobilit\u00e9 globale aux employ\u00e9s expatri\u00e9s des entreprises. L'entreprise se targue d'\u00e9liminer le stress li\u00e9 \u00e0 la r\u00e9installation des employ\u00e9s et peut se vanter d'avoir des clients figurant dans le classement Fortune 500. La soci\u00e9t\u00e9 g\u00e8re environ 60 000 d\u00e9m\u00e9nagements internationaux et 15 000 d\u00e9m\u00e9nagements nationaux par an. <\/p>\n<p>Santa Fe a commenc\u00e9 sa vie en <a href=\"https:\/\/moverdb.com\/fr\/moving-to-hong-kong\/\" data-internallinksmanager029f6b8e52c=\"350\" title=\"D\u00e9m\u00e9nager \u00e0 Hong Kong ? 2026 Co\u00fbts de la vie et conseils de relocalisation\">Hong Kong<\/a> en 1980. Le groupe Santa Fe a acquis des entreprises dans le monde entier, la plus ancienne \u00e9tant Wridgways of <a href=\"https:\/\/moverdb.com\/fr\/moving-to-australia\/living-in-australia\/\" data-internallinksmanager029f6b8e52c=\"240\" title=\"21 secrets sur la vie en Australie \u00e0 conna\u00eetre avant de d\u00e9m\u00e9nager\">Australie<\/a> qui a \u00e9t\u00e9 fond\u00e9e en 1892. Santa Fe a des bureaux sur six continents, son si\u00e8ge social se trouvant \u00e0 <a href=\"https:\/\/moverdb.com\/fr\/moving-to-london\/\">Londres<\/a> et propose \u00e0 ses clients une relocalisation mondiale, r\u00e9gionale et locale. <\/p>\n<p>Associations et accr\u00e9ditations de Santa Fe Relocation Services :<\/p>\n<ul>\n<li> <a href=\"https:\/\/moverdb.com\/fr\/conseil-de-relocation-des-employes\/\">Le CER mondial<\/a><\/li>\n<li> <a href=\"https:\/\/moverdb.com\/fr\/eura\/\">Association europ\u00e9enne de relocation<\/a> (<a href=\"https:\/\/moverdb.com\/fr\/eura\/\" data-internallinksmanager029f6b8e52c=\"13\" title=\"L&#039;Association europ\u00e9enne de relocation (EuRA) expliqu\u00e9e\">EuRA<\/a>)<\/li>\n<li> <a href=\"https:\/\/moverdb.com\/fr\/fidi-faim\/\">F\u00e9d\u00e9ration mondiale des soci\u00e9t\u00e9s de d\u00e9m\u00e9nagement international<\/a> (<a href=\"https:\/\/moverdb.com\/fr\/fidi-faim\/\" data-internallinksmanager029f6b8e52c=\"16\" title=\"Explication de la FIDI et du FAIM (FIDI Accredited International Mover)\">FIDI<\/a>)<\/li>\n<li> <a href=\"https:\/\/moverdb.com\/fr\/fidi-faim\/\">Accr\u00e9dit\u00e9 FIDI-FAIM et FAIM Plus<\/a><\/li>\n<li> <a href=\"https:\/\/moverdb.com\/fr\/je-suis\/\">L'Association internationale des d\u00e9m\u00e9nageurs (IAM)<\/a><\/li>\n<li> <a href=\"https:\/\/moverdb.com\/fr\/lacma\/\">LACMA<\/a><\/li>\n<li> Gestion de la qualit\u00e9 ISO9001<\/li>\n<li> ISO14001 Gestion de l'environnement<\/li>\n<li> OHSAS18001 Gestion de la sant\u00e9 et de la s\u00e9curit\u00e9<\/li>\n<li> S\u00e9curit\u00e9 des donn\u00e9es ISO27001<\/li>\n<\/ul>\n<h2>Critiques de Santa Fe Relocation Services<\/h2>\n<p><strong>Positif<\/strong><\/p>\n<p><em>\"Santa Fe a une \u00e9quipe de Berlin (<a href=\"https:\/\/moverdb.com\/fr\/moving-to-germany\/\" data-internallinksmanager029f6b8e52c=\"321\" title=\"D\u00e9m\u00e9nager en Allemagne ? 2026 Co\u00fbts de la vie et conseils de relocalisation\">Allemagne<\/a>) et ils m'ont vraiment \u00e9poustoufl\u00e9 par le service qu'ils ont fourni. M. H. Schulz et Mme A. Hoenow ont ex\u00e9cut\u00e9 mon d\u00e9m\u00e9nagement en douceur, avec efficacit\u00e9 et toujours avec une attitude amicale.\"<\/em> Dot Stein via <a href=\"http:\/\/www.mymovingreviews.com\/movingreviews\/simply-the-best-51520\" target=\"_blank\" rel=\"noopener\">MyMovingReviews<\/a><\/p>\n<p><em>\"Du d\u00e9but \u00e0 la fin du processus, le service fourni a \u00e9t\u00e9 professionnel, utile et l'\u00e9quipe s'est d\u00e9men\u00e9e pour que le d\u00e9m\u00e9nagement soit effectu\u00e9 de mani\u00e8re qualitative.\"<\/em> Linda, Melbourne via <a href=\"http:\/\/www.productreview.com.au\/p\/santa-fe-wridgways.html\" target=\"_blank\" rel=\"noopener\">Examen du produit<\/a><\/p>\n<p><strong>N\u00e9gatif<\/strong><\/p>\n<p><em>\" NE PAS UTILISER. L'entreprise avec laquelle ils ont pass\u00e9 un contrat (Roy Trevor Removals) a compl\u00e8tement d\u00e9truit mes tout nouveaux planchers en bois et a m\u00eame essay\u00e9 de bl\u00e2mer le fait qu'ils n'avaient pas de planchers en bois. <a href=\"https:\/\/moverdb.com\/fr\/moving-to-the-united-states\/\" data-internallinksmanager029f6b8e52c=\"94\" title=\"Vous partez aux \u00c9tats-Unis ? 2026 Co\u00fbt de la vie et conseils de relocalisation\">nous<\/a> pour les dommages.\"<\/em> Pamela Rollins via <a href=\"http:\/\/www.mymovingreviews.com\/movingreviews\/horrible-damage-to-floors-51782\" target=\"_blank\" rel=\"noopener\">MyMovingReviews<\/a><\/p>\n<p><em>\"Il s'agissait d'un d\u00e9m\u00e9nagement international de PNG \u00e0 Perth. Nous avons fait nos valises en octobre 2015, plus de 5 mois apr\u00e8s et nous n'avons toujours pas toutes nos affaires.\" <\/em>Liz via <a href=\"http:\/\/www.productreview.com.au\/p\/santa-fe-wridgways.html\" target=\"_blank\" rel=\"noopener\">Examen du produit<\/a><\/p>\n<div itemprop=\"review\" itemscope itemtype=\"http:\/\/schema.org\/Review\">\n<span itemprop=\"author\" itemscope=\"\" itemtype=\"http:\/\/schema.org\/Organization\"><span itemprop=\"name\">MoverDB.com<\/span><\/span> Examen en ligne du site Web pour <span itemprop=\"itemreviewed\" itemscope=\"\" itemtype=\"http:\/\/schema.org\/Brand\"><span itemprop=\"name\">Services de relogement \u00e0 Santa Fe<\/span><\/span>:<\/p>\n<ol>\n<li> Coordonn\u00e9es claires sur le site web (y compris le num\u00e9ro de t\u00e9l\u00e9phone) : <strong>Oui<\/strong><\/li>\n<li> Facile \u00e0 obtenir <a href=\"https:\/\/moverdb.com\/fr\/citations\/\">devis de d\u00e9m\u00e9nagements internationaux<\/a>? (Formulaire de demande de devis en ligne) : <strong>Oui<\/strong><\/li>\n<li> Informations claires sur le site web : <strong>Oui<\/strong>. Un site web extr\u00eamement instructif.<\/li>\n<li> Adh\u00e9sion \u00e0 des organisations internationales de d\u00e9m\u00e9nagement reconnues : <strong>Oui<\/strong>voir ci-dessus.<\/li>\n<li> Liste de clients et\/ou t\u00e9moignages de clients pr\u00e9c\u00e9dents : <strong>Oui<\/strong>Bien qu'il n'y ait pas de liste de clients, il existe de nombreux t\u00e9moignages positifs de clients.<\/li>\n<\/ol>\n<div itemprop=\"reviewRating\" itemscope itemtype=\"http:\/\/schema.org\/Rating\"><meta itemprop=\"worstRating\" content = \"0\" \/><meta itemprop=\"bestRating\" content=\"5\" \/><meta itemprop=\"ratingValue\" content=\"5\"><\/div>\n<p><strong>Note globale : 5\/5<\/strong><br \/>\n<strong>Date de r\u00e9vision :<\/strong> <span itemprop=\"datePublished\" content=\"2016-05-22\">22\/05\/2016<\/span>\n<\/div>\n<p>En savoir plus <a href=\"https:\/\/moverdb.com\/fr\/demenagements-internationaux\/\">Soci\u00e9t\u00e9s de d\u00e9m\u00e9nagement au Royaume-Uni<\/a> et notre <a href=\"https:\/\/moverdb.com\/fr\/revues\/\">le processus de r\u00e9vision expliqu\u00e9<\/a>.<\/p>\n<p><strong>Site web :<\/strong> <a href=\"http:\/\/www.santaferelo.com\/\" target=\"_blank\" rel=\"noopener\">http:\/\/www.santaferelo.com\/<\/a><\/p>","protected":false},"excerpt":{"rendered":"<p>Santa Fe Relocation Services is a high-end relocation company. It&#8217;s many removal services are listed below, together with a company profile and customer reviews. Global Mobility Services Global relocation and DSP management worldwide Visa and immigration management Move management for individuals and corporate employees Moving and Storage Services International Moving Domestic and Local Moving Storage [&hellip;]<\/p>\n","protected":false},"author":1,"featured_media":0,"parent":0,"menu_order":0,"comment_status":"closed","ping_status":"closed","template":"","meta":{"_genesis_hide_title":false,"_genesis_hide_breadcrumbs":false,"_genesis_hide_singular_image":false,"_genesis_hide_footer_widgets":false,"_genesis_custom_body_class":"","_genesis_custom_post_class":"","_genesis_layout":"","footnotes":""},"class_list":{"0":"post-347","1":"page","2":"type-page","3":"status-publish","5":"entry"},"_links":{"self":[{"href":"https:\/\/moverdb.com\/fr\/wp-json\/wp\/v2\/pages\/347","targetHints":{"allow":["GET"]}}],"collection":[{"href":"https:\/\/moverdb.com\/fr\/wp-json\/wp\/v2\/pages"}],"about":[{"href":"https:\/\/moverdb.com\/fr\/wp-json\/wp\/v2\/types\/page"}],"author":[{"embeddable":true,"href":"https:\/\/moverdb.com\/fr\/wp-json\/wp\/v2\/users\/1"}],"replies":[{"embeddable":true,"href":"https:\/\/moverdb.com\/fr\/wp-json\/wp\/v2\/comments?post=347"}],"version-history":[{"count":14,"href":"https:\/\/moverdb.com\/fr\/wp-json\/wp\/v2\/pages\/347\/revisions"}],"predecessor-version":[{"id":6235,"href":"https:\/\/moverdb.com\/fr\/wp-json\/wp\/v2\/pages\/347\/revisions\/6235"}],"wp:attachment":[{"href":"https:\/\/moverdb.com\/fr\/wp-json\/wp\/v2\/media?parent=347"}],"curies":[{"name":"wp","href":"https:\/\/api.w.org\/{rel}","templated":true}]}}