{"id":3392,"date":"2019-09-20T11:37:54","date_gmt":"2019-09-20T11:37:54","guid":{"rendered":"https:\/\/moverdb.com\/?page_id=3392"},"modified":"2026-01-08T14:39:59","modified_gmt":"2026-01-08T14:39:59","slug":"international-van-lines","status":"publish","type":"page","link":"https:\/\/moverdb.com\/fr\/international-van-lines\/","title":{"rendered":"International Van Lines (IVL) : Revues sur la relocalisation et le d\u00e9m\u00e9nagement"},"content":{"rendered":"<p><img loading=\"lazy\" decoding=\"async\" width=\"700\" height=\"158\" src=\"https:\/\/moverdb.com\/wp-content\/uploads\/International-Van-Lines-Logo.png\" alt=\"Logo d&#039;International Van Lines\" class=\"aligncenter size-full wp-image-3389\" data-wp-pid=\"3389\" srcset=\"https:\/\/moverdb.com\/wp-content\/uploads\/International-Van-Lines-Logo.png 700w, https:\/\/moverdb.com\/wp-content\/uploads\/International-Van-Lines-Logo-300x68.png 300w, https:\/\/moverdb.com\/wp-content\/uploads\/International-Van-Lines-Logo-600x135.png 600w\" sizes=\"auto, (max-width: 700px) 100vw, 700px\" \/><\/p>\n<p>International Van Lines est un d\u00e9m\u00e9nageur am\u00e9ricain fond\u00e9 en 2000 et qui est aujourd'hui l'une des plus grandes entreprises de d\u00e9m\u00e9nagement au monde. <a href=\"https:\/\/moverdb.com\/fr\/moving-companies\/\" data-internallinksmanager029f6b8e52c=\"79\" title=\"Les 25 meilleures soci\u00e9t\u00e9s de d\u00e9m\u00e9nagement international en ligne\">soci\u00e9t\u00e9s de d\u00e9m\u00e9nagement international<\/a> dans le monde. Ils ont \u00e9t\u00e9 class\u00e9s comme la meilleure soci\u00e9t\u00e9 de d\u00e9m\u00e9nagement par Consumer Advocate en 2017, 2018 et 2019.<\/p>\n<p>Voici quelques-uns des services qu'ils proposent :<\/p>\n<p><a href=\"https:\/\/moverdb.com\/fr\/expedition-par-conteneur\/\"><strong>Exp\u00e9dition par conteneur complet (FCL)<\/strong><\/a><\/p>\n<ul>\n<li> Conteneurs secs<\/li>\n<li> Options de 20\u2032 et 40\u2032 disponibles<\/li>\n<li> Service porte-\u00e0-porte ou chargement en direct (DIY)<\/li>\n<li> Licenci\u00e9 par la Federal Maritime Commission en tant que <a href=\"https:\/\/moverdb.com\/fr\/freight-forwarder\/\" data-internallinksmanager029f6b8e52c=\"17\" title=\"Guide des co\u00fbts et des entreprises des transitaires et NVOCC internationaux\">commissionnaire de transport<\/a>.<\/li>\n<\/ul>\n<p><strong>Exp\u00e9dition de fret maritime<\/strong><\/p>\n<ul>\n<li> Porte \u00e0 porte<\/li>\n<li> Porte de <a href=\"https:\/\/moverdb.com\/fr\/top-49-container-ports\/\" data-internallinksmanager029f6b8e52c=\"80\" title=\"Les 49 ports \u00e0 conteneurs les plus importants et les plus fr\u00e9quent\u00e9s en 2025\">Port<\/a><\/li>\n<li> Du port \u00e0 la porte<\/li>\n<li> Port \u00e0 Port<\/li>\n<\/ul>\n<p><strong>Services de fret a\u00e9rien<\/strong><\/p>\n<ul>\n<li> G\u00e9rer le fret a\u00e9rien et les exp\u00e9ditions express<\/li>\n<li> Est-ce que quelques cartons d'exp\u00e9dition ou un m\u00e9nage entier<\/li>\n<li> Offrir des services de porte \u00e0 porte, de porte \u00e0 terminal, de terminal \u00e0 porte ou de terminal \u00e0 terminal.<\/li>\n<li> Tous les articles m\u00e9nagers seront emball\u00e9s sous film plastique et plac\u00e9s sur des palettes avant d'\u00eatre charg\u00e9s.<\/li>\n<li> S'occuper de tous les documents n\u00e9cessaires au d\u00e9douanement.<\/li>\n<\/ul>\n<p><a href=\"https:\/\/moverdb.com\/fr\/voiture-transport-expedition\/\"><strong>Exp\u00e9dition de v\u00e9hicules<\/strong><\/a><\/p>\n<ul>\n<li> <a href=\"https:\/\/moverdb.com\/fr\/container-shipping\/\" data-internallinksmanager029f6b8e52c=\"3\" title=\"Graphique des taux d&#039;exp\u00e9dition des conteneurs internationaux : Avril 2026\">Transport par conteneurs<\/a><\/li>\n<li> Service de consolidation<\/li>\n<li> Roll on Roll off (RO\/RO)<\/li>\n<li> Documents de d\u00e9douanement<\/li>\n<li> Options d'assurance<\/li>\n<\/ul>\n<p><strong>Services de d\u00e9m\u00e9nagement longue distance<\/strong><\/p>\n<ul>\n<li> Pour les d\u00e9placements au sein de la <a href=\"https:\/\/moverdb.com\/fr\/moving-to-the-united-states\/\" data-internallinksmanager029f6b8e52c=\"94\" title=\"Vous partez aux \u00c9tats-Unis ? 2026 Co\u00fbt de la vie et conseils de relocalisation\">\u00c9tats-Unis<\/a><\/li>\n<li> Emballage<\/li>\n<li> Stockage<\/li>\n<li> Mise en caisse<\/li>\n<li> Services sp\u00e9cialis\u00e9s<\/li>\n<\/ul>\n<p><strong>Autres services<\/strong><\/p>\n<ul>\n<li> D\u00e9m\u00e9nagement d'entreprise<\/li>\n<li> D\u00e9m\u00e9nagement de bureaux<\/li>\n<li> D\u00e9m\u00e9nagements gouvernementaux et militaires<\/li>\n<li> Services aux transporteurs et aux courtiers<\/li>\n<\/ul>\n<h2>Profil de l'entreprise International Van Lines<\/h2>\n<p>International Van Lines affirme g\u00e9rer plus de 10 000 d\u00e9m\u00e9nagements par an avec un taux de plainte inf\u00e9rieur \u00e0 1%. Elle couvre l'ensemble des \u00c9tats-Unis et plus de 180 pays. Elle est pr\u00e9sente sur le march\u00e9 des d\u00e9m\u00e9nagements internationaux depuis 2000 et a \u00e9tendu son offre aux d\u00e9m\u00e9nagements nationaux longue distance en 2004. Elle emploie actuellement plus de 200 personnes et a figur\u00e9 sur la liste INC 5000 des entreprises \u00e0 la croissance la plus rapide aux \u00c9tats-Unis en 2012. <\/p>\n<p>International Van Lines b\u00e9n\u00e9ficie \u00e9galement d'excellentes critiques de la part de <a href=\"https:\/\/uk.trustpilot.com\/review\/www.internationalvanlines.com\" rel=\"noopener noreferrer\" target=\"_blank\">Trustpilot<\/a> (4,3 sur 5), <a href=\"https:\/\/www.move.org\/international-van-lines-review\/\" rel=\"noopener noreferrer\" target=\"_blank\">Move.org<\/a> (4,7 sur 5) et <a href=\"https:\/\/www.consumeraffairs.com\/homeowners\/international-van-lines.html\" rel=\"noopener noreferrer\" target=\"_blank\">Consommateurs<\/a> (4 sur 5). Par cons\u00e9quent, si vous d\u00e9m\u00e9nagez vers ou depuis les \u00c9tats-Unis, cette soci\u00e9t\u00e9 m\u00e9rite de recevoir un devis.<\/p>\n<p>Ils sont accr\u00e9dit\u00e9s comme :<\/p>\n<ul>\n<li> Licenci\u00e9 <a href=\"https:\/\/safer.fmcsa.dot.gov\/query.asp?searchtype=ANY&#038;query_type=queryCarrierSnapshot&#038;query_param=USDOT&#038;query_string=2293832\" rel=\"noopener noreferrer\" target=\"_blank\">Transporteur DOT<\/a><\/li>\n<li> <a href=\"https:\/\/moverdb.com\/fr\/transporteur-de-marchandises\/\">NVOCC<\/a> licence de transporteur public sans \u00e9quipage (non-vessel operating common carrier)<\/li>\n<li> FMC (Federal Maritime Commission) <\/li>\n<li> <a href=\"https:\/\/moverdb.com\/fr\/jante-promoteur\/\">ProMover<\/a><\/li>\n<\/ul>\n<h2>Critiques d'International Van Lines<\/h2>\n<p><strong>Positif :<\/strong><\/p>\n<ul>\n<li> <em>\"IVL a fait un excellent travail pour mon d\u00e9m\u00e9nagement longue distance. L'\u00e9quipe \u00e9tait \u00e0 l'heure, a bien emball\u00e9 et a fait ce qu'elle a dit qu'elle ferait. Je ferais \u00e0 nouveau appel \u00e0 eux si n\u00e9cessaire.\"<\/em> - Martha B. via le site web de l'entreprise<\/li>\n<li> <em>\"International Van Lines a r\u00e9cemment livr\u00e9 mes affaires. Apr\u00e8s inspection, je n'ai eu aucun dommage ou perte, ce qui est excellent.\"<\/em> - IVY Powers via Move.org <\/li>\n<li> <em>\"J'ai \u00e9t\u00e9 satisfait de l'exp\u00e9rience avec IVL et je les consid\u00e9rerais si je devais exp\u00e9dier ou d\u00e9m\u00e9nager \u00e0 l'\u00e9tranger.\"<\/em> - Jeff via Consumer Affairs<\/li>\n<li> <em>\"Dans l'ensemble, mon exp\u00e9rience a \u00e9t\u00e9 formidable ! Je travaillerais \u00e0 nouveau avec eux si n\u00e9cessaire.\"<\/em> - Sade via Trustpliot<\/li>\n<\/ul>\n<p><strong>N\u00e9gatif :<\/strong><\/p>\n<ul>\n<li> <em>\"Je suis extr\u00eamement d\u00e9\u00e7u et je ne recommanderai jamais International Van Lines \u00e0 qui que ce soit.\"<\/em> - Ezeibe via Trustpilot<\/li>\n<li> <em>\"Ils ont perdu un tapis et d'autres choses.\"<\/em> - Maritini Dog via Move.org<\/li>\n<li> <em>\"Mauvaise communication sur la date \u00e0 laquelle ils allaient d\u00e9m\u00e9nager nos affaires dans notre nouvelle maison\".<\/em> - Erin via Consumer Affairs<\/li>\n<\/ul>\n<div itemprop=\"review\" itemscope itemtype=\"http:\/\/schema.org\/Review\">\n<span itemprop=\"author\" itemscope=\"\" itemtype=\"http:\/\/schema.org\/Organization\"><span itemprop=\"name\">MoverDB.com<\/span><\/span> Examen en ligne du site Web pour <span itemprop=\"itemreviewed\" itemscope=\"\" itemtype=\"http:\/\/schema.org\/Brand\"><span itemprop=\"name\">International Van Lines<\/span><\/span>:<\/p>\n<ol>\n<li> Coordonn\u00e9es claires sur le site web (y compris le num\u00e9ro de t\u00e9l\u00e9phone) : <strong>Oui<\/strong><\/li>\n<li> Facile \u00e0 obtenir <a href=\"https:\/\/moverdb.com\/fr\/citations\/\">devis de d\u00e9m\u00e9nagement international<\/a>? (Formulaire de demande de devis en ligne) : <strong>Oui<\/strong><\/li>\n<li> Informations claires sur le site web : <strong>Oui.<\/strong> Le site web pr\u00e9sente clairement tous les services propos\u00e9s par l'entreprise.<\/li>\n<li> Adh\u00e9sion \u00e0 des organisations internationales de d\u00e9m\u00e9nagement reconnues : <strong>Oui<\/strong>(voir ci-dessus)<\/li>\n<li> Liste de clients et\/ou t\u00e9moignages de clients pr\u00e9c\u00e9dents. <strong>Oui,<\/strong> Avoir des avis en ligne sur leur site et avoir \u00e9galement de nombreux avis positifs en ligne.<\/li>\n<\/ol>\n<div itemprop=\"reviewRating\" itemscope itemtype=\"http:\/\/schema.org\/Rating\"><meta itemprop=\"worstRating\" content = \"0\" \/><meta itemprop=\"bestRating\" content=\"5\" \/><meta itemprop=\"ratingValue\" content=\"5\"><\/div>\n<p><strong>Note globale : 5\/5<\/strong><br \/>\n<strong>Date de r\u00e9vision :<\/strong> <span itemprop=\"datePublished\" content=\"2019-09-20\">20\/09\/2019<\/span>\n<\/div>\n<p>Plus d'informations sur <a href=\"https:\/\/moverdb.com\/fr\/entreprises-de-demenagement\/\">soci\u00e9t\u00e9s de d\u00e9m\u00e9nagement international<\/a>, <a href=\"https:\/\/moverdb.com\/fr\/demenageurs-us-canada\/\">entreprises de d\u00e9m\u00e9nagement national<\/a> et notre <a href=\"https:\/\/moverdb.com\/fr\/revues\/\">le processus de r\u00e9vision expliqu\u00e9<\/a>.<\/p>\n<p><strong>Site web :<\/strong> <a href=\"https:\/\/internationalvanlines.com\/\" target=\"_blank\" rel=\"noopener noreferrer\">https:\/\/internationalvanlines.com\/<\/a><\/p>","protected":false},"excerpt":{"rendered":"<p>International Van Lines is an American based mover founded in 2000 and is now one the largest international moving companies in the world. They have been rated as The Best Moving Company by Consumer Advocate in 2017, 2018 and 2019. Here are some of the services they provide: Full Container Load (FCL) Shipping Dry Containers [&hellip;]<\/p>\n","protected":false},"author":1,"featured_media":0,"parent":0,"menu_order":0,"comment_status":"closed","ping_status":"closed","template":"","meta":{"_genesis_hide_title":false,"_genesis_hide_breadcrumbs":false,"_genesis_hide_singular_image":false,"_genesis_hide_footer_widgets":false,"_genesis_custom_body_class":"","_genesis_custom_post_class":"","_genesis_layout":"","footnotes":""},"class_list":{"0":"post-3392","1":"page","2":"type-page","3":"status-publish","5":"entry","6":"has-post-thumbnail"},"_links":{"self":[{"href":"https:\/\/moverdb.com\/fr\/wp-json\/wp\/v2\/pages\/3392","targetHints":{"allow":["GET"]}}],"collection":[{"href":"https:\/\/moverdb.com\/fr\/wp-json\/wp\/v2\/pages"}],"about":[{"href":"https:\/\/moverdb.com\/fr\/wp-json\/wp\/v2\/types\/page"}],"author":[{"embeddable":true,"href":"https:\/\/moverdb.com\/fr\/wp-json\/wp\/v2\/users\/1"}],"replies":[{"embeddable":true,"href":"https:\/\/moverdb.com\/fr\/wp-json\/wp\/v2\/comments?post=3392"}],"version-history":[{"count":3,"href":"https:\/\/moverdb.com\/fr\/wp-json\/wp\/v2\/pages\/3392\/revisions"}],"predecessor-version":[{"id":3396,"href":"https:\/\/moverdb.com\/fr\/wp-json\/wp\/v2\/pages\/3392\/revisions\/3396"}],"wp:attachment":[{"href":"https:\/\/moverdb.com\/fr\/wp-json\/wp\/v2\/media?parent=3392"}],"curies":[{"name":"wp","href":"https:\/\/api.w.org\/{rel}","templated":true}]}}