{"id":320,"date":"2016-05-17T21:20:57","date_gmt":"2016-05-17T21:20:57","guid":{"rendered":"http:\/\/moverdb.com\/?page_id=320"},"modified":"2026-01-08T14:40:08","modified_gmt":"2026-01-08T14:40:08","slug":"matthew-james","status":"publish","type":"page","link":"https:\/\/moverdb.com\/fr\/matthew-james\/","title":{"rendered":"Matthew James Global Relocations"},"content":{"rendered":"<p>Matthew James Global Relocations est une soci\u00e9t\u00e9 priv\u00e9e qui offre de nombreux services aux particuliers et aux entreprises qui d\u00e9m\u00e9nagent \u00e0 l'\u00e9tranger et localement. Ses services sont \u00e9num\u00e9r\u00e9s ci-dessous, accompagn\u00e9s d'un profil de l'entreprise et de commentaires.<\/p>\n<p><strong>D\u00e9m\u00e9nagements internationaux<\/strong><\/p>\n<ul>\n<li> Service complet de porte \u00e0 porte<\/li>\n<li> Services d'emballage et de conditionnement pour l'exportation<\/li>\n<li> Services de d\u00e9ballage et de remontage<\/li>\n<li> <a href=\"https:\/\/moverdb.com\/fr\/container-shipping\/\" data-internallinksmanager029f6b8e52c=\"3\" title=\"Graphique des taux d&#039;exp\u00e9dition des conteneurs internationaux : Avril 2026\">Exp\u00e9dition internationale<\/a> inventaire<\/li>\n<li> Envois d\u00e9di\u00e9s et groupages<\/li>\n<li> Assistance au d\u00e9douanement<\/li>\n<li> Mise en caisse sur mesure pour les articles fragiles et d\u00e9licats<\/li>\n<li> Couverture d'assurance internationale en haute mer<\/li>\n<li> Couverture d'assurance g\u00e9n\u00e9rale<\/li>\n<\/ul>\n<p><strong>Relocations europ\u00e9ennes<\/strong><\/p>\n<ul>\n<li> Service complet de porte \u00e0 porte<\/li>\n<li> Emballage, conditionnement et d\u00e9ballage<\/li>\n<li> <a href=\"https:\/\/moverdb.com\/fr\/voiture-transport-expedition\/\">V\u00e9hicule<\/a>transport en bateau et en v\u00e9lo<\/li>\n<li> Assurance souscrite<\/li>\n<\/ul>\n<p><strong>D\u00e9m\u00e9nagements domestiques<\/strong><\/p>\n<ul>\n<li> Service complet de porte \u00e0 porte<\/li>\n<li> Emballage, conditionnement et d\u00e9ballage<\/li>\n<li> Automatiquement assur\u00e9 jusqu'\u00e0 50 000 \u00a3.<\/li>\n<\/ul>\n<p><strong>Stockage \u00e0 Londres et <a href=\"https:\/\/moverdb.com\/fr\/moving-to-spain\/\" data-internallinksmanager029f6b8e52c=\"266\" title=\"Vous partez en Espagne ? 2026 Co\u00fbt de la vie et conseils de relocalisation\">Espagne<\/a><\/strong><\/p>\n<ul>\n<li> Stockage en conteneur<\/li>\n<li> Entreposage libre-service<\/li>\n<li> Stockage des archives<\/li>\n<\/ul>\n<h2>Matthew James Profil de l'entreprise<\/h2>\n<p>Matthew James Global Relocations d\u00e9place des personnes dans le monde entier depuis trois g\u00e9n\u00e9rations. Elle couvre plus de 25 000 destinations dans plus de 300 pays gr\u00e2ce \u00e0 des partenariats mondiaux fiables. L'entreprise est sp\u00e9cialis\u00e9e dans les d\u00e9m\u00e9nagements en Espagne et poss\u00e8de trois bureaux dans le pays.<\/p>\n<p>Le directeur g\u00e9n\u00e9ral actuel, Matthew De-Machen, a une passion pour les camions depuis qu'il est enfant et celle-ci a \u00e9t\u00e9 int\u00e9gr\u00e9e dans l'entreprise. <\/p>\n<p>L'entreprise est devenue c\u00e9l\u00e8bre pour ses v\u00e9hicules personnalis\u00e9s de haute qualit\u00e9 et il est m\u00eame possible d'acheter des mod\u00e8les r\u00e9duits. La passion de Matthew De-Machen pour la perfection des camions s'est \u00e9tendue \u00e0 Matthew James, o\u00f9 l'entreprise affirme que seule la perfection compte.<\/p>\n<p>Affiliations et accr\u00e9ditations de Matthew James Relocation Services :<\/p>\n<ul>\n<li> <a href=\"https:\/\/moverdb.com\/fr\/british-association-of-removers\/\">Association britannique des d\u00e9m\u00e9nageurs (BAR)<\/a><\/li>\n<li> <a href=\"https:\/\/moverdb.com\/fr\/je-suis\/\">Association internationale des d\u00e9m\u00e9nageurs (IAM)<\/a><\/li>\n<li> <a href=\"https:\/\/moverdb.com\/fr\/bar-overseas\/\">British Association of Removers - International Associate<\/a><\/li>\n<li> QAS International<\/li>\n<li> <a href=\"https:\/\/moverdb.com\/fr\/fedemac\/\">D\u00e9m\u00e9nageurs europ\u00e9ens Fedemac<\/a><\/li>\n<li> Programme de reconnaissance des op\u00e9rateurs de flottes (FORS) - Or<\/li>\n<li> Norme de service \"Qualit\u00e9 assur\u00e9e\" - Activit\u00e9s de d\u00e9m\u00e9nagement de meubles et services de d\u00e9m\u00e9nagement outre-mer<\/li>\n<li> Institut des normes commerciales (TSI)<\/li>\n<\/ul>\n<h2>Matthew James Relocation Reviews<\/h2>\n<p><strong>Positif<\/strong><\/p>\n<ul>\n<li> <em>\"Tr\u00e8s polis aux deux extr\u00e9mit\u00e9s du d\u00e9m\u00e9nagement. Tous nos biens semblent avoir surv\u00e9cu au voyage\".<\/em> - via <a href=\"http:\/\/www.referenceline.com\/removers_removals-in-dartford-matthewjamesremovalsstorageltd-14758\" target=\"_blank\" rel=\"noopener\">Ligne de r\u00e9f\u00e9rence<\/a>.<\/li>\n<li> <em>\"professionnel, courtois, efficace, joyeux\".<\/em> - via <a href=\"https:\/\/www.trustedmover.org\/questionnaire\/7167\" target=\"_blank\" rel=\"noopener\">D\u00e9m\u00e9nageur de confiance<\/a><\/li>\n<li> <em>\"Je n'ai que des \u00e9loges \u00e0 faire pour la fa\u00e7on merveilleuse dont le personnel de Mathew James a g\u00e9r\u00e9 mon d\u00e9m\u00e9nagement, depuis la consultation initiale, le devis et l'emballage jusqu'\u00e0 la livraison.\"<\/em> - via <a href=\"http:\/\/www.reviews.co.uk\/company-reviews\/store\/matthew-james-removals\" target=\"_blank\" rel=\"noopener\">Critiques.co.uk<\/a><\/li>\n<\/ul>\n<p><strong>N\u00e9gatif<\/strong><\/p>\n<ul>\n<li> <em>\"M\u00e9pris total pour les clients et manque absolu d'attention.\"<\/em> - via <a href=\"https:\/\/www.yell.com\/biz\/matthew-james-removals-and-storage-dartford-8459632\/\" target=\"_blank\" rel=\"noopener\">Yell<\/a><\/li>\n<\/ul>\n<div itemprop=\"review\" itemscope itemtype=\"http:\/\/schema.org\/Review\">\n<span itemprop=\"author\" itemscope=\"\" itemtype=\"http:\/\/schema.org\/Organization\"><span itemprop=\"name\">MoverDB.com<\/span><\/span> Examen en ligne du site Web pour <span itemprop=\"itemreviewed\" itemscope=\"\" itemtype=\"http:\/\/schema.org\/Brand\"><span itemprop=\"name\">Matthew James Removals<\/span><\/span>:<\/p>\n<ol>\n<li> Coordonn\u00e9es claires sur le site web (y compris le num\u00e9ro de t\u00e9l\u00e9phone) : <strong>Oui<\/strong><\/li>\n<li> Facile \u00e0 obtenir <a href=\"https:\/\/moverdb.com\/fr\/citations\/\">devis de d\u00e9m\u00e9nagements internationaux<\/a>? (Formulaire de demande de devis en ligne) : <strong>Oui<\/strong><\/li>\n<li> Informations claires sur le site web : <strong>Partiel.<\/strong> Le site web ne contient pas beaucoup d'informations utiles et vous sugg\u00e8re de contacter la soci\u00e9t\u00e9 pour plus de d\u00e9tails.<\/li>\n<li> Adh\u00e9sion \u00e0 des organisations internationales de d\u00e9m\u00e9nagement reconnues : <strong>Oui<\/strong>voir ci-dessus.<\/li>\n<li> Liste de clients et\/ou t\u00e9moignages de clients pr\u00e9c\u00e9dents : <strong>Partiel.<\/strong> Il n'y a pas de liste de clients sur le site, mais vous \u00eates dirig\u00e9 vers ReferenceLine pour voir les t\u00e9moignages.<\/li>\n<\/ol>\n<div itemprop=\"reviewRating\" itemscope itemtype=\"http:\/\/schema.org\/Rating\"><meta itemprop=\"worstRating\" content = \"0\" \/><meta itemprop=\"bestRating\" content=\"5\" \/><meta itemprop=\"ratingValue\" content=\"4.5\"><\/div>\n<p><strong>Note globale : 4,5\/5<\/strong><br \/>\n<strong>Date de r\u00e9vision :<\/strong> <span itemprop=\"datePublished\" content=\"2016-05-017\">17\/05\/2016<\/span><\/p>\n<\/div>\n<p>En savoir plus <a href=\"https:\/\/moverdb.com\/fr\/demenagements-internationaux\/\">Soci\u00e9t\u00e9s de d\u00e9m\u00e9nagement au Royaume-Uni<\/a> et notre <a href=\"https:\/\/moverdb.com\/fr\/revues\/\">le processus de r\u00e9vision expliqu\u00e9<\/a>.<\/p>\n<p><strong>Site web :<\/strong> <a href=\"http:\/\/www.matthewjamesremovals.com\/\" target=\"_blank\" rel=\"noopener\">http:\/\/www.matthewjamesremovals.com\/<\/a><\/p>","protected":false},"excerpt":{"rendered":"<p>Matthew James Global Relocations is a privately owned company which offers many services for individuals and companies moving abroad and locally. Its services are listed below, together with a company profile and reviews. International Relocations Complete door to door service Export packing and wrapping services Unpacking and reassembly services International shipping inventory Dedicated and Groupage [&hellip;]<\/p>\n","protected":false},"author":1,"featured_media":0,"parent":0,"menu_order":0,"comment_status":"closed","ping_status":"closed","template":"","meta":{"_genesis_hide_title":false,"_genesis_hide_breadcrumbs":false,"_genesis_hide_singular_image":false,"_genesis_hide_footer_widgets":false,"_genesis_custom_body_class":"","_genesis_custom_post_class":"","_genesis_layout":"","footnotes":""},"class_list":{"0":"post-320","1":"page","2":"type-page","3":"status-publish","5":"entry"},"_links":{"self":[{"href":"https:\/\/moverdb.com\/fr\/wp-json\/wp\/v2\/pages\/320","targetHints":{"allow":["GET"]}}],"collection":[{"href":"https:\/\/moverdb.com\/fr\/wp-json\/wp\/v2\/pages"}],"about":[{"href":"https:\/\/moverdb.com\/fr\/wp-json\/wp\/v2\/types\/page"}],"author":[{"embeddable":true,"href":"https:\/\/moverdb.com\/fr\/wp-json\/wp\/v2\/users\/1"}],"replies":[{"embeddable":true,"href":"https:\/\/moverdb.com\/fr\/wp-json\/wp\/v2\/comments?post=320"}],"version-history":[{"count":12,"href":"https:\/\/moverdb.com\/fr\/wp-json\/wp\/v2\/pages\/320\/revisions"}],"predecessor-version":[{"id":13173,"href":"https:\/\/moverdb.com\/fr\/wp-json\/wp\/v2\/pages\/320\/revisions\/13173"}],"wp:attachment":[{"href":"https:\/\/moverdb.com\/fr\/wp-json\/wp\/v2\/media?parent=320"}],"curies":[{"name":"wp","href":"https:\/\/api.w.org\/{rel}","templated":true}]}}